{"id":1445,"date":"2023-03-19T17:33:17","date_gmt":"2023-03-19T09:33:17","guid":{"rendered":"https:\/\/xd-solar.com\/?post_type=product&#038;p=1445"},"modified":"2023-12-19T17:40:09","modified_gmt":"2023-12-19T09:40:09","slug":"emergency-solar-led-flood-light","status":"publish","type":"product","link":"https:\/\/www.xd-solar.com\/fr\/produit\/emergency-solar-led-flood-light\/","title":{"rendered":"Projecteur LED solaire d&#039;urgence"},"content":{"rendered":"<div class=\"numbox\"><strong>Projecteur LED solaire<\/strong><\/div>\n<div class=\"description\">\n<p>Puissance \u00e9lev\u00e9e, flux lumineux \u00e9lev\u00e9, haute qualit\u00e9. Facile \u00e0 installer et \u00e0 utiliser, s\u00fbr et fiable. Le corps de la lampe est fabriqu\u00e9 en alliage d&#039;aluminium de bonne qualit\u00e9 avec peinture ou traitement anodique sur la surface, exigu\u00eft\u00e9 et design unique, excellente dissipation de la chaleur. Principalement utilis\u00e9 pour les contours des b\u00e2timents, les stades, les viaducs, les monuments, les parcs et les parterres de fleurs, etc.<\/p>\n<p><strong>Puce LED de haute qualit\u00e9\u00a0<\/strong><\/p>\n<p>La puce LED est une puce semi-conductrice qui \u00e9met de la lumi\u00e8re et ne se brise pas facilement, de sorte que sa dur\u00e9e de vie peut atteindre 50 000 heures, tandis que la lampe \u00e0 incandescence ordinaire a une dur\u00e9e de vie de seulement mille heures ;<\/p>\n<div class=\"numbox\"><strong>Panneau solaire en polysilicium<\/strong><\/div>\n<div><\/div>\n<div>\n<div class=\"description\">Panneaux solaires en silicium polycristallin, plus faciles \u00e0 fabriquer, \u00e9conomes en \u00e9nergie et pr\u00e9sentant de faibles co\u00fbts de production globaux.<\/div>\n<div><\/div>\n<div>\n<div class=\"numbox\"><strong>\u00c9tanch\u00e9it\u00e9 avanc\u00e9e IP65<\/strong><\/div>\n<div class=\"description\">Fonctionnement simple, facile \u00e0 utiliser, \u00e9clairage automatique la nuit, plus s\u00fbr, plus durable, plus \u00e0 la mode. Conception de joint \u00e0 barri\u00e8re multiple, la pluie et la poussi\u00e8re sont transparentes et faciles \u00e0 adapter \u00e0 toutes sortes de conditions m\u00e9t\u00e9orologiques.<\/div>\n<div><\/div>\n<div>\n<div class=\"numbox\"><strong>Interface de ligne \u00e9lectrique<\/strong><\/div>\n<div><\/div>\n<div class=\"description\">La version am\u00e9lior\u00e9e est dot\u00e9e d&#039;un cordon d&#039;alimentation de haute qualit\u00e9, \u00e9tanche, anti-fuite, anti-explosion et r\u00e9sistant au soleil, avec une longue dur\u00e9e de vie. Aluminium moul\u00e9 sous pression : la qualit\u00e9 du produit est bonne, l&#039;efficacit\u00e9 de la production est \u00e9lev\u00e9e, il est conforme aux normes de protection de l&#039;environnement RoHS et pr\u00e9sente une bonne texture m\u00e9tallique.<\/div>\n<\/div>\n<\/div>\n<\/div>\n<\/div>","protected":false},"excerpt":{"rendered":"<dl class=\"amount clearfix\">\n<dt class=\"metatit\">Certification CE\/ISO9001\/RoHS\/3C\/CQC\/\/UL\/TUV<\/dt>\n<\/dl>\n<dl class=\"amount clearfix\">\n<dt class=\"metatit\">D\u00e9lai de livraison 5-15 jours<\/dt>\n<\/dl>\n<dl class=\"amount clearfix\">\n<dt class=\"metatit\">Conditions de paiement L\/C, D\/A, D\/P, T\/T, Western Union, MoneyGram,<\/dt>\n<\/dl>\n<dl class=\"amount clearfix\">\n<dt class=\"metatit\">Service OEM\/ODM personnalis\u00e9<\/dt>\n<\/dl>\n<dl class=\"amount clearfix\">\n<dt class=\"metatit\">Port de d\u00e9part Guangzhou, Shenzhen, Zhuhai<\/dt>\n<\/dl>\n<dl class=\"amount clearfix\">\n<dt class=\"metatit\">Capacit\u00e9 d&#039;approvisionnement 5000 PCS\/mois<\/dt>\n<\/dl>","protected":false},"featured_media":1449,"comment_status":"open","ping_status":"closed","template":"","meta":[],"product_cat":[34,32],"product_tag":[],"class_list":{"0":"post-1445","1":"product","2":"type-product","3":"status-publish","4":"has-post-thumbnail","6":"product_cat-solar-flood-light","7":"product_cat-solar-light","9":"first","10":"instock","11":"shipping-taxable","12":"product-type-simple"},"_links":{"self":[{"href":"https:\/\/www.xd-solar.com\/fr\/wp-json\/wp\/v2\/product\/1445","targetHints":{"allow":["GET"]}}],"collection":[{"href":"https:\/\/www.xd-solar.com\/fr\/wp-json\/wp\/v2\/product"}],"about":[{"href":"https:\/\/www.xd-solar.com\/fr\/wp-json\/wp\/v2\/types\/product"}],"replies":[{"embeddable":true,"href":"https:\/\/www.xd-solar.com\/fr\/wp-json\/wp\/v2\/comments?post=1445"}],"wp:featuredmedia":[{"embeddable":true,"href":"https:\/\/www.xd-solar.com\/fr\/wp-json\/wp\/v2\/media\/1449"}],"wp:attachment":[{"href":"https:\/\/www.xd-solar.com\/fr\/wp-json\/wp\/v2\/media?parent=1445"}],"wp:term":[{"taxonomy":"product_cat","embeddable":true,"href":"https:\/\/www.xd-solar.com\/fr\/wp-json\/wp\/v2\/product_cat?post=1445"},{"taxonomy":"product_tag","embeddable":true,"href":"https:\/\/www.xd-solar.com\/fr\/wp-json\/wp\/v2\/product_tag?post=1445"}],"curies":[{"name":"wp","href":"https:\/\/api.w.org\/{rel}","templated":true}]}}