{"id":1451,"date":"2023-03-21T09:46:04","date_gmt":"2023-03-21T01:46:04","guid":{"rendered":"https:\/\/xd-solar.com\/?post_type=product&#038;p=1451"},"modified":"2023-12-21T10:08:44","modified_gmt":"2023-12-21T02:08:44","slug":"high-lumen-outdoor-lighting-waterproof-ip65-solar-led-flood-light","status":"publish","type":"product","link":"https:\/\/www.xd-solar.com\/fr\/produit\/high-lumen-outdoor-lighting-waterproof-ip65-solar-led-flood-light\/","title":{"rendered":"\u00c9clairage ext\u00e9rieur \u00e0 lumen \u00e9lev\u00e9 \u00e9tanche IP65 Projecteur \u00e0 LED solaire"},"content":{"rendered":"<div class=\"numbox\"><strong>Projecteur LED solaire\u00a0<\/strong><\/div>\n<div class=\"description\">\n<p>Puissance \u00e9lev\u00e9e, flux lumineux \u00e9lev\u00e9, haute qualit\u00e9. Facile \u00e0 installer et \u00e0 utiliser, s\u00fbr et fiable. Le corps de la lampe est fabriqu\u00e9 en alliage d&#039;aluminium de bonne qualit\u00e9 avec peinture ou traitement anodique sur la surface, exigu\u00eft\u00e9 et design unique, excellente dissipation de la chaleur. Principalement utilis\u00e9 pour les contours des b\u00e2timents, les stades, les viaducs, les monuments, les parcs et les parterres de fleurs, etc.<\/p>\n<p><strong>Facile \u00e0 installer<\/strong><\/p>\n<p>Il peut \u00eatre install\u00e9 directement sur un mur ou un poteau d&#039;\u00e9clairage. L&#039;\u00e9nergie solaire peut \u00eatre utilis\u00e9e pour l&#039;\u00e9clairage toute l&#039;ann\u00e9e, sans c\u00e2blage, sans alimentation CA ou CC. Vous pouvez \u00e9conomiser beaucoup d&#039;\u00e9nergie sans vous soucier des nouvelles piles ou de l&#039;alimentation secteur.<\/p>\n<div><strong>\u00c9tanch\u00e9it\u00e9 avanc\u00e9e IP65<\/strong><\/div>\n<div>\n<div><\/div>\n<div class=\"description\">Fonctionnement simple, facile \u00e0 utiliser, \u00e9clairage automatique la nuit, plus s\u00fbr, plus durable, plus \u00e0 la mode. Conception de joint \u00e0 barri\u00e8re multiple, la pluie et la poussi\u00e8re sont transparentes et faciles \u00e0 adapter \u00e0 toutes sortes de conditions m\u00e9t\u00e9orologiques.<\/div>\n<div><\/div>\n<div><\/div>\n<div><\/div>\n<div>\n<div class=\"numbox\"><strong>Contr\u00f4le intelligent<\/strong><\/div>\n<div class=\"description\">\n<p>Il existe deux m\u00e9thodes de contr\u00f4le pour ce projecteur solaire du cr\u00e9puscule \u00e0 l&#039;aube.<\/p>\n<p>1. Contr\u00f4le de la lumi\u00e8re : s&#039;allume automatiquement au cr\u00e9puscule et s&#039;\u00e9teint automatiquement \u00e0 l&#039;aube.<\/p>\n<p>2. T\u00e9l\u00e9commande : interrupteur forc\u00e9, synchronisation, r\u00e9glage de la luminosit\u00e9, facile \u00e0 utiliser.<\/p>\n<\/div>\n<\/div>\n<\/div>\n<\/div>","protected":false},"excerpt":{"rendered":"<dl class=\"amount clearfix\">\n<dt class=\"metatit\">Certification CE\/ISO9001\/RoHS\/3C\/CQC\/\/UL\/TUV<\/dt>\n<\/dl>\n<dl class=\"amount clearfix\">\n<dt class=\"metatit\">D\u00e9lai de livraison 5-15 jours<\/dt>\n<\/dl>\n<dl class=\"amount clearfix\">\n<dt class=\"metatit\">Conditions de paiement L\/C, D\/A, D\/P, T\/T, Western Union, Money Gram,<\/dt>\n<\/dl>\n<dl class=\"amount clearfix\">\n<dt class=\"metatit\">Service OEM\/ODM personnalis\u00e9<\/dt>\n<\/dl>\n<dl class=\"amount clearfix\">\n<dt class=\"metatit\">Port de d\u00e9part Guangzhou, Shenzhen, Zhuhai<\/dt>\n<\/dl>\n<dl class=\"amount clearfix\">\n<dt class=\"metatit\">Capacit\u00e9 d&#039;approvisionnement 5000 PCS\/mois<\/dt>\n<\/dl>","protected":false},"featured_media":1453,"comment_status":"open","ping_status":"closed","template":"","meta":[],"product_cat":[34,32],"product_tag":[],"class_list":{"0":"post-1451","1":"product","2":"type-product","3":"status-publish","4":"has-post-thumbnail","6":"product_cat-solar-flood-light","7":"product_cat-solar-light","9":"first","10":"instock","11":"shipping-taxable","12":"product-type-simple"},"_links":{"self":[{"href":"https:\/\/www.xd-solar.com\/fr\/wp-json\/wp\/v2\/product\/1451","targetHints":{"allow":["GET"]}}],"collection":[{"href":"https:\/\/www.xd-solar.com\/fr\/wp-json\/wp\/v2\/product"}],"about":[{"href":"https:\/\/www.xd-solar.com\/fr\/wp-json\/wp\/v2\/types\/product"}],"replies":[{"embeddable":true,"href":"https:\/\/www.xd-solar.com\/fr\/wp-json\/wp\/v2\/comments?post=1451"}],"wp:featuredmedia":[{"embeddable":true,"href":"https:\/\/www.xd-solar.com\/fr\/wp-json\/wp\/v2\/media\/1453"}],"wp:attachment":[{"href":"https:\/\/www.xd-solar.com\/fr\/wp-json\/wp\/v2\/media?parent=1451"}],"wp:term":[{"taxonomy":"product_cat","embeddable":true,"href":"https:\/\/www.xd-solar.com\/fr\/wp-json\/wp\/v2\/product_cat?post=1451"},{"taxonomy":"product_tag","embeddable":true,"href":"https:\/\/www.xd-solar.com\/fr\/wp-json\/wp\/v2\/product_tag?post=1451"}],"curies":[{"name":"wp","href":"https:\/\/api.w.org\/{rel}","templated":true}]}}