{"id":1460,"date":"2023-03-21T10:11:04","date_gmt":"2023-03-21T02:11:04","guid":{"rendered":"https:\/\/xd-solar.com\/?post_type=product&#038;p=1460"},"modified":"2023-12-21T10:23:50","modified_gmt":"2023-12-21T02:23:50","slug":"high-power-ip65-waterproof-outdoor-25w-40w-60w-100w-200w-led-solar-flood-light","status":"publish","type":"product","link":"https:\/\/www.xd-solar.com\/fr\/produit\/high-power-ip65-waterproof-outdoor-25w-40w-60w-100w-200w-led-solar-flood-light\/","title":{"rendered":"Projecteur solaire LED haute puissance, \u00e9tanche IP65, ext\u00e9rieur, 25w, 40W, 60W, 100W, 200w"},"content":{"rendered":"<div class=\"numbox\"><strong>PROJECTEUR SOLAIRE HORS R\u00c9SEAU <\/strong><\/div>\n<div class=\"numbox\">\u00a0Le projecteur solaire est \u00e9quip\u00e9 de 2835 LED, offrant un \u00e9clairage ultra-lumineux et des panneaux solaires \u00e0 taux de conversion \u00e9lev\u00e9, et la coque du corps de la lampe est en aluminium moul\u00e9 sous pression. Il est livr\u00e9 avec un capteur de lumi\u00e8re, qui se charge automatiquement pendant la journ\u00e9e par temps ensoleill\u00e9 et s&#039;allume automatiquement la nuit, vous offrant une bonne exp\u00e9rience ; IP65 \u00e9tanche, tr\u00e8s adapt\u00e9 \u00e0 une utilisation en ext\u00e9rieur<\/div>\n<div>\n<div class=\"numbox\"><strong>Contr\u00f4le intelligent de la lumi\u00e8re<\/strong><\/div>\n<div class=\"description\">Les lumi\u00e8res s&#039;allument automatiquement au cr\u00e9puscule et s&#039;\u00e9teignent \u00e0 l&#039;aube pour commencer \u00e0 charger. Le temps d&#039;\u00e9clairage, la luminosit\u00e9 et le mode d&#039;\u00e9clairage peuvent \u00eatre contr\u00f4l\u00e9s par la t\u00e9l\u00e9commande.<\/div>\n<div>\n<div class=\"numbox\"><strong>\u00c9tanch\u00e9it\u00e9 avanc\u00e9e IP65<\/strong><\/div>\n<div class=\"description\">Ce projecteur adopte une nouvelle coque arri\u00e8re de conception \u00e9tanche, qui peut faire face \u00e0 toutes sortes de conditions m\u00e9t\u00e9orologiques et peut facilement faire face \u00e0 toutes sortes de conditions m\u00e9t\u00e9orologiques \u00e0 l&#039;ext\u00e9rieur. Le projecteur adopte un bo\u00eetier en aluminium moul\u00e9 sous pression robuste, et la conception du dissipateur de chaleur \u00e0 ventilation en aluminium offre une meilleure dissipation de la chaleur et assure une dur\u00e9e de vie plus longue du projecteur.<\/div>\n<div>\n<div class=\"numbox\"><strong>Panneau solaire \u00e0 haute efficacit\u00e9<\/strong><\/div>\n<div class=\"numbox\">Panneaux solaires en silicium polycristallin, plus faciles \u00e0 fabriquer, \u00e9conomes en \u00e9nergie et pr\u00e9sentant de faibles co\u00fbts de production globaux.<\/div>\n<\/div>\n<\/div>\n<\/div>","protected":false},"excerpt":{"rendered":"<dl class=\"amount clearfix\">\n<dt class=\"metatit\">Certification CE\/ISO9001\/RoHS\/3C\/CQC\/\/UL\/TUV<\/dt>\n<\/dl>\n<dl class=\"amount clearfix\">\n<dt class=\"metatit\">D\u00e9lai de livraison 5-15 jours<\/dt>\n<\/dl>\n<dl class=\"amount clearfix\">\n<dt class=\"metatit\">Conditions de paiement L\/C, D\/A, D\/P, T\/T, Western Union, Money Gram,<\/dt>\n<\/dl>\n<dl class=\"amount clearfix\">\n<dt class=\"metatit\">Temps de charge 6-8 heures<\/dt>\n<\/dl>\n<dl class=\"amount clearfix\">\n<dt class=\"metatit\">Temps de d\u00e9chargement 2 jours de pluie<\/dt>\n<\/dl>\n<dl class=\"amount clearfix\">\n<dt class=\"metatit\">Lumens 160 lm\/w<\/dt>\n<\/dl>\n<dl class=\"amount clearfix\">\n<dt class=\"metatit\">Mat\u00e9riau Aluminium moul\u00e9 sous pression<\/dt>\n<\/dl>\n<dl class=\"amount clearfix\">\n<dt class=\"metatit\">Port de d\u00e9part Guangzhou, Shenzhen, Zhuhai<\/dt>\n<\/dl>\n<dl class=\"amount clearfix\">\n<dt class=\"metatit\">Capacit\u00e9 d&#039;approvisionnement 5000PCS\/mois<\/dt>\n<\/dl>","protected":false},"featured_media":1461,"comment_status":"open","ping_status":"closed","template":"","meta":[],"product_cat":[34,32],"product_tag":[],"class_list":{"0":"post-1460","1":"product","2":"type-product","3":"status-publish","4":"has-post-thumbnail","6":"product_cat-solar-flood-light","7":"product_cat-solar-light","9":"first","10":"instock","11":"shipping-taxable","12":"product-type-simple"},"_links":{"self":[{"href":"https:\/\/www.xd-solar.com\/fr\/wp-json\/wp\/v2\/product\/1460","targetHints":{"allow":["GET"]}}],"collection":[{"href":"https:\/\/www.xd-solar.com\/fr\/wp-json\/wp\/v2\/product"}],"about":[{"href":"https:\/\/www.xd-solar.com\/fr\/wp-json\/wp\/v2\/types\/product"}],"replies":[{"embeddable":true,"href":"https:\/\/www.xd-solar.com\/fr\/wp-json\/wp\/v2\/comments?post=1460"}],"wp:featuredmedia":[{"embeddable":true,"href":"https:\/\/www.xd-solar.com\/fr\/wp-json\/wp\/v2\/media\/1461"}],"wp:attachment":[{"href":"https:\/\/www.xd-solar.com\/fr\/wp-json\/wp\/v2\/media?parent=1460"}],"wp:term":[{"taxonomy":"product_cat","embeddable":true,"href":"https:\/\/www.xd-solar.com\/fr\/wp-json\/wp\/v2\/product_cat?post=1460"},{"taxonomy":"product_tag","embeddable":true,"href":"https:\/\/www.xd-solar.com\/fr\/wp-json\/wp\/v2\/product_tag?post=1460"}],"curies":[{"name":"wp","href":"https:\/\/api.w.org\/{rel}","templated":true}]}}