{"id":1740,"date":"2024-03-21T19:11:17","date_gmt":"2024-03-21T11:11:17","guid":{"rendered":"https:\/\/www.xd-solar.com\/product\/inverter-energy-storage-system-all-in-one-ess-with-solar-hybrid-inverter-and-lifepo4-storage-battery-pack-all-in-one-system\/"},"modified":"2024-10-30T21:14:56","modified_gmt":"2024-10-30T13:14:56","slug":"inverter-energy-storage-system","status":"publish","type":"product","link":"https:\/\/www.xd-solar.com\/fr\/produit\/inverter-energy-storage-system\/","title":{"rendered":"Syst\u00e8me de stockage d&#039;\u00e9nergie par onduleur tout-en-un Ess avec onduleur solaire hybride et pack de batteries de stockage Lifepo4 tout-en-un."},"content":{"rendered":"<div id=\"detail_decorate_root\" data-magic-global=\"%7B%22bizId%22%3A17381543577%2C%22pageId%22%3A21275523207%2C%22siteId%22%3A5005332084%7D\">\n<div class=\"J_module\">\n<div id=\"ali-anchor-AliMagic-z62ybm\" class=\"magic-0\" data-section=\"AliMagic-z62ybm\" data-section-title=\"Inverter Feature\">Fonction onduleur<\/div>\n<\/div>\n<div class=\"J_module\">\n<div class=\"detail-decorate-json-renderer-container\">\n<div class=\"magic-1\">\n<div class=\"magic-2\">\n<div class=\"magic-3\">\n<div class=\"magic-4\">\n<p><span class=\"magic-5\">1. Installation facile et rapide. Chargeur solaire, onduleur, batterie, tout dans une seule bo\u00eete <\/span><\/p>\n<div><span class=\"magic-5\"><br \/>\n<\/span><\/p>\n<div><span class=\"magic-5\">2. Conception compacte et \u00e9l\u00e9gante. Conception artistique unique et port de connexion de sortie pratique. <\/span><\/div>\n<div><span class=\"magic-5\"><br \/>\n3. Autoconsommation maximis\u00e9e. Moins d&#039;\u00e9nergie consomm\u00e9e par les services publics. Plus d&#039;\u00e9nergie solaire naturelle <\/span><span class=\"magic-5\">. <\/span><\/div>\n<div><span class=\"magic-5\">\u00a0<\/span><\/div>\n<div><span class=\"magic-5\">4. Capacit\u00e9 de stockage d&#039;\u00e9nergie flexible. Prend en charge l&#039;\u00e9nergie solaire, l&#039;\u00e9nergie au gaz, l&#039;\u00e9nergie du r\u00e9seau 3 modes de charge d&#039;\u00e9nergie. <\/span><\/div>\n<div><span class=\"magic-5\"><br \/>\n5. Protection et surveillance intelligentes. Surtension. Surchauffe\/surcharge, rapport BMS de la batterie et protection compl\u00e8te. Prise en charge du wifi ou de la surveillance d&#039;application. <\/span><\/div>\n<div><span class=\"magic-5\"><br \/>\n6. longue dur\u00e9e de vie et s\u00e9curit\u00e9. <\/span><\/p>\n<div>\n<div><\/div>\n<\/div>\n<\/div>\n<\/div>\n<\/div>\n<\/div>\n<\/div>\n<\/div>\n<\/div>\n<\/div>\n<div class=\"J_module\">\n<div id=\"ali-anchor-AliMagic-t8nr12\" class=\"magic-0\" data-section=\"AliMagic-t8nr12\" data-section-title=\"Highlight\">Souligner<\/div>\n<\/div>\n<div class=\"J_module\">\n<div class=\"icbu-pc-detailManyImage magic-6\">\n<div class=\"magic-7\"><img fetchpriority=\"high\" decoding=\"async\" class=\"alignnone wp-image-1790 size-full\" src=\"https:\/\/www.xd-solar.com\/wp-content\/uploads\/2024\/03\/solar-charger1-\u6062\u590d\u7684.jpg\" alt=\"\" width=\"750\" height=\"913\" srcset=\"https:\/\/www.xd-solar.com\/wp-content\/uploads\/2024\/03\/solar-charger1-\u6062\u590d\u7684.jpg 750w, https:\/\/www.xd-solar.com\/wp-content\/uploads\/2024\/03\/solar-charger1-\u6062\u590d\u7684-150x183.jpg 150w, https:\/\/www.xd-solar.com\/wp-content\/uploads\/2024\/03\/solar-charger1-\u6062\u590d\u7684-600x730.jpg 600w, https:\/\/www.xd-solar.com\/wp-content\/uploads\/2024\/03\/solar-charger1-\u6062\u590d\u7684-246x300.jpg 246w, https:\/\/www.xd-solar.com\/wp-content\/uploads\/2024\/03\/solar-charger1-\u6062\u590d\u7684-10x12.jpg 10w\" sizes=\"(max-width: 750px) 100vw, 750px\" \/> <img decoding=\"async\" class=\"alignnone wp-image-1791 size-full\" src=\"https:\/\/www.xd-solar.com\/wp-content\/uploads\/2024\/03\/solar-charger2.jpg\" alt=\"\" width=\"750\" height=\"401\" srcset=\"https:\/\/www.xd-solar.com\/wp-content\/uploads\/2024\/03\/solar-charger2.jpg 750w, https:\/\/www.xd-solar.com\/wp-content\/uploads\/2024\/03\/solar-charger2-150x80.jpg 150w, https:\/\/www.xd-solar.com\/wp-content\/uploads\/2024\/03\/solar-charger2-600x321.jpg 600w, https:\/\/www.xd-solar.com\/wp-content\/uploads\/2024\/03\/solar-charger2-300x160.jpg 300w, https:\/\/www.xd-solar.com\/wp-content\/uploads\/2024\/03\/solar-charger2-18x10.jpg 18w\" sizes=\"(max-width: 750px) 100vw, 750px\" \/> <img decoding=\"async\" class=\"alignnone wp-image-2242\" src=\"https:\/\/www.xd-solar.com\/wp-content\/uploads\/2024\/03\/solar-charger3-\u6062\u590d\u7684-1-264x300.jpg\" alt=\"\" width=\"750\" height=\"852\" srcset=\"https:\/\/www.xd-solar.com\/wp-content\/uploads\/2024\/03\/solar-charger3-\u6062\u590d\u7684-1-264x300.jpg 264w, https:\/\/www.xd-solar.com\/wp-content\/uploads\/2024\/03\/solar-charger3-\u6062\u590d\u7684-1-150x170.jpg 150w, https:\/\/www.xd-solar.com\/wp-content\/uploads\/2024\/03\/solar-charger3-\u6062\u590d\u7684-1-600x682.jpg 600w, https:\/\/www.xd-solar.com\/wp-content\/uploads\/2024\/03\/solar-charger3-\u6062\u590d\u7684-1-11x12.jpg 11w, https:\/\/www.xd-solar.com\/wp-content\/uploads\/2024\/03\/solar-charger3-\u6062\u590d\u7684-1.jpg 750w\" sizes=\"(max-width: 750px) 100vw, 750px\" \/>\u00a0<img loading=\"lazy\" decoding=\"async\" class=\"alignnone wp-image-1793 size-full\" src=\"https:\/\/www.xd-solar.com\/wp-content\/uploads\/2024\/03\/solar-charger4-\u6062\u590d\u7684.jpg\" alt=\"\" width=\"750\" height=\"745\" srcset=\"https:\/\/www.xd-solar.com\/wp-content\/uploads\/2024\/03\/solar-charger4-\u6062\u590d\u7684.jpg 750w, https:\/\/www.xd-solar.com\/wp-content\/uploads\/2024\/03\/solar-charger4-\u6062\u590d\u7684-150x150.jpg 150w, https:\/\/www.xd-solar.com\/wp-content\/uploads\/2024\/03\/solar-charger4-\u6062\u590d\u7684-600x596.jpg 600w, https:\/\/www.xd-solar.com\/wp-content\/uploads\/2024\/03\/solar-charger4-\u6062\u590d\u7684-300x298.jpg 300w, https:\/\/www.xd-solar.com\/wp-content\/uploads\/2024\/03\/solar-charger4-\u6062\u590d\u7684-12x12.jpg 12w\" sizes=\"(max-width: 750px) 100vw, 750px\" \/> <img loading=\"lazy\" decoding=\"async\" class=\"alignnone wp-image-1794 size-full\" src=\"https:\/\/www.xd-solar.com\/wp-content\/uploads\/2024\/03\/solar-charger5-\u6062\u590d\u7684.jpg\" alt=\"\" width=\"750\" height=\"555\" srcset=\"https:\/\/www.xd-solar.com\/wp-content\/uploads\/2024\/03\/solar-charger5-\u6062\u590d\u7684.jpg 750w, https:\/\/www.xd-solar.com\/wp-content\/uploads\/2024\/03\/solar-charger5-\u6062\u590d\u7684-150x111.jpg 150w, https:\/\/www.xd-solar.com\/wp-content\/uploads\/2024\/03\/solar-charger5-\u6062\u590d\u7684-600x444.jpg 600w, https:\/\/www.xd-solar.com\/wp-content\/uploads\/2024\/03\/solar-charger5-\u6062\u590d\u7684-300x222.jpg 300w, https:\/\/www.xd-solar.com\/wp-content\/uploads\/2024\/03\/solar-charger5-\u6062\u590d\u7684-16x12.jpg 16w\" sizes=\"(max-width: 750px) 100vw, 750px\" \/><\/div>\n<div class=\"magic-7\"><\/div>\n<div class=\"magic-7\"><\/div>\n<\/div>\n<\/div>\n<div class=\"J_module\">\n<div id=\"ali-anchor-AliMagic-8q9mnz\" class=\"magic-0\" data-section=\"AliMagic-8q9mnz\" data-section-title=\"Product Detail\">D\u00e9tail du produit<\/div>\n<\/div>\n<div class=\"J_module\">\n<div class=\"icbu-pc-images magic-9\">\n<div class=\"flex-layout-v\">\n<div class=\"flex-layout-h magic-9\">\n<div class=\"magic-10\"><\/div>\n<\/div>\n<\/div>\n<\/div>\n<\/div>\n<div class=\"J_module\">\n<div class=\"icbu-pc-images magic-9\">\n<div class=\"flex-layout-v\">\n<div class=\"flex-layout-h magic-9\">\n<div class=\"magic-12\"><\/div>\n<\/div>\n<\/div>\n<\/div>\n<\/div>\n<div class=\"J_module\">\n<div id=\"ali-anchor-AliMagic-tudzs0\" class=\"magic-0\" data-section=\"AliMagic-tudzs0\" data-section-title=\"Inverter Technical Parameters\">\n<div class=\"J_module\">\n<div id=\"ali-anchor-AliMagic-tudzs0\" class=\"magic-0\" data-section=\"AliMagic-tudzs0\" data-section-title=\"Inverter Technical Parameters\" data-spm-anchor-id=\"a2700.details.0.i37.276137cdydz7Om\">Param\u00e8tres techniques de l&#039;onduleur<\/div>\n<\/div>\n<div class=\"J_module\">\n<div class=\"ife-detail-decorate-table\">\n<table class=\"has-title is-zebra all magic-14\">\n<tbody>\n<tr>\n<td colspan=\"1\" rowspan=\"1\">\n<div class=\"magic-15\">\n<div class=\"magic-16\"><b class=\"magic-17\">Mod\u00e8le<\/b><\/div>\n<\/div>\n<\/td>\n<td colspan=\"1\" rowspan=\"1\">\n<div class=\"magic-18\">\n<div class=\"magic-16\" data-spm-anchor-id=\"a2700.pc-decorate.0.i123.7e1533330t0aEn\"><b class=\"magic-17\">XHES PRO-T50248<\/b><\/div>\n<\/div>\n<\/td>\n<\/tr>\n<tr>\n<td colspan=\"2\" rowspan=\"1\">\n<div class=\"magic-19\">\n<div class=\"magic-20\" data-spm-anchor-id=\"a2700.pc-decorate.0.i132.7e1533330t0aEn\"><b>Pouvoir<\/b><\/div>\n<\/div>\n<\/td>\n<\/tr>\n<tr>\n<td colspan=\"1\" rowspan=\"1\">\n<div class=\"magic-15\">Puissance nominale<\/div>\n<\/td>\n<td colspan=\"1\" rowspan=\"1\">\n<div class=\"magic-18\">5000W<\/div>\n<\/td>\n<\/tr>\n<tr>\n<td colspan=\"1\" rowspan=\"1\">\n<div class=\"magic-15\">Puissance de cr\u00eate (20\u00a0ms)<\/div>\n<\/td>\n<td colspan=\"1\" rowspan=\"1\">\n<div class=\"magic-18\">15000VA<\/div>\n<\/td>\n<\/tr>\n<tr>\n<td colspan=\"2\" rowspan=\"1\">\n<div class=\"magic-19\">\n<div class=\"magic-20\"><b>MPPT<\/b><\/div>\n<\/div>\n<\/td>\n<\/tr>\n<tr>\n<td colspan=\"1\" rowspan=\"1\">\n<div class=\"magic-15\">Tension d&#039;entr\u00e9e photovolta\u00efque maximale (Voc)<\/div>\n<\/td>\n<td colspan=\"1\" rowspan=\"1\">\n<div class=\"magic-18\">500 VCC<\/div>\n<\/td>\n<\/tr>\n<tr>\n<td colspan=\"1\" rowspan=\"1\">\n<div class=\"magic-15\">Puissance d&#039;entr\u00e9e photovolta\u00efque maximale<\/div>\n<\/td>\n<td colspan=\"1\" rowspan=\"1\">\n<div class=\"magic-18\">5500W<\/div>\n<\/td>\n<\/tr>\n<tr>\n<td colspan=\"1\" rowspan=\"1\">\n<div class=\"magic-15\">Plage de suivi MPPT<\/div>\n<\/td>\n<td colspan=\"1\" rowspan=\"1\">\n<div class=\"magic-18\">120V-430VCC<\/div>\n<\/td>\n<\/tr>\n<tr>\n<td colspan=\"1\" rowspan=\"1\">\n<div class=\"magic-15\">Courant de charge photovolta\u00efque<\/div>\n<\/td>\n<td colspan=\"1\" rowspan=\"1\">\n<div class=\"magic-18\">100A<\/div>\n<\/td>\n<\/tr>\n<tr>\n<td colspan=\"2\" rowspan=\"1\">\n<div class=\"magic-19\">\n<div class=\"magic-20\" data-spm-anchor-id=\"a2700.pc-decorate.0.i134.7e1533330t0aEn\"><b>Saisir<\/b><\/div>\n<\/div>\n<\/td>\n<\/tr>\n<tr>\n<td colspan=\"1\" rowspan=\"1\">\n<div class=\"magic-15\">Tension de batterie standard<\/div>\n<\/td>\n<td colspan=\"1\" rowspan=\"1\">\n<div class=\"magic-18\">48V<\/div>\n<\/td>\n<\/tr>\n<tr>\n<td colspan=\"1\" rowspan=\"1\">\n<div class=\"magic-15\">Tension\/fr\u00e9quence d&#039;entr\u00e9e secteur<\/div>\n<\/td>\n<td colspan=\"1\" rowspan=\"1\">\n<div class=\"magic-18\">\n<div class=\"magic-16\" data-spm-anchor-id=\"a2700.pc-decorate.0.i121.7e1533330t0aEn\">208 VCA\/220 VCA\/230 VCA\/240 VCA<\/div>\n<\/div>\n<\/td>\n<\/tr>\n<tr>\n<td colspan=\"2\" rowspan=\"1\">\n<div class=\"magic-19\">\n<div class=\"magic-20\"><b>Sortir<\/b><\/div>\n<\/div>\n<\/td>\n<\/tr>\n<tr>\n<td colspan=\"1\" rowspan=\"1\">\n<div class=\"magic-15\">Forme d&#039;onde de sortie\/efficacit\u00e9 de conversion<\/div>\n<\/td>\n<td colspan=\"1\" rowspan=\"1\">\n<div class=\"magic-18\">Onde sinuso\u00efdale pure\/90%<\/div>\n<\/td>\n<\/tr>\n<tr>\n<td colspan=\"1\" rowspan=\"1\">\n<div class=\"magic-15\">Tension\/fr\u00e9quence de sortie maximale (mode onduleur)<\/div>\n<\/td>\n<td colspan=\"1\" rowspan=\"1\">\n<div class=\"magic-18\">208 VCA\/220 VCA\/230 VCA\/240 VCA\u00b12%, 50 Hz\u00b15%, 60 Hz\u00b15%<\/div>\n<\/td>\n<\/tr>\n<tr>\n<td colspan=\"2\" rowspan=\"1\">\n<div class=\"magic-19\">\n<div class=\"magic-20\"><b>Batterie<\/b><\/div>\n<\/div>\n<\/td>\n<\/tr>\n<tr>\n<td colspan=\"1\" rowspan=\"1\">\n<div class=\"magic-15\">Type de batterie<\/div>\n<\/td>\n<td colspan=\"1\" rowspan=\"1\">\n<div class=\"magic-18\">Batterie LiFePO4<\/div>\n<\/td>\n<\/tr>\n<tr>\n<td colspan=\"1\" rowspan=\"1\">\n<div class=\"magic-15\">Capacit\u00e9 de la batterie<\/div>\n<\/td>\n<td colspan=\"1\" rowspan=\"1\">\n<div class=\"magic-18\">51,2 V CC 100 Ah (batterie parall\u00e8le, montage en rack standard, 3 U)<\/div>\n<\/td>\n<\/tr>\n<tr>\n<td colspan=\"1\" rowspan=\"1\">\n<div class=\"magic-15\">Courant de charge\/d\u00e9charge maximal<\/div>\n<\/td>\n<td colspan=\"1\" rowspan=\"1\">\n<div class=\"magic-18\">100A<\/div>\n<\/td>\n<\/tr>\n<tr>\n<td colspan=\"1\" rowspan=\"1\">\n<div class=\"magic-15\">Tension de coupure de charge\/d\u00e9charge<\/div>\n<\/td>\n<td colspan=\"1\" rowspan=\"1\">\n<div class=\"magic-18\">44,8 V CC\/58,4 V CC<\/div>\n<\/td>\n<\/tr>\n<tr>\n<td colspan=\"2\" rowspan=\"1\">\n<div class=\"magic-19\">\n<div class=\"magic-20\"><b>Autre<\/b><\/div>\n<\/div>\n<\/td>\n<\/tr>\n<tr>\n<td colspan=\"1\" rowspan=\"1\">\n<div class=\"magic-15\">Protection et avertissement<\/div>\n<\/td>\n<td colspan=\"1\" rowspan=\"1\">\n<div class=\"magic-18\">\u00c9quip\u00e9 d&#039;une protection contre les surtensions, les basses tensions, les surcharges, les courts-circuits et les hautes temp\u00e9ratures<\/div>\n<\/td>\n<\/tr>\n<tr>\n<td colspan=\"1\" rowspan=\"1\">\n<div class=\"magic-15\">degr\u00e9 de protection<\/div>\n<\/td>\n<td colspan=\"1\" rowspan=\"1\">\n<div class=\"magic-18\">IP20<\/div>\n<\/td>\n<\/tr>\n<tr>\n<td colspan=\"1\" rowspan=\"1\">\n<div class=\"magic-15\">Afficher<\/div>\n<\/td>\n<td colspan=\"1\" rowspan=\"1\">\n<div class=\"magic-18\">ACL+DEL<\/div>\n<\/td>\n<\/tr>\n<tr>\n<td colspan=\"1\" rowspan=\"1\">\n<div class=\"magic-15\">M\u00e9thode de refroidissement<\/div>\n<\/td>\n<td colspan=\"1\" rowspan=\"1\">\n<div class=\"magic-18\">Ventilateur intelligent<\/div>\n<\/td>\n<\/tr>\n<tr>\n<td colspan=\"1\" rowspan=\"1\">\n<div class=\"magic-15\">M\u00e9thode de communication<\/div>\n<\/td>\n<td colspan=\"1\" rowspan=\"1\">\n<div class=\"magic-18\">Communication RS485\/RS232, application mobile (surveillance WIFI ou surveillance GPRS)<\/div>\n<\/td>\n<\/tr>\n<tr>\n<td colspan=\"1\" rowspan=\"1\">\n<div class=\"magic-15\">Mode de fonctionnement<\/div>\n<\/td>\n<td colspan=\"1\" rowspan=\"1\">\n<div class=\"magic-18\">Priorit\u00e9 \u00e0 l&#039;\u00e9lectricit\u00e9 municipale\/priorit\u00e9 au photovolta\u00efque\/mode \u00e9conomie d&#039;\u00e9nergie<\/div>\n<\/td>\n<\/tr>\n<tr>\n<td colspan=\"1\" rowspan=\"1\">\n<div class=\"magic-15\">Temp\u00e9rature de fonctionnement<\/div>\n<\/td>\n<td colspan=\"1\" rowspan=\"1\">\n<div class=\"magic-18\">-10\u2103 \u00e0 40\u2103, d\u00e9classement au-dessus de 45\u2103<\/div>\n<\/td>\n<\/tr>\n<tr>\n<td colspan=\"1\" rowspan=\"1\">\n<div class=\"magic-15\">Humidit\u00e9 relative<\/div>\n<\/td>\n<td colspan=\"1\" rowspan=\"1\">\n<div class=\"magic-18\">0%-95% Sans condensation<\/div>\n<\/td>\n<\/tr>\n<tr>\n<td colspan=\"2\" rowspan=\"1\">\n<div class=\"magic-19\">\n<div class=\"magic-20\"><b>Taille<\/b><\/div>\n<\/div>\n<\/td>\n<\/tr>\n<tr>\n<td colspan=\"1\" rowspan=\"1\">\n<div class=\"magic-15\">Taille du produit (L * l * Hmm)<\/div>\n<\/td>\n<td colspan=\"1\" rowspan=\"1\">\n<div class=\"magic-18\">525*180*900<\/div>\n<\/td>\n<\/tr>\n<tr>\n<td colspan=\"1\" rowspan=\"1\">\n<div class=\"magic-15\">Taille du colis (L * l * Hmm)<\/div>\n<\/td>\n<td colspan=\"1\" rowspan=\"1\">\n<div class=\"magic-18\">535*190*910<\/div>\n<\/td>\n<\/tr>\n<\/tbody>\n<\/table>\n<\/div>\n<\/div>\n<div class=\"J_module\">\n<div id=\"ali-anchor-AliMagic-9jyu6h\" class=\"magic-0\" data-section=\"AliMagic-9jyu6h\" data-section-title=\"Wiring Diagram\">Sch\u00e9ma de c\u00e2blage<\/div>\n<\/div>\n<\/div>\n<\/div>\n<div class=\"J_module\">\n<div class=\"icbu-pc-images magic-9\">\n<div>\n<div class=\"flex-layout-v\">\n<div class=\"flex-layout-h magic-9\">\n<div class=\"magic-23\"><img loading=\"lazy\" decoding=\"async\" class=\"alignnone wp-image-1799 size-full\" src=\"https:\/\/www.xd-solar.com\/wp-content\/uploads\/2024\/03\/solar-charger6-\u6062\u590d\u7684.jpg\" alt=\"\" width=\"750\" height=\"615\" srcset=\"https:\/\/www.xd-solar.com\/wp-content\/uploads\/2024\/03\/solar-charger6-\u6062\u590d\u7684.jpg 750w, https:\/\/www.xd-solar.com\/wp-content\/uploads\/2024\/03\/solar-charger6-\u6062\u590d\u7684-150x123.jpg 150w, https:\/\/www.xd-solar.com\/wp-content\/uploads\/2024\/03\/solar-charger6-\u6062\u590d\u7684-600x492.jpg 600w, https:\/\/www.xd-solar.com\/wp-content\/uploads\/2024\/03\/solar-charger6-\u6062\u590d\u7684-300x246.jpg 300w, https:\/\/www.xd-solar.com\/wp-content\/uploads\/2024\/03\/solar-charger6-\u6062\u590d\u7684-15x12.jpg 15w\" sizes=\"(max-width: 750px) 100vw, 750px\" \/> <img loading=\"lazy\" decoding=\"async\" class=\"alignnone wp-image-1800 size-full\" src=\"https:\/\/www.xd-solar.com\/wp-content\/uploads\/2024\/03\/solar-charger7-\u6062\u590d\u7684.jpg\" alt=\"\" width=\"750\" height=\"794\" srcset=\"https:\/\/www.xd-solar.com\/wp-content\/uploads\/2024\/03\/solar-charger7-\u6062\u590d\u7684.jpg 750w, https:\/\/www.xd-solar.com\/wp-content\/uploads\/2024\/03\/solar-charger7-\u6062\u590d\u7684-150x159.jpg 150w, https:\/\/www.xd-solar.com\/wp-content\/uploads\/2024\/03\/solar-charger7-\u6062\u590d\u7684-600x635.jpg 600w, https:\/\/www.xd-solar.com\/wp-content\/uploads\/2024\/03\/solar-charger7-\u6062\u590d\u7684-283x300.jpg 283w, https:\/\/www.xd-solar.com\/wp-content\/uploads\/2024\/03\/solar-charger7-\u6062\u590d\u7684-11x12.jpg 11w\" sizes=\"(max-width: 750px) 100vw, 750px\" \/><\/div>\n<\/div>\n<\/div>\n<\/div>\n<\/div>\n<\/div>\n<div class=\"J_module\">\n<div id=\"ali-anchor-AliMagic-1sra6s\" class=\"magic-0\" data-section=\"AliMagic-1sra6s\" data-section-title=\"Application Case\">Cas d&#039;application<\/div>\n<\/div>\n<div class=\"J_module\">\n<div class=\"icbu-pc-images magic-9\">\n<div class=\"flex-layout-v\">\n<div class=\"flex-layout-h magic-9\">\n<div class=\"magic-25\"><\/div>\n<\/div>\n<\/div>\n<\/div>\n<\/div>\n<div class=\"J_module\">\n<div class=\"detail-decorate-json-renderer-container\">\n<div class=\"magic-1\">\n<div class=\"magic-2\">\n<div class=\"magic-3\">\n<div class=\"magic-4\"><b><span style=\"color: #48916c;\">Emballer<br \/>\n<\/span><\/b>Bo\u00eete en carton pour l&#039;emballage, ou bo\u00eete en bois conseill\u00e9e pour les \u00e9chantillons afin de les prot\u00e9ger pendant le transport.<\/p>\n<div><\/div>\n<div><b><span style=\"color: #48916c;\">Exp\u00e9dition<\/span><\/b><br \/>\n1. Fedex\/ DHL\/ TNT\/ UPS pour les \u00e9chantillons, porte-\u00e0-porte.<br \/>\n2. Par avion ou par mer pour les marchandises en lots, pour les CFL, r\u00e9ception a\u00e9roport\/port.<br \/>\n3. Les clients sp\u00e9cifiant des transitaires ou des m\u00e9thodes d\u2019exp\u00e9dition n\u00e9gociables.<br \/>\n4. D\u00e9lai de livraison : 7 jours pour les \u00e9chantillons ; 10 \u00e0 25 jours pour les marchandises en lots.<\/div>\n<\/div>\n<\/div>\n<\/div>\n<\/div>\n<\/div>\n<\/div>\n<div class=\"J_module\">\n<div class=\"icbu-pc-detailSellerRecommend magic-27\" data-magic=\"{&quot;mds&quot;:{&quot;assetsVersion&quot;:&quot;0.0.14&quot;,&quot;assetsPackageName&quot;:&quot;icbumod&quot;,&quot;moduleNameAlias&quot;:&quot;icbu-pc-detailSellerRecommend&quot;,&quot;moduleData&quot;:{&quot;config&quot;:{&quot;columnCount&quot;:4,&quot;titleKey&quot;:6,&quot;products&quot;:[62343531193,1600644794806,1600433508690,1600144418808,1600671217572,60553947042,1600429541841,1600661924334]}}},&quot;version&quot;:1}\"><\/div>\n<\/div>\n<div class=\"J_module\">\n<div id=\"ali-anchor-AliMagic-j1okd8\" class=\"magic-0\" data-section=\"AliMagic-j1okd8\" data-section-title=\"Company Information\">Informations sur la soci\u00e9t\u00e9<\/div>\n<\/div>\n<div class=\"J_module\">\n<div class=\"icbu-pc-images magic-9\">\n<div class=\"flex-layout-v\">\n<div class=\"flex-layout-h magic-9\">\n<div class=\"magic-28\"><\/div>\n<\/div>\n<\/div>\n<\/div>\n<\/div>\n<div class=\"J_module\">\n<div class=\"icbu-pc-images magic-9\">\n<div>\n<div class=\"flex-layout-v\">\n<div class=\"flex-layout-h magic-9\">\n<div class=\"magic-30\"><img loading=\"lazy\" decoding=\"async\" class=\"alignnone wp-image-1639 size-full\" src=\"https:\/\/www.xd-solar.com\/wp-content\/uploads\/2024\/03\/99.jpg\" alt=\"\" width=\"750\" height=\"384\" srcset=\"https:\/\/www.xd-solar.com\/wp-content\/uploads\/2024\/03\/99.jpg 750w, https:\/\/www.xd-solar.com\/wp-content\/uploads\/2024\/03\/99-150x77.jpg 150w, https:\/\/www.xd-solar.com\/wp-content\/uploads\/2024\/03\/99-600x307.jpg 600w, https:\/\/www.xd-solar.com\/wp-content\/uploads\/2024\/03\/99-300x154.jpg 300w, https:\/\/www.xd-solar.com\/wp-content\/uploads\/2024\/03\/99-18x9.jpg 18w\" sizes=\"(max-width: 750px) 100vw, 750px\" \/><\/div>\n<\/div>\n<\/div>\n<\/div>\n<\/div>\n<\/div>\n<div class=\"J_module\">\n<div id=\"ali-anchor-AliMagic-ezzxp2\" class=\"magic-0\" data-section=\"AliMagic-ezzxp2\" data-section-title=\"Workshop\">Atelier<\/div>\n<\/div>\n<div class=\"J_module\">\n<div class=\"icbu-pc-images magic-9\">\n<div>\n<div class=\"flex-layout-v\">\n<div class=\"flex-layout-h magic-9\">\n<div class=\"magic-32\"><img decoding=\"async\" class=\"magic-33\" src=\"\/\/sc04.alicdn.com\/kf\/H93c70229870d4fe88cbcfe8b7069453f6\/201674393\/H93c70229870d4fe88cbcfe8b7069453f6.jpg\" \/><\/div>\n<\/div>\n<\/div>\n<\/div>\n<\/div>\n<\/div>\n<div class=\"J_module\">\n<div class=\"icbu-pc-images magic-9\">\n<div>\n<div class=\"flex-layout-v\">\n<div class=\"flex-layout-h magic-9\">\n<div class=\"magic-34\"><img decoding=\"async\" class=\"magic-35\" src=\"\/\/sc04.alicdn.com\/kf\/H5b8df4dc7d524a1cab47565c81f637f0U\/201674393\/H5b8df4dc7d524a1cab47565c81f637f0U.jpg\" \/><\/div>\n<\/div>\n<\/div>\n<\/div>\n<\/div>\n<\/div>\n<div class=\"J_module\">\n<div class=\"icbu-pc-images magic-9\">\n<div class=\"flex-layout-v\">\n<div class=\"flex-layout-h magic-9\">\n<div class=\"magic-36\"><\/div>\n<\/div>\n<\/div>\n<\/div>\n<\/div>\n<div class=\"J_module\">\n<div class=\"icbu-pc-images magic-9\">\n<div>\n<div class=\"flex-layout-v\">\n<div class=\"flex-layout-h magic-9\">\n<div class=\"magic-38\"><img loading=\"lazy\" decoding=\"async\" class=\"alignnone wp-image-1638\" src=\"https:\/\/www.xd-solar.com\/wp-content\/uploads\/2024\/03\/88-300x127.jpg\" alt=\"\" width=\"750\" height=\"317\" srcset=\"https:\/\/www.xd-solar.com\/wp-content\/uploads\/2024\/03\/88-300x127.jpg 300w, https:\/\/www.xd-solar.com\/wp-content\/uploads\/2024\/03\/88-150x63.jpg 150w, https:\/\/www.xd-solar.com\/wp-content\/uploads\/2024\/03\/88-18x8.jpg 18w, https:\/\/www.xd-solar.com\/wp-content\/uploads\/2024\/03\/88.jpg 601w\" sizes=\"(max-width: 750px) 100vw, 750px\" \/><\/div>\n<\/div>\n<\/div>\n<\/div>\n<\/div>\n<\/div>\n<\/div>","protected":false},"excerpt":{"rendered":"<p>Discover top-tier solar inverters from our leading manufacturing company. We provide reliable, efficient, and innovative solar energy solutions designed to maximize your energy production. Explore our range of products and elevate your renewable energy projects today!<\/p>","protected":false},"featured_media":1797,"comment_status":"open","ping_status":"closed","template":"","meta":[],"product_cat":[15],"product_tag":[93,127,128,60,47,62],"class_list":{"0":"post-1740","1":"product","2":"type-product","3":"status-publish","4":"has-post-thumbnail","6":"product_cat-solar-inverter","7":"product_tag-hybrid-inverter","8":"product_tag-hybrid-solar-inverter","9":"product_tag-hybrid-solar-inverter-supplier","10":"product_tag-off-grid-inverter","11":"product_tag-solar-inverter","12":"product_tag-solar-inverter-manufacturer","14":"first","15":"instock","16":"shipping-taxable","17":"purchasable","18":"product-type-variable"},"_links":{"self":[{"href":"https:\/\/www.xd-solar.com\/fr\/wp-json\/wp\/v2\/product\/1740","targetHints":{"allow":["GET"]}}],"collection":[{"href":"https:\/\/www.xd-solar.com\/fr\/wp-json\/wp\/v2\/product"}],"about":[{"href":"https:\/\/www.xd-solar.com\/fr\/wp-json\/wp\/v2\/types\/product"}],"replies":[{"embeddable":true,"href":"https:\/\/www.xd-solar.com\/fr\/wp-json\/wp\/v2\/comments?post=1740"}],"wp:featuredmedia":[{"embeddable":true,"href":"https:\/\/www.xd-solar.com\/fr\/wp-json\/wp\/v2\/media\/1797"}],"wp:attachment":[{"href":"https:\/\/www.xd-solar.com\/fr\/wp-json\/wp\/v2\/media?parent=1740"}],"wp:term":[{"taxonomy":"product_cat","embeddable":true,"href":"https:\/\/www.xd-solar.com\/fr\/wp-json\/wp\/v2\/product_cat?post=1740"},{"taxonomy":"product_tag","embeddable":true,"href":"https:\/\/www.xd-solar.com\/fr\/wp-json\/wp\/v2\/product_tag?post=1740"}],"curies":[{"name":"wp","href":"https:\/\/api.w.org\/{rel}","templated":true}]}}