{"id":1748,"date":"2024-03-21T19:14:30","date_gmt":"2024-03-21T11:14:30","guid":{"rendered":"https:\/\/www.xd-solar.com\/product\/wall-mounted-home-use-all-in-one-solar-hybrid-inverter-solar-lifepo4-battery-pack-bms-with-lithium-battery-storage-system\/"},"modified":"2024-10-29T20:37:09","modified_gmt":"2024-10-29T12:37:09","slug":"solar-inverter-solar-hybrid-inverter","status":"publish","type":"product","link":"https:\/\/www.xd-solar.com\/fr\/produit\/solar-inverter-solar-hybrid-inverter\/","title":{"rendered":"Onduleur hybride solaire tout-en-un \u00e0 usage domestique fix\u00e9 au mur, pack de batterie solaire Lifepo4 BMS avec syst\u00e8me de stockage de batterie au lithium."},"content":{"rendered":"<div id=\"detail_decorate_root\" data-magic-global=\"%7B%22bizId%22%3A17381543577%2C%22pageId%22%3A21276444887%2C%22siteId%22%3A5005332084%7D\">\n<div class=\"J_module\">\n<div id=\"ali-anchor-AliMagic-cm8c05\" class=\"magic-0\" data-section=\"AliMagic-cm8c05\" data-section-title=\"Inverter Feature\">Fonction onduleur<\/div>\n<\/div>\n<div class=\"J_module\">\n<div class=\"detail-decorate-json-renderer-container\">\n<div class=\"magic-1\">\n<div class=\"magic-2\">\n<div class=\"magic-3\">\n<div class=\"magic-4\">\n<p><span class=\"magic-5\">1. Installation facile et rapide. Chargeur solaire, onduleur, batterie, tout dans une seule bo\u00eete <\/span><\/p>\n<div>\n<div><span class=\"magic-5\">2. Conception compacte et \u00e9l\u00e9gante. Conception artistique unique et port de connexion de sortie pratique. <\/span><\/div>\n<div><span class=\"magic-5\"><br \/>\n3. Autoconsommation maximis\u00e9e. Moins d&#039;\u00e9nergie consomm\u00e9e par les services publics. Plus d&#039;\u00e9nergie solaire naturelle <\/span><span class=\"magic-5\">. <\/span><\/div>\n<div><span class=\"magic-5\">\u00a0<\/span><\/div>\n<div><span class=\"magic-5\">4. Capacit\u00e9 de stockage d&#039;\u00e9nergie flexible. Prend en charge l&#039;\u00e9nergie solaire, l&#039;\u00e9nergie au gaz, l&#039;\u00e9nergie du r\u00e9seau 3 modes de charge d&#039;\u00e9nergie. <\/span><\/div>\n<div><span class=\"magic-5\"><br \/>\n5. Protection et surveillance intelligentes. Surtension. Surchauffe\/surcharge, rapport BMS de la batterie et protection compl\u00e8te. Prise en charge du wifi ou de la surveillance d&#039;application. <\/span><\/div>\n<div><span class=\"magic-5\"><br \/>\n6. longue dur\u00e9e de vie et s\u00e9curit\u00e9. <\/span><\/p>\n<div>\n<div><\/div>\n<\/div>\n<\/div>\n<\/div>\n<\/div>\n<\/div>\n<\/div>\n<\/div>\n<\/div>\n<\/div>\n<div class=\"J_module\">\n<div id=\"ali-anchor-AliMagic-44kw7o\" class=\"magic-0\" data-section=\"AliMagic-44kw7o\" data-section-title=\"Highlight\">Souligner<\/div>\n<\/div>\n<div class=\"J_module\">\n<div class=\"icbu-pc-detailManyImage magic-6\">\n<div class=\"magic-7\"><img fetchpriority=\"high\" decoding=\"async\" class=\"alignnone wp-image-1777 size-full\" src=\"https:\/\/www.xd-solar.com\/wp-content\/uploads\/2024\/03\/all-in-one-solar-inverter1.jpg\" alt=\"\" width=\"750\" height=\"1065\" srcset=\"https:\/\/www.xd-solar.com\/wp-content\/uploads\/2024\/03\/all-in-one-solar-inverter1.jpg 750w, https:\/\/www.xd-solar.com\/wp-content\/uploads\/2024\/03\/all-in-one-solar-inverter1-150x213.jpg 150w, https:\/\/www.xd-solar.com\/wp-content\/uploads\/2024\/03\/all-in-one-solar-inverter1-600x852.jpg 600w, https:\/\/www.xd-solar.com\/wp-content\/uploads\/2024\/03\/all-in-one-solar-inverter1-211x300.jpg 211w, https:\/\/www.xd-solar.com\/wp-content\/uploads\/2024\/03\/all-in-one-solar-inverter1-721x1024.jpg 721w, https:\/\/www.xd-solar.com\/wp-content\/uploads\/2024\/03\/all-in-one-solar-inverter1-8x12.jpg 8w\" sizes=\"(max-width: 750px) 100vw, 750px\" \/><img decoding=\"async\" class=\"alignnone wp-image-1779 size-full\" src=\"https:\/\/www.xd-solar.com\/wp-content\/uploads\/2024\/03\/all-in-one-solar-inverter2.jpg\" alt=\"\" width=\"750\" height=\"403\" srcset=\"https:\/\/www.xd-solar.com\/wp-content\/uploads\/2024\/03\/all-in-one-solar-inverter2.jpg 750w, https:\/\/www.xd-solar.com\/wp-content\/uploads\/2024\/03\/all-in-one-solar-inverter2-150x81.jpg 150w, https:\/\/www.xd-solar.com\/wp-content\/uploads\/2024\/03\/all-in-one-solar-inverter2-600x322.jpg 600w, https:\/\/www.xd-solar.com\/wp-content\/uploads\/2024\/03\/all-in-one-solar-inverter2-300x161.jpg 300w, https:\/\/www.xd-solar.com\/wp-content\/uploads\/2024\/03\/all-in-one-solar-inverter2-18x10.jpg 18w\" sizes=\"(max-width: 750px) 100vw, 750px\" \/> <img decoding=\"async\" class=\"alignnone wp-image-1781 size-full\" src=\"https:\/\/www.xd-solar.com\/wp-content\/uploads\/2024\/03\/all-in-one-solar-inverter3.jpg\" alt=\"\" width=\"750\" height=\"579\" srcset=\"https:\/\/www.xd-solar.com\/wp-content\/uploads\/2024\/03\/all-in-one-solar-inverter3.jpg 750w, https:\/\/www.xd-solar.com\/wp-content\/uploads\/2024\/03\/all-in-one-solar-inverter3-150x116.jpg 150w, https:\/\/www.xd-solar.com\/wp-content\/uploads\/2024\/03\/all-in-one-solar-inverter3-600x463.jpg 600w, https:\/\/www.xd-solar.com\/wp-content\/uploads\/2024\/03\/all-in-one-solar-inverter3-300x232.jpg 300w, https:\/\/www.xd-solar.com\/wp-content\/uploads\/2024\/03\/all-in-one-solar-inverter3-16x12.jpg 16w\" sizes=\"(max-width: 750px) 100vw, 750px\" \/> <img loading=\"lazy\" decoding=\"async\" class=\"alignnone wp-image-2241\" src=\"https:\/\/www.xd-solar.com\/wp-content\/uploads\/2024\/03\/all-in-one-solar-inverter444-262x300.jpg\" alt=\"\" width=\"750\" height=\"860\" srcset=\"https:\/\/www.xd-solar.com\/wp-content\/uploads\/2024\/03\/all-in-one-solar-inverter444-262x300.jpg 262w, https:\/\/www.xd-solar.com\/wp-content\/uploads\/2024\/03\/all-in-one-solar-inverter444-150x172.jpg 150w, https:\/\/www.xd-solar.com\/wp-content\/uploads\/2024\/03\/all-in-one-solar-inverter444-10x12.jpg 10w, https:\/\/www.xd-solar.com\/wp-content\/uploads\/2024\/03\/all-in-one-solar-inverter444.jpg 523w\" sizes=\"(max-width: 750px) 100vw, 750px\" \/><img loading=\"lazy\" decoding=\"async\" class=\"alignnone wp-image-1785 size-full\" src=\"https:\/\/www.xd-solar.com\/wp-content\/uploads\/2024\/03\/all-in-one-solar-inverter5.jpg\" alt=\"\" width=\"750\" height=\"750\" srcset=\"https:\/\/www.xd-solar.com\/wp-content\/uploads\/2024\/03\/all-in-one-solar-inverter5.jpg 750w, https:\/\/www.xd-solar.com\/wp-content\/uploads\/2024\/03\/all-in-one-solar-inverter5-300x300.jpg 300w, https:\/\/www.xd-solar.com\/wp-content\/uploads\/2024\/03\/all-in-one-solar-inverter5-150x150.jpg 150w, https:\/\/www.xd-solar.com\/wp-content\/uploads\/2024\/03\/all-in-one-solar-inverter5-600x600.jpg 600w, https:\/\/www.xd-solar.com\/wp-content\/uploads\/2024\/03\/all-in-one-solar-inverter5-12x12.jpg 12w\" sizes=\"(max-width: 750px) 100vw, 750px\" \/> <img loading=\"lazy\" decoding=\"async\" class=\"alignnone wp-image-1787 size-full\" src=\"https:\/\/www.xd-solar.com\/wp-content\/uploads\/2024\/03\/all-in-one-solar-inverter6.jpg\" alt=\"\" width=\"750\" height=\"582\" srcset=\"https:\/\/www.xd-solar.com\/wp-content\/uploads\/2024\/03\/all-in-one-solar-inverter6.jpg 750w, https:\/\/www.xd-solar.com\/wp-content\/uploads\/2024\/03\/all-in-one-solar-inverter6-150x116.jpg 150w, https:\/\/www.xd-solar.com\/wp-content\/uploads\/2024\/03\/all-in-one-solar-inverter6-600x466.jpg 600w, https:\/\/www.xd-solar.com\/wp-content\/uploads\/2024\/03\/all-in-one-solar-inverter6-300x233.jpg 300w, https:\/\/www.xd-solar.com\/wp-content\/uploads\/2024\/03\/all-in-one-solar-inverter6-15x12.jpg 15w\" sizes=\"(max-width: 750px) 100vw, 750px\" \/> <img loading=\"lazy\" decoding=\"async\" class=\"alignnone wp-image-1786 size-full\" src=\"https:\/\/www.xd-solar.com\/wp-content\/uploads\/2024\/03\/all-in-one-solar-inverter06.jpg\" alt=\"\" width=\"750\" height=\"750\" srcset=\"https:\/\/www.xd-solar.com\/wp-content\/uploads\/2024\/03\/all-in-one-solar-inverter06.jpg 750w, https:\/\/www.xd-solar.com\/wp-content\/uploads\/2024\/03\/all-in-one-solar-inverter06-300x300.jpg 300w, https:\/\/www.xd-solar.com\/wp-content\/uploads\/2024\/03\/all-in-one-solar-inverter06-150x150.jpg 150w, https:\/\/www.xd-solar.com\/wp-content\/uploads\/2024\/03\/all-in-one-solar-inverter06-600x600.jpg 600w, https:\/\/www.xd-solar.com\/wp-content\/uploads\/2024\/03\/all-in-one-solar-inverter06-12x12.jpg 12w\" sizes=\"(max-width: 750px) 100vw, 750px\" \/><\/div>\n<div class=\"magic-7\"><\/div>\n<div class=\"magic-7\"><\/div>\n<div class=\"magic-7\"><\/div>\n<\/div>\n<\/div>\n<div class=\"J_module\">\n<div id=\"ali-anchor-AliMagic-jo4fbv\" class=\"magic-0\" data-section=\"AliMagic-jo4fbv\" data-section-title=\"Product Detail\">D\u00e9tail du produit<\/div>\n<\/div>\n<div class=\"J_module\">\n<div class=\"icbu-pc-images magic-9\">\n<div class=\"flex-layout-v\">\n<div class=\"flex-layout-h magic-9\">\n<div class=\"magic-10\"><\/div>\n<\/div>\n<\/div>\n<\/div>\n<\/div>\n<div class=\"J_module\">\n<div data-section=\"AliMagic-o437hx\" data-section-title=\"Inverter Technical Parameters\">\n<div class=\"J_module\">\n<div id=\"ali-anchor-AliMagic-o437hx\" class=\"magic-0\" data-section=\"AliMagic-o437hx\" data-section-title=\"Inverter Technical Parameters\" data-spm-anchor-id=\"a2700.details.0.i50.307d78ec66ZTRp\">Param\u00e8tres techniques de l&#039;onduleur<\/div>\n<\/div>\n<div class=\"J_module\">\n<div class=\"ife-detail-decorate-table\">\n<table class=\"has-title is-zebra all magic-14\">\n<tbody>\n<tr>\n<td colspan=\"1\" rowspan=\"1\">\n<div class=\"magic-15\">\n<div class=\"magic-16\"><b class=\"magic-17\">Mod\u00e8le<\/b><\/div>\n<\/div>\n<\/td>\n<td colspan=\"1\" rowspan=\"1\">\n<div class=\"magic-18\">\n<div class=\"magic-16\" data-spm-anchor-id=\"a2700.pc-decorate.0.i123.7e1533330t0aEn\"><b class=\"magic-17\">HES PRO-T50248<\/b><\/div>\n<\/div>\n<\/td>\n<\/tr>\n<tr>\n<td colspan=\"2\" rowspan=\"1\">\n<div class=\"magic-19\">\n<div class=\"magic-20\" data-spm-anchor-id=\"a2700.pc-decorate.0.i132.7e1533330t0aEn\"><b>Pouvoir<\/b><\/div>\n<\/div>\n<\/td>\n<\/tr>\n<tr>\n<td colspan=\"1\" rowspan=\"1\">\n<div class=\"magic-15\">Puissance nominale<\/div>\n<\/td>\n<td colspan=\"1\" rowspan=\"1\">\n<div class=\"magic-18\">5000W<\/div>\n<\/td>\n<\/tr>\n<tr>\n<td colspan=\"1\" rowspan=\"1\">\n<div class=\"magic-15\">Puissance de cr\u00eate (20\u00a0ms)<\/div>\n<\/td>\n<td colspan=\"1\" rowspan=\"1\">\n<div class=\"magic-18\">15000VA<\/div>\n<\/td>\n<\/tr>\n<tr>\n<td colspan=\"1\" rowspan=\"1\">\n<div class=\"magic-15\">Machine simple\/machine parall\u00e8le<\/div>\n<\/td>\n<td colspan=\"1\" rowspan=\"1\">\n<div class=\"magic-18\">Peut \u00eatre connect\u00e9 en parall\u00e8le, jusqu&#039;\u00e0 9 unit\u00e9s peuvent \u00eatre connect\u00e9es en parall\u00e8le<\/div>\n<\/td>\n<\/tr>\n<tr>\n<td colspan=\"2\" rowspan=\"1\">\n<div class=\"magic-19\">\n<div class=\"magic-20\" data-spm-anchor-id=\"a2700.pc-decorate.0.i9.4d3f3333uLl3B2\"><b>MPPT<\/b><\/div>\n<\/div>\n<\/td>\n<\/tr>\n<tr>\n<td colspan=\"1\" rowspan=\"1\">\n<div class=\"magic-15\">Tension d&#039;entr\u00e9e photovolta\u00efque maximale (Voc)<\/div>\n<\/td>\n<td colspan=\"1\" rowspan=\"1\">\n<div class=\"magic-18\">500 VCC<\/div>\n<\/td>\n<\/tr>\n<tr>\n<td colspan=\"1\" rowspan=\"1\">\n<div class=\"magic-15\">Puissance d&#039;entr\u00e9e photovolta\u00efque maximale<\/div>\n<\/td>\n<td colspan=\"1\" rowspan=\"1\">\n<div class=\"magic-18\">5500W<\/div>\n<\/td>\n<\/tr>\n<tr>\n<td colspan=\"1\" rowspan=\"1\">\n<div class=\"magic-15\">Plage de suivi MPPT<\/div>\n<\/td>\n<td colspan=\"1\" rowspan=\"1\">\n<div class=\"magic-18\">120V-430VCC<\/div>\n<\/td>\n<\/tr>\n<tr>\n<td colspan=\"1\" rowspan=\"1\">\n<div class=\"magic-15\">Courant de charge photovolta\u00efque<\/div>\n<\/td>\n<td colspan=\"1\" rowspan=\"1\">\n<div class=\"magic-18\">80A<\/div>\n<\/td>\n<\/tr>\n<tr>\n<td colspan=\"2\" rowspan=\"1\">\n<div class=\"magic-19\">\n<div class=\"magic-20\" data-spm-anchor-id=\"a2700.pc-decorate.0.i134.7e1533330t0aEn\"><b>Saisir<\/b><\/div>\n<\/div>\n<\/td>\n<\/tr>\n<tr>\n<td colspan=\"1\" rowspan=\"1\">\n<div class=\"magic-15\">Tension de batterie standard<\/div>\n<\/td>\n<td colspan=\"1\" rowspan=\"1\">\n<div class=\"magic-18\">48V<\/div>\n<\/td>\n<\/tr>\n<tr>\n<td colspan=\"1\" rowspan=\"1\">\n<div class=\"magic-15\">Tension\/fr\u00e9quence d&#039;entr\u00e9e secteur<\/div>\n<\/td>\n<td colspan=\"1\" rowspan=\"1\">\n<div class=\"magic-18\">\n<div class=\"magic-16\" data-spm-anchor-id=\"a2700.pc-decorate.0.i121.7e1533330t0aEn\">208 VCA\/220 VCA\/230 VCA\/240 VCA<\/div>\n<\/div>\n<\/td>\n<\/tr>\n<tr>\n<td colspan=\"2\" rowspan=\"1\">\n<div class=\"magic-19\">\n<div class=\"magic-20\"><b>Sortir<\/b><\/div>\n<\/div>\n<\/td>\n<\/tr>\n<tr>\n<td colspan=\"1\" rowspan=\"1\">\n<div class=\"magic-15\">Forme d&#039;onde de sortie\/efficacit\u00e9 de conversion<\/div>\n<\/td>\n<td colspan=\"1\" rowspan=\"1\">\n<div class=\"magic-18\">Onde sinuso\u00efdale pure\/90%<\/div>\n<\/td>\n<\/tr>\n<tr>\n<td colspan=\"1\" rowspan=\"1\">\n<div class=\"magic-15\">Tension\/fr\u00e9quence de sortie maximale (mode onduleur)<\/div>\n<\/td>\n<td colspan=\"1\" rowspan=\"1\">\n<div class=\"magic-18\">208 VCA\/220 VCA\/230 VCA\/240 VCA\u00b12%, 50 Hz\u00b15%, 60 Hz\u00b15%<\/div>\n<\/td>\n<\/tr>\n<tr>\n<td colspan=\"2\" rowspan=\"1\">\n<div class=\"magic-19\">\n<div class=\"magic-20\"><b>Batterie<\/b><\/div>\n<\/div>\n<\/td>\n<\/tr>\n<tr>\n<td colspan=\"1\" rowspan=\"1\">\n<div class=\"magic-15\">Type de batterie<\/div>\n<\/td>\n<td colspan=\"1\" rowspan=\"1\">\n<div class=\"magic-18\">Batterie LiFePO4<\/div>\n<\/td>\n<\/tr>\n<tr>\n<td colspan=\"1\" rowspan=\"1\">\n<div class=\"magic-15\">Capacit\u00e9 de la batterie<\/div>\n<\/td>\n<td colspan=\"1\" rowspan=\"1\">\n<div class=\"magic-18\">51,2 V CC 100 Ah (batterie parall\u00e8le, montage en rack standard, 3 U)<\/div>\n<\/td>\n<\/tr>\n<tr>\n<td colspan=\"1\" rowspan=\"1\">\n<div class=\"magic-15\">Courant de charge\/d\u00e9charge maximal<\/div>\n<\/td>\n<td colspan=\"1\" rowspan=\"1\">\n<div class=\"magic-18\">100A<\/div>\n<\/td>\n<\/tr>\n<tr>\n<td colspan=\"1\" rowspan=\"1\">\n<div class=\"magic-15\">Tension de coupure de charge\/d\u00e9charge<\/div>\n<\/td>\n<td colspan=\"1\" rowspan=\"1\">\n<div class=\"magic-18\">44,8 V CC\/58,4 V CC<\/div>\n<\/td>\n<\/tr>\n<tr>\n<td colspan=\"2\" rowspan=\"1\">\n<div class=\"magic-19\">\n<div class=\"magic-20\"><b>Autre<\/b><\/div>\n<\/div>\n<\/td>\n<\/tr>\n<tr>\n<td colspan=\"1\" rowspan=\"1\">\n<div class=\"magic-15\">Protection et avertissement<\/div>\n<\/td>\n<td colspan=\"1\" rowspan=\"1\">\n<div class=\"magic-18\">\u00c9quip\u00e9 d&#039;une protection contre les surtensions, les basses tensions, les surcharges, les courts-circuits et les hautes temp\u00e9ratures<\/div>\n<\/td>\n<\/tr>\n<tr>\n<td colspan=\"1\" rowspan=\"1\">\n<div class=\"magic-15\">degr\u00e9 de protection<\/div>\n<\/td>\n<td colspan=\"1\" rowspan=\"1\">\n<div class=\"magic-18\">IP20<\/div>\n<\/td>\n<\/tr>\n<tr>\n<td colspan=\"1\" rowspan=\"1\">\n<div class=\"magic-15\">Afficher<\/div>\n<\/td>\n<td colspan=\"1\" rowspan=\"1\">\n<div class=\"magic-18\">ACL+DEL<\/div>\n<\/td>\n<\/tr>\n<tr>\n<td colspan=\"1\" rowspan=\"1\">\n<div class=\"magic-15\">M\u00e9thode de refroidissement<\/div>\n<\/td>\n<td colspan=\"1\" rowspan=\"1\">\n<div class=\"magic-18\">Ventilateur intelligent<\/div>\n<\/td>\n<\/tr>\n<tr>\n<td colspan=\"1\" rowspan=\"1\">\n<div class=\"magic-15\">M\u00e9thode de communication<\/div>\n<\/td>\n<td colspan=\"1\" rowspan=\"1\">\n<div class=\"magic-18\">Communication RS485\/RS232, application mobile (surveillance WIFI ou surveillance GPRS)<\/div>\n<\/td>\n<\/tr>\n<tr>\n<td colspan=\"1\" rowspan=\"1\">\n<div class=\"magic-15\">Mode de fonctionnement<\/div>\n<\/td>\n<td colspan=\"1\" rowspan=\"1\">\n<div class=\"magic-18\">Priorit\u00e9 \u00e0 l&#039;\u00e9lectricit\u00e9 municipale\/priorit\u00e9 au photovolta\u00efque\/mode \u00e9conomie d&#039;\u00e9nergie<\/div>\n<\/td>\n<\/tr>\n<tr>\n<td colspan=\"1\" rowspan=\"1\">\n<div class=\"magic-15\">Temp\u00e9rature de fonctionnement<\/div>\n<\/td>\n<td colspan=\"1\" rowspan=\"1\">\n<div class=\"magic-18\">-10\u2103 \u00e0 40\u2103, d\u00e9classement au-dessus de 45\u2103<\/div>\n<\/td>\n<\/tr>\n<tr>\n<td colspan=\"1\" rowspan=\"1\">\n<div class=\"magic-15\">Humidit\u00e9 relative<\/div>\n<\/td>\n<td colspan=\"1\" rowspan=\"1\">\n<div class=\"magic-18\">0%-95% Sans condensation<\/div>\n<\/td>\n<\/tr>\n<tr>\n<td colspan=\"2\" rowspan=\"1\">\n<div class=\"magic-19\">\n<div class=\"magic-20\"><b>Taille<\/b><\/div>\n<\/div>\n<\/td>\n<\/tr>\n<tr>\n<td colspan=\"1\" rowspan=\"1\">\n<div class=\"magic-15\">Taille du produit (L * l * Hmm)<\/div>\n<\/td>\n<td colspan=\"1\" rowspan=\"1\">\n<div class=\"magic-18\">525*180*900<\/div>\n<\/td>\n<\/tr>\n<tr>\n<td colspan=\"1\" rowspan=\"1\">\n<div class=\"magic-15\">Taille du colis (L * l * Hmm)<\/div>\n<\/td>\n<td colspan=\"1\" rowspan=\"1\">\n<div class=\"magic-18\">535*190*910<\/div>\n<\/td>\n<\/tr>\n<\/tbody>\n<\/table>\n<\/div>\n<\/div>\n<div class=\"J_module\"><\/div>\n<\/div>\n<\/div>\n<div class=\"J_module\">\n<div id=\"ali-anchor-AliMagic-a58afi\" class=\"magic-0\" data-section=\"AliMagic-a58afi\" data-section-title=\"Wiring Diagram\">Sch\u00e9ma de c\u00e2blage<\/div>\n<\/div>\n<div class=\"J_module\">\n<div class=\"icbu-pc-images magic-9\">\n<div>\n<div class=\"flex-layout-v\">\n<div class=\"flex-layout-h magic-9\">\n<div class=\"magic-23\"><img loading=\"lazy\" decoding=\"async\" class=\"alignnone wp-image-1788 size-full\" src=\"https:\/\/www.xd-solar.com\/wp-content\/uploads\/2024\/03\/all-in-one-solar-inverter7.jpg\" alt=\"\" width=\"750\" height=\"544\" srcset=\"https:\/\/www.xd-solar.com\/wp-content\/uploads\/2024\/03\/all-in-one-solar-inverter7.jpg 750w, https:\/\/www.xd-solar.com\/wp-content\/uploads\/2024\/03\/all-in-one-solar-inverter7-150x109.jpg 150w, https:\/\/www.xd-solar.com\/wp-content\/uploads\/2024\/03\/all-in-one-solar-inverter7-600x435.jpg 600w, https:\/\/www.xd-solar.com\/wp-content\/uploads\/2024\/03\/all-in-one-solar-inverter7-300x218.jpg 300w, https:\/\/www.xd-solar.com\/wp-content\/uploads\/2024\/03\/all-in-one-solar-inverter7-18x12.jpg 18w\" sizes=\"(max-width: 750px) 100vw, 750px\" \/><\/div>\n<\/div>\n<\/div>\n<\/div>\n<\/div>\n<\/div>\n<div class=\"J_module\">\n<div id=\"ali-anchor-AliMagic-93og44\" class=\"magic-0\" data-section=\"AliMagic-93og44\" data-section-title=\"Application Case\"><img loading=\"lazy\" decoding=\"async\" class=\"alignnone wp-image-1784 size-full\" src=\"https:\/\/www.xd-solar.com\/wp-content\/uploads\/2024\/03\/all-in-one-solar-inverter05.jpg\" alt=\"\" width=\"750\" height=\"750\" srcset=\"https:\/\/www.xd-solar.com\/wp-content\/uploads\/2024\/03\/all-in-one-solar-inverter05.jpg 750w, https:\/\/www.xd-solar.com\/wp-content\/uploads\/2024\/03\/all-in-one-solar-inverter05-300x300.jpg 300w, https:\/\/www.xd-solar.com\/wp-content\/uploads\/2024\/03\/all-in-one-solar-inverter05-150x150.jpg 150w, https:\/\/www.xd-solar.com\/wp-content\/uploads\/2024\/03\/all-in-one-solar-inverter05-600x600.jpg 600w, https:\/\/www.xd-solar.com\/wp-content\/uploads\/2024\/03\/all-in-one-solar-inverter05-12x12.jpg 12w\" sizes=\"(max-width: 750px) 100vw, 750px\" \/>Cas d&#039;application<\/div>\n<\/div>\n<div class=\"J_module\">\n<div class=\"icbu-pc-images magic-9\">\n<div>\n<div class=\"flex-layout-v\">\n<div class=\"flex-layout-h magic-9\">\n<div class=\"magic-25\"><\/div>\n<\/div>\n<\/div>\n<\/div>\n<\/div>\n<\/div>\n<div class=\"J_module\">\n<div class=\"detail-decorate-json-renderer-container\">\n<div class=\"magic-1\">\n<div class=\"magic-2\">\n<div class=\"magic-3\">\n<div class=\"magic-4\"><b><span style=\"color: #48916c;\">Emballer<br \/>\n<\/span><\/b>Bo\u00eete en carton pour l&#039;emballage, ou bo\u00eete en bois conseill\u00e9e pour les \u00e9chantillons afin de les prot\u00e9ger pendant le transport.<\/p>\n<div><\/div>\n<div><b><span style=\"color: #48916c;\">Exp\u00e9dition<\/span><\/b><br \/>\n1. Fedex\/ DHL\/ TNT\/ UPS pour les \u00e9chantillons, porte-\u00e0-porte.<br \/>\n2. Par avion ou par mer pour les marchandises en lots, pour les CFL, r\u00e9ception a\u00e9roport\/port.<br \/>\n3. Les clients sp\u00e9cifiant des transitaires ou des m\u00e9thodes d\u2019exp\u00e9dition n\u00e9gociables.<br \/>\n4. D\u00e9lai de livraison : 7 jours pour les \u00e9chantillons ; 10 \u00e0 25 jours pour les marchandises en lots.<\/div>\n<\/div>\n<\/div>\n<\/div>\n<\/div>\n<\/div>\n<\/div>\n<div class=\"J_module\">\n<div class=\"icbu-pc-detailSellerRecommend magic-27\" data-magic=\"{&quot;mds&quot;:{&quot;assetsVersion&quot;:&quot;0.0.14&quot;,&quot;assetsPackageName&quot;:&quot;icbumod&quot;,&quot;moduleNameAlias&quot;:&quot;icbu-pc-detailSellerRecommend&quot;,&quot;moduleData&quot;:{&quot;config&quot;:{&quot;columnCount&quot;:4,&quot;titleKey&quot;:6,&quot;products&quot;:[62343531193,1600644794806,1600433508690,1600144418808,1600671217572,60553947042,1600429541841,1600661924334]}}},&quot;version&quot;:1}\"><\/div>\n<\/div>\n<div class=\"J_module\">\n<div id=\"ali-anchor-AliMagic-3x1x1c\" class=\"magic-0\" data-section=\"AliMagic-3x1x1c\" data-section-title=\"Company Information\">Informations sur la soci\u00e9t\u00e9<\/div>\n<\/div>\n<div class=\"J_module\">\n<div class=\"icbu-pc-images magic-9\">\n<div>\n<div class=\"flex-layout-v\">\n<div class=\"flex-layout-h magic-9\">\n<div class=\"magic-28\"><\/div>\n<\/div>\n<\/div>\n<\/div>\n<\/div>\n<\/div>\n<div class=\"J_module\">\n<div class=\"icbu-pc-images magic-9\">\n<div>\n<div class=\"flex-layout-v\">\n<div class=\"flex-layout-h magic-9\">\n<div class=\"magic-30\"><img loading=\"lazy\" decoding=\"async\" class=\"alignnone wp-image-1639 size-full\" src=\"https:\/\/www.xd-solar.com\/wp-content\/uploads\/2024\/03\/99.jpg\" alt=\"\" width=\"750\" height=\"384\" srcset=\"https:\/\/www.xd-solar.com\/wp-content\/uploads\/2024\/03\/99.jpg 750w, https:\/\/www.xd-solar.com\/wp-content\/uploads\/2024\/03\/99-150x77.jpg 150w, https:\/\/www.xd-solar.com\/wp-content\/uploads\/2024\/03\/99-600x307.jpg 600w, https:\/\/www.xd-solar.com\/wp-content\/uploads\/2024\/03\/99-300x154.jpg 300w, https:\/\/www.xd-solar.com\/wp-content\/uploads\/2024\/03\/99-18x9.jpg 18w\" sizes=\"(max-width: 750px) 100vw, 750px\" \/><\/div>\n<\/div>\n<\/div>\n<\/div>\n<\/div>\n<\/div>\n<div class=\"J_module\">\n<div id=\"ali-anchor-AliMagic-89xzn8\" class=\"magic-0\" data-section=\"AliMagic-89xzn8\" data-section-title=\"Workshop\">Atelier<\/div>\n<\/div>\n<div class=\"J_module\">\n<div class=\"icbu-pc-images magic-9\">\n<div>\n<div class=\"flex-layout-v\">\n<div class=\"flex-layout-h magic-9\">\n<div class=\"magic-32\"><\/div>\n<\/div>\n<\/div>\n<\/div>\n<\/div>\n<\/div>\n<div class=\"J_module\">\n<div class=\"icbu-pc-images magic-9\">\n<div class=\"flex-layout-v\">\n<div class=\"flex-layout-h magic-9\">\n<div class=\"magic-34\"><img decoding=\"async\" class=\"magic-35\" src=\"\/\/sc04.alicdn.com\/kf\/H5b8df4dc7d524a1cab47565c81f637f0U\/201674393\/H5b8df4dc7d524a1cab47565c81f637f0U.jpg\" \/><\/div>\n<div>Exposition<\/div>\n<\/div>\n<\/div>\n<\/div>\n<\/div>\n<div class=\"J_module\">\n<div class=\"icbu-pc-images magic-9\">\n<div class=\"flex-layout-v\">\n<div class=\"flex-layout-h magic-9\">\n<div class=\"magic-36\"><img loading=\"lazy\" decoding=\"async\" class=\"alignnone wp-image-2238\" src=\"https:\/\/www.xd-solar.com\/wp-content\/uploads\/2024\/03\/e6b7f1626b1ecdc92a424abc62576f8-\u6062\u590d\u7684-300x225.jpg\" alt=\"\" width=\"750\" height=\"563\" srcset=\"https:\/\/www.xd-solar.com\/wp-content\/uploads\/2024\/03\/e6b7f1626b1ecdc92a424abc62576f8-\u6062\u590d\u7684-300x225.jpg 300w, https:\/\/www.xd-solar.com\/wp-content\/uploads\/2024\/03\/e6b7f1626b1ecdc92a424abc62576f8-\u6062\u590d\u7684-150x113.jpg 150w, https:\/\/www.xd-solar.com\/wp-content\/uploads\/2024\/03\/e6b7f1626b1ecdc92a424abc62576f8-\u6062\u590d\u7684-600x450.jpg 600w, https:\/\/www.xd-solar.com\/wp-content\/uploads\/2024\/03\/e6b7f1626b1ecdc92a424abc62576f8-\u6062\u590d\u7684-1024x768.jpg 1024w, https:\/\/www.xd-solar.com\/wp-content\/uploads\/2024\/03\/e6b7f1626b1ecdc92a424abc62576f8-\u6062\u590d\u7684-768x576.jpg 768w, https:\/\/www.xd-solar.com\/wp-content\/uploads\/2024\/03\/e6b7f1626b1ecdc92a424abc62576f8-\u6062\u590d\u7684-16x12.jpg 16w, https:\/\/www.xd-solar.com\/wp-content\/uploads\/2024\/03\/e6b7f1626b1ecdc92a424abc62576f8-\u6062\u590d\u7684.jpg 1440w\" sizes=\"(max-width: 750px) 100vw, 750px\" \/>\u00a0<img loading=\"lazy\" decoding=\"async\" class=\"alignnone wp-image-1813\" src=\"https:\/\/www.xd-solar.com\/wp-content\/uploads\/2024\/03\/XINDI-EXHIBITION-SITE-2-300x159.jpg\" alt=\"\" width=\"750\" height=\"397\" srcset=\"https:\/\/www.xd-solar.com\/wp-content\/uploads\/2024\/03\/XINDI-EXHIBITION-SITE-2-300x159.jpg 300w, https:\/\/www.xd-solar.com\/wp-content\/uploads\/2024\/03\/XINDI-EXHIBITION-SITE-2-150x79.jpg 150w, https:\/\/www.xd-solar.com\/wp-content\/uploads\/2024\/03\/XINDI-EXHIBITION-SITE-2-600x317.jpg 600w, https:\/\/www.xd-solar.com\/wp-content\/uploads\/2024\/03\/XINDI-EXHIBITION-SITE-2-768x406.jpg 768w, https:\/\/www.xd-solar.com\/wp-content\/uploads\/2024\/03\/XINDI-EXHIBITION-SITE-2-18x10.jpg 18w, https:\/\/www.xd-solar.com\/wp-content\/uploads\/2024\/03\/XINDI-EXHIBITION-SITE-2.jpg 828w\" sizes=\"(max-width: 750px) 100vw, 750px\" \/><\/div>\n<div>Certificat<\/div>\n<div><img loading=\"lazy\" decoding=\"async\" class=\"alignnone wp-image-1638\" src=\"https:\/\/www.xd-solar.com\/wp-content\/uploads\/2024\/03\/88-300x127.jpg\" alt=\"\" width=\"750\" height=\"317\" srcset=\"https:\/\/www.xd-solar.com\/wp-content\/uploads\/2024\/03\/88-300x127.jpg 300w, https:\/\/www.xd-solar.com\/wp-content\/uploads\/2024\/03\/88-150x63.jpg 150w, https:\/\/www.xd-solar.com\/wp-content\/uploads\/2024\/03\/88-18x8.jpg 18w, https:\/\/www.xd-solar.com\/wp-content\/uploads\/2024\/03\/88.jpg 601w\" sizes=\"(max-width: 750px) 100vw, 750px\" \/><\/div>\n<\/div>\n<\/div>\n<\/div>\n<\/div>\n<div class=\"J_module\">\n<div class=\"icbu-pc-images magic-9\">\n<div>\n<div class=\"flex-layout-v\">\n<div class=\"flex-layout-h magic-9\">\n<div class=\"magic-38\"><\/div>\n<\/div>\n<\/div>\n<\/div>\n<\/div>\n<\/div>\n<\/div>","protected":false},"excerpt":{"rendered":"<p>Xindi Solar est un fabricant et fournisseur chinois sp\u00e9cialis\u00e9 dans le chargeur d&#039;onduleur solaire, le chargeur d&#039;onduleur hybride, le chargeur d&#039;onduleur de puissance, le solaire hybride\u2026<\/p>","protected":false},"featured_media":1811,"comment_status":"open","ping_status":"closed","template":"","meta":[],"product_cat":[15],"product_tag":[60,126,43,71,58],"class_list":{"0":"post-1748","1":"product","2":"type-product","3":"status-publish","4":"has-post-thumbnail","6":"product_cat-solar-inverter","7":"product_tag-off-grid-inverter","8":"product_tag-solar-power-inverter-factory","9":"product_tag-solar-system","10":"product_tag-solar-water-pump-system","11":"product_tag-ups","13":"first","14":"instock","15":"shipping-taxable","16":"purchasable","17":"product-type-variable"},"_links":{"self":[{"href":"https:\/\/www.xd-solar.com\/fr\/wp-json\/wp\/v2\/product\/1748","targetHints":{"allow":["GET"]}}],"collection":[{"href":"https:\/\/www.xd-solar.com\/fr\/wp-json\/wp\/v2\/product"}],"about":[{"href":"https:\/\/www.xd-solar.com\/fr\/wp-json\/wp\/v2\/types\/product"}],"replies":[{"embeddable":true,"href":"https:\/\/www.xd-solar.com\/fr\/wp-json\/wp\/v2\/comments?post=1748"}],"wp:featuredmedia":[{"embeddable":true,"href":"https:\/\/www.xd-solar.com\/fr\/wp-json\/wp\/v2\/media\/1811"}],"wp:attachment":[{"href":"https:\/\/www.xd-solar.com\/fr\/wp-json\/wp\/v2\/media?parent=1748"}],"wp:term":[{"taxonomy":"product_cat","embeddable":true,"href":"https:\/\/www.xd-solar.com\/fr\/wp-json\/wp\/v2\/product_cat?post=1748"},{"taxonomy":"product_tag","embeddable":true,"href":"https:\/\/www.xd-solar.com\/fr\/wp-json\/wp\/v2\/product_tag?post=1748"}],"curies":[{"name":"wp","href":"https:\/\/api.w.org\/{rel}","templated":true}]}}