{"id":613,"date":"2023-10-08T15:03:41","date_gmt":"2023-10-08T07:03:41","guid":{"rendered":"https:\/\/xd-solar.com\/?post_type=product&#038;p=613"},"modified":"2024-07-31T11:51:00","modified_gmt":"2024-07-31T03:51:00","slug":"xpo","status":"publish","type":"product","link":"https:\/\/www.xd-solar.com\/fr\/produit\/xpo\/","title":{"rendered":"Onduleur solaire hybride haute fr\u00e9quence XPO 1KW-8KW, 1KVA, 1.5KVA, 2KVA, 3.3KVA, 5KVA, 7.2KVA, 8KVA"},"content":{"rendered":"<table width=\"1222\">\n<tbody>\n<tr>\n<td style=\"color: #fff; text-align: center;\" colspan=\"5\" width=\"1222\">sp\u00e9cification<\/td>\n<\/tr>\n<tr>\n<td colspan=\"3\">Mod\u00e8le : XPO<\/td>\n<td>32224<\/td>\n<td>50248<\/td>\n<\/tr>\n<tr>\n<td colspan=\"3\">Puissance nominale<\/td>\n<td>3200W<\/td>\n<td>5000W<\/td>\n<\/tr>\n<tr>\n<td colspan=\"3\">Puissance de cr\u00eate (20\u00a0ms)<\/td>\n<td>9600VA<\/td>\n<td>15KVA<\/td>\n<\/tr>\n<tr>\n<td colspan=\"3\">Voltage de batterie<\/td>\n<td>24VDC<\/td>\n<td>48VDC<\/td>\n<\/tr>\n<tr>\n<td colspan=\"3\">Taille du produit (L * W * Hmm)<\/td>\n<td>420x290x110<\/td>\n<td>460x304x110<\/td>\n<\/tr>\n<tr>\n<td colspan=\"3\">Taille de l&#039;emballage (L*W*Hmm)<\/td>\n<td>486x370x198<\/td>\n<td>526x384x198<\/td>\n<\/tr>\n<tr>\n<td colspan=\"3\">NO\uff08Kg\uff09<\/td>\n<td>8.5<\/td>\n<td>10<\/td>\n<\/tr>\n<tr>\n<td colspan=\"3\">GW\uff08Kg\uff09<\/td>\n<td>9.5<\/td>\n<td>11<\/td>\n<\/tr>\n<tr>\n<td colspan=\"3\">M\u00e9thode d&#039;installation<\/td>\n<td colspan=\"2\">Mural<\/td>\n<\/tr>\n<tr>\n<td rowspan=\"6\" width=\"72\">\uff30\uff36<\/td>\n<td colspan=\"2\">Mode de charge<\/td>\n<td colspan=\"2\">MPPT<\/td>\n<\/tr>\n<tr>\n<td colspan=\"2\">Tension d&#039;entr\u00e9e PV nominale<\/td>\n<td colspan=\"2\">360VDC<\/td>\n<\/tr>\n<tr>\n<td colspan=\"2\" width=\"260\">Plage de tension de suivi MPPT<\/td>\n<td colspan=\"2\">120V-450V<\/td>\n<\/tr>\n<tr>\n<td colspan=\"2\" width=\"260\">Tension d&#039;entr\u00e9e PV maximale Voc<br \/>\n(A la temp\u00e9rature la plus basse)<\/td>\n<td colspan=\"2\">500V<\/td>\n<\/tr>\n<tr>\n<td colspan=\"2\" width=\"260\">Puissance maximale du g\u00e9n\u00e9rateur photovolta\u00efque<\/td>\n<td>4000W<\/td>\n<td>6000W<\/td>\n<\/tr>\n<tr>\n<td colspan=\"2\" width=\"260\">Canaux de suivi MPPT (canaux d&#039;entr\u00e9e)<\/td>\n<td colspan=\"2\">1<\/td>\n<\/tr>\n<tr>\n<td rowspan=\"4\">Saisir<\/td>\n<td colspan=\"2\">Plage de tension d&#039;entr\u00e9e CC<\/td>\n<td>21VDC-30VDC<\/td>\n<td>42VDC-60VDC<\/td>\n<\/tr>\n<tr>\n<td colspan=\"2\">Tension d&#039;entr\u00e9e CA nominale<\/td>\n<td colspan=\"2\">220 VCA \/ 230 VCA \/ 240 VCA<\/td>\n<\/tr>\n<tr>\n<td colspan=\"2\">Plage de tension d&#039;entr\u00e9e CA<\/td>\n<td colspan=\"2\">170VAC ~ 280VAC (mode UPS) \/ 120VAC ~ 280VAC (mode INV)<\/td>\n<\/tr>\n<tr>\n<td colspan=\"2\">Plage de fr\u00e9quence d&#039;entr\u00e9e CA<\/td>\n<td colspan=\"2\">45 Hz ~ 55 Hz (50 Hz), 55 Hz ~ 65 Hz (60 Hz)<\/td>\n<\/tr>\n<tr>\n<td rowspan=\"10\">Sortir<\/td>\n<td colspan=\"2\" width=\"260\">Efficacit\u00e9 de sortie (mode batterie\/PV)<\/td>\n<td colspan=\"2\">94% (valeur de cr\u00eate)<\/td>\n<\/tr>\n<tr>\n<td colspan=\"2\">Tension de sortie (mode batterie\/PV)<\/td>\n<td colspan=\"2\">220VAC\u00b12% \/ 230VAC\u00b12% \/ 240VAC\u00b12%<\/td>\n<\/tr>\n<tr>\n<td colspan=\"2\">Fr\u00e9quence de sortie (mode batterie\/PV)<\/td>\n<td colspan=\"2\">50Hz\u00b10.5 ou 60Hz\u00b10.5<\/td>\n<\/tr>\n<tr>\n<td colspan=\"2\">Onde de sortie (mode batterie\/PV)<\/td>\n<td colspan=\"2\">Onde sinuso\u00efdale pure<\/td>\n<\/tr>\n<tr>\n<td colspan=\"2\">Efficacit\u00e9 (mode CA)<\/td>\n<td colspan=\"2\">&gt;99%<\/td>\n<\/tr>\n<tr>\n<td colspan=\"2\">Tension de sortie (mode ca)<\/td>\n<td colspan=\"2\">Suivre l&#039;entr\u00e9e<\/td>\n<\/tr>\n<tr>\n<td colspan=\"2\">Fr\u00e9quence de sortie (mode AC)<\/td>\n<td colspan=\"2\">Suivre l&#039;entr\u00e9e<\/td>\n<\/tr>\n<tr>\n<td colspan=\"2\" width=\"260\">Distorsion de la forme d&#039;onde de sortie<br \/>\nmode batterie\/PV)<\/td>\n<td colspan=\"2\">\u22643% (charge lin\u00e9aire)<\/td>\n<\/tr>\n<tr>\n<td colspan=\"2\">Aucune perte de charge (mode batterie)<\/td>\n<td colspan=\"2\">\u22641% puissance nominale<\/td>\n<\/tr>\n<tr>\n<td colspan=\"2\">Aucune perte de charge (mode AC)<\/td>\n<td colspan=\"2\">Puissance nominale \u22640.5% (le chargeur ne fonctionne pas en mode AC)<\/td>\n<\/tr>\n<tr>\n<td rowspan=\"6\" width=\"72\">Batterie<\/td>\n<td rowspan=\"2\" width=\"60\">Batterie<br \/>\nTaper<\/td>\n<td>Batterie VRLA<\/td>\n<td colspan=\"2\">Tension de charge\u00a0: 13,8\u00a0V\u00a0; Tension flottante\u00a0: 13,7\u00a0V (tension de batterie unique)<\/td>\n<\/tr>\n<tr>\n<td>Personnaliser la batterie<\/td>\n<td colspan=\"2\" width=\"890\">Les param\u00e8tres de charge et de d\u00e9charge de diff\u00e9rents types de batteries peuvent \u00eatre personnalis\u00e9s en fonction des besoins de l&#039;utilisateur<br \/>\n(les param\u00e8tres de charge et de d\u00e9charge de diff\u00e9rents types de batteries peuvent \u00eatre r\u00e9gl\u00e9s via le panneau de commande)<\/td>\n<\/tr>\n<tr>\n<td colspan=\"2\" width=\"260\">Courant de charge AC maximum<\/td>\n<td>60A<\/td>\n<td>60A<\/td>\n<\/tr>\n<tr>\n<td colspan=\"2\" width=\"260\">Courant de charge PV maximum<\/td>\n<td>100A<\/td>\n<td>100A<\/td>\n<\/tr>\n<tr>\n<td colspan=\"2\" width=\"260\">Courant de charge maximal (secteur + PV)<\/td>\n<td>100A<\/td>\n<td>100A<\/td>\n<\/tr>\n<tr>\n<td colspan=\"2\">M\u00e9thode de charge<\/td>\n<td colspan=\"2\">Trois \u00e9tages (courant constant, tension constante, charge flottante)<\/td>\n<\/tr>\n<tr>\n<td rowspan=\"8\">protection<\/td>\n<td colspan=\"2\">Alarme batterie basse tension<\/td>\n<td colspan=\"2\">Valeur de protection contre les sous-tensions de la batterie + 0,5 V (tension de batterie unique)<\/td>\n<\/tr>\n<tr>\n<td colspan=\"2\">Protection basse tension de la batterie<\/td>\n<td colspan=\"2\">Par d\u00e9faut\u00a0: 10,5\u00a0V (tension de batterie unique)<\/td>\n<\/tr>\n<tr>\n<td colspan=\"2\">Alarme de surtension de la batterie<\/td>\n<td colspan=\"2\">Tension de charge constante + 0,8 V (tension de batterie unique)<\/td>\n<\/tr>\n<tr>\n<td colspan=\"2\">Protection contre les surtensions de la batterie<\/td>\n<td colspan=\"2\">Par d\u00e9faut\u00a0: 17\u00a0V (tension de batterie unique)<\/td>\n<\/tr>\n<tr>\n<td colspan=\"2\">Tension de r\u00e9cup\u00e9ration de surtension de la batterie<\/td>\n<td colspan=\"2\">Valeur de protection contre les surtensions de la batterie-1V (tension de batterie unique)<\/td>\n<\/tr>\n<tr>\n<td colspan=\"2\">Protection contre les surcharges<\/td>\n<td colspan=\"2\">Protection automatique (mode batterie), disjoncteur ou assurance (mode AC)<\/td>\n<\/tr>\n<tr>\n<td colspan=\"2\">Protection contre les courts-circuits de sortie de l&#039;onduleur<\/td>\n<td colspan=\"2\">Protection automatique (mode batterie), disjoncteur ou assurance (mode AC)<\/td>\n<\/tr>\n<tr>\n<td colspan=\"2\">Protection contre la temp\u00e9rature<\/td>\n<td colspan=\"2\">&gt;90\u00a0\u00b0C (arr\u00eat de la sortie)<\/td>\n<\/tr>\n<tr>\n<td colspan=\"3\">Mode de fonctionnement<\/td>\n<td colspan=\"2\">Priorit\u00e9 secteur\/priorit\u00e9 solaire\/priorit\u00e9 batterie (peut \u00eatre r\u00e9gl\u00e9e)<\/td>\n<\/tr>\n<tr>\n<td colspan=\"3\">Temps de transfert<\/td>\n<td colspan=\"2\">\u226410ms<\/td>\n<\/tr>\n<tr>\n<td colspan=\"3\">Afficher<\/td>\n<td colspan=\"2\">ACL+DEL<\/td>\n<\/tr>\n<tr>\n<td colspan=\"3\">M\u00e9thode thermique<\/td>\n<td colspan=\"2\">Ventilateur de refroidissement en contr\u00f4le intelligent<\/td>\n<\/tr>\n<tr>\n<td colspan=\"3\">Communications (facultatif)<\/td>\n<td colspan=\"2\">RS485\/APP (surveillance WIFI ou surveillance GPRS)<\/td>\n<\/tr>\n<tr>\n<td rowspan=\"5\">Environnement<\/td>\n<td colspan=\"2\">Temp\u00e9rature de fonctionnement<\/td>\n<td colspan=\"2\">-10\u2103~40\u2103<\/td>\n<\/tr>\n<tr>\n<td colspan=\"2\">Temp\u00e9rature de stockage<\/td>\n<td colspan=\"2\">-15\u2103~60\u2103<\/td>\n<\/tr>\n<tr>\n<td colspan=\"2\">Bruit<\/td>\n<td colspan=\"2\">\u226455dB<\/td>\n<\/tr>\n<tr>\n<td colspan=\"2\">\u00c9l\u00e9vation<\/td>\n<td colspan=\"2\">2000m (plus que le d\u00e9classement)<\/td>\n<\/tr>\n<tr>\n<td colspan=\"2\">Humidit\u00e9<\/td>\n<td colspan=\"2\">0%~95% (sans condensation)<\/td>\n<\/tr>\n<tr>\n<td style=\"color: #fff;\" colspan=\"5\" width=\"1222\">Remarque : Toutes les sp\u00e9cifications sont soumises \u00e0 des frais sans pr\u00e9avis.<\/td>\n<\/tr>\n<\/tbody>\n<\/table>","protected":false},"excerpt":{"rendered":"<p><strong style=\"color: #80b645;\">Fonctionnalit\u00e9:<\/strong><br \/>\n\u25c6 Adoptez une conception haute fr\u00e9quence, une densit\u00e9 de puissance \u00e9lev\u00e9e, une petite taille, un rendement \u00e9lev\u00e9 et une faible perte \u00e0 vide\u00a0;<br \/>\n\u25c7 Contr\u00f4leur MPPT int\u00e9gr\u00e9, charge solaire int\u00e9gr\u00e9e et conception de compl\u00e9ment secteur\u00a0;<br \/>\n\u25c6 Sortie sinuso\u00efdale pure, adaptable \u00e0 tous types de charges ;<br \/>\n\u25c7 Param\u00e8tres de tension de charge et de d\u00e9charge de la batterie r\u00e9glables, adapt\u00e9s \u00e0 diff\u00e9rents types de batteries\u00a0;<br \/>\n\u25c6 Courant de charge AC r\u00e9glable, configuration de la capacit\u00e9 de la batterie plus flexible ;<br \/>\n\u25c7 Trois modes de fonctionnement r\u00e9glables\u00a0: CA d&#039;abord, batterie d&#039;abord, PV d&#039;abord\u00a0;<br \/>\n\u25c6 Fonction r\u00e9glable de tension\/fr\u00e9quence de sortie, s&#039;adapte \u00e0 diff\u00e9rents environnements de r\u00e9seau\u00a0;<br \/>\n\u25c7 Plage d&#039;entr\u00e9e de tension et de fr\u00e9quence extra large, prend en charge le secteur ou le g\u00e9n\u00e9rateur\u00a0;<br \/>\n\u25c6 Affichage LED + LCD, op\u00e9ration facile et v\u00e9rification des donn\u00e9es, peut d\u00e9finir chaque fonction et donn\u00e9es directement;<br \/>\n\u25c7 Fonction multi-protection (surcharge, surchauffe, protection contre les courts-circuits, etc.)\u00a0;<br \/>\n\u25c6Port de communication RS485\/APP en option.<\/p>","protected":false},"featured_media":614,"comment_status":"open","ping_status":"closed","template":"","meta":[],"product_cat":[24],"product_tag":[],"class_list":{"0":"post-613","1":"product","2":"type-product","3":"status-publish","4":"has-post-thumbnail","6":"product_cat-high-frequency-hybrid-inverter","8":"first","9":"instock","10":"shipping-taxable","11":"product-type-simple"},"_links":{"self":[{"href":"https:\/\/www.xd-solar.com\/fr\/wp-json\/wp\/v2\/product\/613","targetHints":{"allow":["GET"]}}],"collection":[{"href":"https:\/\/www.xd-solar.com\/fr\/wp-json\/wp\/v2\/product"}],"about":[{"href":"https:\/\/www.xd-solar.com\/fr\/wp-json\/wp\/v2\/types\/product"}],"replies":[{"embeddable":true,"href":"https:\/\/www.xd-solar.com\/fr\/wp-json\/wp\/v2\/comments?post=613"}],"wp:featuredmedia":[{"embeddable":true,"href":"https:\/\/www.xd-solar.com\/fr\/wp-json\/wp\/v2\/media\/614"}],"wp:attachment":[{"href":"https:\/\/www.xd-solar.com\/fr\/wp-json\/wp\/v2\/media?parent=613"}],"wp:term":[{"taxonomy":"product_cat","embeddable":true,"href":"https:\/\/www.xd-solar.com\/fr\/wp-json\/wp\/v2\/product_cat?post=613"},{"taxonomy":"product_tag","embeddable":true,"href":"https:\/\/www.xd-solar.com\/fr\/wp-json\/wp\/v2\/product_tag?post=613"}],"curies":[{"name":"wp","href":"https:\/\/api.w.org\/{rel}","templated":true}]}}