{"id":628,"date":"2023-10-08T15:42:15","date_gmt":"2023-10-08T07:42:15","guid":{"rendered":"https:\/\/xd-solar.com\/?post_type=product&#038;p=628"},"modified":"2024-07-31T11:46:36","modified_gmt":"2024-07-31T03:46:36","slug":"xpls","status":"publish","type":"product","link":"https:\/\/www.xd-solar.com\/fr\/produit\/xpls\/","title":{"rendered":"Onduleur solaire hybride haute fr\u00e9quence XPLS Max 9 unit\u00e9s en parall\u00e8le 5KW, 5KVA"},"content":{"rendered":"<table width=\"1149\">\n<tbody>\n<tr>\n<td style=\"color: #fff; text-align: center;\" colspan=\"4\" width=\"1149\">sp\u00e9cification<\/td>\n<\/tr>\n<tr>\n<td colspan=\"3\">Mod\u00e8le:<\/td>\n<td>XPLS-502<\/td>\n<\/tr>\n<tr>\n<td colspan=\"3\">Puissance nominale<\/td>\n<td>5000W<\/td>\n<\/tr>\n<tr>\n<td colspan=\"3\">Puissance de cr\u00eate (20\u00a0ms)<\/td>\n<td>15KVA<\/td>\n<\/tr>\n<tr>\n<td colspan=\"3\">Voltage de batterie<\/td>\n<td>48VDC<\/td>\n<\/tr>\n<tr>\n<td colspan=\"3\">Taille du produit (L * W * Hmm)<\/td>\n<td>440x300x110<\/td>\n<\/tr>\n<tr>\n<td colspan=\"3\">Taille de l&#039;emballage (L*W*Hmm)<\/td>\n<td>515x375x205<\/td>\n<\/tr>\n<tr>\n<td colspan=\"3\">NO\uff08Kg\uff09<\/td>\n<td>9.5<\/td>\n<\/tr>\n<tr>\n<td colspan=\"3\">GW\uff08Kg\uff09<\/td>\n<td>10.5<\/td>\n<\/tr>\n<tr>\n<td colspan=\"3\">M\u00e9thode d&#039;installation<\/td>\n<td>Mural<\/td>\n<\/tr>\n<tr>\n<td rowspan=\"6\" width=\"72\">PV<\/td>\n<td colspan=\"2\">Mode de charge<\/td>\n<td>MPPT<\/td>\n<\/tr>\n<tr>\n<td colspan=\"2\">Tension d&#039;entr\u00e9e PV nominale<\/td>\n<td>360VDC<\/td>\n<\/tr>\n<tr>\n<td colspan=\"2\" width=\"260\">Plage de tension de suivi MPPT<\/td>\n<td>120V-430V<\/td>\n<\/tr>\n<tr>\n<td colspan=\"2\" width=\"260\">Tension d&#039;entr\u00e9e PV maximale Voc<br \/>\n(A la temp\u00e9rature la plus basse)<\/td>\n<td>450V<\/td>\n<\/tr>\n<tr>\n<td colspan=\"2\" width=\"260\">Puissance maximale du g\u00e9n\u00e9rateur photovolta\u00efque<\/td>\n<td>5500W<\/td>\n<\/tr>\n<tr>\n<td colspan=\"2\" width=\"260\">Canaux de suivi MPPT (canaux d&#039;entr\u00e9e)<\/td>\n<td>1<\/td>\n<\/tr>\n<tr>\n<td rowspan=\"4\">Saisir<\/td>\n<td colspan=\"2\">Plage de tension d&#039;entr\u00e9e CC<\/td>\n<td>42VDC-60VDC<\/td>\n<\/tr>\n<tr>\n<td colspan=\"2\">Tension d&#039;entr\u00e9e CA nominale<\/td>\n<td>208 VCA\/220 VCA\/230 VCA\/240 VCA<\/td>\n<\/tr>\n<tr>\n<td colspan=\"2\">Plage de tension d&#039;entr\u00e9e CA<\/td>\n<td>90 VAC ~ 280 VAC (mode appareil)\/170 VAC ~ 280 VAC (mode UPS)<\/td>\n<\/tr>\n<tr>\n<td colspan=\"2\">Plage de fr\u00e9quence d&#039;entr\u00e9e CA<\/td>\n<td>40 Hz ~ 70 Hz (par d\u00e9faut)<\/td>\n<\/tr>\n<tr>\n<td rowspan=\"10\">Sortir<\/td>\n<td colspan=\"2\" width=\"260\">Efficacit\u00e9 de sortie (mode batterie\/PV)<\/td>\n<td>94% (valeur de cr\u00eate)<\/td>\n<\/tr>\n<tr>\n<td colspan=\"2\">Tension de sortie (mode batterie\/PV)<\/td>\n<td>208VAC\u00b12%\/220VAC\u00b12%\/230VAC\u00b12%\/240VAC\u00b12% (mode INV)<\/td>\n<\/tr>\n<tr>\n<td colspan=\"2\">Fr\u00e9quence de sortie (mode batterie\/PV)<\/td>\n<td>50Hz\/60Hz\u00b10.1%<\/td>\n<\/tr>\n<tr>\n<td colspan=\"2\">Onde de sortie (mode batterie\/PV)<\/td>\n<td>Onde sinuso\u00efdale pure<\/td>\n<\/tr>\n<tr>\n<td colspan=\"2\">Efficacit\u00e9 (mode CA)<\/td>\n<td>&gt;99%<\/td>\n<\/tr>\n<tr>\n<td colspan=\"2\">Tension de sortie (mode ca)<\/td>\n<td>Suivre l&#039;entr\u00e9e<\/td>\n<\/tr>\n<tr>\n<td colspan=\"2\">Fr\u00e9quence de sortie (mode AC)<\/td>\n<td>Suivre l&#039;entr\u00e9e<\/td>\n<\/tr>\n<tr>\n<td colspan=\"2\" width=\"260\">Distorsion de la forme d&#039;onde de sortie<br \/>\nmode batterie\/PV)<\/td>\n<td>\u22643% (charge lin\u00e9aire)<\/td>\n<\/tr>\n<tr>\n<td colspan=\"2\">Aucune perte de charge (mode batterie)<\/td>\n<td>\u22641% puissance nominale<\/td>\n<\/tr>\n<tr>\n<td colspan=\"2\">Aucune perte de charge (mode AC)<\/td>\n<td>Puissance nominale \u22640.5% (le chargeur ne fonctionne pas en mode AC)<\/td>\n<\/tr>\n<tr>\n<td rowspan=\"6\" width=\"72\">Batterie<\/td>\n<td rowspan=\"2\" width=\"60\">Batterie<br \/>\nTaper<\/td>\n<td>Batterie VRLA<\/td>\n<td>Tension de charge\u00a0: 56,4\u00a0V\u00a0; Tension flottante\u00a0: 54\u00a0V<\/td>\n<\/tr>\n<tr>\n<td>Personnaliser la batterie<\/td>\n<td width=\"817\">Les param\u00e8tres de charge et de d\u00e9charge de diff\u00e9rents types de batteries peuvent \u00eatre personnalis\u00e9s en fonction des besoins de l&#039;utilisateur<br \/>\n(les param\u00e8tres de charge et de d\u00e9charge de diff\u00e9rents types de batteries peuvent \u00eatre r\u00e9gl\u00e9s via le panneau de commande)<\/td>\n<\/tr>\n<tr>\n<td colspan=\"2\" width=\"260\">Courant de charge AC maximum<\/td>\n<td>60A<\/td>\n<\/tr>\n<tr>\n<td colspan=\"2\" width=\"260\">Courant de charge PV maximum<\/td>\n<td>80A<\/td>\n<\/tr>\n<tr>\n<td colspan=\"2\" width=\"260\">Courant de charge maximal (secteur + PV)<\/td>\n<td>80A<\/td>\n<\/tr>\n<tr>\n<td colspan=\"2\">M\u00e9thode de charge<\/td>\n<td>Trois \u00e9tages (courant constant, tension constante, charge flottante)<\/td>\n<\/tr>\n<tr>\n<td rowspan=\"6\">protection<\/td>\n<td colspan=\"2\">Alarme batterie basse tension<\/td>\n<td>Par d\u00e9faut\u00a0: 44\u00a0V<\/td>\n<\/tr>\n<tr>\n<td colspan=\"2\">Protection basse tension de la batterie<\/td>\n<td>Par d\u00e9faut\u00a0: 42\u00a0V<\/td>\n<\/tr>\n<tr>\n<td colspan=\"2\">Protection contre les surtensions de la batterie<\/td>\n<td>61 VCC<\/td>\n<\/tr>\n<tr>\n<td colspan=\"2\">Protection contre les surcharges<\/td>\n<td>Protection automatique (mode batterie), disjoncteur ou assurance (mode AC)<\/td>\n<\/tr>\n<tr>\n<td colspan=\"2\">Protection contre les courts-circuits de sortie de l&#039;onduleur<\/td>\n<td>Protection automatique (mode batterie), disjoncteur ou assurance (mode AC)<\/td>\n<\/tr>\n<tr>\n<td colspan=\"2\">Protection contre la temp\u00e9rature<\/td>\n<td>&gt;90\u00a0\u00b0C (arr\u00eat de la sortie)<\/td>\n<\/tr>\n<tr>\n<td colspan=\"3\">Mode de fonctionnement<\/td>\n<td>Priorit\u00e9 secteur\/priorit\u00e9 solaire\/priorit\u00e9 batterie (peut \u00eatre r\u00e9gl\u00e9e)<\/td>\n<\/tr>\n<tr>\n<td colspan=\"3\">Temps de transfert<\/td>\n<td>\u226410ms<\/td>\n<\/tr>\n<tr>\n<td colspan=\"3\">Afficher<\/td>\n<td>ACL+DEL<\/td>\n<\/tr>\n<tr>\n<td colspan=\"3\">M\u00e9thode thermique<\/td>\n<td>Ventilateur de refroidissement en contr\u00f4le intelligent<\/td>\n<\/tr>\n<tr>\n<td colspan=\"3\">Communications (facultatif)<\/td>\n<td>RS232\/USB\/APP (surveillance WIFI ou surveillance GPRS)<\/td>\n<\/tr>\n<tr>\n<td rowspan=\"5\">Environnement<\/td>\n<td colspan=\"2\">Temp\u00e9rature de fonctionnement<\/td>\n<td>-10\u2103~40\u2103<\/td>\n<\/tr>\n<tr>\n<td colspan=\"2\">Temp\u00e9rature de stockage<\/td>\n<td>-15\u2103~60\u2103<\/td>\n<\/tr>\n<tr>\n<td colspan=\"2\">Bruit<\/td>\n<td>\u226455dB<\/td>\n<\/tr>\n<tr>\n<td colspan=\"2\">\u00c9l\u00e9vation<\/td>\n<td>2000m (plus que le d\u00e9classement)<\/td>\n<\/tr>\n<tr>\n<td colspan=\"2\">Humidit\u00e9<\/td>\n<td>0%~95% (sans condensation)<\/td>\n<\/tr>\n<tr>\n<td style=\"color: #fff; text-align: center;\" colspan=\"4\" width=\"1149\">Remarque : Toutes les sp\u00e9cifications sont soumises \u00e0 des frais sans pr\u00e9avis.<\/td>\n<\/tr>\n<\/tbody>\n<\/table>","protected":false},"excerpt":{"rendered":"<p><strong style=\"color: #80b645;\">Fonctionnalit\u00e9:<\/strong><br \/>\n\u25c6 Sortie sinuso\u00efdale pure.<br \/>\n\u25c7 Conception haute fr\u00e9quence, haute efficacit\u00e9 avec une faible perte \u00e0 vide.<br \/>\n\u25c6 Contr\u00f4leur solaire MPPT int\u00e9gr\u00e9, tension d&#039;entr\u00e9e solaire jusqu&#039;\u00e0 450 V maximum.<br \/>\n\u25c7 Combinaison du syst\u00e8me solaire, de l&#039;utilitaire CA et de la source d&#039;alimentation de la batterie pour fournir une alimentation continue.<br \/>\n\u25c6 R\u00e9glage LCD intelligent (modes de travail, courant de charge, tension de charge, sortie AC<br \/>\ntension \/ fr\u00e9quence, etc.).<br \/>\n\u25c7 L&#039;affichage LED + LCD est facile \u00e0 utiliser.<br \/>\n\u25c6 Le support fournit l&#039;alimentation \u00e0 la charge sans batterie (sans fonctionnement en parall\u00e8le).<br \/>\n\u25c7 Fonction multi-protection (surcharge, surchauffe, protection contre les courts-circuits, etc.).<br \/>\n\u25c6 Fonctionnement en parall\u00e8le avec jusqu&#039;\u00e0 9 unit\u00e9s.<br \/>\n\u25c7 Prend en charge la communication USB, RS232, APP (WIFI, etc. en option).<\/p>","protected":false},"featured_media":635,"comment_status":"open","ping_status":"closed","template":"","meta":[],"product_cat":[24],"product_tag":[],"class_list":{"0":"post-628","1":"product","2":"type-product","3":"status-publish","4":"has-post-thumbnail","6":"product_cat-high-frequency-hybrid-inverter","8":"first","9":"instock","10":"shipping-taxable","11":"product-type-simple"},"_links":{"self":[{"href":"https:\/\/www.xd-solar.com\/fr\/wp-json\/wp\/v2\/product\/628","targetHints":{"allow":["GET"]}}],"collection":[{"href":"https:\/\/www.xd-solar.com\/fr\/wp-json\/wp\/v2\/product"}],"about":[{"href":"https:\/\/www.xd-solar.com\/fr\/wp-json\/wp\/v2\/types\/product"}],"replies":[{"embeddable":true,"href":"https:\/\/www.xd-solar.com\/fr\/wp-json\/wp\/v2\/comments?post=628"}],"wp:featuredmedia":[{"embeddable":true,"href":"https:\/\/www.xd-solar.com\/fr\/wp-json\/wp\/v2\/media\/635"}],"wp:attachment":[{"href":"https:\/\/www.xd-solar.com\/fr\/wp-json\/wp\/v2\/media?parent=628"}],"wp:term":[{"taxonomy":"product_cat","embeddable":true,"href":"https:\/\/www.xd-solar.com\/fr\/wp-json\/wp\/v2\/product_cat?post=628"},{"taxonomy":"product_tag","embeddable":true,"href":"https:\/\/www.xd-solar.com\/fr\/wp-json\/wp\/v2\/product_tag?post=628"}],"curies":[{"name":"wp","href":"https:\/\/api.w.org\/{rel}","templated":true}]}}