{"id":645,"date":"2023-04-28T16:04:18","date_gmt":"2023-04-28T08:04:18","guid":{"rendered":"https:\/\/xd-solar.com\/?post_type=product&#038;p=645"},"modified":"2024-08-15T14:53:07","modified_gmt":"2024-08-15T06:53:07","slug":"xdn-700w1kw","status":"publish","type":"product","link":"https:\/\/www.xd-solar.com\/fr\/produit\/xdn-700w1kw\/","title":{"rendered":"Onduleur hybride basse fr\u00e9quence Xindi Solar XDN 700W~1KW Onduleur UPS avec une capacit\u00e9 de charge super \u00e9lev\u00e9e et des performances super stables Alimentation sans interruption UPS BASSE FR\u00c9QUENCE"},"content":{"rendered":"<table width=\"1623\">\n<tbody>\n<tr>\n<td style=\"color: #fff; text-align: center;\" colspan=\"16\" width=\"1623\">sp\u00e9cification<\/td>\n<\/tr>\n<tr>\n<td colspan=\"2\">Mod\u00e8le XDN<\/td>\n<td width=\"93\">35112\/24<\/td>\n<td width=\"93\">50112\/24\/48<\/td>\n<td width=\"93\">60112\/24\/48<\/td>\n<td width=\"93\">70124\/48<\/td>\n<td width=\"93\">70112<\/td>\n<td>10212\/24\/48<\/td>\n<td>12224<\/td>\n<td width=\"93\">15224\/48<\/td>\n<td>20248<\/td>\n<td>20224\/96<\/td>\n<td width=\"93\">25224\/48<\/td>\n<td width=\"93\">30224\/48\/96<\/td>\n<td width=\"93\">35248\/96<\/td>\n<td width=\"93\">40248\/96<\/td>\n<\/tr>\n<tr>\n<td colspan=\"2\">Puissance nominale<\/td>\n<td>350W<\/td>\n<td>500W<\/td>\n<td>600W<\/td>\n<td>700W<\/td>\n<td>700W<\/td>\n<td>1000W<\/td>\n<td>1200W<\/td>\n<td>1500W<\/td>\n<td>2000W<\/td>\n<td>2000W<\/td>\n<td width=\"93\">2500W<\/td>\n<td width=\"93\">3000W<\/td>\n<td width=\"93\">3500W<\/td>\n<td width=\"93\">4000W<\/td>\n<\/tr>\n<tr>\n<td colspan=\"2\">Puissance de cr\u00eate (20\u00a0ms)<\/td>\n<td>1050VA<\/td>\n<td>1500VA<\/td>\n<td>1800VA<\/td>\n<td>2100VA<\/td>\n<td>2100VA<\/td>\n<td>3000VA<\/td>\n<td>3600VA<\/td>\n<td>4500VA<\/td>\n<td>6000VA<\/td>\n<td>6000VA<\/td>\n<td width=\"93\">7500VA<\/td>\n<td width=\"93\">9000VA<\/td>\n<td width=\"93\">10500VA<\/td>\n<td width=\"93\">12000VA<\/td>\n<\/tr>\n<tr>\n<td colspan=\"2\">D\u00e9marrer le moteur<\/td>\n<td>0.3HP<\/td>\n<td>0.5HP<\/td>\n<td>0.5HP<\/td>\n<td>0.5HP<\/td>\n<td>0.5HP<\/td>\n<td>1HP<\/td>\n<td>1HP<\/td>\n<td>1.5HP<\/td>\n<td>2HP<\/td>\n<td>2HP<\/td>\n<td width=\"93\">3HP<\/td>\n<td width=\"93\">3HP<\/td>\n<td width=\"93\">3HP<\/td>\n<td width=\"93\">3HP<\/td>\n<\/tr>\n<tr>\n<td colspan=\"2\">Voltage de batterie<\/td>\n<td>12\/24 VCC<\/td>\n<td colspan=\"2\">12\/24\/48 VCC<\/td>\n<td>24\/48 Vcc<\/td>\n<td>12 VCC<\/td>\n<td>12\/24\/48 VCC<\/td>\n<td>24VDC<\/td>\n<td width=\"93\">24\/48 Vcc<\/td>\n<td width=\"93\">48VDC<\/td>\n<td width=\"93\">24\/96 VCC<\/td>\n<td width=\"93\">24\/48 Vcc<\/td>\n<td width=\"93\">24\/48\/96 VCC<\/td>\n<td width=\"93\">48\/96 VCC<\/td>\n<td>48\/96 VCC<\/td>\n<\/tr>\n<tr>\n<td colspan=\"2\">\u00c0 l&#039;int\u00e9rieur du contr\u00f4leur solaire (facultatif)<\/td>\n<td colspan=\"4\">10A ~ 30A (PWM)<\/td>\n<td colspan=\"10\">10A ~ 60A (PWM 12V\/24V\/48V)<\/td>\n<\/tr>\n<tr>\n<td colspan=\"2\">Taille (L*W*Hmm)<\/td>\n<td colspan=\"4\">335*210*122<\/td>\n<td colspan=\"3\">410*143*210<\/td>\n<td colspan=\"2\">400*180*320<\/td>\n<td colspan=\"4\">420*208*348<\/td>\n<td>460*245*445<\/td>\n<\/tr>\n<tr>\n<td colspan=\"2\">Taille d&#039;emballage (L*W*Hmm)<\/td>\n<td colspan=\"4\">385*270*185(1pc) \/ 400*280*400(2pcs)<\/td>\n<td colspan=\"3\">460*200*270 (1 pi\u00e8ce) \/ 475*425*285 (2 pi\u00e8ces)<\/td>\n<td colspan=\"2\">460*240*380<\/td>\n<td colspan=\"4\">490*300*400<\/td>\n<td>530*310*550<\/td>\n<\/tr>\n<tr>\n<td colspan=\"2\">NO(kg)<\/td>\n<td>6.5<\/td>\n<td>8<\/td>\n<td>9<\/td>\n<td>10<\/td>\n<td>11<\/td>\n<td>13<\/td>\n<td>14<\/td>\n<td>18<\/td>\n<td>21<\/td>\n<td>23<\/td>\n<td>25<\/td>\n<td width=\"93\">29<\/td>\n<td width=\"93\">31<\/td>\n<td width=\"93\">46<\/td>\n<\/tr>\n<tr>\n<td colspan=\"2\">GW (kg) (emballage en carton)<\/td>\n<td>7.5<\/td>\n<td>9<\/td>\n<td>10<\/td>\n<td>11<\/td>\n<td>12<\/td>\n<td>14<\/td>\n<td>15<\/td>\n<td>19<\/td>\n<td>22<\/td>\n<td>24<\/td>\n<td>26<\/td>\n<td width=\"93\">30<\/td>\n<td width=\"93\">32<\/td>\n<td width=\"93\">48<\/td>\n<\/tr>\n<tr>\n<td colspan=\"2\">M\u00e9thode d&#039;installation<\/td>\n<td colspan=\"4\">Bureau<\/td>\n<td colspan=\"10\">La tour<\/td>\n<\/tr>\n<tr style=\"background: #80b645;\">\n<td style=\"color: #fff; text-align: center;\" colspan=\"16\">sp\u00e9cification<\/td>\n<\/tr>\n<tr>\n<td colspan=\"2\">Mod\u00e8le XDN<\/td>\n<td width=\"93\">50248\/96\/192<\/td>\n<td width=\"93\">60248\/96\/192<\/td>\n<td width=\"93\">70296\/192<\/td>\n<td width=\"93\">80396\/192<\/td>\n<td width=\"93\">10396\/192<\/td>\n<td width=\"93\">12396\/192<\/td>\n<td width=\"93\">153192<\/td>\n<td width=\"93\">203220<\/td>\n<td width=\"93\">253220<\/td>\n<td colspan=\"3\" width=\"279\">303240<\/td>\n<td colspan=\"2\" width=\"186\">403384<\/td>\n<\/tr>\n<tr>\n<td colspan=\"2\">Puissance nominale<\/td>\n<td width=\"93\">5000W<\/td>\n<td width=\"93\">6000W<\/td>\n<td width=\"93\">7000W<\/td>\n<td width=\"93\">8KW<\/td>\n<td width=\"93\">10KW<\/td>\n<td width=\"93\">12KW<\/td>\n<td width=\"93\">15KW<\/td>\n<td width=\"93\">20KW<\/td>\n<td width=\"93\">25KW<\/td>\n<td colspan=\"3\" width=\"279\">30KW<\/td>\n<td colspan=\"2\" width=\"186\">40KW<\/td>\n<\/tr>\n<tr>\n<td colspan=\"2\">Puissance de cr\u00eate (20\u00a0ms)<\/td>\n<td>15000VA<\/td>\n<td>18000VA<\/td>\n<td width=\"93\">21000VA<\/td>\n<td width=\"93\">24KVA<\/td>\n<td width=\"93\">30KVA<\/td>\n<td width=\"93\">36KVA<\/td>\n<td width=\"93\">45KVA<\/td>\n<td width=\"93\">60KVA<\/td>\n<td width=\"93\">75KVA<\/td>\n<td colspan=\"3\" width=\"279\">90KVA<\/td>\n<td colspan=\"2\" width=\"186\">120KVA<\/td>\n<\/tr>\n<tr>\n<td colspan=\"2\">D\u00e9marrer le moteur<\/td>\n<td width=\"93\">4CV<\/td>\n<td width=\"93\">4CV<\/td>\n<td width=\"93\">5CV<\/td>\n<td width=\"93\">6CV<\/td>\n<td width=\"93\">7HP<\/td>\n<td width=\"93\">7HP<\/td>\n<td width=\"93\">10CV<\/td>\n<td width=\"93\">10CV<\/td>\n<td width=\"93\">15CV<\/td>\n<td colspan=\"3\" width=\"279\">15CV<\/td>\n<td colspan=\"2\" width=\"186\">20HP<\/td>\n<\/tr>\n<tr>\n<td colspan=\"2\">Voltage de batterie<\/td>\n<td colspan=\"2\">48\/96\/192 Vcc<\/td>\n<td>96\/192 VCC<\/td>\n<td>96\/192 VCC<\/td>\n<td>96\/192 VCC<\/td>\n<td>96\/192 VCC<\/td>\n<td width=\"93\">192 VCC<\/td>\n<td width=\"93\">220 VCC<\/td>\n<td width=\"93\">220 VCC<\/td>\n<td colspan=\"3\" width=\"279\">240 VCC<\/td>\n<td colspan=\"2\" width=\"186\">384VDC<\/td>\n<\/tr>\n<tr>\n<td colspan=\"2\">\u00c0 l&#039;int\u00e9rieur du contr\u00f4leur solaire (facultatif)<\/td>\n<td colspan=\"2\">10A ~ 60A (PWM 12V\/24V\/48V)<\/td>\n<td colspan=\"7\">50A\/100A(PWM)<\/td>\n<td colspan=\"5\" width=\"465\">50A\/100A\/150A\/200A(PWM)<\/td>\n<\/tr>\n<tr>\n<td colspan=\"2\">Taille (L*W*Hmm)<\/td>\n<td colspan=\"2\">460*245*445<\/td>\n<td colspan=\"4\">485*300*646<\/td>\n<td colspan=\"3\">600*300*800<\/td>\n<td colspan=\"5\">720*435*1120<\/td>\n<\/tr>\n<tr>\n<td colspan=\"2\">Taille d&#039;emballage (L*W*Hmm)<\/td>\n<td colspan=\"2\">530*310*550<\/td>\n<td colspan=\"4\">550*365*785<\/td>\n<td colspan=\"3\">665*365*830<\/td>\n<td colspan=\"5\">790*505*1260<\/td>\n<\/tr>\n<tr>\n<td colspan=\"2\">NO(kg)<\/td>\n<td>52<\/td>\n<td>53<\/td>\n<td>62<\/td>\n<td>64<\/td>\n<td>66<\/td>\n<td>70<\/td>\n<td>108<\/td>\n<td>113<\/td>\n<td>119<\/td>\n<td colspan=\"3\" width=\"279\">135<\/td>\n<td colspan=\"2\" width=\"186\">160<\/td>\n<\/tr>\n<tr>\n<td colspan=\"2\">GW (kg) (emballage en bois)<\/td>\n<td>58<\/td>\n<td>59<\/td>\n<td>72<\/td>\n<td>74<\/td>\n<td>77<\/td>\n<td>80<\/td>\n<td>121<\/td>\n<td>130<\/td>\n<td>136<\/td>\n<td colspan=\"3\" width=\"279\">150<\/td>\n<td colspan=\"2\" width=\"186\">180<\/td>\n<\/tr>\n<tr>\n<td colspan=\"2\">M\u00e9thode d&#039;installation<\/td>\n<td colspan=\"14\">La tour<\/td>\n<\/tr>\n<tr style=\"background: #80b645;\">\n<td style=\"color: #fff; text-align: center;\" colspan=\"16\">sp\u00e9cification<\/td>\n<\/tr>\n<tr>\n<td rowspan=\"6\">Saisir<\/td>\n<td width=\"237\">Plage de tension d&#039;entr\u00e9e CC<\/td>\n<td colspan=\"14\" width=\"1302\">10.5-15VDC (tension de batterie unique)<\/td>\n<\/tr>\n<tr>\n<td width=\"237\">Plage de tension d&#039;entr\u00e9e CA<\/td>\n<td colspan=\"14\" width=\"1302\">73VAC~138VAC(110VAC\uff09 \/ 83VAC~148VAC\uff08120VAC\uff09 \/ 145VAC~275VAC\uff08220VAC\uff09 \/ 155VAC~285VAC\uff08230VAC\uff09 \/ 165VAC~295VAC\uff08 240VAC\uff09 (350W~7000W\uff09<br \/>\n92VAC~128VAC(110VAC) \/ 102VAC~138VAC(120VAC) \/ 185VAC~255VAC(220VAC) \/ 195VAC~265VAC(230VAC) \/ 205VAC~275VAC(240VAC) (8KW~40KW)<\/td>\n<\/tr>\n<tr>\n<td width=\"237\">Plage de fr\u00e9quence d&#039;entr\u00e9e CA<\/td>\n<td colspan=\"14\" width=\"1302\">45Hz~55Hz(50Hz) \/ 55Hz~65Hz(60Hz)<\/td>\n<\/tr>\n<tr>\n<td width=\"237\">Courant de charge AC maximum<\/td>\n<td colspan=\"14\" width=\"1302\">6A ~ 15A (Selon le mod\u00e8le)<\/td>\n<\/tr>\n<tr>\n<td width=\"237\">Tension de charge CA<\/td>\n<td colspan=\"14\" width=\"1302\">Batterie au plomb : tension de charge : 14,2 V ; Tension flottante\u00a0: 13,8\u00a0V (tension de batterie unique)<\/td>\n<\/tr>\n<tr>\n<td width=\"237\">M\u00e9thode de charge AC<\/td>\n<td colspan=\"14\" width=\"1302\">Trois \u00e9tages (courant constant, tension constante, charge flottante)<\/td>\n<\/tr>\n<tr>\n<td rowspan=\"11\">Sortir<\/td>\n<td width=\"237\">Efficacit\u00e9 (mode batterie)<\/td>\n<td colspan=\"14\" width=\"1302\">\u226585%<\/td>\n<\/tr>\n<tr>\n<td width=\"237\">Tension de sortie (mode batterie)<\/td>\n<td colspan=\"14\" width=\"1302\">110VAC\u00b12% \/ 120VAC\u00b12% \/ 220VAC\u00b12% \/ 230VAC\u00b12% \/ 240VAC\u00b12%<\/td>\n<\/tr>\n<tr>\n<td width=\"237\">Fr\u00e9quence de sortie (mode batterie)<\/td>\n<td colspan=\"14\" width=\"1302\">50Hz\u00b10.5 ou 60Hz\u00b10.5<\/td>\n<\/tr>\n<tr>\n<td width=\"237\">Onde de sortie (mode batterie)<\/td>\n<td colspan=\"14\" width=\"1302\">Onde sinuso\u00efdale pure<\/td>\n<\/tr>\n<tr>\n<td width=\"237\">Efficacit\u00e9 (mode CA)<\/td>\n<td colspan=\"14\" width=\"1302\">&gt;99%<\/td>\n<\/tr>\n<tr>\n<td width=\"237\">Tension de sortie (mode ca)<\/td>\n<td colspan=\"14\" width=\"1302\">110VAC\u00b110% \/ 120VAC\u00b110% \/ 220VAC\u00b110% \/ 230VAC\u00b110% \/ 240VAC\u00b110% (350W~7000W); Suivre l&#039;entr\u00e9e (8KW~40KW)<\/td>\n<\/tr>\n<tr>\n<td width=\"237\">Fr\u00e9quence de sortie (mode AC)<\/td>\n<td colspan=\"14\" width=\"1302\">Suivre l&#039;entr\u00e9e<\/td>\n<\/tr>\n<tr>\n<td width=\"237\">Distorsion de la forme d&#039;onde de sortie<br \/>\n(mode batterie)<\/td>\n<td colspan=\"14\" width=\"1302\">\u22643% (charge lin\u00e9aire)<\/td>\n<\/tr>\n<tr>\n<td width=\"237\">Aucune perte de charge (mode batterie)<\/td>\n<td colspan=\"14\" width=\"1302\">Puissance nominale \u22642.5% (mod\u00e8les inf\u00e9rieurs \u00e0 7\u00a0KW)\u00a0; puissance nominale \u22641% (mod\u00e8les sup\u00e9rieurs \u00e0 7\u00a0KW)<\/td>\n<\/tr>\n<tr>\n<td width=\"237\">Aucune perte de charge (mode AC)<\/td>\n<td colspan=\"14\" width=\"1302\">\u00a0Puissance nominale \u22642% (le chargeur ne fonctionne pas en mode AC)<\/td>\n<\/tr>\n<tr>\n<td width=\"237\">Aucune perte de charge (mode d&#039;\u00e9conomie d&#039;\u00e9nergie)<\/td>\n<td colspan=\"14\" width=\"1302\">\u226410W<\/td>\n<\/tr>\n<tr>\n<td rowspan=\"2\" width=\"84\">Type de batterie<\/td>\n<td>Batterie VRLA<\/td>\n<td colspan=\"14\" width=\"1302\">Tension de charge\u00a0: 14,2\u00a0V\u00a0; Tension flottante\u00a0: 13,8\u00a0V (tension de batterie unique)<\/td>\n<\/tr>\n<tr>\n<td>Personnaliser la batterie<\/td>\n<td colspan=\"14\" width=\"1302\">Les param\u00e8tres de charge et de d\u00e9charge de diff\u00e9rents types de batteries (tels que les batteries au lithium, etc.) peuvent \u00eatre personnalis\u00e9s en fonction des besoins de l&#039;utilisateur<\/td>\n<\/tr>\n<tr>\n<td rowspan=\"8\">protection<\/td>\n<td>Alarme de sous-tension de la batterie<\/td>\n<td colspan=\"14\" width=\"1302\">Par d\u00e9faut\u00a0: 11\u00a0V (tension de batterie unique)<\/td>\n<\/tr>\n<tr>\n<td>Protection contre les sous-tensions de la batterie<\/td>\n<td colspan=\"14\" width=\"1302\">Par d\u00e9faut\u00a0: 10,5\u00a0V (tension de batterie unique)<\/td>\n<\/tr>\n<tr>\n<td>Alarme de surtension de batterie<\/td>\n<td colspan=\"14\" width=\"1302\">Par d\u00e9faut\u00a0: 15\u00a0V (tension de batterie unique)<\/td>\n<\/tr>\n<tr>\n<td>Protection contre les surtensions de la batterie<\/td>\n<td colspan=\"14\" width=\"1302\">Par d\u00e9faut\u00a0:\u00a017\u00a0V (tension de batterie unique)<\/td>\n<\/tr>\n<tr>\n<td>Tension de r\u00e9cup\u00e9ration de surtension de batterie<\/td>\n<td colspan=\"14\" width=\"1302\">Par d\u00e9faut\u00a0: 14,5\u00a0V (tension de batterie unique)<\/td>\n<\/tr>\n<tr>\n<td>Protection contre les surcharges<\/td>\n<td colspan=\"14\" width=\"1302\">Protection automatique (mode batterie), disjoncteur ou assurance (mode AC)<\/td>\n<\/tr>\n<tr>\n<td>Protection contre les courts-circuits de sortie de l&#039;onduleur<\/td>\n<td colspan=\"14\" width=\"1302\">Protection automatique (mode batterie), disjoncteur ou assurance (mode AC)<\/td>\n<\/tr>\n<tr>\n<td>Protection contre la temp\u00e9rature<\/td>\n<td colspan=\"14\" width=\"1302\">&gt;90\u00a0\u00b0C (sortie d&#039;arr\u00eat)<\/td>\n<\/tr>\n<tr>\n<td rowspan=\"3\" width=\"84\">Alarme<\/td>\n<td width=\"237\">UN<\/td>\n<td colspan=\"14\" width=\"1302\">Condition de travail normale, le buzzer n&#039;a pas de son d&#039;alarme<\/td>\n<\/tr>\n<tr>\n<td width=\"237\">B<\/td>\n<td colspan=\"14\" width=\"1302\">Le buzzer sonne 4 fois par seconde en cas de panne de batterie, d&#039;anomalie de tension, de protection contre les surcharges<\/td>\n<\/tr>\n<tr>\n<td width=\"237\">C<\/td>\n<td colspan=\"14\" width=\"1302\">Lorsque la machine est allum\u00e9e pour la premi\u00e8re fois, le buzzer indiquera 5 lorsque la machine est normale<\/td>\n<\/tr>\n<tr>\n<td rowspan=\"7\" width=\"84\">\u00c0 l&#039;int\u00e9rieur du contr\u00f4leur solaire<br \/>\n(Facultatif)<\/td>\n<td width=\"237\">Mode de charge<\/td>\n<td colspan=\"14\" width=\"1302\">PWM<\/td>\n<\/tr>\n<tr>\n<td width=\"237\">Courant de charge<\/td>\n<td colspan=\"14\" width=\"1302\">Syst\u00e8me 12 V\/24 V\/48 V : 10 A\/20 A\/30 A\/40 A\/50 A\/60 A ; Syst\u00e8me 96V\/192V\/240V\/384\u00a0: 50A\/100A\/150A\/200A<\/td>\n<\/tr>\n<tr>\n<td width=\"237\">Plage de tension d&#039;entr\u00e9e PV<\/td>\n<td colspan=\"14\" width=\"1302\">15V-44V (Syst\u00e8me 12V); 30V-44V (Syst\u00e8me 24V); 60V-88V (syst\u00e8me 48V); 120 V-176 V (syst\u00e8me 96 V) ; 240V-352V (Syst\u00e8me 192V); 300V-440V (Syst\u00e8me 240V); 480V-704V (Syst\u00e8me 384V)<\/td>\n<\/tr>\n<tr>\n<td width=\"237\">Tension d&#039;entr\u00e9e PV maximale (Voc)<br \/>\n(A la temp\u00e9rature la plus basse)<\/td>\n<td colspan=\"14\" width=\"1302\">50 V (syst\u00e8me 12 V\/24 V) ; 100 V (syst\u00e8me 48 V) ; 200 V (syst\u00e8me 96 V) ; 400 V (syst\u00e8me 192 V) ; 500V (Syst\u00e8me 240V); 750V (Syst\u00e8me 384V)<\/td>\n<\/tr>\n<tr>\n<td width=\"237\">Puissance maximale du g\u00e9n\u00e9rateur photovolta\u00efque<\/td>\n<td colspan=\"14\" width=\"1302\">Syst\u00e8me 12 V : 140 W (10 A)\/280 W (20 A)\/420 W (30 A)\/560 W (40 A)\/700 W (50 A)\/840 W (60 A) ; Syst\u00e8me 24 V : 280 W (10 A)\/560 W (20 A)\/840 W (30 A)\/1120 W (40 A)\/1400 W (50 A)\/1680 W (60 A) ;<br \/>\nSyst\u00e8me 48 V : 560 W (10 A)\/1120 W (20 A)\/1680 W (30 A)\/2240 W (40 A)\/2800 W (50 A)\/3360 W (60 A) ; Syst\u00e8me 96 V : 5,6 kW (50 A)\/11,2 kW (100 A) ; Syst\u00e8me 192 V : 11,2 KW (50 A)\/22,4 KW (100 A) ;<br \/>\nSyst\u00e8me 220 V : 12,8 kW (50 A)\/25,6 kW (100 A) ; Syst\u00e8me 240 V : 14KW(50A)\/28KW(100A)\/21KW*2(150A)\/28KW*2(200A); Syst\u00e8me 384 V : 22,4 KW (50 A)\/44,8 KW (100 A)\/33,6 KW * 2 (150 A)\/44,8 KW * 2 (200 A)<\/td>\n<\/tr>\n<tr>\n<td>Perte de veille<\/td>\n<td colspan=\"14\" width=\"1302\">\u22643W<\/td>\n<\/tr>\n<tr>\n<td>Efficacit\u00e9 de conversion maximale<\/td>\n<td colspan=\"14\" width=\"1302\">&gt;95%<\/td>\n<\/tr>\n<tr>\n<td colspan=\"2\">Mode de fonctionnement<\/td>\n<td colspan=\"14\" width=\"1302\">Batterie d&#039;abord\/AC d&#039;abord\/Mode d&#039;\u00e9conomie d&#039;\u00e9nergie<\/td>\n<\/tr>\n<tr>\n<td colspan=\"2\">Temps de transfert<\/td>\n<td colspan=\"14\" width=\"1302\">\u22644ms<\/td>\n<\/tr>\n<tr>\n<td colspan=\"2\">Afficher<\/td>\n<td colspan=\"14\" width=\"1302\">LCD<\/td>\n<\/tr>\n<tr>\n<td colspan=\"2\" width=\"321\">M\u00e9thode thermique<\/td>\n<td colspan=\"14\" width=\"1302\">Ventilateur de refroidissement en contr\u00f4le intelligent<\/td>\n<\/tr>\n<tr>\n<td colspan=\"2\">Communication<\/td>\n<td colspan=\"14\" width=\"1302\">RS232 (facultatif)<\/td>\n<\/tr>\n<tr>\n<td rowspan=\"5\">Environnement<\/td>\n<td width=\"237\">Temp\u00e9rature de fonctionnement<\/td>\n<td colspan=\"14\" width=\"1302\">-10\u2103~40\u2103<\/td>\n<\/tr>\n<tr>\n<td width=\"237\">Temp\u00e9rature de stockage<\/td>\n<td colspan=\"14\" width=\"1302\">-15\u2103~60\u2103<\/td>\n<\/tr>\n<tr>\n<td width=\"237\">Bruit<\/td>\n<td colspan=\"14\" width=\"1302\">\u226455dB<\/td>\n<\/tr>\n<tr>\n<td width=\"237\">\u00c9l\u00e9vation<\/td>\n<td colspan=\"14\" width=\"1302\">2000m (plus que d\u00e9classement)<\/td>\n<\/tr>\n<tr>\n<td width=\"237\">Humidit\u00e9<\/td>\n<td colspan=\"14\" width=\"1302\">0%~95% ,Pas de condensation<\/td>\n<\/tr>\n<tr>\n<td style=\"color: #fff; text-align: center;\" colspan=\"16\">Remarque : Toutes les sp\u00e9cifications sont soumises \u00e0 des frais sans pr\u00e9avis<\/td>\n<\/tr>\n<\/tbody>\n<\/table>","protected":false},"excerpt":{"rendered":"<p><strong style=\"color: #80b645;\">Fonctionnalit\u00e9:<\/strong><br \/>\n\u25c6 Sortie sinuso\u00efdale pure.<br \/>\n\u25c7 Large plage d&#039;entr\u00e9e de tension CA, sortie AVR.<br \/>\n\u25c6 Adoptez un transformateur EI traditionnel, des performances stables.<br \/>\n\u25c7 Affichage LCD\/LED et LCD en temps r\u00e9el, concis et simple.<br \/>\n\u25c6 Modes de fonctionnement\u00a0: CA d&#039;abord ou batterie d&#039;abord en option, charge intelligente.<br \/>\n\u25c7 Contr\u00f4leur de charge PWM int\u00e9gr\u00e9 en option.<br \/>\n\u25c6 Port de communication RS232 en option.<\/p>","protected":false},"featured_media":672,"comment_status":"open","ping_status":"closed","template":"","meta":[],"product_cat":[123],"product_tag":[104],"class_list":{"0":"post-645","1":"product","2":"type-product","3":"status-publish","4":"has-post-thumbnail","6":"product_cat-low-frequehcy-inverter","7":"product_tag-low-frequency-hybrid-inverte","9":"first","10":"instock","11":"shipping-taxable","12":"product-type-simple"},"_links":{"self":[{"href":"https:\/\/www.xd-solar.com\/fr\/wp-json\/wp\/v2\/product\/645","targetHints":{"allow":["GET"]}}],"collection":[{"href":"https:\/\/www.xd-solar.com\/fr\/wp-json\/wp\/v2\/product"}],"about":[{"href":"https:\/\/www.xd-solar.com\/fr\/wp-json\/wp\/v2\/types\/product"}],"replies":[{"embeddable":true,"href":"https:\/\/www.xd-solar.com\/fr\/wp-json\/wp\/v2\/comments?post=645"}],"wp:featuredmedia":[{"embeddable":true,"href":"https:\/\/www.xd-solar.com\/fr\/wp-json\/wp\/v2\/media\/672"}],"wp:attachment":[{"href":"https:\/\/www.xd-solar.com\/fr\/wp-json\/wp\/v2\/media?parent=645"}],"wp:term":[{"taxonomy":"product_cat","embeddable":true,"href":"https:\/\/www.xd-solar.com\/fr\/wp-json\/wp\/v2\/product_cat?post=645"},{"taxonomy":"product_tag","embeddable":true,"href":"https:\/\/www.xd-solar.com\/fr\/wp-json\/wp\/v2\/product_tag?post=645"}],"curies":[{"name":"wp","href":"https:\/\/api.w.org\/{rel}","templated":true}]}}