{"id":853,"date":"2023-05-05T17:55:10","date_gmt":"2023-05-05T09:55:10","guid":{"rendered":"https:\/\/xd-solar.com\/?post_type=product&#038;p=853"},"modified":"2024-11-05T10:36:36","modified_gmt":"2024-11-05T02:36:36","slug":"xdsx-three-phase-inverterthree-phase-solar-inverter","status":"publish","type":"product","link":"https:\/\/www.xd-solar.com\/fr\/produit\/xdsx-three-phase-inverterthree-phase-solar-inverter\/","title":{"rendered":"Onduleur triphas\u00e9 XDSX solaire et onduleur solaire triphas\u00e9 UPS alimentation sans interruption BASSE FR\u00c9QUENCE"},"content":{"rendered":"<table width=\"1653\">\n<tbody>\n<tr>\n<td style=\"color: #fff; text-align: center;\" colspan=\"13\" width=\"1653\">sp\u00e9cification<\/td>\n<\/tr>\n<tr>\n<td colspan=\"2\">Mod\u00e8le : XDSX\/XDSX-T<\/td>\n<td>32248\/96\/192<\/td>\n<td>48248\/96\/192<\/td>\n<td>56248\/96\/192<\/td>\n<td>64248\/96\/192<\/td>\n<td>80248\/96\/192<\/td>\n<td>10348\/96\/192<\/td>\n<td>12348\/96\/192<\/td>\n<td>16396\/192<\/td>\n<td>20396\/192<\/td>\n<td colspan=\"2\">24396\/192<\/td>\n<\/tr>\n<tr>\n<td colspan=\"2\">Puissance nominale<\/td>\n<td>4KVA\/3.2KW<\/td>\n<td>6KVA\/4.8KW<\/td>\n<td>7KVA\/5.6KW<\/td>\n<td>8KVA\/6.4KW<\/td>\n<td>10KVA\/8KW<\/td>\n<td>12.5KVA\/10KW<\/td>\n<td>15KVA\/12KW<\/td>\n<td>20KVA\/16KW<\/td>\n<td>25KVA\/20KW<\/td>\n<td colspan=\"2\">30KVA\/24KW<\/td>\n<\/tr>\n<tr>\n<td colspan=\"2\">Puissance de cr\u00eate (20\u00a0ms)<\/td>\n<td>9.6KVA<\/td>\n<td>14.4KVA<\/td>\n<td>16.8KVA<\/td>\n<td>19.2KVA<\/td>\n<td>24KVA<\/td>\n<td>30KVA<\/td>\n<td>36KVA<\/td>\n<td>48KVA<\/td>\n<td>60KVA<\/td>\n<td colspan=\"2\">72KVA<\/td>\n<\/tr>\n<tr>\n<td colspan=\"2\">D\u00e9marrer le moteur<\/td>\n<td width=\"121\">3HP<\/td>\n<td>4CV<\/td>\n<td>4CV<\/td>\n<td>4CV<\/td>\n<td>5CV<\/td>\n<td>6CV<\/td>\n<td>7HP<\/td>\n<td>10CV<\/td>\n<td>10CV<\/td>\n<td colspan=\"2\">15CV<\/td>\n<\/tr>\n<tr>\n<td colspan=\"2\">Voltage de batterie<\/td>\n<td colspan=\"7\">48\/96\/192 Vcc<\/td>\n<td colspan=\"4\">96\/192 VCC<\/td>\n<\/tr>\n<tr>\n<td colspan=\"2\" width=\"322\">Courant de charge du contr\u00f4leur solaire int\u00e9gr\u00e9 (facultatif)<\/td>\n<td colspan=\"4\" width=\"484\">PWM : 10 A-60 A (syst\u00e8me 48 V) ; 50A\/100A (Syst\u00e8me 96V); 50A (Syst\u00e8me 192V)<br \/>\nMPPT : 10 A-100 A (syst\u00e8me 48 V) ; 50A\/100A (Syst\u00e8me 96V)<\/td>\n<td colspan=\"7\" width=\"847\">PWM : 50 A\/100 A (syst\u00e8me 96 V) ; 50A\/100A (Syst\u00e8me 192V)<br \/>\nMPPT\u00a0: 50\u00a0A\/100\u00a0A (syst\u00e8me 96\u00a0V)<\/td>\n<\/tr>\n<tr>\n<td colspan=\"2\">Taille (L*W*Hmm)<\/td>\n<td colspan=\"4\">565*300*775<\/td>\n<td colspan=\"7\">725*365*1010<\/td>\n<\/tr>\n<tr>\n<td colspan=\"2\">Taille d&#039;emballage (L*W*Hmm)<\/td>\n<td colspan=\"4\">625*360*895<\/td>\n<td colspan=\"7\">785*425*1135<\/td>\n<\/tr>\n<tr>\n<td colspan=\"2\">NO(kg)<\/td>\n<td>65<\/td>\n<td>73<\/td>\n<td>75<\/td>\n<td>80<\/td>\n<td>112<\/td>\n<td>122<\/td>\n<td>134<\/td>\n<td>160<\/td>\n<td>176<\/td>\n<td colspan=\"2\">189<\/td>\n<\/tr>\n<tr>\n<td colspan=\"2\">GW (kg) (emballage en bois)<\/td>\n<td>78<\/td>\n<td>86<\/td>\n<td>88<\/td>\n<td>93<\/td>\n<td>136<\/td>\n<td>146<\/td>\n<td>158<\/td>\n<td>184<\/td>\n<td>200<\/td>\n<td colspan=\"2\">213<\/td>\n<\/tr>\n<tr>\n<td colspan=\"2\">M\u00e9thode d&#039;installation<\/td>\n<td colspan=\"11\">La tour<\/td>\n<\/tr>\n<tr style=\"background: #80b645;\">\n<td style=\"color: #fff; text-align: center;\" colspan=\"13\">sp\u00e9cification<\/td>\n<\/tr>\n<tr>\n<td colspan=\"2\">Mod\u00e8le : XDSX<\/td>\n<td>323192<\/td>\n<td>403192<\/td>\n<td>483384<\/td>\n<td>643384<\/td>\n<td>803384<\/td>\n<td>963384<\/td>\n<td>1003384<\/td>\n<td>1203384<\/td>\n<td>1283384<\/td>\n<td>1503384<\/td>\n<td>1603384<\/td>\n<\/tr>\n<tr>\n<td colspan=\"2\">Puissance nominale<\/td>\n<td>40KVA\/32KW<\/td>\n<td>50KVA\/40KW<\/td>\n<td>60KVA\/48KW<\/td>\n<td>80KVA\/64KW<\/td>\n<td>100KVA\/80KW<\/td>\n<td>120KVA\/96KW<\/td>\n<td>125KVA\/100KW<\/td>\n<td>150KVA\/120KW<\/td>\n<td>160KVA\/128KW<\/td>\n<td>190KVA\/150KW<\/td>\n<td>200KVA\/160KW<\/td>\n<\/tr>\n<tr>\n<td colspan=\"2\">Puissance de cr\u00eate (20\u00a0ms)<\/td>\n<td>96KVA<\/td>\n<td>120KVA<\/td>\n<td>144KVA<\/td>\n<td>192KVA<\/td>\n<td>240KVA<\/td>\n<td>288KVA<\/td>\n<td>300KVA<\/td>\n<td>360KVA<\/td>\n<td>384KVA<\/td>\n<td>450KVA<\/td>\n<td>480KVA<\/td>\n<\/tr>\n<tr>\n<td colspan=\"2\">D\u00e9marrer le moteur<\/td>\n<td>15CV<\/td>\n<td>20HP<\/td>\n<td>25CV<\/td>\n<td>30HP<\/td>\n<td>40HP<\/td>\n<td>50HP<\/td>\n<td>50HP<\/td>\n<td>60HP<\/td>\n<td>60HP<\/td>\n<td>80HP<\/td>\n<td>80HP<\/td>\n<\/tr>\n<tr>\n<td colspan=\"2\">Voltage de batterie<\/td>\n<td colspan=\"2\">192 VCC<\/td>\n<td colspan=\"9\">384VDC<\/td>\n<\/tr>\n<tr>\n<td colspan=\"2\" width=\"322\">Courant de charge du contr\u00f4leur solaire int\u00e9gr\u00e9 (facultatif)<\/td>\n<td colspan=\"4\" width=\"484\">PWM\u00a0: 100\u00a0A-200\u00a0A (syst\u00e8me 192\u00a0V et 384\u00a0V)<br \/>\nMPPT\u00a0: 50\u00a0A\/100\u00a0A (syst\u00e8me 192\u00a0V et 384\u00a0V)<\/td>\n<td colspan=\"7\" width=\"847\">PWM\u00a0: 100\u00a0A-200\u00a0A\/MPPT\u00a0: 50\u00a0A\/100\u00a0A<\/td>\n<\/tr>\n<tr>\n<td colspan=\"2\">Taille (L*W*Hmm)<\/td>\n<td colspan=\"4\">720*575*1275<\/td>\n<td colspan=\"5\">875*720*1380<\/td>\n<td colspan=\"2\">1123*900*1605<\/td>\n<\/tr>\n<tr>\n<td colspan=\"2\">Taille d&#039;emballage (L*W*Hmm)<\/td>\n<td colspan=\"4\">785*640*1400<\/td>\n<td colspan=\"5\">980*825*1560<\/td>\n<td colspan=\"2\">1185*960*1750<\/td>\n<\/tr>\n<tr>\n<td colspan=\"2\">NO(kg)<\/td>\n<td>240<\/td>\n<td>260<\/td>\n<td>290<\/td>\n<td>308<\/td>\n<td>512<\/td>\n<td>542<\/td>\n<td>552<\/td>\n<td>612<\/td>\n<td>642<\/td>\n<td>705<\/td>\n<td>755<\/td>\n<\/tr>\n<tr>\n<td colspan=\"2\">GW (kg) (emballage en bois)<\/td>\n<td>273<\/td>\n<td>293<\/td>\n<td>323<\/td>\n<td>341<\/td>\n<td>552<\/td>\n<td>582<\/td>\n<td>592<\/td>\n<td>652<\/td>\n<td>692<\/td>\n<td>755<\/td>\n<td>805<\/td>\n<\/tr>\n<tr>\n<td colspan=\"2\">M\u00e9thode d&#039;installation<\/td>\n<td colspan=\"11\">La tour<\/td>\n<\/tr>\n<tr style=\"background: #80b645;\">\n<td style=\"color: #fff; text-align: center;\" colspan=\"13\">Param\u00e8tre<\/td>\n<\/tr>\n<tr>\n<td rowspan=\"6\">Saisir<\/td>\n<td width=\"234\">Plage de tension d&#039;entr\u00e9e CC<\/td>\n<td colspan=\"11\">10.5VDC-15VDC (Tension de batterie unique)<\/td>\n<\/tr>\n<tr>\n<td width=\"234\">Plage de tension d&#039;entr\u00e9e CA<\/td>\n<td colspan=\"11\">380Vac\/400Vac\u00b110%(personnalis\u00e9 190Vac\/200Vac)<\/td>\n<\/tr>\n<tr>\n<td width=\"234\">Plage de fr\u00e9quence d&#039;entr\u00e9e CA<\/td>\n<td colspan=\"11\">45Hz-55Hz (50Hz)\/ 55Hz-65Hz (60Hz)<\/td>\n<\/tr>\n<tr>\n<td width=\"234\">Courant de charge AC maximum<\/td>\n<td colspan=\"11\">0-45A (Selon le mod\u00e8le)<\/td>\n<\/tr>\n<tr>\n<td width=\"234\">M\u00e9thode de charge AC<\/td>\n<td colspan=\"11\">Trois \u00e9tages (courant constant, tension constante, charge flottante)<\/td>\n<\/tr>\n<tr>\n<td>Phase<\/td>\n<td colspan=\"11\">3\/N\/PE<\/td>\n<\/tr>\n<tr>\n<td rowspan=\"12\">Sortir<\/td>\n<td width=\"234\">Efficacit\u00e9 (mode batterie)<\/td>\n<td colspan=\"11\">\u226585%<\/td>\n<\/tr>\n<tr>\n<td width=\"234\">Tension de sortie (mode batterie)<\/td>\n<td colspan=\"11\">380Vac\/400Vac\u00b12%(personnalis\u00e9 190Vac\/200Vac)<\/td>\n<\/tr>\n<tr>\n<td width=\"234\">Fr\u00e9quence de sortie (mode batterie)<\/td>\n<td colspan=\"11\">50\/60Hz \u00b11%<\/td>\n<\/tr>\n<tr>\n<td width=\"234\">Onde de sortie (mode batterie)<\/td>\n<td colspan=\"11\">Onde sinuso\u00efdale pure<\/td>\n<\/tr>\n<tr>\n<td>Distorsion de la forme d&#039;onde de sortie<\/td>\n<td colspan=\"11\">Charge lin\u00e9aire\u22643%<\/td>\n<\/tr>\n<tr>\n<td width=\"234\">Efficacit\u00e9 (mode CA)<\/td>\n<td colspan=\"11\">&gt;99%<\/td>\n<\/tr>\n<tr>\n<td width=\"234\">Tension de sortie (mode ca)<\/td>\n<td colspan=\"11\">Conforme \u00e0 l&#039;entr\u00e9e AC<\/td>\n<\/tr>\n<tr>\n<td width=\"234\">Fr\u00e9quence de sortie (mode AC)<\/td>\n<td colspan=\"11\">Conforme \u00e0 l&#039;entr\u00e9e AC<\/td>\n<\/tr>\n<tr>\n<td width=\"234\">Aucune perte de charge (mode batterie)<\/td>\n<td colspan=\"11\">Puissance nominale \u22642,5% (mod\u00e8les 4KVA-30KVA)\u00a0; Puissance nominale \u22641% (mod\u00e8les 40KVA-200KVA)<\/td>\n<\/tr>\n<tr>\n<td width=\"234\">Aucune perte de charge (mode AC)<\/td>\n<td colspan=\"11\">\u22642%rated power (le chargeur ne fonctionne pas en mode AC)<\/td>\n<\/tr>\n<tr>\n<td width=\"234\">Aucune perte de charge (mode d&#039;\u00e9conomie d&#039;\u00e9nergie)<\/td>\n<td colspan=\"11\" width=\"1331\">\u226410W<\/td>\n<\/tr>\n<tr>\n<td>Phase<\/td>\n<td colspan=\"11\">3\/N\/PE<\/td>\n<\/tr>\n<tr>\n<td rowspan=\"2\" width=\"88\">Type de batterie<\/td>\n<td width=\"234\">Batterie VRLA<\/td>\n<td colspan=\"11\">Tension de charge\u00a0: 13,8\u00a0V\u00a0; Tension flottante\u00a0: 13,7\u00a0V (tension de batterie unique)<\/td>\n<\/tr>\n<tr>\n<td>Personnaliser la batterie<\/td>\n<td colspan=\"11\" width=\"1331\">Les param\u00e8tres de charge et de d\u00e9charge de diff\u00e9rents types de batteries peuvent \u00eatre personnalis\u00e9s en fonction des besoins de l&#039;utilisateur<br \/>\n(les param\u00e8tres de charge et de d\u00e9charge de diff\u00e9rents types de batteries peuvent \u00eatre r\u00e9gl\u00e9s via le panneau de commande)<\/td>\n<\/tr>\n<tr>\n<td rowspan=\"8\">protection<\/td>\n<td>Alarme de sous-tension de la batterie<\/td>\n<td colspan=\"11\">11V (tension de batterie unique)<\/td>\n<\/tr>\n<tr>\n<td>Protection contre les sous-tensions de la batterie<\/td>\n<td colspan=\"11\">10,5 V (tension de batterie unique)<\/td>\n<\/tr>\n<tr>\n<td>Alarme de surtension de batterie<\/td>\n<td colspan=\"11\">15V (tension de batterie unique)<\/td>\n<\/tr>\n<tr>\n<td>Protection contre les surtensions de la batterie<\/td>\n<td colspan=\"11\">17 V (tension de batterie unique)<\/td>\n<\/tr>\n<tr>\n<td>Tension de r\u00e9cup\u00e9ration de surtension de batterie<\/td>\n<td colspan=\"11\">14,5 V (tension de batterie unique)<\/td>\n<\/tr>\n<tr>\n<td>Protection contre les surcharges<\/td>\n<td colspan=\"11\">Protection automatique (mode batterie), disjoncteur ou assurance (mode AC)<\/td>\n<\/tr>\n<tr>\n<td>Protection contre les courts-circuits de sortie de l&#039;onduleur<\/td>\n<td colspan=\"11\">Protection automatique (mode batterie), disjoncteur ou assurance (mode AC)<\/td>\n<\/tr>\n<tr>\n<td>Protection contre la temp\u00e9rature<\/td>\n<td colspan=\"11\">&gt;90\u00a0\u00b0C (sortie d&#039;arr\u00eat)<\/td>\n<\/tr>\n<tr>\n<td rowspan=\"3\" width=\"88\">Alarme<\/td>\n<td width=\"234\">UN<\/td>\n<td colspan=\"11\" width=\"1331\">Condition de travail normale, le buzzer n&#039;a pas de son d&#039;alarme<\/td>\n<\/tr>\n<tr>\n<td width=\"234\">B<\/td>\n<td colspan=\"11\" width=\"1331\">Le buzzer sonne 4 fois par seconde en cas de panne de batterie, d&#039;anomalie de tension, de protection contre les surcharges<\/td>\n<\/tr>\n<tr>\n<td width=\"234\">C<\/td>\n<td colspan=\"11\" width=\"1331\">Lorsque la machine est allum\u00e9e pour la premi\u00e8re fois, le buzzer indiquera 5 lorsque la machine est normale<\/td>\n<\/tr>\n<tr>\n<td rowspan=\"7\" width=\"88\">\u00c0 l&#039;int\u00e9rieur du contr\u00f4leur solaire<br \/>\n(Facultatif)<\/td>\n<td width=\"234\">Mode de charge<\/td>\n<td colspan=\"11\">MPPT ou PWM<\/td>\n<\/tr>\n<tr>\n<td width=\"234\">Courant de charge<\/td>\n<td colspan=\"11\" width=\"1331\">PWM\u00a0: 10\u00a0A\/20\u00a0A\/30\u00a0A\/40\u00a0A\/50\u00a0A\/60\u00a0A (syst\u00e8me 48\u00a0V)\u00a0; 50A\/100A\/150A\/200A (syst\u00e8me 96V\/192V\/384V)<br \/>\nMPPT\u00a0: 10\u00a0A\/20\u00a0A\/30\u00a0A\/40\u00a0A\/50\u00a0A\/60\u00a0A\/80\u00a0A\/100\u00a0A (syst\u00e8me 48\u00a0V)\u00a0; 50A\/100A (syst\u00e8me 96V\/192V\/384V)<\/td>\n<\/tr>\n<tr>\n<td width=\"234\">Plage de tension d&#039;entr\u00e9e PV<\/td>\n<td colspan=\"11\" width=\"1331\">PWM : 60 V-88 V (syst\u00e8me 48 V) ; 120 V-176 V (syst\u00e8me 96 V) ; 240V-352V (Syst\u00e8me 192V); 480V-704V (Syst\u00e8me 384V)<br \/>\nMPPT : 60 V-120 V (syst\u00e8me 48 V) ; 120V-240V (Syst\u00e8me 96V); 240V-360V (Syst\u00e8me 192V); 480V-640V (Syst\u00e8me 384V)<\/td>\n<\/tr>\n<tr>\n<td width=\"234\">Tension d&#039;entr\u00e9e PV maximale (Voc)<br \/>\n(A la temp\u00e9rature la plus basse)<\/td>\n<td colspan=\"11\" width=\"1331\">PWM\u00a0: 100\u00a0V (syst\u00e8me 48\u00a0V)\u00a0; 200 V (syst\u00e8me 96 V) ; 400 V (syst\u00e8me 192 V) ; 750V (Syst\u00e8me 384V)<br \/>\nMPPT : 150 V (syst\u00e8me 48 V) ; 300 V (syst\u00e8me 96 V) ; 450 V (syst\u00e8me 192 V) ; 800V (Syst\u00e8me 384V)<\/td>\n<\/tr>\n<tr>\n<td width=\"234\">Puissance maximale du g\u00e9n\u00e9rateur photovolta\u00efque<\/td>\n<td colspan=\"11\" width=\"1331\">Syst\u00e8me 48V\u00a0: 560W(10A)\/1120W(20A)\/1680W(30A)\/2240W(40A)\/2800W(50A)\/3360W(60A)<br \/>\nSyst\u00e8me 96 V : (PWM : 5,6 KW (50 A)\/11,2 KW (100 A)) \/ (MPPT : 5,6 KW (50 A)\/5,6 KW*2 (100 A)) ;<br \/>\nSyst\u00e8me 192 V : (PWM : 11,2 KW (50 A)\/22,4 KW (100 A)\/16,8 KW*2 (150 A)\/22,4 KW * 2 (200 A)) \/ (MPPT : 11,2 KW (50 A)\/11,2 KW * 2 (100 A ));<br \/>\nSyst\u00e8me 384 V : (PWM : 22,4 KW (50 A)\/44,8 KW (100 A)\/33,6 KW*2 (150 A)\/44,8 KW * 2 (200 A)) \/ (MPPT : 22,4 KW (50 A)\/22,4 KW * 2 (100 A ))<\/td>\n<\/tr>\n<tr>\n<td>Perte de veille<\/td>\n<td colspan=\"11\" width=\"1331\">\u22643W<\/td>\n<\/tr>\n<tr>\n<td>Efficacit\u00e9 de conversion maximale<\/td>\n<td colspan=\"11\" width=\"1331\">&gt;95%<\/td>\n<\/tr>\n<tr>\n<td colspan=\"2\">Mode de fonctionnement<\/td>\n<td colspan=\"11\">Batterie d&#039;abord\/AC d&#039;abord\/Mode d&#039;\u00e9conomie d&#039;\u00e9nergie<\/td>\n<\/tr>\n<tr>\n<td colspan=\"2\">Temps de transfert<\/td>\n<td colspan=\"11\">\u22644ms<\/td>\n<\/tr>\n<tr>\n<td colspan=\"2\">Afficher<\/td>\n<td colspan=\"11\">LCD<\/td>\n<\/tr>\n<tr>\n<td colspan=\"2\" width=\"322\">M\u00e9thode thermique<\/td>\n<td colspan=\"11\">Refroidissement par air forc\u00e9<\/td>\n<\/tr>\n<tr>\n<td colspan=\"2\">Communications (facultatif)<\/td>\n<td colspan=\"11\">RS485\/APP (surveillance WIFI ou surveillance GPRS)<\/td>\n<\/tr>\n<tr>\n<td rowspan=\"5\">Environnement<\/td>\n<td width=\"234\">Temp\u00e9rature de fonctionnement<\/td>\n<td colspan=\"11\">\u00a0-10\u2103~40\u2103<\/td>\n<\/tr>\n<tr>\n<td width=\"234\">Temp\u00e9rature de stockage<\/td>\n<td colspan=\"11\">-15\u2103~60\u2103<\/td>\n<\/tr>\n<tr>\n<td width=\"234\">Bruit<\/td>\n<td colspan=\"11\">2000m (plus que d\u00e9classement)<\/td>\n<\/tr>\n<tr>\n<td width=\"234\">\u00c9l\u00e9vation<\/td>\n<td colspan=\"11\">\u226465dB<\/td>\n<\/tr>\n<tr>\n<td width=\"234\">Humidit\u00e9<\/td>\n<td colspan=\"11\">0%~95% ,Pas de condensation<\/td>\n<\/tr>\n<tr>\n<td style=\"color: #fff; text-align: center;\" colspan=\"13\">Remarque : Toutes les sp\u00e9cifications sont soumises \u00e0 des frais sans pr\u00e9avis<\/td>\n<\/tr>\n<\/tbody>\n<\/table>","protected":false},"excerpt":{"rendered":"<p><strong style=\"color: #80b645;\">Fonctionnalit\u00e9:<\/strong><br \/>\n\u25c6 Sortie sinuso\u00efdale pure.<br \/>\n\u25c7 Basse tension CC, \u00e9conomisant le co\u00fbt du syst\u00e8me.<br \/>\n\u25c6 Contr\u00f4leur de charge PWM ou MPPT int\u00e9gr\u00e9.<br \/>\n\u25c7 Courant de charge AC 0-45A r\u00e9glable.<br \/>\n\u25c6 Grand \u00e9cran LCD, affiche clairement et pr\u00e9cis\u00e9ment les donn\u00e9es des ic\u00f4nes.<br \/>\n\u25c7 Conception de chargement de d\u00e9s\u00e9quilibre 100%, 3 fois la puissance de cr\u00eate.<br \/>\n\u25c6 R\u00e9glage de diff\u00e9rents modes de travail bas\u00e9s sur des exigences d&#039;utilisation variables.<br \/>\n\u25c6 Divers ports de communication et surveillance \u00e0 distance RS485\/APP (WIFI\/GPRS) (facultatif)<\/p>","protected":false},"featured_media":846,"comment_status":"open","ping_status":"closed","template":"","meta":[],"product_cat":[123],"product_tag":[],"class_list":{"0":"post-853","1":"product","2":"type-product","3":"status-publish","4":"has-post-thumbnail","6":"product_cat-low-frequehcy-inverter","8":"first","9":"instock","10":"shipping-taxable","11":"product-type-simple"},"_links":{"self":[{"href":"https:\/\/www.xd-solar.com\/fr\/wp-json\/wp\/v2\/product\/853","targetHints":{"allow":["GET"]}}],"collection":[{"href":"https:\/\/www.xd-solar.com\/fr\/wp-json\/wp\/v2\/product"}],"about":[{"href":"https:\/\/www.xd-solar.com\/fr\/wp-json\/wp\/v2\/types\/product"}],"replies":[{"embeddable":true,"href":"https:\/\/www.xd-solar.com\/fr\/wp-json\/wp\/v2\/comments?post=853"}],"wp:featuredmedia":[{"embeddable":true,"href":"https:\/\/www.xd-solar.com\/fr\/wp-json\/wp\/v2\/media\/846"}],"wp:attachment":[{"href":"https:\/\/www.xd-solar.com\/fr\/wp-json\/wp\/v2\/media?parent=853"}],"wp:term":[{"taxonomy":"product_cat","embeddable":true,"href":"https:\/\/www.xd-solar.com\/fr\/wp-json\/wp\/v2\/product_cat?post=853"},{"taxonomy":"product_tag","embeddable":true,"href":"https:\/\/www.xd-solar.com\/fr\/wp-json\/wp\/v2\/product_tag?post=853"}],"curies":[{"name":"wp","href":"https:\/\/api.w.org\/{rel}","templated":true}]}}