{"id":855,"date":"2023-05-05T18:04:32","date_gmt":"2023-05-05T10:04:32","guid":{"rendered":"https:\/\/xd-solar.com\/?post_type=product&#038;p=855"},"modified":"2023-05-06T11:00:57","modified_gmt":"2023-05-06T03:00:57","slug":"xes-onoff-grid-hybrid-solar-inverter","status":"publish","type":"product","link":"https:\/\/www.xd-solar.com\/fr\/produit\/xes-onoff-grid-hybrid-solar-inverter\/","title":{"rendered":"Onduleur solaire hybride XES On&amp;Off Grid"},"content":{"rendered":"<table width=\"1250\">\n<tbody>\n<tr>\n<td style=\"color: #fff; text-align: center;\" colspan=\"9\" width=\"1250\">Param\u00e8tres<\/td>\n<\/tr>\n<tr>\n<td colspan=\"2\">Mod\u00e8le : ES<\/td>\n<td>30248<\/td>\n<td>50248<\/td>\n<td>80296<\/td>\n<td>10396<\/td>\n<td>153192<\/td>\n<td>203192<\/td>\n<td>253240<\/td>\n<\/tr>\n<tr>\n<td rowspan=\"5\">Entr\u00e9e photovolta\u00efque<\/td>\n<td width=\"250\">Tension d&#039;entr\u00e9e maximale (cov)<br \/>\n(A la temp\u00e9rature la plus basse)<\/td>\n<td colspan=\"2\">150V<\/td>\n<td colspan=\"2\">300V<\/td>\n<td colspan=\"2\">450V<\/td>\n<td>500V<\/td>\n<\/tr>\n<tr>\n<td>Plage de suivi MPPT<\/td>\n<td colspan=\"2\">60V~120V<\/td>\n<td colspan=\"2\">120V-240V<\/td>\n<td colspan=\"2\">240V-360V<\/td>\n<td>300V-400V<\/td>\n<\/tr>\n<tr>\n<td>Plage de tension de fonctionnement recommand\u00e9e<\/td>\n<td colspan=\"2\">60V~80V<\/td>\n<td colspan=\"2\">120V-160V<\/td>\n<td colspan=\"2\">240V-320V<\/td>\n<td>300V-380V<\/td>\n<\/tr>\n<tr>\n<td>Num\u00e9ro de route MPPT<\/td>\n<td colspan=\"7\">2<\/td>\n<\/tr>\n<tr>\n<td>Puissance d&#039;entr\u00e9e maximale<\/td>\n<td>1960W\/1960W<\/td>\n<td>3360W\/3360W<\/td>\n<td>5000W\/5000W<\/td>\n<td>6150W\/6150W<\/td>\n<td>8.8KW\/8.8KW<\/td>\n<td>11.2KW\/11.2KW<\/td>\n<td>14KW\/14KW<\/td>\n<\/tr>\n<tr>\n<td rowspan=\"6\">Batterie<\/td>\n<td>Type de batterie<\/td>\n<td colspan=\"7\">Batterie plomb-acide \/ Batterie lithium-ion<\/td>\n<\/tr>\n<tr>\n<td>Tension nominale<\/td>\n<td colspan=\"2\">48V<\/td>\n<td colspan=\"2\">96V<\/td>\n<td>192V<\/td>\n<td>192V<\/td>\n<td>240V<\/td>\n<\/tr>\n<tr>\n<td width=\"250\">Courant de charge maximum<br \/>\n(Peut \u00eatre r\u00e9gl\u00e9, recommand\u00e9 0.1C)<\/td>\n<td width=\"125\">70A(PV)\/<br \/>\n35A (secteur)<\/td>\n<td width=\"125\">120A(PV)\/<br \/>\n60A (secteur)<\/td>\n<td width=\"125\">100A (PV)\/<br \/>\n40A (secteur)<\/td>\n<td width=\"125\">110A (PV)\/<br \/>\n60A (secteur)<\/td>\n<td width=\"125\">80A (PV)\/<br \/>\n40A (secteur)<\/td>\n<td width=\"125\">110A (PV)\/<br \/>\n60A (secteur)<\/td>\n<td width=\"125\">110A (PV)\/<br \/>\n60A (secteur)<\/td>\n<\/tr>\n<tr>\n<td>Tension flottante (peut \u00eatre r\u00e9gl\u00e9e)<\/td>\n<td colspan=\"2\">55.2V<\/td>\n<td colspan=\"2\">110.4V<\/td>\n<td colspan=\"2\">220.8V<\/td>\n<td>276V<\/td>\n<\/tr>\n<tr>\n<td>Tension de charge (peut \u00eatre r\u00e9gl\u00e9e)<\/td>\n<td colspan=\"2\">56.8V<\/td>\n<td colspan=\"2\">113.6V<\/td>\n<td colspan=\"2\">227.2V<\/td>\n<td>284V<\/td>\n<\/tr>\n<tr>\n<td>M\u00e9thode de charge<\/td>\n<td colspan=\"7\">3 \u00e9tages\/2 \u00e9tages<\/td>\n<\/tr>\n<tr>\n<td rowspan=\"5\">Entr\u00e9e CA<\/td>\n<td width=\"250\">Tension nominale<\/td>\n<td colspan=\"7\" width=\"875\">220V\/230V<\/td>\n<\/tr>\n<tr>\n<td width=\"250\">Plage de tension d&#039;entr\u00e9e<\/td>\n<td colspan=\"7\" width=\"875\">187V~264V<\/td>\n<\/tr>\n<tr>\n<td width=\"250\">Fr\u00e9quence d&#039;entr\u00e9e nominale<\/td>\n<td colspan=\"7\" width=\"875\">45Hz~55Hz(50Hz) \/ 55Hz~65Hz(60Hz)<\/td>\n<\/tr>\n<tr>\n<td width=\"250\">Protection contre l&#039;\u00eelotage<\/td>\n<td colspan=\"7\" width=\"875\">\u22642S<\/td>\n<\/tr>\n<tr>\n<td width=\"250\">Temps de reconnexion<\/td>\n<td colspan=\"7\" width=\"875\">30S<\/td>\n<\/tr>\n<tr>\n<td rowspan=\"5\" width=\"125\">Sortie CA<br \/>\n(mode hors r\u00e9seau)<\/td>\n<td width=\"250\">Puissance de sortie nominale<\/td>\n<td width=\"125\">3KW<\/td>\n<td width=\"125\">5KW<\/td>\n<td width=\"125\">8KW<\/td>\n<td width=\"125\">10KW<\/td>\n<td>15KW<\/td>\n<td>20KW<\/td>\n<td>25KW<\/td>\n<\/tr>\n<tr>\n<td width=\"250\">Tension de sortie nominale<\/td>\n<td colspan=\"7\" width=\"875\">220V\/230V<\/td>\n<\/tr>\n<tr>\n<td width=\"250\">Pr\u00e9cision de la tension de sortie<\/td>\n<td colspan=\"7\" width=\"875\">\u00b12%<\/td>\n<\/tr>\n<tr>\n<td width=\"250\">Fr\u00e9quence de sortie nominale<\/td>\n<td colspan=\"7\" width=\"875\">50Hz\/60Hz<\/td>\n<\/tr>\n<tr>\n<td width=\"250\">Pr\u00e9cision de la fr\u00e9quence de sortie<\/td>\n<td colspan=\"7\" width=\"875\">\u00b11%<\/td>\n<\/tr>\n<tr>\n<td rowspan=\"5\" width=\"125\">Sortie CA<br \/>\n(en mode grille)<\/td>\n<td width=\"250\">Puissance de sortie nominale<\/td>\n<td width=\"125\">3KW<\/td>\n<td width=\"125\">5KW<\/td>\n<td width=\"125\">8KW<\/td>\n<td width=\"125\">10KW<\/td>\n<td>15KW<\/td>\n<td>20KW<\/td>\n<td>25KW<\/td>\n<\/tr>\n<tr>\n<td width=\"250\">Courant de sortie nominal<\/td>\n<td width=\"125\">13.6A<\/td>\n<td width=\"125\">22.7A<\/td>\n<td width=\"125\">36.4A<\/td>\n<td width=\"125\">45.5A<\/td>\n<td width=\"125\">68.2A<\/td>\n<td width=\"125\">90.1A<\/td>\n<td width=\"125\">113.6A<\/td>\n<\/tr>\n<tr>\n<td width=\"250\">Tension de sortie<\/td>\n<td colspan=\"7\" width=\"875\">187V~264V<\/td>\n<\/tr>\n<tr>\n<td width=\"250\">Fr\u00e9quence de sortie<\/td>\n<td colspan=\"7\" width=\"875\">47~52Hz\/57~62Hz<\/td>\n<\/tr>\n<tr>\n<td width=\"250\">Facteur de puissance<\/td>\n<td colspan=\"7\" width=\"875\">&gt; 0,99 (puissance nominale)<\/td>\n<\/tr>\n<tr>\n<td rowspan=\"6\">protection<\/td>\n<td width=\"250\">Court-circuit de sortie<\/td>\n<td colspan=\"7\" width=\"875\">Oui<\/td>\n<\/tr>\n<tr>\n<td width=\"250\">Surcharge<\/td>\n<td colspan=\"7\" width=\"875\">Oui<\/td>\n<\/tr>\n<tr>\n<td width=\"250\">Surtension\/sous-tension<\/td>\n<td colspan=\"7\" width=\"875\">Oui<\/td>\n<\/tr>\n<tr>\n<td width=\"250\">Sur-fr\u00e9quence\/sous-fr\u00e9quence<\/td>\n<td colspan=\"7\" width=\"875\">Oui<\/td>\n<\/tr>\n<tr>\n<td width=\"250\">Au cours de la temp\u00e9rature<\/td>\n<td colspan=\"7\" width=\"875\">Oui<\/td>\n<\/tr>\n<tr>\n<td width=\"250\">Protection des \u00eeles<\/td>\n<td colspan=\"7\" width=\"875\">Oui<\/td>\n<\/tr>\n<tr>\n<td rowspan=\"13\">Param\u00e8tre r\u00e9gulier<\/td>\n<td width=\"250\">Topologie<\/td>\n<td colspan=\"7\" width=\"875\">Isolement du transformateur<\/td>\n<\/tr>\n<tr>\n<td width=\"250\">Afficher<\/td>\n<td colspan=\"7\" width=\"875\">ACL+DEL<\/td>\n<\/tr>\n<tr>\n<td width=\"250\">Communications (facultatif)<\/td>\n<td colspan=\"7\" width=\"875\">RS485\/APP (surveillance WIFI ou surveillance GPRS)<\/td>\n<\/tr>\n<tr>\n<td width=\"250\">Temp\u00e9rature de fonctionnement<\/td>\n<td colspan=\"7\" width=\"875\">-10\u2103~60\u2103 (D\u00e9classement au-dessus de 45\u00b0C)<\/td>\n<\/tr>\n<tr>\n<td width=\"250\">Temp\u00e9rature de stockage<\/td>\n<td colspan=\"7\" width=\"875\">-20\u2103~60\u2103<\/td>\n<\/tr>\n<tr>\n<td width=\"250\">Bruit<\/td>\n<td colspan=\"7\" width=\"875\">\u226460dB<\/td>\n<\/tr>\n<tr>\n<td width=\"250\">Humidit\u00e9 relative<\/td>\n<td colspan=\"7\">0%~95% (sans condensation)<\/td>\n<\/tr>\n<tr>\n<td width=\"250\">Altitude la plus \u00e9lev\u00e9e<\/td>\n<td colspan=\"7\" width=\"875\">2000m (plus que d\u00e9classement)<\/td>\n<\/tr>\n<tr>\n<td width=\"250\">Dimension de la machine(L*W*Hmm)<\/td>\n<td colspan=\"2\" width=\"250\">592*380*265<\/td>\n<td colspan=\"2\" width=\"250\">550*380*675<\/td>\n<td colspan=\"3\" width=\"375\">620*380*825<\/td>\n<\/tr>\n<tr>\n<td width=\"250\">Dimension de paquet (L*W*Hmm)<\/td>\n<td colspan=\"2\" width=\"250\">650*435*290<\/td>\n<td colspan=\"2\" width=\"250\">610*440*800<\/td>\n<td colspan=\"3\" width=\"375\">680*440*950<\/td>\n<\/tr>\n<tr>\n<td width=\"250\">NO(kg)<\/td>\n<td width=\"125\">36<\/td>\n<td width=\"125\">45<\/td>\n<td width=\"125\">70<\/td>\n<td width=\"125\">75<\/td>\n<td width=\"125\">128<\/td>\n<td width=\"125\">134<\/td>\n<td width=\"125\">140<\/td>\n<\/tr>\n<tr>\n<td width=\"250\">GW(kg)<\/td>\n<td width=\"125\">40<\/td>\n<td width=\"125\">49<\/td>\n<td width=\"125\">80<\/td>\n<td width=\"125\">85<\/td>\n<td width=\"125\">140<\/td>\n<td width=\"125\">146<\/td>\n<td width=\"125\">152<\/td>\n<\/tr>\n<tr>\n<td width=\"250\">M\u00e9thode d&#039;installation<\/td>\n<td colspan=\"2\" width=\"250\">Mural<\/td>\n<td colspan=\"5\">La tour<\/td>\n<\/tr>\n<tr>\n<td style=\"color: #fff; text-align: center;\" colspan=\"9\">Remarque : Toutes les sp\u00e9cifications sont soumises \u00e0 des frais sans pr\u00e9avis<\/td>\n<\/tr>\n<\/tbody>\n<\/table>","protected":false},"excerpt":{"rendered":"<p><strong style=\"color: #80b645;\">Fonctionnalit\u00e9:<\/strong><br \/>\n\u25c6 Syst\u00e8me de gestion de l&#039;\u00e9nergie intelligent int\u00e9gr\u00e9, une vari\u00e9t\u00e9 de modes peut \u00eatre d\u00e9finie\u00a0;<br \/>\n\u25c7 Coupez les pics et remplissez les vall\u00e9es pour r\u00e9duire la pression du r\u00e9seau et maximiser les profits\uff1b<br \/>\n\u25c6 Double entr\u00e9e MPPT, algorithme pr\u00e9cis, utilisation efficace de l&#039;\u00e9nergie PV\uff1b<br \/>\n\u25c7 Prend en charge plusieurs op\u00e9rations parall\u00e8les pour l&#039;expansion de l&#039;utilisateur\u00a0;<br \/>\n\u25c6 Technologie de charge en 3 \u00e9tapes\/2 \u00e9tapes pour prot\u00e9ger la dur\u00e9e de vie de la batterie\u00a0;<br \/>\n\u25c7 Conception de stockage d&#039;\u00e9nergie bidirectionnelle, PV, le secteur peut charger la batterie\u00a0;<br \/>\n\u25c6 Prise en charge de plusieurs logiciels de surveillance \u00e0 distance (RS485\/APP (surveillance WIFI ou surveillance GPRS)<\/p>","protected":false},"featured_media":856,"comment_status":"open","ping_status":"closed","template":"","meta":[],"product_cat":[23],"product_tag":[],"class_list":{"0":"post-855","1":"product","2":"type-product","3":"status-publish","4":"has-post-thumbnail","6":"product_cat-on-off-grid-inverter","8":"first","9":"instock","10":"shipping-taxable","11":"product-type-simple"},"_links":{"self":[{"href":"https:\/\/www.xd-solar.com\/fr\/wp-json\/wp\/v2\/product\/855","targetHints":{"allow":["GET"]}}],"collection":[{"href":"https:\/\/www.xd-solar.com\/fr\/wp-json\/wp\/v2\/product"}],"about":[{"href":"https:\/\/www.xd-solar.com\/fr\/wp-json\/wp\/v2\/types\/product"}],"replies":[{"embeddable":true,"href":"https:\/\/www.xd-solar.com\/fr\/wp-json\/wp\/v2\/comments?post=855"}],"wp:featuredmedia":[{"embeddable":true,"href":"https:\/\/www.xd-solar.com\/fr\/wp-json\/wp\/v2\/media\/856"}],"wp:attachment":[{"href":"https:\/\/www.xd-solar.com\/fr\/wp-json\/wp\/v2\/media?parent=855"}],"wp:term":[{"taxonomy":"product_cat","embeddable":true,"href":"https:\/\/www.xd-solar.com\/fr\/wp-json\/wp\/v2\/product_cat?post=855"},{"taxonomy":"product_tag","embeddable":true,"href":"https:\/\/www.xd-solar.com\/fr\/wp-json\/wp\/v2\/product_tag?post=855"}],"curies":[{"name":"wp","href":"https:\/\/api.w.org\/{rel}","templated":true}]}}