{"id":874,"date":"2023-05-06T10:46:24","date_gmt":"2023-05-06T02:46:24","guid":{"rendered":"https:\/\/xd-solar.com\/?post_type=product&#038;p=874"},"modified":"2023-05-25T11:36:39","modified_gmt":"2023-05-25T03:36:39","slug":"xd2-mppt-solar-charge-controller-80a-100a","status":"publish","type":"product","link":"https:\/\/www.xd-solar.com\/fr\/produit\/xd2-mppt-solar-charge-controller-80a-100a\/","title":{"rendered":"Contr\u00f4leur de charge solaire XD2 MPPT 80A-100A"},"content":{"rendered":"<table width=\"1234\">\n<tbody>\n<tr>\n<td style=\"color: #fff; text-align: center;\" width=\"244\">Mod\u00e8le : XD2<\/td>\n<td style=\"color: #fff; text-align: center;\" width=\"165\">10124, 20124, 30124<\/td>\n<td style=\"color: #fff; text-align: center;\" width=\"165\">1048, 2048, 3048<\/td>\n<td style=\"color: #fff; text-align: center;\" width=\"165\">40124\uff0c 50124\uff0c 60124<\/td>\n<td style=\"color: #fff; text-align: center;\" width=\"165\">4048, 5048, 6048<\/td>\n<td style=\"color: #fff; text-align: center;\" width=\"165\">80124\uff0c 100124<\/td>\n<td style=\"color: #fff; text-align: center;\" width=\"165\">8048\uff0c 10048<\/td>\n<\/tr>\n<tr>\n<td>Courant nominal<\/td>\n<td colspan=\"2\">10A\/20A\/30A<\/td>\n<td colspan=\"2\">40A\/50A\/60A<\/td>\n<td colspan=\"2\">80A\/100A<\/td>\n<\/tr>\n<tr>\n<td>Tension nominale du syst\u00e8me<\/td>\n<td>12V\/24V<\/td>\n<td>48V<\/td>\n<td>12V\/24V<\/td>\n<td>48V<\/td>\n<td>12V\/24V<\/td>\n<td>48V<\/td>\n<\/tr>\n<tr>\n<td width=\"244\">Tension d&#039;entr\u00e9e PV maximale (Voc)<br \/>\n(\u00c0 la temp\u00e9rature ambiante la plus basse)<\/td>\n<td>120V<\/td>\n<td>180V<\/td>\n<td>120V<\/td>\n<td>180V<\/td>\n<td>120V<\/td>\n<td>180V<\/td>\n<\/tr>\n<tr>\n<td>Plage de tension de suivi MPPT<\/td>\n<td colspan=\"6\">Syst\u00e8me 12 V : 15 V-80 V ; Syst\u00e8me 24 V : 30 V-100 V ; Syst\u00e8me 48V\u00a0: 60V-140V<\/td>\n<\/tr>\n<tr>\n<td>Plage de tension de fonctionnement recommand\u00e9e<\/td>\n<td colspan=\"6\">Syst\u00e8me 12 V : 15 V-30 V ; Syst\u00e8me 24 V : 30 V-60 V ; Syst\u00e8me 48V\u00a0: 60V-90V<\/td>\n<\/tr>\n<tr>\n<td>Puissance maximale du g\u00e9n\u00e9rateur photovolta\u00efque<\/td>\n<td colspan=\"6\" width=\"990\">Syst\u00e8me 12 V : 140 W (10 A)\/280 W (20 A)\/420 W (30 A)\/560 W (40 A)\/700 W (50 A)\/840 W (60 A)\/1120 W (80 A)\/1400 W (100 A) ;<br \/>\nSyst\u00e8me 24 V : 280 W (10 A)\/560 W (20 A)\/840 W (30 A)\/1120 W (40 A)\/1400 W (50 A)\/1680 W (60 A)\/2240 W (80 A)\/2800 W (100 A) ;<br \/>\nSyst\u00e8me 48V\u00a0: 560W(10A)\/1120W(20A)\/1680W(30A)\/2240W(40A)\/2800W(50A)\/3360W(60A)\/4480W(80A)\/5600W(100A)<\/td>\n<\/tr>\n<tr>\n<td>Type de batterie<\/td>\n<td colspan=\"6\">Batterie au plomb\/batterie au lithium (les utilisateurs peuvent personnaliser les param\u00e8tres de charge pour d&#039;autres types de batteries)<\/td>\n<\/tr>\n<tr>\n<td>Tension flottante<\/td>\n<td colspan=\"6\">13,8\u00a0V\/batterie unique<\/td>\n<\/tr>\n<tr>\n<td>Tension de charge<\/td>\n<td colspan=\"6\" width=\"990\">14,2\u00a0V\/batterie unique<\/td>\n<\/tr>\n<tr>\n<td>Tension de protection de charge<\/td>\n<td colspan=\"6\">15V\/Batterie simple<\/td>\n<\/tr>\n<tr>\n<td>Promouvoir la tension de r\u00e9cup\u00e9ration<\/td>\n<td colspan=\"6\">13,8\u00a0V\/batterie unique<\/td>\n<\/tr>\n<tr>\n<td>Tension de r\u00e9tablissement apr\u00e8s d\u00e9connexion basse tension<\/td>\n<td colspan=\"6\">12,5\u00a0V\/batterie unique<\/td>\n<\/tr>\n<tr>\n<td width=\"244\">Tension limit\u00e9e de d\u00e9charge<\/td>\n<td colspan=\"6\">10,5\u00a0V\/batterie unique<\/td>\n<\/tr>\n<tr>\n<td>Coefficient de compensation de temp\u00e9rature<\/td>\n<td colspan=\"6\">-3mV \/ \u2103 \/ 2V (25\u2103 est la ligne de base) (facultatif)<\/td>\n<\/tr>\n<tr>\n<td>Mode de charge<\/td>\n<td colspan=\"6\">Suivi du point de puissance maximale MPPT<\/td>\n<\/tr>\n<tr>\n<td>M\u00e9thode de charge<\/td>\n<td colspan=\"6\">Trois \u00e9tapes\u00a0: courant constant (MPPT)\u00a0; courant continu; charge flottante<\/td>\n<\/tr>\n<tr>\n<td>protection<\/td>\n<td colspan=\"6\">Protection contre les surtensions\/sous-tensions\/surchauffe\/anti-retour<\/td>\n<\/tr>\n<tr>\n<td>Efficacit\u00e9 de conversion<\/td>\n<td colspan=\"6\">&gt;98%<\/td>\n<\/tr>\n<tr>\n<td>Efficacit\u00e9 du suivi MPPT<\/td>\n<td colspan=\"6\">&gt;99%<\/td>\n<\/tr>\n<tr>\n<td>Taille de la machine(L*W*Hmm)<\/td>\n<td colspan=\"2\">214*155*72.8<\/td>\n<td colspan=\"2\">238*180*82<\/td>\n<td colspan=\"2\">315*210*106.5<\/td>\n<\/tr>\n<tr>\n<td>Taille de l&#039;emballage (L*W*Hmm)<\/td>\n<td colspan=\"2\" width=\"330\">243*184*115 (1pc)<br \/>\n497*379*247 (8 pi\u00e8ces)<\/td>\n<td colspan=\"2\" width=\"330\">267*209*124 (1 pi\u00e8ce)<br \/>\n639*278*265 (6 pi\u00e8ces)<\/td>\n<td colspan=\"2\" width=\"330\">344*239*149 (1pc)<br \/>\n489*355*315 (4 pi\u00e8ces)<\/td>\n<\/tr>\n<tr>\n<td>NO(kg)<\/td>\n<td colspan=\"2\">1.6 (1 pi\u00e8ce)<\/td>\n<td colspan=\"2\">2.4 (1 pi\u00e8ce)<\/td>\n<td colspan=\"2\">4.2 (1 pi\u00e8ce)<\/td>\n<\/tr>\n<tr>\n<td>GW(kg)<\/td>\n<td colspan=\"2\">1.8 (1pc)<\/td>\n<td colspan=\"2\">2.7 (1 pi\u00e8ce)<\/td>\n<td colspan=\"2\">4.6 (1 pi\u00e8ce)<\/td>\n<\/tr>\n<tr style=\"background: #80b645;\">\n<td style=\"color: #fff; text-align: center;\" colspan=\"7\">Param\u00e8tres<\/td>\n<\/tr>\n<tr>\n<td>Afficher<\/td>\n<td colspan=\"6\">LCD<\/td>\n<\/tr>\n<tr>\n<td>M\u00e9thode thermique<\/td>\n<td colspan=\"6\">Ventilateur de refroidissement en contr\u00f4le intelligent<\/td>\n<\/tr>\n<tr>\n<td>Type de protection m\u00e9canique<\/td>\n<td colspan=\"6\">IP20<\/td>\n<\/tr>\n<tr>\n<td>Temp\u00e9rature de fonctionnement<\/td>\n<td colspan=\"6\">-15\u2103~+50\u2103<\/td>\n<\/tr>\n<tr>\n<td>Temp\u00e9rature de stockage<\/td>\n<td colspan=\"6\">-20\u2103~+60\u2103<\/td>\n<\/tr>\n<tr>\n<td>\u00c9l\u00e9vation<\/td>\n<td colspan=\"6\">5000m (Dreating au-dessus de 2000m)<\/td>\n<\/tr>\n<tr>\n<td>Humidit\u00e9<\/td>\n<td colspan=\"6\">5%~95% (sans condensation)<\/td>\n<\/tr>\n<tr>\n<td>Communication<\/td>\n<td colspan=\"6\">RS485\/APP (surveillance WIFI ou surveillance GPRS)<\/td>\n<\/tr>\n<tr>\n<td style=\"color: #fff; text-align: center;\" colspan=\"7\">Remarque\u00a0: Toutes les sp\u00e9cifications sont susceptibles d&#039;\u00eatre modifi\u00e9es sans pr\u00e9avis<\/td>\n<\/tr>\n<\/tbody>\n<\/table>","protected":false},"excerpt":{"rendered":"<p><strong style=\"color: #80b645;\">Fonctionnalit\u00e9:<\/strong><br \/>\n\u25c6 Algorithme de suivi MPPT avanc\u00e9, avec une efficacit\u00e9 de suivi jusqu&#039;\u00e0 99%. Par rapport \u00e0 l&#039;ordinaire<br \/>\nAlgorithme PWM, l&#039;efficacit\u00e9 de la production d&#039;\u00e9nergie peut \u00eatre am\u00e9lior\u00e9e d&#039;environ 20%\u00a0;<br \/>\n\u25c7 Affichage graphique LCD des donn\u00e9es de production d&#039;\u00e9nergie photovolta\u00efque et simulation du processus de production d&#039;\u00e9nergie\u00a0;<br \/>\n\u25c6 Plusieurs modes de travail de charge peuvent \u00eatre d\u00e9finis pour s&#039;adapter \u00e0 diff\u00e9rentes occasions de travail\u00a0;<br \/>\n\u25c7 Plage de tension d&#039;entr\u00e9e photovolta\u00efque ultra large, configuration syst\u00e8me plus pratique\u00a0;<br \/>\n\u25c6 Il prend en charge une vari\u00e9t\u00e9 de batteries au plomb et de batteries au lithium, et les utilisateurs peuvent personnaliser le<br \/>\nparam\u00e8tres de charge et de d\u00e9charge\u00a0; Les utilisateurs sont plus flexibles et pratiques \u00e0 utiliser\u00a0;<br \/>\n\u25c7 Fonction d&#039;activation de la batterie au lithium\u00a0;<br \/>\n\u25c6 Gamme compl\u00e8te de fonctions de protection \u00e9lectronique\u00a0: connexion anti-retour de batterie, connexion anti-retour PV,<br \/>\nprotection contre les surintensit\u00e9s de charge, les surintensit\u00e9s de sortie CC, les surchauffes, les surtensions et les sous-tensions\u00a0;<br \/>\n\u25c7 Fonction de gestion intelligente de la batterie, prolongeant la dur\u00e9e de vie de la batterie\u00a0;<br \/>\n\u25c6 L&#039;interface de communication RS485 (protocole Mod Bus) et l&#039;application de t\u00e9l\u00e9phonie mobile sont pratiques \u00e0 int\u00e9grer et \u00e0 g\u00e9rer pour les utilisateurs.<\/p>","protected":false},"featured_media":1135,"comment_status":"open","ping_status":"closed","template":"","meta":[],"product_cat":[17],"product_tag":[],"class_list":{"0":"post-874","1":"product","2":"type-product","3":"status-publish","4":"has-post-thumbnail","6":"product_cat-solar-controller","8":"first","9":"instock","10":"shipping-taxable","11":"product-type-simple"},"_links":{"self":[{"href":"https:\/\/www.xd-solar.com\/fr\/wp-json\/wp\/v2\/product\/874","targetHints":{"allow":["GET"]}}],"collection":[{"href":"https:\/\/www.xd-solar.com\/fr\/wp-json\/wp\/v2\/product"}],"about":[{"href":"https:\/\/www.xd-solar.com\/fr\/wp-json\/wp\/v2\/types\/product"}],"replies":[{"embeddable":true,"href":"https:\/\/www.xd-solar.com\/fr\/wp-json\/wp\/v2\/comments?post=874"}],"wp:featuredmedia":[{"embeddable":true,"href":"https:\/\/www.xd-solar.com\/fr\/wp-json\/wp\/v2\/media\/1135"}],"wp:attachment":[{"href":"https:\/\/www.xd-solar.com\/fr\/wp-json\/wp\/v2\/media?parent=874"}],"wp:term":[{"taxonomy":"product_cat","embeddable":true,"href":"https:\/\/www.xd-solar.com\/fr\/wp-json\/wp\/v2\/product_cat?post=874"},{"taxonomy":"product_tag","embeddable":true,"href":"https:\/\/www.xd-solar.com\/fr\/wp-json\/wp\/v2\/product_tag?post=874"}],"curies":[{"name":"wp","href":"https:\/\/api.w.org\/{rel}","templated":true}]}}