{"id":888,"date":"2023-05-06T10:57:10","date_gmt":"2023-05-06T02:57:10","guid":{"rendered":"https:\/\/xd-solar.com\/?post_type=product&#038;p=888"},"modified":"2024-08-01T13:58:25","modified_gmt":"2024-08-01T05:58:25","slug":"solar-pump-inverter-solar-water-pump","status":"publish","type":"product","link":"https:\/\/www.xd-solar.com\/fr\/produit\/solar-pump-inverter-solar-water-pump\/","title":{"rendered":"Inverseur de pompe solaire (pompe \u00e0 eau solaire)"},"content":{"rendered":"<table width=\"1732\">\n<tbody>\n<tr>\n<td style=\"color: #fff; text-align: center;\" colspan=\"5\" width=\"1732\">Sp\u00e9cifications techniques<\/td>\n<\/tr>\n<tr>\n<td colspan=\"2\" width=\"634\">Mod\u00e8le<\/td>\n<td>XD750LB<\/td>\n<td>XD1500L<\/td>\n<td>XD2200L<\/td>\n<\/tr>\n<tr style=\"background: #80b645;\">\n<td style=\"color: #fff; text-align: center;\" colspan=\"5\" width=\"1732\">Entr\u00e9e solaire<\/td>\n<\/tr>\n<tr>\n<td colspan=\"2\" width=\"634\">Tension maximale de COV<\/td>\n<td colspan=\"3\" width=\"1098\">450V<\/td>\n<\/tr>\n<tr>\n<td colspan=\"2\" width=\"634\">Tension Vmp minimale<\/td>\n<td width=\"366\">80V<\/td>\n<td colspan=\"2\" width=\"732\">200V<\/td>\n<\/tr>\n<tr>\n<td colspan=\"2\" width=\"634\">Recommander la tension Vmp<\/td>\n<td width=\"366\">100Vmp &lt;DC Input&lt;430Voc<br \/>\n(Booster int\u00e9gr\u00e9)<\/td>\n<td colspan=\"2\" width=\"732\">300Vmp &lt;DC Input&lt;430Voc\u00a0 (Only Solar Input)<br \/>\n340Vmp &lt;DC Input&lt;400Voc\u00a0 (Hybrid Power Input)<\/td>\n<\/tr>\n<tr>\n<td colspan=\"2\" width=\"634\">Efficacit\u00e9 MPPT maximale<\/td>\n<td colspan=\"3\" width=\"1098\">99%<\/td>\n<\/tr>\n<tr>\n<td colspan=\"2\" width=\"634\">Courant d&#039;entr\u00e9e maximum<\/td>\n<td width=\"366\">15 A<\/td>\n<td width=\"366\">7 A<\/td>\n<td width=\"366\">10 A<\/td>\n<\/tr>\n<tr>\n<td colspan=\"2\" width=\"634\">Nombre de cordes<\/td>\n<td colspan=\"3\" width=\"1098\">1<\/td>\n<\/tr>\n<tr>\n<td colspan=\"2\" width=\"634\">Int\u00e9rieur Booster<\/td>\n<td>OUI<\/td>\n<td>N<\/td>\n<td>N<\/td>\n<\/tr>\n<tr style=\"background: #80b645;\">\n<td style=\"color: #fff; text-align: center;\" colspan=\"5\" width=\"1732\">Entr\u00e9e CA hybride<\/td>\n<\/tr>\n<tr>\n<td colspan=\"2\" width=\"634\">Tension<\/td>\n<td colspan=\"3\" width=\"1098\">220\/240V monophas\u00e9<\/td>\n<\/tr>\n<tr>\n<td colspan=\"2\" width=\"634\">Courant d&#039;entr\u00e9e nominal<\/td>\n<td width=\"366\">7 A<\/td>\n<td width=\"366\">10A<\/td>\n<td width=\"366\">14A<\/td>\n<\/tr>\n<tr>\n<td colspan=\"2\" width=\"634\">Mode hybride<\/td>\n<td width=\"366\">N<\/td>\n<td colspan=\"2\" width=\"732\">Suppl\u00e9ment automatique .AC automatique lorsque le solaire est en mode basse consommation et d\u00e9connexion automatique du courant alternatif pendant la r\u00e9cup\u00e9ration de l&#039;\u00e9nergie solaire<\/td>\n<\/tr>\n<tr style=\"background: #80b645;\" >\n<td style=\"color: #fff; text-align: center;\" colspan=\"5\" width=\"1732\">Sortie CA pour la pompe (moteur \u00e0 induction CA)<\/td>\n<\/tr>\n<tr>\n<td colspan=\"2\" width=\"634\">Puissance maximale de la pompe \u00e0 courant alternatif adapt\u00e9e<\/td>\n<td width=\"366\">1 CV<\/td>\n<td width=\"366\">2 CV<\/td>\n<td width=\"366\">3 CV<\/td>\n<\/tr>\n<tr>\n<td colspan=\"2\" width=\"634\">Puissance maximale de la pompe AC adapt\u00e9e<\/td>\n<td width=\"366\">750W<\/td>\n<td width=\"366\">1500W<\/td>\n<td width=\"366\">2200W<\/td>\n<\/tr>\n<tr>\n<td colspan=\"2\" width=\"634\">Phase<\/td>\n<td colspan=\"3\" width=\"1098\">\u00a0Monophas\u00e9 (1 phase) \/ 3Phase (compatibilit\u00e9)<\/td>\n<\/tr>\n<tr>\n<td colspan=\"2\" width=\"634\">Tension de sortie maximale<\/td>\n<td colspan=\"3\" width=\"1098\">220 \/ 240V<\/td>\n<\/tr>\n<tr>\n<td colspan=\"2\" width=\"634\">Fr\u00e9quence de sortie maximale<\/td>\n<td colspan=\"3\" width=\"1098\">50 ~ 60Hz<\/td>\n<\/tr>\n<tr>\n<td colspan=\"2\" width=\"634\">Courant de sortie nominal<\/td>\n<td width=\"366\">7 A<\/td>\n<td>10A<\/td>\n<td>14 A<\/td>\n<\/tr>\n<tr style=\"background: #80b645;\">\n<td style=\"color: #fff; text-align: center;\" colspan=\"5\" width=\"1732\">Autres personnages<\/td>\n<\/tr>\n<tr>\n<td colspan=\"2\" width=\"634\">Efficacit\u00e9 maximale<\/td>\n<td colspan=\"3\">97%<\/td>\n<\/tr>\n<tr>\n<td colspan=\"2\" width=\"634\">Capteur de niveau d&#039;eau (puits\/r\u00e9servoir)<\/td>\n<td colspan=\"3\" width=\"1098\">Oui<\/td>\n<\/tr>\n<tr>\n<td colspan=\"2\" width=\"634\">Moniteur et contr\u00f4leur 4G\/Wifi<\/td>\n<td colspan=\"3\" width=\"1098\">Prise en charge (facultatif)<\/td>\n<\/tr>\n<tr>\n<td colspan=\"2\" width=\"634\">Afficher<\/td>\n<td colspan=\"3\" width=\"1098\">\u00c9cran LCD (128*64)<\/td>\n<\/tr>\n<tr>\n<td colspan=\"2\" width=\"634\">Imperm\u00e9able<\/td>\n<td colspan=\"3\" width=\"1098\">IP65<\/td>\n<\/tr>\n<tr>\n<td colspan=\"2\" width=\"634\">Bruit<\/td>\n<td colspan=\"3\" width=\"1098\">&lt; 50dB<\/td>\n<\/tr>\n<tr>\n<td colspan=\"2\" width=\"634\">M\u00e9thode de refroidissement<\/td>\n<td>Refroidissement naturel<\/td>\n<td colspan=\"2\" width=\"732\">Refroidissement forc\u00e9 par ventilateur (IP68)<\/td>\n<\/tr>\n<tr>\n<td colspan=\"2\" width=\"634\">protection<\/td>\n<td colspan=\"3\" width=\"1098\">Entr\u00e9e CC solaire basse\/surtension<br \/>\nPolarit\u00e9 invers\u00e9e de l&#039;entr\u00e9e CC solaire<br \/>\nCourt-circuit de sortie CA<br \/>\nSurintensit\u00e9 de sortie CA<br \/>\nAu cours de la temp\u00e9rature<br \/>\nSurcharge<br \/>\nD\u00e9bordement du r\u00e9servoir<br \/>\nContre la foudre<br \/>\nPerte de phase de sortie CA (3 phases)<br \/>\nD\u00e9s\u00e9quilibre de sortie CA (3 phases) Fonctionnement \u00e0 sec (d\u00e9tection par capteur ou logiciel)<\/td>\n<\/tr>\n<tr style=\"background: #80b645;\">\n<td style=\"color: #fff; text-align: center;\" colspan=\"5\" width=\"1732\">Environnement d&#039;exploitation<\/td>\n<\/tr>\n<tr>\n<td colspan=\"2\" width=\"634\">Temp\u00e9rature de l&#039;environnement de fonctionnement<\/td>\n<td colspan=\"3\" width=\"1098\">-10 \u00e0 60 \u2103, au-dessus de 60 \u2103, il faut d\u00e9classer la charge<\/td>\n<\/tr>\n<tr>\n<td colspan=\"2\" width=\"634\">Humidit\u00e9 maximale<\/td>\n<td colspan=\"3\" width=\"1098\">95%RH<\/td>\n<\/tr>\n<tr>\n<td colspan=\"2\" width=\"634\">Utiliser l&#039;altitude<\/td>\n<td colspan=\"3\" width=\"1098\">&lt; 3000 m, au-dessus de 3000 m, il faut d\u00e9classer la charge<\/td>\n<\/tr>\n<tr>\n<td colspan=\"5\" width=\"1732\">Interdiction de l&#039;emplacement d&#039;installation\u00a0: lumi\u00e8re directe du soleil, poussi\u00e8re \u00e9paisse, gaz corrosif ou brouillard d&#039;huile, gaz inflammable, liquide, etc.<\/td>\n<\/tr>\n<tr style=\"background: #80b645;\">\n<td style=\"color: #fff; text-align: center;\" colspan=\"5\" width=\"1732\">Emballer<\/td>\n<\/tr>\n<tr>\n<td colspan=\"2\">Taille (L*W*H)<\/td>\n<td colspan=\"3\">400*310*200mm<\/td>\n<\/tr>\n<tr>\n<td colspan=\"2\">Lester<\/td>\n<td>6KG<\/td>\n<td>6KG<\/td>\n<td>6KG<\/td>\n<\/tr>\n<\/tbody>\n<\/table>","protected":false},"excerpt":{"rendered":"<p>Sp\u00e9cifications techniques Mod\u00e8le XD750LB XD1500L XD2200L Entr\u00e9e solaire Tension max. de cov 450 V Tension min. Vmp 80 V 200 V Tension Vmp recommand\u00e9e<\/p>","protected":false},"featured_media":892,"comment_status":"open","ping_status":"closed","template":"","meta":[],"product_cat":[18],"product_tag":[],"class_list":{"0":"post-888","1":"product","2":"type-product","3":"status-publish","4":"has-post-thumbnail","6":"product_cat-solar-pump-inverter-solar-water-pump","8":"first","9":"instock","10":"shipping-taxable","11":"product-type-simple"},"_links":{"self":[{"href":"https:\/\/www.xd-solar.com\/fr\/wp-json\/wp\/v2\/product\/888","targetHints":{"allow":["GET"]}}],"collection":[{"href":"https:\/\/www.xd-solar.com\/fr\/wp-json\/wp\/v2\/product"}],"about":[{"href":"https:\/\/www.xd-solar.com\/fr\/wp-json\/wp\/v2\/types\/product"}],"replies":[{"embeddable":true,"href":"https:\/\/www.xd-solar.com\/fr\/wp-json\/wp\/v2\/comments?post=888"}],"wp:featuredmedia":[{"embeddable":true,"href":"https:\/\/www.xd-solar.com\/fr\/wp-json\/wp\/v2\/media\/892"}],"wp:attachment":[{"href":"https:\/\/www.xd-solar.com\/fr\/wp-json\/wp\/v2\/media?parent=888"}],"wp:term":[{"taxonomy":"product_cat","embeddable":true,"href":"https:\/\/www.xd-solar.com\/fr\/wp-json\/wp\/v2\/product_cat?post=888"},{"taxonomy":"product_tag","embeddable":true,"href":"https:\/\/www.xd-solar.com\/fr\/wp-json\/wp\/v2\/product_tag?post=888"}],"curies":[{"name":"wp","href":"https:\/\/api.w.org\/{rel}","templated":true}]}}