{"id":893,"date":"2023-05-06T11:03:28","date_gmt":"2023-05-06T03:03:28","guid":{"rendered":"https:\/\/xd-solar.com\/?post_type=product&#038;p=893"},"modified":"2024-08-03T09:42:26","modified_gmt":"2024-08-03T01:42:26","slug":"off-grid-solar-system","status":"publish","type":"product","link":"https:\/\/www.xd-solar.com\/fr\/produit\/off-grid-solar-system\/","title":{"rendered":"Syst\u00e8me solaire hors r\u00e9seau ESS Onduleur solaire avec batterie 300va 500va 1Kva 2Kva 3Kva 4Kva 5Kva 6Kva 7Kva"},"content":{"rendered":"<h2><strong>Onduleur solaire avec batterie s\u00e9rie ESS<\/strong><\/h2>\n<p>&nbsp;<\/p>\n<p>De nombreux clients nous ont permis de lancer l&#039;onduleur solaire avec batterie et il est enfin sorti !! La plage de puissance de cet onduleur solaire ESS est de 300 VA \u00e0 7 KVA. Notez que le facteur de puissance ici est de 100%, c&#039;est-\u00e0-dire que 1 KVA \u00e9quivaut \u00e0 1 kW. Onduleur solaire avec batteries int\u00e9gr\u00e9es de 50 A, 100 A ou 200 A. Le type de batterie peut \u00eatre une batterie au lithium ou une batterie au plomb-acide. Notre onduleur solaire dispose \u00e9galement d&#039;un contr\u00f4leur de charge int\u00e9gr\u00e9. Les utilisateurs n&#039;ont besoin que de configurer quelques panneaux solaires suppl\u00e9mentaires pour utiliser simplement la production d&#039;\u00e9nergie solaire portable. Cet onduleur solaire convient \u00e0 la maison, au winnebago, au camion, au bureau et m\u00eame au camping. Le prix de l&#039;onduleur solaire Xindun avec batterie est magnifique, n&#039;h\u00e9sitez pas \u00e0 vous renseigner.<\/p>\n<p><img fetchpriority=\"high\" decoding=\"async\" class=\"alignnone wp-image-1589\" src=\"https:\/\/www.xd-solar.com\/wp-content\/uploads\/2023\/05\/20230126232612q8NY5V-300x229.jpg\" alt=\"\" width=\"870\" height=\"664\" srcset=\"https:\/\/www.xd-solar.com\/wp-content\/uploads\/2023\/05\/20230126232612q8NY5V-300x229.jpg 300w, https:\/\/www.xd-solar.com\/wp-content\/uploads\/2023\/05\/20230126232612q8NY5V-150x114.jpg 150w, https:\/\/www.xd-solar.com\/wp-content\/uploads\/2023\/05\/20230126232612q8NY5V-600x458.jpg 600w, https:\/\/www.xd-solar.com\/wp-content\/uploads\/2023\/05\/20230126232612q8NY5V-16x12.jpg 16w, https:\/\/www.xd-solar.com\/wp-content\/uploads\/2023\/05\/20230126232612q8NY5V.jpg 750w\" sizes=\"(max-width: 870px) 100vw, 870px\" \/> <img decoding=\"async\" class=\"alignnone wp-image-1590\" src=\"https:\/\/www.xd-solar.com\/wp-content\/uploads\/2023\/05\/20230126232612YosuFU-300x281.jpg\" alt=\"\" width=\"870\" height=\"815\" srcset=\"https:\/\/www.xd-solar.com\/wp-content\/uploads\/2023\/05\/20230126232612YosuFU-300x281.jpg 300w, https:\/\/www.xd-solar.com\/wp-content\/uploads\/2023\/05\/20230126232612YosuFU-150x140.jpg 150w, https:\/\/www.xd-solar.com\/wp-content\/uploads\/2023\/05\/20230126232612YosuFU-600x562.jpg 600w, https:\/\/www.xd-solar.com\/wp-content\/uploads\/2023\/05\/20230126232612YosuFU-13x12.jpg 13w, https:\/\/www.xd-solar.com\/wp-content\/uploads\/2023\/05\/20230126232612YosuFU.jpg 750w\" sizes=\"(max-width: 870px) 100vw, 870px\" \/> <img decoding=\"async\" class=\"alignnone wp-image-1591\" src=\"https:\/\/www.xd-solar.com\/wp-content\/uploads\/2023\/05\/20230126232613eICuNb-300x255.jpg\" alt=\"\" width=\"870\" height=\"740\" srcset=\"https:\/\/www.xd-solar.com\/wp-content\/uploads\/2023\/05\/20230126232613eICuNb-300x255.jpg 300w, https:\/\/www.xd-solar.com\/wp-content\/uploads\/2023\/05\/20230126232613eICuNb-150x128.jpg 150w, https:\/\/www.xd-solar.com\/wp-content\/uploads\/2023\/05\/20230126232613eICuNb-600x510.jpg 600w, https:\/\/www.xd-solar.com\/wp-content\/uploads\/2023\/05\/20230126232613eICuNb-14x12.jpg 14w, https:\/\/www.xd-solar.com\/wp-content\/uploads\/2023\/05\/20230126232613eICuNb.jpg 750w\" sizes=\"(max-width: 870px) 100vw, 870px\" \/> <img loading=\"lazy\" decoding=\"async\" class=\"alignnone wp-image-1592\" src=\"https:\/\/www.xd-solar.com\/wp-content\/uploads\/2023\/05\/202301262326126b0EaU-203x300.jpg\" alt=\"\" width=\"871\" height=\"1287\" srcset=\"https:\/\/www.xd-solar.com\/wp-content\/uploads\/2023\/05\/202301262326126b0EaU-203x300.jpg 203w, https:\/\/www.xd-solar.com\/wp-content\/uploads\/2023\/05\/202301262326126b0EaU-150x222.jpg 150w, https:\/\/www.xd-solar.com\/wp-content\/uploads\/2023\/05\/202301262326126b0EaU-600x888.jpg 600w, https:\/\/www.xd-solar.com\/wp-content\/uploads\/2023\/05\/202301262326126b0EaU-692x1024.jpg 692w, https:\/\/www.xd-solar.com\/wp-content\/uploads\/2023\/05\/202301262326126b0EaU-8x12.jpg 8w\" sizes=\"(max-width: 871px) 100vw, 871px\" \/><\/p>\n<p class=\"wz-images-list\"><img loading=\"lazy\" decoding=\"async\" id=\"1kva 2kva 5kva solar inverter with battery price\" class=\"\" title=\"Prix de l&#039;onduleur solaire 1kva 2kva 5kva avec batterie\" src=\"https:\/\/www.xinduninverter.com\/uploadfile\/2023\/01\/26\/20230126232613SG71mE.jpg\" alt=\"1kva 2kva 5kva solar inverter with battery price\" width=\"870\" height=\"718\" longdesc=\"https:\/\/www.xinduninverter.com\/1kva%202kva%205kva%20solar%20inverter%20with%20battery%20price\" \/><\/p>\n<p>&nbsp;<\/p>","protected":false},"excerpt":{"rendered":"<p>1 : Onduleur solaire hors r\u00e9seau \u00e0 onde sinuso\u00efdale pure avec batterie et contr\u00f4leur de charge<\/p>\n<p>2 : Diverses interfaces de sortie incluent USB, DC 12 V, prise secteur universelle et bloc de c\u00e2blage secteur<\/p>\n<p>3 : Onduleur solaire compatible avec batterie lithium<\/p>\n<p>4 : Commutation automatique des modes de fonctionnement solaire et AC, temps de transfert \u2264 4 ms<\/p>\n<p>5 : Facteur de puissance de sortie 100%<\/p>","protected":false},"featured_media":1158,"comment_status":"open","ping_status":"closed","template":"","meta":[],"product_cat":[19],"product_tag":[47],"class_list":{"0":"post-893","1":"product","2":"type-product","3":"status-publish","4":"has-post-thumbnail","6":"product_cat-off-grid-solar-system","7":"product_tag-solar-inverter","9":"first","10":"instock","11":"shipping-taxable","12":"product-type-simple"},"_links":{"self":[{"href":"https:\/\/www.xd-solar.com\/fr\/wp-json\/wp\/v2\/product\/893","targetHints":{"allow":["GET"]}}],"collection":[{"href":"https:\/\/www.xd-solar.com\/fr\/wp-json\/wp\/v2\/product"}],"about":[{"href":"https:\/\/www.xd-solar.com\/fr\/wp-json\/wp\/v2\/types\/product"}],"replies":[{"embeddable":true,"href":"https:\/\/www.xd-solar.com\/fr\/wp-json\/wp\/v2\/comments?post=893"}],"wp:featuredmedia":[{"embeddable":true,"href":"https:\/\/www.xd-solar.com\/fr\/wp-json\/wp\/v2\/media\/1158"}],"wp:attachment":[{"href":"https:\/\/www.xd-solar.com\/fr\/wp-json\/wp\/v2\/media?parent=893"}],"wp:term":[{"taxonomy":"product_cat","embeddable":true,"href":"https:\/\/www.xd-solar.com\/fr\/wp-json\/wp\/v2\/product_cat?post=893"},{"taxonomy":"product_tag","embeddable":true,"href":"https:\/\/www.xd-solar.com\/fr\/wp-json\/wp\/v2\/product_tag?post=893"}],"curies":[{"name":"wp","href":"https:\/\/api.w.org\/{rel}","templated":true}]}}