{"id":895,"date":"2023-05-06T11:11:54","date_gmt":"2023-05-06T03:11:54","guid":{"rendered":"https:\/\/xd-solar.com\/?post_type=product&#038;p=895"},"modified":"2024-03-06T18:58:41","modified_gmt":"2024-03-06T10:58:41","slug":"gel-battery","status":"publish","type":"product","link":"https:\/\/www.xd-solar.com\/fr\/produit\/gel-battery\/","title":{"rendered":"Meilleure batterie gel \u00e0 d\u00e9charge profonde pour onduleur, convertit le courant continu de la batterie en courant alternatif. Le prix de la batterie Gel 50Ah 100Ah 150Ah 200Ah 250Ah 12v est abordable. La batterie gel AGM est personnalisable. Batterie gel"},"content":{"rendered":"<div class=\"pp-info-box-title-wrap\">\n<div class=\"pp-info-box-title-container\">\n<p><strong>Durabilit\u00e9 et fiabilit\u00e9 de la batterie solaire au gel SOLAR<\/strong><\/p>\n<p>Notre \u00e9quipe de conception et de production garantit la durabilit\u00e9 et la qualit\u00e9 de toutes les batteries solaires au gel. Nouvelle grande plaque 17A de haute qualit\u00e9, d\u00e9charge un courant important, prolonge sa dur\u00e9e de vie de plus de 5 ans. Gr\u00e2ce \u00e0 une nouvelle coque ABS de haute qualit\u00e9, la batterie est dot\u00e9e d&#039;une haute r\u00e9sistance, d&#039;une bonne t\u00e9nacit\u00e9 et d&#039;une r\u00e9sistance aux temp\u00e9ratures \u00e9lev\u00e9es. Et il a une capacit\u00e9 parfaite de r\u00e9cup\u00e9ration par d\u00e9charge profonde.<\/p>\n<p><strong>Diff\u00e9rents types de batteries solaires que nous prenons en charge<\/strong><\/p>\n<p>Il existe diff\u00e9rents types de batteries au gel sur les march\u00e9s, telles que l&#039;acide inond\u00e9, l&#039;acide g\u00e9lifi\u00e9 et l&#039;AGM (Absorbed Glass Mat) avanc\u00e9. Chaque batterie au gel solaire a des performances et un cycle de vie distincts en ce qui concerne la quantit\u00e9 de plomb, la puret\u00e9 du plomb et les m\u00e9thodes de collage. Avec la vari\u00e9t\u00e9 de batteries disponibles, vous pouvez en trouver une qui correspond \u00e0 votre prix et \u00e0 votre application.<\/p>\n<p><strong>Nous vous proposons la meilleure solution de batterie solaire au gel<\/strong><\/p>\n<p>Nous pouvons proposer une batterie au gel solaire r\u00e9gul\u00e9e par valve qui peut r\u00e9sister \u00e0 des environnements exigeants et atteindre des performances optimis\u00e9es. De plus, XD Solar dispose d&#039;une \u00e9quipe de personnel exp\u00e9riment\u00e9 qui peut vous fournir des conseils professionnels sur des batteries sp\u00e9cifiques adapt\u00e9es \u00e0 votre besoin.<\/p>\n<\/div>\n<\/div>","protected":false},"excerpt":{"rendered":"<p>Les batteries au gel solaire appartiennent \u00e0 une cat\u00e9gorie de d\u00e9veloppement de batteries au plomb-acide. La batterie au gel au plomb \u00e0 r\u00e9gulation par soupape et la batterie au gel VRLA sont toutes du m\u00eame type. La caract\u00e9ristique la plus importante de la batterie au gel est qu&#039;elle peut produire une batterie de meilleure qualit\u00e9 \u00e0 moindre co\u00fbt. L&#039;\u00e9nergie et la puissance sont sup\u00e9rieures de plus de 20% \u00e0 celles de la batterie au plomb-acide conventionnelle. La dur\u00e9e de vie est environ deux fois plus longue que celle de la batterie au plomb-acide conventionnelle. Et les caract\u00e9ristiques de temp\u00e9rature \u00e9lev\u00e9e et de basse temp\u00e9rature sont bonnes. Xindi power vend en gros une vari\u00e9t\u00e9 de mod\u00e8les de batteries au gel solaire, notamment 12v20ah, 12v35ah, 12v50ah, 12v100ah, 12v120ah, 12v150ah, 12v200ah, 12v250ah. Pour les d\u00e9tails d&#039;achat de la batterie au gel au plomb-acide VRLA, veuillez vous r\u00e9f\u00e9rer au lien suivant.<\/p>","protected":false},"featured_media":1134,"comment_status":"open","ping_status":"closed","template":"","meta":[],"product_cat":[21,35],"product_tag":[],"class_list":{"0":"post-895","1":"product","2":"type-product","3":"status-publish","4":"has-post-thumbnail","6":"product_cat-battery","7":"product_cat-gel-battery","9":"first","10":"instock","11":"shipping-taxable","12":"product-type-simple"},"_links":{"self":[{"href":"https:\/\/www.xd-solar.com\/fr\/wp-json\/wp\/v2\/product\/895","targetHints":{"allow":["GET"]}}],"collection":[{"href":"https:\/\/www.xd-solar.com\/fr\/wp-json\/wp\/v2\/product"}],"about":[{"href":"https:\/\/www.xd-solar.com\/fr\/wp-json\/wp\/v2\/types\/product"}],"replies":[{"embeddable":true,"href":"https:\/\/www.xd-solar.com\/fr\/wp-json\/wp\/v2\/comments?post=895"}],"wp:featuredmedia":[{"embeddable":true,"href":"https:\/\/www.xd-solar.com\/fr\/wp-json\/wp\/v2\/media\/1134"}],"wp:attachment":[{"href":"https:\/\/www.xd-solar.com\/fr\/wp-json\/wp\/v2\/media?parent=895"}],"wp:term":[{"taxonomy":"product_cat","embeddable":true,"href":"https:\/\/www.xd-solar.com\/fr\/wp-json\/wp\/v2\/product_cat?post=895"},{"taxonomy":"product_tag","embeddable":true,"href":"https:\/\/www.xd-solar.com\/fr\/wp-json\/wp\/v2\/product_tag?post=895"}],"curies":[{"name":"wp","href":"https:\/\/api.w.org\/{rel}","templated":true}]}}