{"id":1178,"date":"2023-06-03T09:25:23","date_gmt":"2023-06-03T01:25:23","guid":{"rendered":"https:\/\/xd-solar.com\/?post_type=product&#038;p=1178"},"modified":"2024-03-06T15:58:22","modified_gmt":"2024-03-06T07:58:22","slug":"lithium-battery","status":"publish","type":"product","link":"https:\/\/www.xd-solar.com\/pt\/produto\/lithium-battery\/","title":{"rendered":"Bateria de \u00edons de l\u00edtio de 100Ah 150Ah 200Ah 48v \u00e0 venda. Bateria de ferro-l\u00edtio para inversor, armazena energia da rede el\u00e9trica ou energia solar. Bateria de ferro-l\u00edtio e bateria mar\u00edtima de ferro-l\u00edtio s\u00e3o aceit\u00e1veis."},"content":{"rendered":"<p><strong>\u25a0 Perguntas frequentes<\/strong><\/p>\n<p><strong>Q1. Qual \u00e9 a diferen\u00e7a entre bateria de l\u00edtio e bateria de \u00edon de l\u00edtio?<\/strong><br \/>\nR: A bateria de l\u00edtio adota a estrutura prim\u00e1ria da bateria. Isso significa que eles s\u00e3o descart\u00e1veis ou n\u00e3o recarreg\u00e1veis. Por outro lado, a bateria de \u00edon de l\u00edtio possui uma estrutura de bateria secund\u00e1ria. Isso significa que eles podem ser recarregados e usados repetidamente.<\/p>\n<p><strong>Q2.\u00a0<\/strong><strong>Para onde a bateria de \u00edon de l\u00edtio \u00e9 adequada?<\/strong><\/p>\n<p>R: A bateria de \u00edon de l\u00edtio pode ser usada em qualquer lugar onde voc\u00ea queira armazenar energia. Bateria de \u00edon de l\u00edtio para inversor, rv, marinha, montanha, ect.<\/p>\n<p><strong>Q3. E a garantia da bateria?<\/strong><br \/>\nR: 5-10 anos de garantia para bateria de \u00edon de l\u00edtio.<\/p>\n<p><strong>Q4. A bateria de \u00edon de l\u00edtio \u00e9 segura?<\/strong><br \/>\nR: A bateria de \u00edon de l\u00edtio Zamdon tem fun\u00e7\u00e3o BMS e passou na sobrecarga, descarga excessiva, superaquecimento, curto-circuito, acupuntura e outros testes de seguran\u00e7a, sem inc\u00eandio, sem explos\u00e3o em qualquer circunst\u00e2ncia; garantir o benef\u00edcio de nossos clientes;<\/p>\n<p><strong>Q5. Como confirmar a alta qualidade da bateria que voc\u00ea me enviou?<\/strong><br \/>\nR: Nossas baterias s\u00e3o todas de grau A. N\u00e3o importa quantas voc\u00ea pe\u00e7a, testaremos cada produto antes de enviar.<\/p>\n<p><strong>Q6. Posso imprimir meu logotipo na bateria?<\/strong><br \/>\nR: Sim, aceitamos OEM\/ODM. Por favor, informe-nos formalmente antes de nossa produ\u00e7\u00e3o e confirme o design primeiro com base em nossa amostra.<\/p>","protected":false},"excerpt":{"rendered":"<p><strong>\u25a0 Recurso de bateria de \u00edon de l\u00edtio<\/strong><\/p>\n<p>1 fun\u00e7\u00e3o Interlligent BMS, detecta a tens\u00e3o total, corrente total, energia de reserva da bateria<br \/>\n2 Taxa de alta capacidade, peso mais leve<br \/>\n3 Ciclo de vida mais longo<br \/>\n4 Faixa de temperatura mais ampla<br \/>\n5 Bateria de \u00edon de l\u00edtio sem manuten\u00e7\u00e3o, economiza custos de manuten\u00e7\u00e3o<br \/>\n6 Sa\u00edda de alarme e controle para sobretens\u00e3o, subtens\u00e3o, alta temperatura, baixa temperatura, sobrecorrente, curto-circuito e outras condi\u00e7\u00f5es extremas.<\/p>","protected":false},"featured_media":1180,"comment_status":"open","ping_status":"closed","template":"","meta":[],"product_cat":[21,31],"product_tag":[],"class_list":{"0":"post-1178","1":"product","2":"type-product","3":"status-publish","4":"has-post-thumbnail","6":"product_cat-battery","7":"product_cat-lithium-battery","9":"first","10":"instock","11":"shipping-taxable","12":"product-type-simple"},"_links":{"self":[{"href":"https:\/\/www.xd-solar.com\/pt\/wp-json\/wp\/v2\/product\/1178","targetHints":{"allow":["GET"]}}],"collection":[{"href":"https:\/\/www.xd-solar.com\/pt\/wp-json\/wp\/v2\/product"}],"about":[{"href":"https:\/\/www.xd-solar.com\/pt\/wp-json\/wp\/v2\/types\/product"}],"replies":[{"embeddable":true,"href":"https:\/\/www.xd-solar.com\/pt\/wp-json\/wp\/v2\/comments?post=1178"}],"wp:featuredmedia":[{"embeddable":true,"href":"https:\/\/www.xd-solar.com\/pt\/wp-json\/wp\/v2\/media\/1180"}],"wp:attachment":[{"href":"https:\/\/www.xd-solar.com\/pt\/wp-json\/wp\/v2\/media?parent=1178"}],"wp:term":[{"taxonomy":"product_cat","embeddable":true,"href":"https:\/\/www.xd-solar.com\/pt\/wp-json\/wp\/v2\/product_cat?post=1178"},{"taxonomy":"product_tag","embeddable":true,"href":"https:\/\/www.xd-solar.com\/pt\/wp-json\/wp\/v2\/product_tag?post=1178"}],"curies":[{"name":"wp","href":"https:\/\/api.w.org\/{rel}","templated":true}]}}