{"id":1243,"date":"2023-03-09T16:01:45","date_gmt":"2023-03-09T08:01:45","guid":{"rendered":"https:\/\/xd-solar.com\/?post_type=product&#038;p=1243"},"modified":"2023-12-14T16:33:01","modified_gmt":"2023-12-14T08:33:01","slug":"photovoltaic-connector","status":"publish","type":"product","link":"https:\/\/www.xd-solar.com\/pt\/produto\/photovoltaic-connector\/","title":{"rendered":"Conector fotovoltaico (m\u00f3dulos solares)"},"content":{"rendered":"<p>Atualmente, a grande maioria dos conectores de cabos solares no mercado usa um n\u00facleo de metal tipo \u201cU\u201d, que \u00e9 formado por estampagem de chapa de cobre, tamb\u00e9m conhecido como n\u00facleo de metal estampado; Gra\u00e7as ao processo de estampagem, o n\u00facleo de metal tipo \u201cU\u201d n\u00e3o s\u00f3 tem alta efici\u00eancia de produ\u00e7\u00e3o, mas tamb\u00e9m pode ser organizado em modo de corrente, o que \u00e9 muito adequado para produ\u00e7\u00e3o automatizada de chicotes de fios;<\/p>","protected":false},"excerpt":{"rendered":"<p>O conector fotovoltaico tamb\u00e9m \u00e9 o \u201celo\u201d de todo o conjunto solar, conectando muitos componentes para formar uma gera\u00e7\u00e3o de energia completa, portanto, o papel do produto em aplica\u00e7\u00f5es de energia solar n\u00e3o pode ser ignorado.<\/p>","protected":false},"featured_media":1309,"comment_status":"open","ping_status":"closed","template":"","meta":[],"product_cat":[20],"product_tag":[],"class_list":{"0":"post-1243","1":"product","2":"type-product","3":"status-publish","4":"has-post-thumbnail","6":"product_cat-solar-panelsolar-modules","8":"first","9":"instock","10":"shipping-taxable","11":"product-type-simple"},"_links":{"self":[{"href":"https:\/\/www.xd-solar.com\/pt\/wp-json\/wp\/v2\/product\/1243","targetHints":{"allow":["GET"]}}],"collection":[{"href":"https:\/\/www.xd-solar.com\/pt\/wp-json\/wp\/v2\/product"}],"about":[{"href":"https:\/\/www.xd-solar.com\/pt\/wp-json\/wp\/v2\/types\/product"}],"replies":[{"embeddable":true,"href":"https:\/\/www.xd-solar.com\/pt\/wp-json\/wp\/v2\/comments?post=1243"}],"wp:featuredmedia":[{"embeddable":true,"href":"https:\/\/www.xd-solar.com\/pt\/wp-json\/wp\/v2\/media\/1309"}],"wp:attachment":[{"href":"https:\/\/www.xd-solar.com\/pt\/wp-json\/wp\/v2\/media?parent=1243"}],"wp:term":[{"taxonomy":"product_cat","embeddable":true,"href":"https:\/\/www.xd-solar.com\/pt\/wp-json\/wp\/v2\/product_cat?post=1243"},{"taxonomy":"product_tag","embeddable":true,"href":"https:\/\/www.xd-solar.com\/pt\/wp-json\/wp\/v2\/product_tag?post=1243"}],"curies":[{"name":"wp","href":"https:\/\/api.w.org\/{rel}","templated":true}]}}