{"id":1319,"date":"2023-12-12T11:18:03","date_gmt":"2023-12-12T03:18:03","guid":{"rendered":"https:\/\/xd-solar.com\/?post_type=product&#038;p=1319"},"modified":"2024-06-26T20:37:43","modified_gmt":"2024-06-26T12:37:43","slug":"hybrid-solar-system-for-home-electricity","status":"publish","type":"product","link":"https:\/\/www.xd-solar.com\/pt\/produto\/hybrid-solar-system-for-home-electricity\/","title":{"rendered":"Sistema Solar H\u00edbrido para Eletricidade Dom\u00e9stica 1kva 2kya 3kva 4kva5kva 6kva 7kva 8kva 10kva12kva 15kva 20kva 25kva30kva 40kva"},"content":{"rendered":"<p>Os sistemas solares h\u00edbridos completos Xindi para resid\u00eancias foram vendidos para mais de 100 pa\u00edses, como Nig\u00e9ria, Gana, Egito, Botsuana, Zimb\u00e1bue, \u00c1frica do Sul, Dubai, Emirados \u00c1rabes Unidos, L\u00edbano, Indon\u00e9sia, Mal\u00e1sia, Filipinas, Col\u00f4mbia, M\u00e9xico, etc. Os sistemas solares de 30 kW t\u00eam sido amplamente utilizados para eletricidade solar residencial, acampamento solar, trailer, projeto escolar solar, projeto hospitalar solar, projeto de fazenda solar, projeto de hotel solar, projeto militar solar, projeto de equipamento de tratamento de \u00e1gua por energia solar, projeto governamental solar, topo de colina, navio, etc.<\/p>","protected":false},"excerpt":{"rendered":"<p>O sistema solar h\u00edbrido completo Xindi para casa \u00e9 a configura\u00e7\u00e3o mais completa do mercado, que inclui todos os componentes necess\u00e1rios: painel solar, suporte solar, caixa combinadora PV, bateria solar, inversor solar, controlador de carga solar, cabos PV, cabos de bateria e outros terminais. Ap\u00f3s a instala\u00e7\u00e3o simples ser conclu\u00edda, ele pode ser usado diretamente para aparelhos residenciais.<\/p>\n<p>Cada conjunto de sistema solar h\u00edbrido para casa tem teste de ligar e desligar 100 vezes por hora. Cada etapa da produ\u00e7\u00e3o est\u00e1 sob rigoroso controle de qualidade. Prote\u00e7\u00e3o perfeita: curto-circuito, sobretens\u00e3o, baixa tens\u00e3o, sobrecarga, resist\u00eancia de isolamento, prote\u00e7\u00e3o contra alta temperatura.<\/p>\n<p>A gama do sistema solar h\u00edbrido Xindi \u00e9 de <a href=\"https:\/\/www.xindun-power.com\/solar-system-solution\/\" target=\"_blank\" rel=\"noopener\">300 W a 200 kW<\/a>. Oferecemos aos clientes design de solu\u00e7\u00e3o solar gratuito e podemos aceitar personaliza\u00e7\u00e3o.<\/p>","protected":false},"featured_media":1318,"comment_status":"open","ping_status":"closed","template":"","meta":[],"product_cat":[19],"product_tag":[110,60,47,62,43],"class_list":{"0":"post-1319","1":"product","2":"type-product","3":"status-publish","4":"has-post-thumbnail","6":"product_cat-off-grid-solar-system","7":"product_tag-hybrid-solar-system","8":"product_tag-off-grid-inverter","9":"product_tag-solar-inverter","10":"product_tag-solar-inverter-manufacturer","11":"product_tag-solar-system","13":"first","14":"instock","15":"shipping-taxable","16":"product-type-simple"},"_links":{"self":[{"href":"https:\/\/www.xd-solar.com\/pt\/wp-json\/wp\/v2\/product\/1319","targetHints":{"allow":["GET"]}}],"collection":[{"href":"https:\/\/www.xd-solar.com\/pt\/wp-json\/wp\/v2\/product"}],"about":[{"href":"https:\/\/www.xd-solar.com\/pt\/wp-json\/wp\/v2\/types\/product"}],"replies":[{"embeddable":true,"href":"https:\/\/www.xd-solar.com\/pt\/wp-json\/wp\/v2\/comments?post=1319"}],"wp:featuredmedia":[{"embeddable":true,"href":"https:\/\/www.xd-solar.com\/pt\/wp-json\/wp\/v2\/media\/1318"}],"wp:attachment":[{"href":"https:\/\/www.xd-solar.com\/pt\/wp-json\/wp\/v2\/media?parent=1319"}],"wp:term":[{"taxonomy":"product_cat","embeddable":true,"href":"https:\/\/www.xd-solar.com\/pt\/wp-json\/wp\/v2\/product_cat?post=1319"},{"taxonomy":"product_tag","embeddable":true,"href":"https:\/\/www.xd-solar.com\/pt\/wp-json\/wp\/v2\/product_tag?post=1319"}],"curies":[{"name":"wp","href":"https:\/\/api.w.org\/{rel}","templated":true}]}}