{"id":1335,"date":"2023-04-15T10:49:45","date_gmt":"2023-04-15T02:49:45","guid":{"rendered":"https:\/\/xd-solar.com\/?post_type=product&#038;p=1335"},"modified":"2023-12-15T16:41:36","modified_gmt":"2023-12-15T08:41:36","slug":"energy-saving-street-light-outdoor-light-60w-90w-120w-150w-integrated-all-in-one-led-solar-street-light","status":"publish","type":"product","link":"https:\/\/www.xd-solar.com\/pt\/produto\/energy-saving-street-light-outdoor-light-60w-90w-120w-150w-integrated-all-in-one-led-solar-street-light\/","title":{"rendered":"Luz de rua economizadora de energia luz exterior 60W 90W 120W 150W integrada tudo em uma luz de rua solar led"},"content":{"rendered":"<p><strong>ALL-IN-ONE SOLAR STREET LIGHT<\/strong><\/p>\n<div class=\"description\">\n<p>solar street light It&#8217;s easy to install and suitable for residential street, garden ,parking lots, playground and as security lighting and landscape lighting, Solar energy is very cost effective compared to the trenching and cabling required for conventional area lighting.<\/p>\n<p><strong>High-end solar street light<\/strong><\/p>\n<p>O chip LED \u00e9 um chip semicondutor que emite luz e n\u00e3o se quebra facilmente, de modo que sua vida \u00fatil pode chegar a 50.000 horas, enquanto a l\u00e2mpada incandescente comum tem uma vida \u00fatil de apenas mil horas.<\/p>\n<\/div>","protected":false},"excerpt":{"rendered":"<dl class=\"amount clearfix\">\n<dt class=\"metatit\">Certification\u00a0 \u00a0 \u00a0 \u00a0 \u00a0 \u00a0 \u00a0 CE\/ISO9001\/RoHS\/3C\/CQC\/\/UL\/TUV<\/dt>\n<\/dl>\n<dl class=\"amount clearfix\">\n<dt class=\"metatit\">Delivery Time\u00a0 \u00a0 \u00a0 \u00a0 \u00a0 \u00a05-15 days<\/dt>\n<\/dl>\n<dl class=\"amount clearfix\">\n<dt class=\"metatit\">Payment Terms\u00a0 \u00a0 \u00a0 \u00a0 L\/C, D\/A, D\/P, T\/T, Western Union, Money Gram,<\/dt>\n<\/dl>\n<dl class=\"amount clearfix\">\n<dt class=\"metatit\">Servi\u00e7o OEM\/ODM personalizado<\/dt>\n<\/dl>\n<dl class=\"amount clearfix\">\n<dt class=\"metatit\">Charging time\u00a0 \u00a0 \u00a0 \u00a0 \u00a0 6-8 hours<\/dt>\n<\/dl>\n<dl class=\"amount clearfix\">\n<dt class=\"metatit\">Discharging time\u00a0 \u00a0 \u00a030-36 hours<\/dt>\n<\/dl>\n<dl class=\"amount clearfix\">\n<dt class=\"metatit\">Lumen\u00a0 \u00a0 \u00a0 \u00a0 \u00a0 \u00a0 \u00a0 \u00a0 \u00a0 \u00a0 \u00a0 \u00a0 160 lm\/w<\/dt>\n<\/dl>\n<dl class=\"amount clearfix\">\n<dt class=\"metatit\">Material\u00a0 \u00a0 \u00a0 \u00a0 \u00a0 \u00a0 \u00a0 \u00a0 \u00a0 \u00a0 \u00a0Aluminum<\/dt>\n<\/dl>\n<dl class=\"amount clearfix\">\n<dt class=\"metatit\">Install Height\u00a0 \u00a0 \u00a0 \u00a0 \u00a0 \u00a08-12<\/dt>\n<\/dl>\n<dl class=\"amount clearfix\">\n<dt class=\"metatit\">Porto de partida Guangzhou, Shenzhen, Zhuhai<\/dt>\n<\/dl>\n<dl class=\"amount clearfix\">\n<dt class=\"metatit\">Supply Ability\u00a0 \u00a0 \u00a0 \u00a0 \u00a05000 PCS\/Month<\/dt>\n<\/dl>","protected":false},"featured_media":1336,"comment_status":"open","ping_status":"closed","template":"","meta":[],"product_cat":[33,32],"product_tag":[],"class_list":{"0":"post-1335","1":"product","2":"type-product","3":"status-publish","4":"has-post-thumbnail","6":"product_cat-solar-street-light","7":"product_cat-solar-light","9":"first","10":"instock","11":"shipping-taxable","12":"product-type-simple"},"_links":{"self":[{"href":"https:\/\/www.xd-solar.com\/pt\/wp-json\/wp\/v2\/product\/1335","targetHints":{"allow":["GET"]}}],"collection":[{"href":"https:\/\/www.xd-solar.com\/pt\/wp-json\/wp\/v2\/product"}],"about":[{"href":"https:\/\/www.xd-solar.com\/pt\/wp-json\/wp\/v2\/types\/product"}],"replies":[{"embeddable":true,"href":"https:\/\/www.xd-solar.com\/pt\/wp-json\/wp\/v2\/comments?post=1335"}],"wp:featuredmedia":[{"embeddable":true,"href":"https:\/\/www.xd-solar.com\/pt\/wp-json\/wp\/v2\/media\/1336"}],"wp:attachment":[{"href":"https:\/\/www.xd-solar.com\/pt\/wp-json\/wp\/v2\/media?parent=1335"}],"wp:term":[{"taxonomy":"product_cat","embeddable":true,"href":"https:\/\/www.xd-solar.com\/pt\/wp-json\/wp\/v2\/product_cat?post=1335"},{"taxonomy":"product_tag","embeddable":true,"href":"https:\/\/www.xd-solar.com\/pt\/wp-json\/wp\/v2\/product_tag?post=1335"}],"curies":[{"name":"wp","href":"https:\/\/api.w.org\/{rel}","templated":true}]}}