{"id":1353,"date":"2023-03-18T15:38:59","date_gmt":"2023-03-18T07:38:59","guid":{"rendered":"https:\/\/xd-solar.com\/?post_type=product&#038;p=1353"},"modified":"2023-12-18T15:50:24","modified_gmt":"2023-12-18T07:50:24","slug":"super-brightness-outdoor-waterproof-ip65-120w-led-solar-streetlight","status":"publish","type":"product","link":"https:\/\/www.xd-solar.com\/pt\/produto\/super-brightness-outdoor-waterproof-ip65-120w-led-solar-streetlight\/","title":{"rendered":"Super brilho exterior \u00e0 prova d&#039;\u00e1gua IP65 120w levou poste solar"},"content":{"rendered":"<div class=\"numbox\">ILUMINA\u00c7\u00c3O SOLAR DE P\u00daBLICA<\/div>\n<div class=\"description\">Nossas luzes de rua solares tudo-em-um s\u00e3o super brilhantes e ultra-amplas, com luzes de rua externas cobrindo at\u00e9 120\u00b0, podem facilmente iluminar \u00e1reas como 400 p\u00e9s quadrados. E bateria de l\u00edtio de alta capacidade embutida, a bateria extra pode aumentar a energia em 66%, tornando a vida \u00fatil da luz de rua mais longa. Ela pode ser totalmente carregada em 6-8 horas no sol do meio-dia e fornecer at\u00e9 12-48 horas de ilumina\u00e7\u00e3o noturna, fornecendo ilumina\u00e7\u00e3o brilhante para manter seu per\u00edmetro seguro.<\/div>\n<div>\n<div class=\"numbox\">PAIN\u00c9IS SOLARES DE ALTA EFICI\u00caNCIA<\/div>\n<div class=\"numbox\">As luzes solares de rua externas usam pain\u00e9is fotovoltaicos de sil\u00edcio monocristalino, e a taxa de convers\u00e3o fotoel\u00e9trica \u00e9 muito alta. Isso <a href=\"https:\/\/www.alltopgroup.com\/solar-led-street-light\" target=\"_blank\" rel=\"noopener\">luz de rua solar LED<\/a> possui uma bateria de l\u00edtio de grande capacidade de 35AH integrada, que pode ser totalmente carregada em apenas 6 a 8 horas e pode durar cerca de 12 a 48 horas de trabalho.<\/div>\n<div>\n<div class=\"numbox\">DOIS M\u00c9TODOS DE INSTALA\u00c7\u00c3O<\/div>\n<div class=\"numbox\">A luz de rua do painel solar pode ser instalada facilmente. A altura de instala\u00e7\u00e3o recomendada da luz de rua \u00e9 de 4-6m. Esta luz de rua residencial tem dois m\u00e9todos de instala\u00e7\u00e3o, que podem ser montados em postes ou na parede de acordo com os requisitos ambientais. Pode atender \u00e0s necessidades de ilumina\u00e7\u00e3o de grandes lugares, como estacionamentos, est\u00e1dios, jardins, estradas e outros grandes lugares.<\/div>\n<div class=\"numbox\">CONSTRU\u00c7\u00c3O ROBUSTA E CONTROLE DE LUZ<\/div>\n<div class=\"numbox\">O novo design do shell torna o <a href=\"https:\/\/www.alltopgroup.com\/led-street-light\" target=\"_blank\" rel=\"noopener\">Rua LED<\/a> vida \u00fatil da l\u00e2mpada de mais de 6 anos. A classifica\u00e7\u00e3o \u00e0 prova d&#039;\u00e1gua IP65 permite que a fonte de luz solar externa suporte uma variedade de ambientes externos e condi\u00e7\u00f5es clim\u00e1ticas. A luz solar de rua tem controle de luz integrado, que pode ajustar automaticamente a luz (luz acesa ao anoitecer, desligada ao amanhecer e entra no modo de carregamento).<\/div>\n<\/div>\n<\/div>","protected":false},"excerpt":{"rendered":"<dl class=\"amount clearfix\">\n<dt class=\"metatit\">Certifica\u00e7\u00e3o CE\/ISO9001\/RoHS\/3C\/CQC\/\/UL\/TUV<\/dt>\n<\/dl>\n<dl class=\"amount clearfix\">\n<dt class=\"metatit\">Tempo de entrega 5-15 dias<\/dt>\n<\/dl>\n<dl class=\"amount clearfix\">\n<dt class=\"metatit\">Termos de pagamento L\/C, D\/A, D\/P, T\/T, Western Union, Money Gram,<\/dt>\n<\/dl>\n<dl class=\"amount clearfix\">\n<dt class=\"metatit\">Servi\u00e7o OEM\/ODM personalizado<\/dt>\n<\/dl>\n<dl class=\"amount clearfix\">\n<dt class=\"metatit\">Tempo de carregamento 6-8 horas<\/dt>\n<\/dl>\n<dl class=\"amount clearfix\">\n<dt class=\"metatit\">Tempo de descarga 2Dias chuvosos<\/dt>\n<\/dl>\n<dl class=\"amount clearfix\">\n<dt class=\"metatit\">L\u00famen 160 lm\/w<\/dt>\n<\/dl>\n<dl class=\"amount clearfix\">\n<dt class=\"metatit\">Material Liga de alum\u00ednio<\/dt>\n<\/dl>\n<dl class=\"amount clearfix\">\n<dt class=\"metatit\">Altura de instala\u00e7\u00e3o 4-6m<\/dt>\n<\/dl>\n<dl class=\"amount clearfix\">\n<dt class=\"metatit\">Porto de partida Guangzhou, Shenzhen, Zhuhai<\/dt>\n<\/dl>\n<dl class=\"amount clearfix\">\n<dt class=\"metatit\">Capacidade de fornecimento 5000PCS\/m\u00eas<\/dt>\n<\/dl>","protected":false},"featured_media":1354,"comment_status":"open","ping_status":"closed","template":"","meta":[],"product_cat":[33,32],"product_tag":[],"class_list":{"0":"post-1353","1":"product","2":"type-product","3":"status-publish","4":"has-post-thumbnail","6":"product_cat-solar-street-light","7":"product_cat-solar-light","9":"first","10":"instock","11":"shipping-taxable","12":"product-type-simple"},"_links":{"self":[{"href":"https:\/\/www.xd-solar.com\/pt\/wp-json\/wp\/v2\/product\/1353","targetHints":{"allow":["GET"]}}],"collection":[{"href":"https:\/\/www.xd-solar.com\/pt\/wp-json\/wp\/v2\/product"}],"about":[{"href":"https:\/\/www.xd-solar.com\/pt\/wp-json\/wp\/v2\/types\/product"}],"replies":[{"embeddable":true,"href":"https:\/\/www.xd-solar.com\/pt\/wp-json\/wp\/v2\/comments?post=1353"}],"wp:featuredmedia":[{"embeddable":true,"href":"https:\/\/www.xd-solar.com\/pt\/wp-json\/wp\/v2\/media\/1354"}],"wp:attachment":[{"href":"https:\/\/www.xd-solar.com\/pt\/wp-json\/wp\/v2\/media?parent=1353"}],"wp:term":[{"taxonomy":"product_cat","embeddable":true,"href":"https:\/\/www.xd-solar.com\/pt\/wp-json\/wp\/v2\/product_cat?post=1353"},{"taxonomy":"product_tag","embeddable":true,"href":"https:\/\/www.xd-solar.com\/pt\/wp-json\/wp\/v2\/product_tag?post=1353"}],"curies":[{"name":"wp","href":"https:\/\/api.w.org\/{rel}","templated":true}]}}