{"id":1379,"date":"2023-03-18T16:39:52","date_gmt":"2023-03-18T08:39:52","guid":{"rendered":"https:\/\/xd-solar.com\/?post_type=product&#038;p=1379"},"modified":"2023-12-18T16:48:57","modified_gmt":"2023-12-18T08:48:57","slug":"all-in-one-solar-led-street-light","status":"publish","type":"product","link":"https:\/\/www.xd-solar.com\/pt\/produto\/all-in-one-solar-led-street-light\/","title":{"rendered":"Tudo em uma luz de rua LED solar"},"content":{"rendered":"<div class=\"numbox\"><strong>Ilumina\u00e7\u00e3o p\u00fablica solar tudo em um\u00a0<\/strong><\/div>\n<div class=\"description\">Design tudo-em-um e carregado por energia solar, ent\u00e3o os kits de ilumina\u00e7\u00e3o s\u00e3o completamente sem fio e f\u00e1ceis de serem montados. Organize amplamente as aplica\u00e7\u00f5es de montagem em paredes, cercas, \u00e1rvores, degraus, etc. para iluminar seu jardim, corredor, canteiros de flores, pilares, decks, quintais, p\u00e1tios ou cal\u00e7adas e quaisquer outros lugares.<\/div>\n<div>\n<div class=\"numbox\"><strong>Chip LED de alta qualidade<\/strong><\/div>\n<div class=\"description\">O chip LED \u00e9 um chip semicondutor que emite luz e n\u00e3o se quebra facilmente, de modo que sua vida \u00fatil pode chegar a 50.000 horas, enquanto a l\u00e2mpada incandescente comum tem uma vida \u00fatil de apenas mil horas.<\/div>\n<div>\n<div class=\"numbox\"><strong>Painel solar de polissil\u00edcio<\/strong><\/div>\n<div class=\"numbox\">Pain\u00e9is solares de sil\u00edcio policristalino, que s\u00e3o mais f\u00e1ceis de fabricar, economizam energia e t\u00eam baixos custos gerais de produ\u00e7\u00e3o. Toler\u00e2ncia de pot\u00eancia positiva: 0~+ 5W100% A inspe\u00e7\u00e3o dupla EL garante que os m\u00f3dulos estejam livres de defeitos. M\u00f3dulos agrupados por corrente para melhorar o desempenho do sistema.<\/div>\n<div>\n<div class=\"numbox\"><strong>Indu\u00e7\u00e3o humana<\/strong><\/div>\n<div class=\"description\">\n<div class=\"description\">Luz infravermelha do corpo humanoAmbiente de luz forte (dia) n\u00e3o acende!Em ambiente de pouca luz ou \u00e0 noite, o corpo do sensor detecta a mudan\u00e7a de energia t\u00e9rmica infravermelha causada pelo movimento do corpo humano e ent\u00e3o aciona a ilumina\u00e7\u00e3o. O di\u00e2metro de detec\u00e7\u00e3o \u00e9 mais distante e mais sens\u00edvel.<\/div>\n<div>\n<div class=\"numbox\"><strong>abd\u00f4men<\/strong><\/div>\n<div class=\"description\">Feita de material ABS de alto impacto, esta luz solar \u00e9 \u00e0 prova d&#039;\u00e1gua IP65, ent\u00e3o pode suportar chuva e outras condi\u00e7\u00f5es clim\u00e1ticas extremas. O material ABS \u00e9 limpo e ecologicamente correto, ins\u00edpido e inodoro, inofensivo ao corpo humano e em linha com a sa\u00fade e a seguran\u00e7a. Possui excelentes propriedades f\u00edsicas e mec\u00e2nicas, como alta resist\u00eancia ao calor, boa transpar\u00eancia e alta resist\u00eancia ao impacto.<\/div>\n<div><strong>CARACTER\u00cdSTICAS<\/strong><\/div>\n<div>\n<p>Quando algu\u00e9m passar, o brilho ser\u00e1 100%.<br \/>\nQuando a pessoa falecer, o brilho ser\u00e1 30%.<br \/>\nTempo de carga total: cerca de 6 a 8 horas sob luz solar direta<br \/>\nTempo de descarga com carga completa: 20-24 horas<br \/>\n\u25ea Muito f\u00e1cil de instalar,<br \/>\n\u25ea Fornece distribui\u00e7\u00e3o de luz de feixe amplo e brilhante para ilumina\u00e7\u00e3o noturna de uso geral.<br \/>\n\u25ea Economia de energia e ecologicamente correta, sem polui\u00e7\u00e3o ao meio ambiente.<br \/>\n\u25ea Alta efici\u00eancia, baixa degrada\u00e7\u00e3o luminosa.<br \/>\nObserva\u00e7\u00e3o:<br \/>\n\u25ea Carregue sob luz solar direta por 6 a 8 horas<br \/>\n\u25ea Ligue o interruptor ap\u00f3s a instala\u00e7\u00e3o<br \/>\n\u25ea Escolha um local sem abrigo para ter bastante luz solar e exposi\u00e7\u00e3o total<\/p>\n<p>\u25ea Depois de ligar a luz, primeiro ela piscar\u00e1 e depois acender\u00e1, o que \u00e9 normal<\/p>\n<\/div>\n<\/div>\n<\/div>\n<\/div>\n<div><\/div>\n<\/div>\n<\/div>","protected":false},"excerpt":{"rendered":"<dl class=\"amount clearfix\">\n<dt class=\"metatit\">Certifica\u00e7\u00e3o CE\/ISO9001\/RoHS\/3C\/CQC\/\/UL\/TUV<\/dt>\n<\/dl>\n<dl class=\"amount clearfix\">\n<dt class=\"metatit\">Tempo de entrega 5-15 dias<\/dt>\n<\/dl>\n<dl class=\"amount clearfix\">\n<dt class=\"metatit\">Termos de pagamento L\/C, D\/A, D\/P, T\/T, Western Union, MoneyGram,<\/dt>\n<\/dl>\n<dl class=\"amount clearfix\">\n<dt class=\"metatit\">Servi\u00e7o OEM\/ODM personalizado<\/dt>\n<\/dl>\n<dl class=\"amount clearfix\">\n<dt class=\"metatit\">Porto de partida Guangzhou, Shenzhen, Zhuhai<\/dt>\n<\/dl>\n<dl class=\"amount clearfix\">\n<dt class=\"metatit\">Capacidade de fornecimento 5000 PCS\/m\u00eas<\/dt>\n<\/dl>","protected":false},"featured_media":1380,"comment_status":"open","ping_status":"closed","template":"","meta":[],"product_cat":[33,32],"product_tag":[],"class_list":{"0":"post-1379","1":"product","2":"type-product","3":"status-publish","4":"has-post-thumbnail","6":"product_cat-solar-street-light","7":"product_cat-solar-light","9":"first","10":"instock","11":"shipping-taxable","12":"product-type-simple"},"_links":{"self":[{"href":"https:\/\/www.xd-solar.com\/pt\/wp-json\/wp\/v2\/product\/1379","targetHints":{"allow":["GET"]}}],"collection":[{"href":"https:\/\/www.xd-solar.com\/pt\/wp-json\/wp\/v2\/product"}],"about":[{"href":"https:\/\/www.xd-solar.com\/pt\/wp-json\/wp\/v2\/types\/product"}],"replies":[{"embeddable":true,"href":"https:\/\/www.xd-solar.com\/pt\/wp-json\/wp\/v2\/comments?post=1379"}],"wp:featuredmedia":[{"embeddable":true,"href":"https:\/\/www.xd-solar.com\/pt\/wp-json\/wp\/v2\/media\/1380"}],"wp:attachment":[{"href":"https:\/\/www.xd-solar.com\/pt\/wp-json\/wp\/v2\/media?parent=1379"}],"wp:term":[{"taxonomy":"product_cat","embeddable":true,"href":"https:\/\/www.xd-solar.com\/pt\/wp-json\/wp\/v2\/product_cat?post=1379"},{"taxonomy":"product_tag","embeddable":true,"href":"https:\/\/www.xd-solar.com\/pt\/wp-json\/wp\/v2\/product_tag?post=1379"}],"curies":[{"name":"wp","href":"https:\/\/api.w.org\/{rel}","templated":true}]}}