{"id":1398,"date":"2023-03-18T17:22:51","date_gmt":"2023-03-18T09:22:51","guid":{"rendered":"https:\/\/xd-solar.com\/?post_type=product&#038;p=1398"},"modified":"2023-12-18T17:33:11","modified_gmt":"2023-12-18T09:33:11","slug":"solar-combination-street-light-all-in-one-solar-street-light-160w-200w-300w-320w","status":"publish","type":"product","link":"https:\/\/www.xd-solar.com\/pt\/produto\/solar-combination-street-light-all-in-one-solar-street-light-160w-200w-300w-320w\/","title":{"rendered":"luz de rua solar combinada luz de rua solar tudo-em-um 160W 200W 300W 320W"},"content":{"rendered":"<div class=\"numbox\"><strong>Luz de rua solar<\/strong><\/div>\n<p>O conceito de design de produto herda o senso futuro da ci\u00eancia e tecnologia e o design de estilo visual industrial. Ouse romper com o estilo de design tradicional de ilumina\u00e7\u00e3o externa. Para produtos de ilumina\u00e7\u00e3o externa para criar uma nova apar\u00eancia visual, comprometidos em criar a pr\u00f3xima sa\u00edda do mercado de produtos populares!<\/p>\n<p><strong>Controle de luz inteligente<\/strong><\/p>\n<div class=\"description\">\n<p>Ligue a luz automaticamente ao anoitecer, desligue a luz ao amanhecer e comece a carregar. Carregamento Solar As luzes de rua externas usam pain\u00e9is fotovoltaicos de polissil\u00edcio, que aumentam a taxa de convers\u00e3o fotoel\u00e9trica em 25%. Leva apenas 6 a 8 horas para carregar completamente. Bateria de l\u00edtio de alta capacidade de 22000mAh embutida, a luz de rua solar LED pode durar cerca de 20 a 24 horas no modo de detec\u00e7\u00e3o de radar.<\/p>\n<p><strong>Vantagem da ilumina\u00e7\u00e3o p\u00fablica solar<\/strong><\/p>\n<p>1. Energia renov\u00e1vel: sem fia\u00e7\u00e3o, sem valas, sem preocupa\u00e7\u00e3o com falta de energia.<\/p>\n<p>2. Prote\u00e7\u00e3o ambiental: sem polui\u00e7\u00e3o, sem ru\u00eddo, sem radia\u00e7\u00e3o;<\/p>\n<p>3. Seguran\u00e7a: \u00e0 prova d&#039;\u00e1gua, \u00e0 prova de explos\u00e3o;<\/p>\n<p>4. Conveni\u00eancia: f\u00e1cil instala\u00e7\u00e3o, economizando tempo e custo de m\u00e3o de obra.<\/p>\n<p>5. LED: chip LED de alto brilho, l\u00famen mais alto, vida \u00fatil mais longa, mais economia de energia, mais dur\u00e1vel<\/p>\n<\/div>","protected":false},"excerpt":{"rendered":"<dl class=\"amount clearfix\">\n<dt class=\"metatit\">Certifica\u00e7\u00e3o CE\/ISO9001\/RoHS\/3C\/CQC\/\/UL\/TUV<\/dt>\n<\/dl>\n<dl class=\"amount clearfix\">\n<dt class=\"metatit\">Tempo de entrega 5-15 dias<\/dt>\n<\/dl>\n<dl class=\"amount clearfix\">\n<dt class=\"metatit\">Termos de pagamento L\/C, D\/A, D\/P, T\/T, Western Union, Money Gram,<\/dt>\n<\/dl>\n<dl class=\"amount clearfix\">\n<dt class=\"metatit\">Servi\u00e7o OEM\/ODM personalizado<\/dt>\n<\/dl>\n<dl class=\"amount clearfix\">\n<dt class=\"metatit\">Porto de partida Guangzhou, Shenzhen, Zhuhai<\/dt>\n<\/dl>\n<dl class=\"amount clearfix\">\n<dt class=\"metatit\">Capacidade de fornecimento 5000PCS\/m\u00eas<\/dt>\n<\/dl>","protected":false},"featured_media":1403,"comment_status":"open","ping_status":"closed","template":"","meta":[],"product_cat":[33,32],"product_tag":[],"class_list":{"0":"post-1398","1":"product","2":"type-product","3":"status-publish","4":"has-post-thumbnail","6":"product_cat-solar-street-light","7":"product_cat-solar-light","9":"first","10":"instock","11":"shipping-taxable","12":"product-type-simple"},"_links":{"self":[{"href":"https:\/\/www.xd-solar.com\/pt\/wp-json\/wp\/v2\/product\/1398","targetHints":{"allow":["GET"]}}],"collection":[{"href":"https:\/\/www.xd-solar.com\/pt\/wp-json\/wp\/v2\/product"}],"about":[{"href":"https:\/\/www.xd-solar.com\/pt\/wp-json\/wp\/v2\/types\/product"}],"replies":[{"embeddable":true,"href":"https:\/\/www.xd-solar.com\/pt\/wp-json\/wp\/v2\/comments?post=1398"}],"wp:featuredmedia":[{"embeddable":true,"href":"https:\/\/www.xd-solar.com\/pt\/wp-json\/wp\/v2\/media\/1403"}],"wp:attachment":[{"href":"https:\/\/www.xd-solar.com\/pt\/wp-json\/wp\/v2\/media?parent=1398"}],"wp:term":[{"taxonomy":"product_cat","embeddable":true,"href":"https:\/\/www.xd-solar.com\/pt\/wp-json\/wp\/v2\/product_cat?post=1398"},{"taxonomy":"product_tag","embeddable":true,"href":"https:\/\/www.xd-solar.com\/pt\/wp-json\/wp\/v2\/product_tag?post=1398"}],"curies":[{"name":"wp","href":"https:\/\/api.w.org\/{rel}","templated":true}]}}