{"id":1451,"date":"2023-03-21T09:46:04","date_gmt":"2023-03-21T01:46:04","guid":{"rendered":"https:\/\/xd-solar.com\/?post_type=product&#038;p=1451"},"modified":"2023-12-21T10:08:44","modified_gmt":"2023-12-21T02:08:44","slug":"high-lumen-outdoor-lighting-waterproof-ip65-solar-led-flood-light","status":"publish","type":"product","link":"https:\/\/www.xd-solar.com\/pt\/produto\/high-lumen-outdoor-lighting-waterproof-ip65-solar-led-flood-light\/","title":{"rendered":"Ilumina\u00e7\u00e3o externa de alto l\u00famen \u00e0 prova d&#039;\u00e1gua holofote LED solar Ip65"},"content":{"rendered":"<div class=\"numbox\"><strong>Solar LED Flood Light\u00a0<\/strong><\/div>\n<div class=\"description\">\n<p>High\u00a0Power,\u00a0high\u00a0lumen,\u00a0high\u00a0quality. Easy\u00a0to\u00a0install\u00a0and\u00a0use,\u00a0secure\u00a0and\u00a0reliable. Light\u00a0body\u00a0is\u00a0made\u00a0of\u00a0good\u00a0quality\u00a0aluminum\u00a0alloy\u00a0with\u00a0painting\u00a0or\u00a0anodic\u00a0treatment\u00a0on\u00a0surface,\u00a0exiguity \u00a0and\u00a0unique\u00a0design,\u00a0excellent\u00a0heat\u00a0dissipation.\u00a0Mainly used for building outlines, stadiums, overpasses, monuments, parks and flower beds, etc.<\/p>\n<p><strong>Easy To Install<\/strong><\/p>\n<p>It can be directly installed on the wall or light pole. Solar energy can be used for year-round lighting, no wiring, no AC or DC power supply. You can save a lot of power without worrying about new batteries or mains power.<\/p>\n<div><strong>IP65 Advanced Waterproof<\/strong><\/div>\n<div>\n<div><\/div>\n<div class=\"description\">Simple operation, easy to use, automatic lighting at night, safer, more durable, more fashionable.Multiple barrier seal design,rain and dust are seamless easy to adapt to all kinds of weather.<\/div>\n<div><\/div>\n<div><\/div>\n<div><\/div>\n<div>\n<div class=\"numbox\"><strong>Intelligent Control<\/strong><\/div>\n<div class=\"description\">\n<p>There are two control methods for this solar flood light from dusk to dawn.<\/p>\n<p>1. Light control: turn on automatically at dusk, and turn off automatically at dawn.<\/p>\n<p>2. Remote control: forced switch, timing, brightness adjustment, easy to use.<\/p>\n<\/div>\n<\/div>\n<\/div>\n<\/div>","protected":false},"excerpt":{"rendered":"<dl class=\"amount clearfix\">\n<dt class=\"metatit\">Certifica\u00e7\u00e3o CE\/ISO9001\/RoHS\/3C\/CQC\/\/UL\/TUV<\/dt>\n<\/dl>\n<dl class=\"amount clearfix\">\n<dt class=\"metatit\">Delivery Time\u00a0 \u00a0 \u00a0 \u00a0 \u00a0 \u00a0 5-15 days<\/dt>\n<\/dl>\n<dl class=\"amount clearfix\">\n<dt class=\"metatit\">Termos de pagamento L\/C, D\/A, D\/P, T\/T, Western Union, Money Gram,<\/dt>\n<\/dl>\n<dl class=\"amount clearfix\">\n<dt class=\"metatit\">Service\u00a0 \u00a0 \u00a0 \u00a0 \u00a0 \u00a0 \u00a0 \u00a0 \u00a0 \u00a0 \u00a0 \u00a0 OEM\/ODM Customized<\/dt>\n<\/dl>\n<dl class=\"amount clearfix\">\n<dt class=\"metatit\">Start Port\u00a0 \u00a0 \u00a0 \u00a0 \u00a0 \u00a0 \u00a0 \u00a0 \u00a0 \u00a0guangzhou ,shenzhen, zhuhai<\/dt>\n<\/dl>\n<dl class=\"amount clearfix\">\n<dt class=\"metatit\">Supply Ability\u00a0 \u00a0 \u00a0 \u00a0 \u00a0 \u00a05000 PCS\/Month<\/dt>\n<\/dl>","protected":false},"featured_media":1453,"comment_status":"open","ping_status":"closed","template":"","meta":[],"product_cat":[34,32],"product_tag":[],"class_list":{"0":"post-1451","1":"product","2":"type-product","3":"status-publish","4":"has-post-thumbnail","6":"product_cat-solar-flood-light","7":"product_cat-solar-light","9":"first","10":"instock","11":"shipping-taxable","12":"product-type-simple"},"_links":{"self":[{"href":"https:\/\/www.xd-solar.com\/pt\/wp-json\/wp\/v2\/product\/1451","targetHints":{"allow":["GET"]}}],"collection":[{"href":"https:\/\/www.xd-solar.com\/pt\/wp-json\/wp\/v2\/product"}],"about":[{"href":"https:\/\/www.xd-solar.com\/pt\/wp-json\/wp\/v2\/types\/product"}],"replies":[{"embeddable":true,"href":"https:\/\/www.xd-solar.com\/pt\/wp-json\/wp\/v2\/comments?post=1451"}],"wp:featuredmedia":[{"embeddable":true,"href":"https:\/\/www.xd-solar.com\/pt\/wp-json\/wp\/v2\/media\/1453"}],"wp:attachment":[{"href":"https:\/\/www.xd-solar.com\/pt\/wp-json\/wp\/v2\/media?parent=1451"}],"wp:term":[{"taxonomy":"product_cat","embeddable":true,"href":"https:\/\/www.xd-solar.com\/pt\/wp-json\/wp\/v2\/product_cat?post=1451"},{"taxonomy":"product_tag","embeddable":true,"href":"https:\/\/www.xd-solar.com\/pt\/wp-json\/wp\/v2\/product_tag?post=1451"}],"curies":[{"name":"wp","href":"https:\/\/api.w.org\/{rel}","templated":true}]}}