{"id":1748,"date":"2024-03-21T19:14:30","date_gmt":"2024-03-21T11:14:30","guid":{"rendered":"https:\/\/www.xd-solar.com\/product\/wall-mounted-home-use-all-in-one-solar-hybrid-inverter-solar-lifepo4-battery-pack-bms-with-lithium-battery-storage-system\/"},"modified":"2024-10-29T20:37:09","modified_gmt":"2024-10-29T12:37:09","slug":"solar-inverter-solar-hybrid-inverter","status":"publish","type":"product","link":"https:\/\/www.xd-solar.com\/pt\/produto\/solar-inverter-solar-hybrid-inverter\/","title":{"rendered":"Inversor h\u00edbrido solar tudo em um para uso dom\u00e9stico montado na parede, pacote de bateria solar Lifepo4 BMS com sistema de armazenamento de bateria de l\u00edtio."},"content":{"rendered":"<div id=\"detail_decorate_root\" data-magic-global=\"%7B%22bizId%22%3A17381543577%2C%22pageId%22%3A21276444887%2C%22siteId%22%3A5005332084%7D\">\n<div class=\"J_module\">\n<div id=\"ali-anchor-AliMagic-cm8c05\" class=\"magic-0\" data-section=\"AliMagic-cm8c05\" data-section-title=\"Inverter Feature\">Recurso do inversor<\/div>\n<\/div>\n<div class=\"J_module\">\n<div class=\"detail-decorate-json-renderer-container\">\n<div class=\"magic-1\">\n<div class=\"magic-2\">\n<div class=\"magic-3\">\n<div class=\"magic-4\">\n<p><span class=\"magic-5\">1. Instala\u00e7\u00e3o f\u00e1cil e r\u00e1pida. Carregador solar, inversor, bateria, tudo em uma caixa <\/span><\/p>\n<div>\n<div><span class=\"magic-5\">2. Design compacto e elegante. Design de arte exclusivo e porta de conex\u00e3o de sa\u00edda conveniente. <\/span><\/div>\n<div><span class=\"magic-5\"><br \/>\n3. Autoconsumo maximizado. Menos energia usada da concession\u00e1ria. mais da energia solar natural. <\/span><span class=\"magic-5\">. <\/span><\/div>\n<div><span class=\"magic-5\">\u00a0<\/span><\/div>\n<div><span class=\"magic-5\">4. Capacidade de armazenamento de energia flex\u00edvel. Suporta energia solar, energia a g\u00e1s, energia da rede el\u00e9trica. 3 formas de carga de energia. <\/span><\/div>\n<div><span class=\"magic-5\"><br \/>\n5. Prote\u00e7\u00e3o e monitor inteligentes. Sobretens\u00e3o. Sobretemperatura\/Sobrecarga, relat\u00f3rio BMS da bateria e prote\u00e7\u00e3o total. Suporte a monitor de wifi ou aplicativo. <\/span><\/div>\n<div><span class=\"magic-5\"><br \/>\n6. longa vida \u00fatil e seguran\u00e7a. <\/span><\/p>\n<div>\n<div><\/div>\n<\/div>\n<\/div>\n<\/div>\n<\/div>\n<\/div>\n<\/div>\n<\/div>\n<\/div>\n<\/div>\n<div class=\"J_module\">\n<div id=\"ali-anchor-AliMagic-44kw7o\" class=\"magic-0\" data-section=\"AliMagic-44kw7o\" data-section-title=\"Highlight\">Destaque<\/div>\n<\/div>\n<div class=\"J_module\">\n<div class=\"icbu-pc-detailManyImage magic-6\">\n<div class=\"magic-7\"><img fetchpriority=\"high\" decoding=\"async\" class=\"alignnone wp-image-1777 size-full\" src=\"https:\/\/www.xd-solar.com\/wp-content\/uploads\/2024\/03\/all-in-one-solar-inverter1.jpg\" alt=\"\" width=\"750\" height=\"1065\" srcset=\"https:\/\/www.xd-solar.com\/wp-content\/uploads\/2024\/03\/all-in-one-solar-inverter1.jpg 750w, https:\/\/www.xd-solar.com\/wp-content\/uploads\/2024\/03\/all-in-one-solar-inverter1-150x213.jpg 150w, https:\/\/www.xd-solar.com\/wp-content\/uploads\/2024\/03\/all-in-one-solar-inverter1-600x852.jpg 600w, https:\/\/www.xd-solar.com\/wp-content\/uploads\/2024\/03\/all-in-one-solar-inverter1-211x300.jpg 211w, https:\/\/www.xd-solar.com\/wp-content\/uploads\/2024\/03\/all-in-one-solar-inverter1-721x1024.jpg 721w, https:\/\/www.xd-solar.com\/wp-content\/uploads\/2024\/03\/all-in-one-solar-inverter1-8x12.jpg 8w\" sizes=\"(max-width: 750px) 100vw, 750px\" \/><img decoding=\"async\" class=\"alignnone wp-image-1779 size-full\" src=\"https:\/\/www.xd-solar.com\/wp-content\/uploads\/2024\/03\/all-in-one-solar-inverter2.jpg\" alt=\"\" width=\"750\" height=\"403\" srcset=\"https:\/\/www.xd-solar.com\/wp-content\/uploads\/2024\/03\/all-in-one-solar-inverter2.jpg 750w, https:\/\/www.xd-solar.com\/wp-content\/uploads\/2024\/03\/all-in-one-solar-inverter2-150x81.jpg 150w, https:\/\/www.xd-solar.com\/wp-content\/uploads\/2024\/03\/all-in-one-solar-inverter2-600x322.jpg 600w, https:\/\/www.xd-solar.com\/wp-content\/uploads\/2024\/03\/all-in-one-solar-inverter2-300x161.jpg 300w, https:\/\/www.xd-solar.com\/wp-content\/uploads\/2024\/03\/all-in-one-solar-inverter2-18x10.jpg 18w\" sizes=\"(max-width: 750px) 100vw, 750px\" \/> <img decoding=\"async\" class=\"alignnone wp-image-1781 size-full\" src=\"https:\/\/www.xd-solar.com\/wp-content\/uploads\/2024\/03\/all-in-one-solar-inverter3.jpg\" alt=\"\" width=\"750\" height=\"579\" srcset=\"https:\/\/www.xd-solar.com\/wp-content\/uploads\/2024\/03\/all-in-one-solar-inverter3.jpg 750w, https:\/\/www.xd-solar.com\/wp-content\/uploads\/2024\/03\/all-in-one-solar-inverter3-150x116.jpg 150w, https:\/\/www.xd-solar.com\/wp-content\/uploads\/2024\/03\/all-in-one-solar-inverter3-600x463.jpg 600w, https:\/\/www.xd-solar.com\/wp-content\/uploads\/2024\/03\/all-in-one-solar-inverter3-300x232.jpg 300w, https:\/\/www.xd-solar.com\/wp-content\/uploads\/2024\/03\/all-in-one-solar-inverter3-16x12.jpg 16w\" sizes=\"(max-width: 750px) 100vw, 750px\" \/> <img loading=\"lazy\" decoding=\"async\" class=\"alignnone wp-image-2241\" src=\"https:\/\/www.xd-solar.com\/wp-content\/uploads\/2024\/03\/all-in-one-solar-inverter444-262x300.jpg\" alt=\"\" width=\"750\" height=\"860\" srcset=\"https:\/\/www.xd-solar.com\/wp-content\/uploads\/2024\/03\/all-in-one-solar-inverter444-262x300.jpg 262w, https:\/\/www.xd-solar.com\/wp-content\/uploads\/2024\/03\/all-in-one-solar-inverter444-150x172.jpg 150w, https:\/\/www.xd-solar.com\/wp-content\/uploads\/2024\/03\/all-in-one-solar-inverter444-10x12.jpg 10w, https:\/\/www.xd-solar.com\/wp-content\/uploads\/2024\/03\/all-in-one-solar-inverter444.jpg 523w\" sizes=\"(max-width: 750px) 100vw, 750px\" \/><img loading=\"lazy\" decoding=\"async\" class=\"alignnone wp-image-1785 size-full\" src=\"https:\/\/www.xd-solar.com\/wp-content\/uploads\/2024\/03\/all-in-one-solar-inverter5.jpg\" alt=\"\" width=\"750\" height=\"750\" srcset=\"https:\/\/www.xd-solar.com\/wp-content\/uploads\/2024\/03\/all-in-one-solar-inverter5.jpg 750w, https:\/\/www.xd-solar.com\/wp-content\/uploads\/2024\/03\/all-in-one-solar-inverter5-300x300.jpg 300w, https:\/\/www.xd-solar.com\/wp-content\/uploads\/2024\/03\/all-in-one-solar-inverter5-150x150.jpg 150w, https:\/\/www.xd-solar.com\/wp-content\/uploads\/2024\/03\/all-in-one-solar-inverter5-600x600.jpg 600w, https:\/\/www.xd-solar.com\/wp-content\/uploads\/2024\/03\/all-in-one-solar-inverter5-12x12.jpg 12w\" sizes=\"(max-width: 750px) 100vw, 750px\" \/> <img loading=\"lazy\" decoding=\"async\" class=\"alignnone wp-image-1787 size-full\" src=\"https:\/\/www.xd-solar.com\/wp-content\/uploads\/2024\/03\/all-in-one-solar-inverter6.jpg\" alt=\"\" width=\"750\" height=\"582\" srcset=\"https:\/\/www.xd-solar.com\/wp-content\/uploads\/2024\/03\/all-in-one-solar-inverter6.jpg 750w, https:\/\/www.xd-solar.com\/wp-content\/uploads\/2024\/03\/all-in-one-solar-inverter6-150x116.jpg 150w, https:\/\/www.xd-solar.com\/wp-content\/uploads\/2024\/03\/all-in-one-solar-inverter6-600x466.jpg 600w, https:\/\/www.xd-solar.com\/wp-content\/uploads\/2024\/03\/all-in-one-solar-inverter6-300x233.jpg 300w, https:\/\/www.xd-solar.com\/wp-content\/uploads\/2024\/03\/all-in-one-solar-inverter6-15x12.jpg 15w\" sizes=\"(max-width: 750px) 100vw, 750px\" \/> <img loading=\"lazy\" decoding=\"async\" class=\"alignnone wp-image-1786 size-full\" src=\"https:\/\/www.xd-solar.com\/wp-content\/uploads\/2024\/03\/all-in-one-solar-inverter06.jpg\" alt=\"\" width=\"750\" height=\"750\" srcset=\"https:\/\/www.xd-solar.com\/wp-content\/uploads\/2024\/03\/all-in-one-solar-inverter06.jpg 750w, https:\/\/www.xd-solar.com\/wp-content\/uploads\/2024\/03\/all-in-one-solar-inverter06-300x300.jpg 300w, https:\/\/www.xd-solar.com\/wp-content\/uploads\/2024\/03\/all-in-one-solar-inverter06-150x150.jpg 150w, https:\/\/www.xd-solar.com\/wp-content\/uploads\/2024\/03\/all-in-one-solar-inverter06-600x600.jpg 600w, https:\/\/www.xd-solar.com\/wp-content\/uploads\/2024\/03\/all-in-one-solar-inverter06-12x12.jpg 12w\" sizes=\"(max-width: 750px) 100vw, 750px\" \/><\/div>\n<div class=\"magic-7\"><\/div>\n<div class=\"magic-7\"><\/div>\n<div class=\"magic-7\"><\/div>\n<\/div>\n<\/div>\n<div class=\"J_module\">\n<div id=\"ali-anchor-AliMagic-jo4fbv\" class=\"magic-0\" data-section=\"AliMagic-jo4fbv\" data-section-title=\"Product Detail\">Detalhes do produto<\/div>\n<\/div>\n<div class=\"J_module\">\n<div class=\"icbu-pc-images magic-9\">\n<div class=\"flex-layout-v\">\n<div class=\"flex-layout-h magic-9\">\n<div class=\"magic-10\"><\/div>\n<\/div>\n<\/div>\n<\/div>\n<\/div>\n<div class=\"J_module\">\n<div data-section=\"AliMagic-o437hx\" data-section-title=\"Inverter Technical Parameters\">\n<div class=\"J_module\">\n<div id=\"ali-anchor-AliMagic-o437hx\" class=\"magic-0\" data-section=\"AliMagic-o437hx\" data-section-title=\"Inverter Technical Parameters\" data-spm-anchor-id=\"a2700.details.0.i50.307d78ec66ZTRp\">Par\u00e2metros t\u00e9cnicos do inversor<\/div>\n<\/div>\n<div class=\"J_module\">\n<div class=\"ife-detail-decorate-table\">\n<table class=\"has-title is-zebra all magic-14\">\n<tbody>\n<tr>\n<td colspan=\"1\" rowspan=\"1\">\n<div class=\"magic-15\">\n<div class=\"magic-16\"><b class=\"magic-17\">Modelo<\/b><\/div>\n<\/div>\n<\/td>\n<td colspan=\"1\" rowspan=\"1\">\n<div class=\"magic-18\">\n<div class=\"magic-16\" data-spm-anchor-id=\"a2700.pc-decorate.0.i123.7e1533330t0aEn\"><b class=\"magic-17\">HES PRO-T50248<\/b><\/div>\n<\/div>\n<\/td>\n<\/tr>\n<tr>\n<td colspan=\"2\" rowspan=\"1\">\n<div class=\"magic-19\">\n<div class=\"magic-20\" data-spm-anchor-id=\"a2700.pc-decorate.0.i132.7e1533330t0aEn\"><b>Poder<\/b><\/div>\n<\/div>\n<\/td>\n<\/tr>\n<tr>\n<td colspan=\"1\" rowspan=\"1\">\n<div class=\"magic-15\">Pot\u00eancia nominal<\/div>\n<\/td>\n<td colspan=\"1\" rowspan=\"1\">\n<div class=\"magic-18\">5000W<\/div>\n<\/td>\n<\/tr>\n<tr>\n<td colspan=\"1\" rowspan=\"1\">\n<div class=\"magic-15\">Pot\u00eancia de pico (20ms)<\/div>\n<\/td>\n<td colspan=\"1\" rowspan=\"1\">\n<div class=\"magic-18\">15000VA<\/div>\n<\/td>\n<\/tr>\n<tr>\n<td colspan=\"1\" rowspan=\"1\">\n<div class=\"magic-15\">M\u00e1quina \u00fanica\/m\u00e1quina paralela<\/div>\n<\/td>\n<td colspan=\"1\" rowspan=\"1\">\n<div class=\"magic-18\">Pode ser conectado em paralelo, at\u00e9 9 unidades podem ser conectadas em paralelo<\/div>\n<\/td>\n<\/tr>\n<tr>\n<td colspan=\"2\" rowspan=\"1\">\n<div class=\"magic-19\">\n<div class=\"magic-20\" data-spm-anchor-id=\"a2700.pc-decorate.0.i9.4d3f3333uLl3B2\"><b>MPPT<\/b><\/div>\n<\/div>\n<\/td>\n<\/tr>\n<tr>\n<td colspan=\"1\" rowspan=\"1\">\n<div class=\"magic-15\">Tens\u00e3o m\u00e1xima de entrada fotovoltaica (Voc)<\/div>\n<\/td>\n<td colspan=\"1\" rowspan=\"1\">\n<div class=\"magic-18\">500VCC<\/div>\n<\/td>\n<\/tr>\n<tr>\n<td colspan=\"1\" rowspan=\"1\">\n<div class=\"magic-15\">Pot\u00eancia m\u00e1xima de entrada fotovoltaica<\/div>\n<\/td>\n<td colspan=\"1\" rowspan=\"1\">\n<div class=\"magic-18\">5500W<\/div>\n<\/td>\n<\/tr>\n<tr>\n<td colspan=\"1\" rowspan=\"1\">\n<div class=\"magic-15\">Faixa de rastreamento MPPT<\/div>\n<\/td>\n<td colspan=\"1\" rowspan=\"1\">\n<div class=\"magic-18\">120 V-430 VCC<\/div>\n<\/td>\n<\/tr>\n<tr>\n<td colspan=\"1\" rowspan=\"1\">\n<div class=\"magic-15\">Corrente de carga fotovoltaica<\/div>\n<\/td>\n<td colspan=\"1\" rowspan=\"1\">\n<div class=\"magic-18\">80A<\/div>\n<\/td>\n<\/tr>\n<tr>\n<td colspan=\"2\" rowspan=\"1\">\n<div class=\"magic-19\">\n<div class=\"magic-20\" data-spm-anchor-id=\"a2700.pc-decorate.0.i134.7e1533330t0aEn\"><b>Entrada<\/b><\/div>\n<\/div>\n<\/td>\n<\/tr>\n<tr>\n<td colspan=\"1\" rowspan=\"1\">\n<div class=\"magic-15\">Voltagem padr\u00e3o da bateria<\/div>\n<\/td>\n<td colspan=\"1\" rowspan=\"1\">\n<div class=\"magic-18\">48V<\/div>\n<\/td>\n<\/tr>\n<tr>\n<td colspan=\"1\" rowspan=\"1\">\n<div class=\"magic-15\">Tens\u00e3o\/frequ\u00eancia de entrada da rede el\u00e9trica<\/div>\n<\/td>\n<td colspan=\"1\" rowspan=\"1\">\n<div class=\"magic-18\">\n<div class=\"magic-16\" data-spm-anchor-id=\"a2700.pc-decorate.0.i121.7e1533330t0aEn\">208VAC\/220VAC\/230VAC\/240VAC<\/div>\n<\/div>\n<\/td>\n<\/tr>\n<tr>\n<td colspan=\"2\" rowspan=\"1\">\n<div class=\"magic-19\">\n<div class=\"magic-20\"><b>Sa\u00edda<\/b><\/div>\n<\/div>\n<\/td>\n<\/tr>\n<tr>\n<td colspan=\"1\" rowspan=\"1\">\n<div class=\"magic-15\">Forma de onda de sa\u00edda\/efici\u00eancia de convers\u00e3o<\/div>\n<\/td>\n<td colspan=\"1\" rowspan=\"1\">\n<div class=\"magic-18\">Onda senoidal pura\/90%<\/div>\n<\/td>\n<\/tr>\n<tr>\n<td colspan=\"1\" rowspan=\"1\">\n<div class=\"magic-15\">Tens\u00e3o\/frequ\u00eancia m\u00e1xima de sa\u00edda (modo inversor)<\/div>\n<\/td>\n<td colspan=\"1\" rowspan=\"1\">\n<div class=\"magic-18\">208 VCA\/220 VCA\/230 VCA\/240 VCA\u00b12%,50 Hz\u00b15%,60 Hz\u00b15%<\/div>\n<\/td>\n<\/tr>\n<tr>\n<td colspan=\"2\" rowspan=\"1\">\n<div class=\"magic-19\">\n<div class=\"magic-20\"><b>Bateria<\/b><\/div>\n<\/div>\n<\/td>\n<\/tr>\n<tr>\n<td colspan=\"1\" rowspan=\"1\">\n<div class=\"magic-15\">Tipo de Bateria<\/div>\n<\/td>\n<td colspan=\"1\" rowspan=\"1\">\n<div class=\"magic-18\">Bateria LiFePO4<\/div>\n<\/td>\n<\/tr>\n<tr>\n<td colspan=\"1\" rowspan=\"1\">\n<div class=\"magic-15\">Capacidade da bateria<\/div>\n<\/td>\n<td colspan=\"1\" rowspan=\"1\">\n<div class=\"magic-18\">51,2 VCC 100 AH (bateria paralela, montagem em rack padr\u00e3o, 3U)<\/div>\n<\/td>\n<\/tr>\n<tr>\n<td colspan=\"1\" rowspan=\"1\">\n<div class=\"magic-15\">Corrente m\u00e1xima de carga\/descarga<\/div>\n<\/td>\n<td colspan=\"1\" rowspan=\"1\">\n<div class=\"magic-18\">100A<\/div>\n<\/td>\n<\/tr>\n<tr>\n<td colspan=\"1\" rowspan=\"1\">\n<div class=\"magic-15\">Tens\u00e3o de corte de carga\/descarga<\/div>\n<\/td>\n<td colspan=\"1\" rowspan=\"1\">\n<div class=\"magic-18\">44,8 VCC\/58,4 VCC<\/div>\n<\/td>\n<\/tr>\n<tr>\n<td colspan=\"2\" rowspan=\"1\">\n<div class=\"magic-19\">\n<div class=\"magic-20\"><b>Outro<\/b><\/div>\n<\/div>\n<\/td>\n<\/tr>\n<tr>\n<td colspan=\"1\" rowspan=\"1\">\n<div class=\"magic-15\">Prote\u00e7\u00e3o e Aviso<\/div>\n<\/td>\n<td colspan=\"1\" rowspan=\"1\">\n<div class=\"magic-18\">Equipado com prote\u00e7\u00e3o contra sobretens\u00e3o, baixa tens\u00e3o, sobrecarga, curto-circuito e alta temperatura<\/div>\n<\/td>\n<\/tr>\n<tr>\n<td colspan=\"1\" rowspan=\"1\">\n<div class=\"magic-15\">grau de prote\u00e7\u00e3o<\/div>\n<\/td>\n<td colspan=\"1\" rowspan=\"1\">\n<div class=\"magic-18\">IP20<\/div>\n<\/td>\n<\/tr>\n<tr>\n<td colspan=\"1\" rowspan=\"1\">\n<div class=\"magic-15\">Mostrar<\/div>\n<\/td>\n<td colspan=\"1\" rowspan=\"1\">\n<div class=\"magic-18\">LCD+LED<\/div>\n<\/td>\n<\/tr>\n<tr>\n<td colspan=\"1\" rowspan=\"1\">\n<div class=\"magic-15\">M\u00e9todo de resfriamento<\/div>\n<\/td>\n<td colspan=\"1\" rowspan=\"1\">\n<div class=\"magic-18\">Ventilador inteligente<\/div>\n<\/td>\n<\/tr>\n<tr>\n<td colspan=\"1\" rowspan=\"1\">\n<div class=\"magic-15\">M\u00e9todo de comunica\u00e7\u00e3o<\/div>\n<\/td>\n<td colspan=\"1\" rowspan=\"1\">\n<div class=\"magic-18\">Comunica\u00e7\u00e3o RS485\/RS232, aplicativo m\u00f3vel (monitoramento WIFI ou monitoramento GPRS)<\/div>\n<\/td>\n<\/tr>\n<tr>\n<td colspan=\"1\" rowspan=\"1\">\n<div class=\"magic-15\">Modo de trabalho<\/div>\n<\/td>\n<td colspan=\"1\" rowspan=\"1\">\n<div class=\"magic-18\">Prioridade municipal de eletricidade\/prioridade fotovoltaica\/modo de economia de energia<\/div>\n<\/td>\n<\/tr>\n<tr>\n<td colspan=\"1\" rowspan=\"1\">\n<div class=\"magic-15\">Temperatura de opera\u00e7\u00e3o<\/div>\n<\/td>\n<td colspan=\"1\" rowspan=\"1\">\n<div class=\"magic-18\">-10\u2103 a 40\u2103, redu\u00e7\u00e3o acima de 45\u2103<\/div>\n<\/td>\n<\/tr>\n<tr>\n<td colspan=\"1\" rowspan=\"1\">\n<div class=\"magic-15\">Humidade relativa<\/div>\n<\/td>\n<td colspan=\"1\" rowspan=\"1\">\n<div class=\"magic-18\">0%-95% Sem condensa\u00e7\u00e3o<\/div>\n<\/td>\n<\/tr>\n<tr>\n<td colspan=\"2\" rowspan=\"1\">\n<div class=\"magic-19\">\n<div class=\"magic-20\"><b>Tamanho<\/b><\/div>\n<\/div>\n<\/td>\n<\/tr>\n<tr>\n<td colspan=\"1\" rowspan=\"1\">\n<div class=\"magic-15\">Tamanho do produto (C*L*Amm)<\/div>\n<\/td>\n<td colspan=\"1\" rowspan=\"1\">\n<div class=\"magic-18\">525*180*900<\/div>\n<\/td>\n<\/tr>\n<tr>\n<td colspan=\"1\" rowspan=\"1\">\n<div class=\"magic-15\">Tamanho da embalagem (C*L*Amm)<\/div>\n<\/td>\n<td colspan=\"1\" rowspan=\"1\">\n<div class=\"magic-18\">535*190*910<\/div>\n<\/td>\n<\/tr>\n<\/tbody>\n<\/table>\n<\/div>\n<\/div>\n<div class=\"J_module\"><\/div>\n<\/div>\n<\/div>\n<div class=\"J_module\">\n<div id=\"ali-anchor-AliMagic-a58afi\" class=\"magic-0\" data-section=\"AliMagic-a58afi\" data-section-title=\"Wiring Diagram\">Diagrama de fia\u00e7\u00e3o<\/div>\n<\/div>\n<div class=\"J_module\">\n<div class=\"icbu-pc-images magic-9\">\n<div>\n<div class=\"flex-layout-v\">\n<div class=\"flex-layout-h magic-9\">\n<div class=\"magic-23\"><img loading=\"lazy\" decoding=\"async\" class=\"alignnone wp-image-1788 size-full\" src=\"https:\/\/www.xd-solar.com\/wp-content\/uploads\/2024\/03\/all-in-one-solar-inverter7.jpg\" alt=\"\" width=\"750\" height=\"544\" srcset=\"https:\/\/www.xd-solar.com\/wp-content\/uploads\/2024\/03\/all-in-one-solar-inverter7.jpg 750w, https:\/\/www.xd-solar.com\/wp-content\/uploads\/2024\/03\/all-in-one-solar-inverter7-150x109.jpg 150w, https:\/\/www.xd-solar.com\/wp-content\/uploads\/2024\/03\/all-in-one-solar-inverter7-600x435.jpg 600w, https:\/\/www.xd-solar.com\/wp-content\/uploads\/2024\/03\/all-in-one-solar-inverter7-300x218.jpg 300w, https:\/\/www.xd-solar.com\/wp-content\/uploads\/2024\/03\/all-in-one-solar-inverter7-18x12.jpg 18w\" sizes=\"(max-width: 750px) 100vw, 750px\" \/><\/div>\n<\/div>\n<\/div>\n<\/div>\n<\/div>\n<\/div>\n<div class=\"J_module\">\n<div id=\"ali-anchor-AliMagic-93og44\" class=\"magic-0\" data-section=\"AliMagic-93og44\" data-section-title=\"Application Case\"><img loading=\"lazy\" decoding=\"async\" class=\"alignnone wp-image-1784 size-full\" src=\"https:\/\/www.xd-solar.com\/wp-content\/uploads\/2024\/03\/all-in-one-solar-inverter05.jpg\" alt=\"\" width=\"750\" height=\"750\" srcset=\"https:\/\/www.xd-solar.com\/wp-content\/uploads\/2024\/03\/all-in-one-solar-inverter05.jpg 750w, https:\/\/www.xd-solar.com\/wp-content\/uploads\/2024\/03\/all-in-one-solar-inverter05-300x300.jpg 300w, https:\/\/www.xd-solar.com\/wp-content\/uploads\/2024\/03\/all-in-one-solar-inverter05-150x150.jpg 150w, https:\/\/www.xd-solar.com\/wp-content\/uploads\/2024\/03\/all-in-one-solar-inverter05-600x600.jpg 600w, https:\/\/www.xd-solar.com\/wp-content\/uploads\/2024\/03\/all-in-one-solar-inverter05-12x12.jpg 12w\" sizes=\"(max-width: 750px) 100vw, 750px\" \/>Caso de Aplica\u00e7\u00e3o<\/div>\n<\/div>\n<div class=\"J_module\">\n<div class=\"icbu-pc-images magic-9\">\n<div>\n<div class=\"flex-layout-v\">\n<div class=\"flex-layout-h magic-9\">\n<div class=\"magic-25\"><\/div>\n<\/div>\n<\/div>\n<\/div>\n<\/div>\n<\/div>\n<div class=\"J_module\">\n<div class=\"detail-decorate-json-renderer-container\">\n<div class=\"magic-1\">\n<div class=\"magic-2\">\n<div class=\"magic-3\">\n<div class=\"magic-4\"><b><span style=\"color: #48916c;\">Pacote<br \/>\n<\/span><\/b>Caixa de papel\u00e3o para embalagem ou caixa de madeira recomendada para proteger amostras durante o transporte.<\/p>\n<div><\/div>\n<div><b><span style=\"color: #48916c;\">Envio<\/span><\/b><br \/>\n1. Fedex\/ DHL\/ TNT\/ UPS para amostras, porta a porta.<br \/>\n2. Por via a\u00e9rea ou mar\u00edtima para mercadorias em lote, para CFL, recebimento no porto a\u00e9reo\/porto.<br \/>\n3. Clientes especificando agentes de carga ou m\u00e9todos de envio negoci\u00e1veis.<br \/>\n4. Prazo de entrega: 7 dias para amostras; 10 a 25 dias para produtos em lote.<\/div>\n<\/div>\n<\/div>\n<\/div>\n<\/div>\n<\/div>\n<\/div>\n<div class=\"J_module\">\n<div class=\"icbu-pc-detailSellerRecommend magic-27\" data-magic=\"{&quot;mds&quot;:{&quot;assetsVersion&quot;:&quot;0.0.14&quot;,&quot;assetsPackageName&quot;:&quot;icbumod&quot;,&quot;moduleNameAlias&quot;:&quot;icbu-pc-detailSellerRecommend&quot;,&quot;moduleData&quot;:{&quot;config&quot;:{&quot;columnCount&quot;:4,&quot;titleKey&quot;:6,&quot;products&quot;:[62343531193,1600644794806,1600433508690,1600144418808,1600671217572,60553947042,1600429541841,1600661924334]}}},&quot;version&quot;:1}\"><\/div>\n<\/div>\n<div class=\"J_module\">\n<div id=\"ali-anchor-AliMagic-3x1x1c\" class=\"magic-0\" data-section=\"AliMagic-3x1x1c\" data-section-title=\"Company Information\">Informa\u00e7\u00f5es da empresa<\/div>\n<\/div>\n<div class=\"J_module\">\n<div class=\"icbu-pc-images magic-9\">\n<div>\n<div class=\"flex-layout-v\">\n<div class=\"flex-layout-h magic-9\">\n<div class=\"magic-28\"><\/div>\n<\/div>\n<\/div>\n<\/div>\n<\/div>\n<\/div>\n<div class=\"J_module\">\n<div class=\"icbu-pc-images magic-9\">\n<div>\n<div class=\"flex-layout-v\">\n<div class=\"flex-layout-h magic-9\">\n<div class=\"magic-30\"><img loading=\"lazy\" decoding=\"async\" class=\"alignnone wp-image-1639 size-full\" src=\"https:\/\/www.xd-solar.com\/wp-content\/uploads\/2024\/03\/99.jpg\" alt=\"\" width=\"750\" height=\"384\" srcset=\"https:\/\/www.xd-solar.com\/wp-content\/uploads\/2024\/03\/99.jpg 750w, https:\/\/www.xd-solar.com\/wp-content\/uploads\/2024\/03\/99-150x77.jpg 150w, https:\/\/www.xd-solar.com\/wp-content\/uploads\/2024\/03\/99-600x307.jpg 600w, https:\/\/www.xd-solar.com\/wp-content\/uploads\/2024\/03\/99-300x154.jpg 300w, https:\/\/www.xd-solar.com\/wp-content\/uploads\/2024\/03\/99-18x9.jpg 18w\" sizes=\"(max-width: 750px) 100vw, 750px\" \/><\/div>\n<\/div>\n<\/div>\n<\/div>\n<\/div>\n<\/div>\n<div class=\"J_module\">\n<div id=\"ali-anchor-AliMagic-89xzn8\" class=\"magic-0\" data-section=\"AliMagic-89xzn8\" data-section-title=\"Workshop\">Oficina<\/div>\n<\/div>\n<div class=\"J_module\">\n<div class=\"icbu-pc-images magic-9\">\n<div>\n<div class=\"flex-layout-v\">\n<div class=\"flex-layout-h magic-9\">\n<div class=\"magic-32\"><\/div>\n<\/div>\n<\/div>\n<\/div>\n<\/div>\n<\/div>\n<div class=\"J_module\">\n<div class=\"icbu-pc-images magic-9\">\n<div class=\"flex-layout-v\">\n<div class=\"flex-layout-h magic-9\">\n<div class=\"magic-34\"><img decoding=\"async\" class=\"magic-35\" src=\"\/\/sc04.alicdn.com\/kf\/H5b8df4dc7d524a1cab47565c81f637f0U\/201674393\/H5b8df4dc7d524a1cab47565c81f637f0U.jpg\" \/><\/div>\n<div>Exposi\u00e7\u00e3o<\/div>\n<\/div>\n<\/div>\n<\/div>\n<\/div>\n<div class=\"J_module\">\n<div class=\"icbu-pc-images magic-9\">\n<div class=\"flex-layout-v\">\n<div class=\"flex-layout-h magic-9\">\n<div class=\"magic-36\"><img loading=\"lazy\" decoding=\"async\" class=\"alignnone wp-image-2238\" src=\"https:\/\/www.xd-solar.com\/wp-content\/uploads\/2024\/03\/e6b7f1626b1ecdc92a424abc62576f8-\u6062\u590d\u7684-300x225.jpg\" alt=\"\" width=\"750\" height=\"563\" srcset=\"https:\/\/www.xd-solar.com\/wp-content\/uploads\/2024\/03\/e6b7f1626b1ecdc92a424abc62576f8-\u6062\u590d\u7684-300x225.jpg 300w, https:\/\/www.xd-solar.com\/wp-content\/uploads\/2024\/03\/e6b7f1626b1ecdc92a424abc62576f8-\u6062\u590d\u7684-150x113.jpg 150w, https:\/\/www.xd-solar.com\/wp-content\/uploads\/2024\/03\/e6b7f1626b1ecdc92a424abc62576f8-\u6062\u590d\u7684-600x450.jpg 600w, https:\/\/www.xd-solar.com\/wp-content\/uploads\/2024\/03\/e6b7f1626b1ecdc92a424abc62576f8-\u6062\u590d\u7684-1024x768.jpg 1024w, https:\/\/www.xd-solar.com\/wp-content\/uploads\/2024\/03\/e6b7f1626b1ecdc92a424abc62576f8-\u6062\u590d\u7684-768x576.jpg 768w, https:\/\/www.xd-solar.com\/wp-content\/uploads\/2024\/03\/e6b7f1626b1ecdc92a424abc62576f8-\u6062\u590d\u7684-16x12.jpg 16w, https:\/\/www.xd-solar.com\/wp-content\/uploads\/2024\/03\/e6b7f1626b1ecdc92a424abc62576f8-\u6062\u590d\u7684.jpg 1440w\" sizes=\"(max-width: 750px) 100vw, 750px\" \/>\u00a0<img loading=\"lazy\" decoding=\"async\" class=\"alignnone wp-image-1813\" src=\"https:\/\/www.xd-solar.com\/wp-content\/uploads\/2024\/03\/XINDI-EXHIBITION-SITE-2-300x159.jpg\" alt=\"\" width=\"750\" height=\"397\" srcset=\"https:\/\/www.xd-solar.com\/wp-content\/uploads\/2024\/03\/XINDI-EXHIBITION-SITE-2-300x159.jpg 300w, https:\/\/www.xd-solar.com\/wp-content\/uploads\/2024\/03\/XINDI-EXHIBITION-SITE-2-150x79.jpg 150w, https:\/\/www.xd-solar.com\/wp-content\/uploads\/2024\/03\/XINDI-EXHIBITION-SITE-2-600x317.jpg 600w, https:\/\/www.xd-solar.com\/wp-content\/uploads\/2024\/03\/XINDI-EXHIBITION-SITE-2-768x406.jpg 768w, https:\/\/www.xd-solar.com\/wp-content\/uploads\/2024\/03\/XINDI-EXHIBITION-SITE-2-18x10.jpg 18w, https:\/\/www.xd-solar.com\/wp-content\/uploads\/2024\/03\/XINDI-EXHIBITION-SITE-2.jpg 828w\" sizes=\"(max-width: 750px) 100vw, 750px\" \/><\/div>\n<div>Certificado<\/div>\n<div><img loading=\"lazy\" decoding=\"async\" class=\"alignnone wp-image-1638\" src=\"https:\/\/www.xd-solar.com\/wp-content\/uploads\/2024\/03\/88-300x127.jpg\" alt=\"\" width=\"750\" height=\"317\" srcset=\"https:\/\/www.xd-solar.com\/wp-content\/uploads\/2024\/03\/88-300x127.jpg 300w, https:\/\/www.xd-solar.com\/wp-content\/uploads\/2024\/03\/88-150x63.jpg 150w, https:\/\/www.xd-solar.com\/wp-content\/uploads\/2024\/03\/88-18x8.jpg 18w, https:\/\/www.xd-solar.com\/wp-content\/uploads\/2024\/03\/88.jpg 601w\" sizes=\"(max-width: 750px) 100vw, 750px\" \/><\/div>\n<\/div>\n<\/div>\n<\/div>\n<\/div>\n<div class=\"J_module\">\n<div class=\"icbu-pc-images magic-9\">\n<div>\n<div class=\"flex-layout-v\">\n<div class=\"flex-layout-h magic-9\">\n<div class=\"magic-38\"><\/div>\n<\/div>\n<\/div>\n<\/div>\n<\/div>\n<\/div>\n<\/div>","protected":false},"excerpt":{"rendered":"<p>Xindi Solar \u00e9 um fabricante e fornecedor chin\u00eas especializado em carregador inversor solar, carregador inversor h\u00edbrido, carregador inversor de energia, solar h\u00edbrido \u2026<\/p>","protected":false},"featured_media":1811,"comment_status":"open","ping_status":"closed","template":"","meta":[],"product_cat":[15],"product_tag":[60,126,43,71,58],"class_list":{"0":"post-1748","1":"product","2":"type-product","3":"status-publish","4":"has-post-thumbnail","6":"product_cat-solar-inverter","7":"product_tag-off-grid-inverter","8":"product_tag-solar-power-inverter-factory","9":"product_tag-solar-system","10":"product_tag-solar-water-pump-system","11":"product_tag-ups","13":"first","14":"instock","15":"shipping-taxable","16":"purchasable","17":"product-type-variable"},"_links":{"self":[{"href":"https:\/\/www.xd-solar.com\/pt\/wp-json\/wp\/v2\/product\/1748","targetHints":{"allow":["GET"]}}],"collection":[{"href":"https:\/\/www.xd-solar.com\/pt\/wp-json\/wp\/v2\/product"}],"about":[{"href":"https:\/\/www.xd-solar.com\/pt\/wp-json\/wp\/v2\/types\/product"}],"replies":[{"embeddable":true,"href":"https:\/\/www.xd-solar.com\/pt\/wp-json\/wp\/v2\/comments?post=1748"}],"wp:featuredmedia":[{"embeddable":true,"href":"https:\/\/www.xd-solar.com\/pt\/wp-json\/wp\/v2\/media\/1811"}],"wp:attachment":[{"href":"https:\/\/www.xd-solar.com\/pt\/wp-json\/wp\/v2\/media?parent=1748"}],"wp:term":[{"taxonomy":"product_cat","embeddable":true,"href":"https:\/\/www.xd-solar.com\/pt\/wp-json\/wp\/v2\/product_cat?post=1748"},{"taxonomy":"product_tag","embeddable":true,"href":"https:\/\/www.xd-solar.com\/pt\/wp-json\/wp\/v2\/product_tag?post=1748"}],"curies":[{"name":"wp","href":"https:\/\/api.w.org\/{rel}","templated":true}]}}