{"id":2041,"date":"2024-04-29T11:15:00","date_gmt":"2024-04-29T03:15:00","guid":{"rendered":"https:\/\/www.xd-solar.com\/?post_type=product&#038;p=2041"},"modified":"2024-04-29T15:00:32","modified_gmt":"2024-04-29T07:00:32","slug":"low-frequency-hybrid-solar-system-for-commercial-industrial-and-home-use-300w-500w-700w-1kw-2kw-3kw-4kw-5kw-6kw-7kw-8kw-10kw-12kw-15kw-20kw-25kw-30kw-40kw-all-available","status":"publish","type":"product","link":"https:\/\/www.xd-solar.com\/pt\/produto\/low-frequency-hybrid-solar-system-for-commercial-industrial-and-home-use-300w-500w-700w-1kw-2kw-3kw-4kw-5kw-6kw-7kw-8kw-10kw-12kw-15kw-20kw-25kw-30kw-40kw-all-available\/","title":{"rendered":"Sistema solar h\u00edbrido de baixa frequ\u00eancia para uso comercial, industrial e dom\u00e9stico 300W 500W 700W 1KW 2KW 3KW 4KW 5KW 6KW 7KW 8KW 10KW 12KW 15KW 20KW 25KW 30KW 40KW todos dispon\u00edveis"},"content":{"rendered":"<p><img fetchpriority=\"high\" decoding=\"async\" class=\"alignnone wp-image-2042 size-full\" src=\"https:\/\/www.xd-solar.com\/wp-content\/uploads\/2024\/04\/ESS\u7cfb\u7edf.jpg\" alt=\"\" width=\"750\" height=\"510\" srcset=\"https:\/\/www.xd-solar.com\/wp-content\/uploads\/2024\/04\/ESS\u7cfb\u7edf.jpg 750w, https:\/\/www.xd-solar.com\/wp-content\/uploads\/2024\/04\/ESS\u7cfb\u7edf-150x102.jpg 150w, https:\/\/www.xd-solar.com\/wp-content\/uploads\/2024\/04\/ESS\u7cfb\u7edf-600x408.jpg 600w, https:\/\/www.xd-solar.com\/wp-content\/uploads\/2024\/04\/ESS\u7cfb\u7edf-300x204.jpg 300w, https:\/\/www.xd-solar.com\/wp-content\/uploads\/2024\/04\/ESS\u7cfb\u7edf-18x12.jpg 18w\" sizes=\"(max-width: 750px) 100vw, 750px\" \/><img decoding=\"async\" class=\"alignnone wp-image-2051 size-full\" src=\"https:\/\/www.xd-solar.com\/wp-content\/uploads\/2024\/04\/Low-frequency-hybrid-solar-system9.png\" alt=\"\" width=\"750\" height=\"109\" srcset=\"https:\/\/www.xd-solar.com\/wp-content\/uploads\/2024\/04\/Low-frequency-hybrid-solar-system9.png 750w, https:\/\/www.xd-solar.com\/wp-content\/uploads\/2024\/04\/Low-frequency-hybrid-solar-system9-150x22.png 150w, https:\/\/www.xd-solar.com\/wp-content\/uploads\/2024\/04\/Low-frequency-hybrid-solar-system9-600x87.png 600w, https:\/\/www.xd-solar.com\/wp-content\/uploads\/2024\/04\/Low-frequency-hybrid-solar-system9-300x44.png 300w, https:\/\/www.xd-solar.com\/wp-content\/uploads\/2024\/04\/Low-frequency-hybrid-solar-system9-18x3.png 18w\" sizes=\"(max-width: 750px) 100vw, 750px\" \/><\/p>\n<p><img decoding=\"async\" class=\"alignnone wp-image-2052 size-full\" src=\"https:\/\/www.xd-solar.com\/wp-content\/uploads\/2024\/04\/Low-frequency-hybrid-solar-system8.png\" alt=\"\" width=\"750\" height=\"66\" srcset=\"https:\/\/www.xd-solar.com\/wp-content\/uploads\/2024\/04\/Low-frequency-hybrid-solar-system8.png 750w, https:\/\/www.xd-solar.com\/wp-content\/uploads\/2024\/04\/Low-frequency-hybrid-solar-system8-150x13.png 150w, https:\/\/www.xd-solar.com\/wp-content\/uploads\/2024\/04\/Low-frequency-hybrid-solar-system8-600x53.png 600w, https:\/\/www.xd-solar.com\/wp-content\/uploads\/2024\/04\/Low-frequency-hybrid-solar-system8-300x26.png 300w, https:\/\/www.xd-solar.com\/wp-content\/uploads\/2024\/04\/Low-frequency-hybrid-solar-system8-18x2.png 18w\" sizes=\"(max-width: 750px) 100vw, 750px\" \/><img loading=\"lazy\" decoding=\"async\" class=\"alignnone wp-image-2043 size-full\" src=\"https:\/\/www.xd-solar.com\/wp-content\/uploads\/2024\/04\/Low-frequency-hybrid-solar-system1.jpg\" alt=\"\" width=\"750\" height=\"414\" srcset=\"https:\/\/www.xd-solar.com\/wp-content\/uploads\/2024\/04\/Low-frequency-hybrid-solar-system1.jpg 750w, https:\/\/www.xd-solar.com\/wp-content\/uploads\/2024\/04\/Low-frequency-hybrid-solar-system1-150x83.jpg 150w, https:\/\/www.xd-solar.com\/wp-content\/uploads\/2024\/04\/Low-frequency-hybrid-solar-system1-600x331.jpg 600w, https:\/\/www.xd-solar.com\/wp-content\/uploads\/2024\/04\/Low-frequency-hybrid-solar-system1-300x166.jpg 300w, https:\/\/www.xd-solar.com\/wp-content\/uploads\/2024\/04\/Low-frequency-hybrid-solar-system1-18x10.jpg 18w\" sizes=\"(max-width: 750px) 100vw, 750px\" \/><\/p>\n<p><img loading=\"lazy\" decoding=\"async\" class=\"alignnone wp-image-2044 size-full\" src=\"https:\/\/www.xd-solar.com\/wp-content\/uploads\/2024\/04\/Low-frequency-hybrid-solar-system2.jpg\" alt=\"\" width=\"750\" height=\"606\" srcset=\"https:\/\/www.xd-solar.com\/wp-content\/uploads\/2024\/04\/Low-frequency-hybrid-solar-system2.jpg 750w, https:\/\/www.xd-solar.com\/wp-content\/uploads\/2024\/04\/Low-frequency-hybrid-solar-system2-150x121.jpg 150w, https:\/\/www.xd-solar.com\/wp-content\/uploads\/2024\/04\/Low-frequency-hybrid-solar-system2-600x485.jpg 600w, https:\/\/www.xd-solar.com\/wp-content\/uploads\/2024\/04\/Low-frequency-hybrid-solar-system2-300x242.jpg 300w, https:\/\/www.xd-solar.com\/wp-content\/uploads\/2024\/04\/Low-frequency-hybrid-solar-system2-15x12.jpg 15w\" sizes=\"(max-width: 750px) 100vw, 750px\" \/><\/p>\n<p><img loading=\"lazy\" decoding=\"async\" class=\"alignnone wp-image-2053 size-full\" src=\"https:\/\/www.xd-solar.com\/wp-content\/uploads\/2024\/04\/Low-frequency-hybrid-solar-system10.png\" alt=\"\" width=\"750\" height=\"65\" srcset=\"https:\/\/www.xd-solar.com\/wp-content\/uploads\/2024\/04\/Low-frequency-hybrid-solar-system10.png 750w, https:\/\/www.xd-solar.com\/wp-content\/uploads\/2024\/04\/Low-frequency-hybrid-solar-system10-150x13.png 150w, https:\/\/www.xd-solar.com\/wp-content\/uploads\/2024\/04\/Low-frequency-hybrid-solar-system10-600x52.png 600w, https:\/\/www.xd-solar.com\/wp-content\/uploads\/2024\/04\/Low-frequency-hybrid-solar-system10-300x26.png 300w, https:\/\/www.xd-solar.com\/wp-content\/uploads\/2024\/04\/Low-frequency-hybrid-solar-system10-18x2.png 18w\" sizes=\"(max-width: 750px) 100vw, 750px\" \/><img loading=\"lazy\" decoding=\"async\" class=\"alignnone wp-image-2046 size-full\" src=\"https:\/\/www.xd-solar.com\/wp-content\/uploads\/2024\/04\/Low-frequency-hybrid-solar-system3.jpg\" alt=\"\" width=\"750\" height=\"833\" srcset=\"https:\/\/www.xd-solar.com\/wp-content\/uploads\/2024\/04\/Low-frequency-hybrid-solar-system3.jpg 750w, https:\/\/www.xd-solar.com\/wp-content\/uploads\/2024\/04\/Low-frequency-hybrid-solar-system3-150x167.jpg 150w, https:\/\/www.xd-solar.com\/wp-content\/uploads\/2024\/04\/Low-frequency-hybrid-solar-system3-600x666.jpg 600w, https:\/\/www.xd-solar.com\/wp-content\/uploads\/2024\/04\/Low-frequency-hybrid-solar-system3-270x300.jpg 270w, https:\/\/www.xd-solar.com\/wp-content\/uploads\/2024\/04\/Low-frequency-hybrid-solar-system3-11x12.jpg 11w\" sizes=\"(max-width: 750px) 100vw, 750px\" \/> <img loading=\"lazy\" decoding=\"async\" class=\"alignnone wp-image-2047 size-full\" src=\"https:\/\/www.xd-solar.com\/wp-content\/uploads\/2024\/04\/Low-frequency-hybrid-solar-system4.jpg\" alt=\"\" width=\"750\" height=\"401\" srcset=\"https:\/\/www.xd-solar.com\/wp-content\/uploads\/2024\/04\/Low-frequency-hybrid-solar-system4.jpg 750w, https:\/\/www.xd-solar.com\/wp-content\/uploads\/2024\/04\/Low-frequency-hybrid-solar-system4-150x80.jpg 150w, https:\/\/www.xd-solar.com\/wp-content\/uploads\/2024\/04\/Low-frequency-hybrid-solar-system4-600x321.jpg 600w, https:\/\/www.xd-solar.com\/wp-content\/uploads\/2024\/04\/Low-frequency-hybrid-solar-system4-300x160.jpg 300w, https:\/\/www.xd-solar.com\/wp-content\/uploads\/2024\/04\/Low-frequency-hybrid-solar-system4-18x10.jpg 18w\" sizes=\"(max-width: 750px) 100vw, 750px\" \/> <img loading=\"lazy\" decoding=\"async\" class=\"alignnone wp-image-2048 size-full\" src=\"https:\/\/www.xd-solar.com\/wp-content\/uploads\/2024\/04\/Low-frequency-hybrid-solar-system5.jpg\" alt=\"\" width=\"750\" height=\"107\" srcset=\"https:\/\/www.xd-solar.com\/wp-content\/uploads\/2024\/04\/Low-frequency-hybrid-solar-system5.jpg 750w, https:\/\/www.xd-solar.com\/wp-content\/uploads\/2024\/04\/Low-frequency-hybrid-solar-system5-150x21.jpg 150w, https:\/\/www.xd-solar.com\/wp-content\/uploads\/2024\/04\/Low-frequency-hybrid-solar-system5-600x86.jpg 600w, https:\/\/www.xd-solar.com\/wp-content\/uploads\/2024\/04\/Low-frequency-hybrid-solar-system5-300x43.jpg 300w, https:\/\/www.xd-solar.com\/wp-content\/uploads\/2024\/04\/Low-frequency-hybrid-solar-system5-18x3.jpg 18w\" sizes=\"(max-width: 750px) 100vw, 750px\" \/><\/p>\n<p>&nbsp;<\/p>\n<p>&nbsp;<\/p>\n<p><img loading=\"lazy\" decoding=\"async\" class=\"alignnone wp-image-2049 size-full\" src=\"https:\/\/www.xd-solar.com\/wp-content\/uploads\/2024\/04\/Low-frequency-hybrid-solar-system6.jpg\" alt=\"\" width=\"750\" height=\"579\" srcset=\"https:\/\/www.xd-solar.com\/wp-content\/uploads\/2024\/04\/Low-frequency-hybrid-solar-system6.jpg 750w, https:\/\/www.xd-solar.com\/wp-content\/uploads\/2024\/04\/Low-frequency-hybrid-solar-system6-150x116.jpg 150w, https:\/\/www.xd-solar.com\/wp-content\/uploads\/2024\/04\/Low-frequency-hybrid-solar-system6-600x463.jpg 600w, https:\/\/www.xd-solar.com\/wp-content\/uploads\/2024\/04\/Low-frequency-hybrid-solar-system6-300x232.jpg 300w, https:\/\/www.xd-solar.com\/wp-content\/uploads\/2024\/04\/Low-frequency-hybrid-solar-system6-16x12.jpg 16w\" sizes=\"(max-width: 750px) 100vw, 750px\" \/> <img loading=\"lazy\" decoding=\"async\" class=\"alignnone wp-image-2050 size-full\" src=\"https:\/\/www.xd-solar.com\/wp-content\/uploads\/2024\/04\/Low-frequency-hybrid-solar-system7.jpg\" alt=\"\" width=\"750\" height=\"512\" srcset=\"https:\/\/www.xd-solar.com\/wp-content\/uploads\/2024\/04\/Low-frequency-hybrid-solar-system7.jpg 750w, https:\/\/www.xd-solar.com\/wp-content\/uploads\/2024\/04\/Low-frequency-hybrid-solar-system7-150x102.jpg 150w, https:\/\/www.xd-solar.com\/wp-content\/uploads\/2024\/04\/Low-frequency-hybrid-solar-system7-600x410.jpg 600w, https:\/\/www.xd-solar.com\/wp-content\/uploads\/2024\/04\/Low-frequency-hybrid-solar-system7-300x205.jpg 300w, https:\/\/www.xd-solar.com\/wp-content\/uploads\/2024\/04\/Low-frequency-hybrid-solar-system7-18x12.jpg 18w\" sizes=\"(max-width: 750px) 100vw, 750px\" \/><\/p>\n<div id=\"ali-title-AliPostDhMb-c5jnf\" style=\"padding: 8px 0; border-bottom: 1px solid #ddd;\"><span style=\"background-color: #ddd; color: #333; font-weight: bold; padding: 8px 10px; line-height: 12px;\">Embalagem e Envio<\/span><\/div>\n<div style=\"padding: 10px 0;\"><\/div>\n<p><img loading=\"lazy\" decoding=\"async\" class=\"alignnone wp-image-2054 size-full\" src=\"https:\/\/www.xd-solar.com\/wp-content\/uploads\/2024\/04\/Low-frequency-hybrid-solar-system11.png\" alt=\"\" width=\"750\" height=\"635\" srcset=\"https:\/\/www.xd-solar.com\/wp-content\/uploads\/2024\/04\/Low-frequency-hybrid-solar-system11.png 750w, https:\/\/www.xd-solar.com\/wp-content\/uploads\/2024\/04\/Low-frequency-hybrid-solar-system11-150x127.png 150w, https:\/\/www.xd-solar.com\/wp-content\/uploads\/2024\/04\/Low-frequency-hybrid-solar-system11-600x508.png 600w, https:\/\/www.xd-solar.com\/wp-content\/uploads\/2024\/04\/Low-frequency-hybrid-solar-system11-300x254.png 300w, https:\/\/www.xd-solar.com\/wp-content\/uploads\/2024\/04\/Low-frequency-hybrid-solar-system11-14x12.png 14w\" sizes=\"(max-width: 750px) 100vw, 750px\" \/> <img loading=\"lazy\" decoding=\"async\" class=\"alignnone wp-image-2055 size-full\" src=\"https:\/\/www.xd-solar.com\/wp-content\/uploads\/2024\/04\/Low-frequency-hybrid-solar-system12.png\" alt=\"\" width=\"750\" height=\"583\" srcset=\"https:\/\/www.xd-solar.com\/wp-content\/uploads\/2024\/04\/Low-frequency-hybrid-solar-system12.png 750w, https:\/\/www.xd-solar.com\/wp-content\/uploads\/2024\/04\/Low-frequency-hybrid-solar-system12-150x117.png 150w, https:\/\/www.xd-solar.com\/wp-content\/uploads\/2024\/04\/Low-frequency-hybrid-solar-system12-600x466.png 600w, https:\/\/www.xd-solar.com\/wp-content\/uploads\/2024\/04\/Low-frequency-hybrid-solar-system12-300x233.png 300w, https:\/\/www.xd-solar.com\/wp-content\/uploads\/2024\/04\/Low-frequency-hybrid-solar-system12-15x12.png 15w\" sizes=\"(max-width: 750px) 100vw, 750px\" \/> <img loading=\"lazy\" decoding=\"async\" class=\"alignnone wp-image-2056 size-full\" src=\"https:\/\/www.xd-solar.com\/wp-content\/uploads\/2024\/04\/Low-frequency-hybrid-solar-system13.png\" alt=\"\" width=\"750\" height=\"532\" srcset=\"https:\/\/www.xd-solar.com\/wp-content\/uploads\/2024\/04\/Low-frequency-hybrid-solar-system13.png 750w, https:\/\/www.xd-solar.com\/wp-content\/uploads\/2024\/04\/Low-frequency-hybrid-solar-system13-150x106.png 150w, https:\/\/www.xd-solar.com\/wp-content\/uploads\/2024\/04\/Low-frequency-hybrid-solar-system13-600x426.png 600w, https:\/\/www.xd-solar.com\/wp-content\/uploads\/2024\/04\/Low-frequency-hybrid-solar-system13-300x213.png 300w, https:\/\/www.xd-solar.com\/wp-content\/uploads\/2024\/04\/Low-frequency-hybrid-solar-system13-18x12.png 18w\" sizes=\"(max-width: 750px) 100vw, 750px\" \/><\/p>\n<p><span style=\"margin: 0px; padding: 0px; border: 0px; font-style: normal; font-weight: 400; font-size: 12px; line-height: 18px; font-family: Arial; vertical-align: baseline; background-color: #ffffff; color: #003366;\"><strong><span style=\"margin: 0px; padding: 0px; border: 0px; font-style: inherit; font-weight: inherit; font-size: 16px; line-height: 24px; vertical-align: baseline;\">Envio<\/span><\/strong><\/span><br \/>\n<span style=\"margin: 0px; padding: 0px; border: 0px; font-style: normal; font-weight: 400; font-size: 14px; line-height: 21px; font-family: Arial; vertical-align: baseline; color: #000000; background-color: #ffffff;\">1. Fedex\/ DHL\/ TNT\/ UPS para amostras, porta a porta.<\/span><br \/>\n<span style=\"margin: 0px; padding: 0px; border: 0px; font-style: normal; font-weight: 400; font-size: 14px; line-height: 21px; font-family: Arial; vertical-align: baseline; color: #000000; background-color: #ffffff;\">2. Por via a\u00e9rea ou mar\u00edtima para mercadorias em lote, para CFL, recebimento no porto a\u00e9reo\/porto.<\/span><br \/>\n<span style=\"margin: 0px; padding: 0px; border: 0px; font-style: normal; font-weight: 400; font-size: 14px; line-height: 21px; font-family: Arial; vertical-align: baseline; color: #000000; background-color: #ffffff;\">3. Clientes especificando agentes de carga ou m\u00e9todos de envio negoci\u00e1veis.<\/span><br \/>\n<span style=\"margin: 0px; padding: 0px; border: 0px; font-style: normal; font-weight: 400; font-size: 14px; line-height: 21px; font-family: Arial; vertical-align: baseline; color: #000000; background-color: #ffffff;\">4. Prazo de entrega: 7 dias para amostras; 10 a 25 dias para produtos em lote.\u00a0<\/span><\/p>\n<p><img loading=\"lazy\" decoding=\"async\" class=\"alignnone wp-image-1638\" src=\"https:\/\/www.xd-solar.com\/wp-content\/uploads\/2024\/03\/88-300x127.jpg\" alt=\"\" width=\"750\" height=\"317\" srcset=\"https:\/\/www.xd-solar.com\/wp-content\/uploads\/2024\/03\/88-300x127.jpg 300w, https:\/\/www.xd-solar.com\/wp-content\/uploads\/2024\/03\/88-150x63.jpg 150w, https:\/\/www.xd-solar.com\/wp-content\/uploads\/2024\/03\/88-18x8.jpg 18w, https:\/\/www.xd-solar.com\/wp-content\/uploads\/2024\/03\/88.jpg 601w\" sizes=\"(max-width: 750px) 100vw, 750px\" \/><\/p>\n<div id=\"ali-title-AliPostDhMb-c5jnf\" style=\"padding: 8px 0; border-bottom: 1px solid #ddd;\"><span style=\"background-color: #ddd; color: #333; font-weight: bold; padding: 8px 10px; line-height: 12px;\">Perguntas frequentes<\/span><\/div>\n<div style=\"padding: 10px 0;\">\n<p style=\"font-size: 12px; line-height: inherit; margin: 0px; font-weight: 400; padding: 0px; border: 0px; font-style: normal; font-family: Arial, Helvetica; vertical-align: baseline; color: #333333; background-color: #ffffff;\"><strong><span style=\"margin: 0px; padding: 0px; border: 0px; font-style: inherit; font-weight: inherit; font-size: 18px; line-height: 27px; vertical-align: baseline; color: #008000;\">Q1: How to choose a right system and products?<\/span><\/strong><br \/>\n<span style=\"margin: 0px; padding: 0px; border: 0px; font-style: inherit; font-weight: inherit; font-size: 18px; line-height: 27px; vertical-align: baseline;\">A1:Tell us your requirements, then our seller will recommend a suitable product and system to you.<\/span><\/p>\n<p style=\"font-size: 12px; line-height: inherit; margin: 0px; font-weight: 400; padding: 0px; border: 0px; font-style: normal; font-family: Arial, Helvetica; vertical-align: baseline; color: #333333; background-color: #ffffff;\"><strong><span style=\"margin: 0px; padding: 0px; border: 0px; font-style: inherit; font-weight: inherit; font-size: 18px; line-height: 27px; vertical-align: baseline; color: #008000;\">Q2: The advantages of home photovoltaic system?<\/span><\/strong><br \/>\n<span style=\"margin: 0px; padding: 0px; border: 0px; font-style: inherit; font-weight: inherit; font-size: 18px; line-height: 27px; vertical-align: baseline;\">A2: Solar photovoltaic power generation performance is stable and reliable, with a service life of more than 25 years;Small\u00a0<\/span><span style=\"margin: 0px; padding: 0px; border: 0px; font-style: inherit; font-weight: inherit; font-size: 18px; line-height: 27px; vertical-align: baseline;\">investment, big income;zero pollution;Low maintenance costs;<\/span><\/p>\n<p style=\"font-size: 12px; line-height: inherit; margin: 0px; font-weight: 400; padding: 0px; border: 0px; font-style: normal; font-family: Arial, Helvetica; vertical-align: baseline; color: #333333; background-color: #ffffff;\"><span style=\"margin: 0px; padding: 0px; border: 0px; font-style: inherit; font-weight: inherit; font-size: inherit; line-height: 18px; vertical-align: baseline; color: #008000;\"><strong><span style=\"margin: 0px; padding: 0px; border: 0px; font-style: inherit; font-weight: inherit; font-size: 18px; line-height: 27px; vertical-align: baseline;\">Q3: Why choose us?<\/span><\/strong><\/span><br \/>\n<span style=\"margin: 0px; padding: 0px; border: 0px; font-style: inherit; font-weight: inherit; font-size: 18px; line-height: 27px; vertical-align: baseline;\">A3: Xindi was founded in 2010, We have 7000 square meters of standard production plants Our products are already largely sold to more than\u00a0<\/span><span style=\"margin: 0px; padding: 0px; border: 0px; font-style: inherit; font-weight: inherit; font-size: 18px; line-height: 27px; vertical-align: baseline;\">100 countries and regions suchas Asia, Africa, the Middle East, Latin America etc. We have more than 10+ senior engineers and more than 100+ staff.<\/span><\/p>\n<p style=\"font-size: 12px; line-height: inherit; margin: 0px; font-weight: 400; padding: 0px; border: 0px; font-style: normal; font-family: Arial, Helvetica; vertical-align: baseline; color: #333333; background-color: #ffffff;\"><strong><span style=\"margin: 0px; padding: 0px; border: 0px; font-style: inherit; font-weight: inherit; font-size: 18px; line-height: 27px; vertical-align: baseline; color: #008000;\">Q4: What is the warranty of solar system product life?<\/span><\/strong><br \/>\n<span style=\"margin: 0px; padding: 0px; border: 0px; font-style: inherit; font-weight: inherit; font-size: 18px; line-height: 27px; vertical-align: baseline;\">A4: 25 years for solar panel, 10 years for mounting system, 5 years for inverter, 1 years for battery. And we can make sure our\u00a0<\/span><span style=\"margin: 0px; padding: 0px; border: 0px; font-style: inherit; font-weight: inherit; font-size: 18px; line-height: 27px; vertical-align: baseline;\">products will through very strictly testing,and then send to you.<\/span><\/p>\n<p style=\"font-size: 12px; line-height: inherit; margin: 0px; font-weight: 400; padding: 0px; border: 0px; font-style: normal; font-family: Arial, Helvetica; vertical-align: baseline; color: #333333; background-color: #ffffff;\"><strong><span style=\"margin: 0px; padding: 0px; border: 0px; font-style: inherit; font-weight: inherit; font-size: 18px; line-height: 27px; vertical-align: baseline; color: #008000;\">Q5: What products do you have?<\/span><\/strong><br \/>\n<span style=\"margin: 0px; padding: 0px; border: 0px; font-style: inherit; font-weight: inherit; font-size: 18px; line-height: 27px; vertical-align: baseline;\">A5: Expect for solar system, We also product solar inverter, generator, solar charge controller and so on.<\/span><\/p>\n<p style=\"font-size: 12px; line-height: inherit; margin: 0px; font-weight: 400; padding: 0px; border: 0px; font-style: normal; font-family: Arial, Helvetica; vertical-align: baseline; color: #333333; background-color: #ffffff;\"><strong><span style=\"margin: 0px; padding: 0px; border: 0px; font-style: inherit; font-weight: inherit; font-size: 18px; line-height: 27px; vertical-align: baseline; color: #008000;\">Q6:What about the package?<\/span><\/strong><br \/>\n<span style=\"margin: 0px; padding: 0px; border: 0px; font-style: inherit; font-weight: inherit; font-size: 18px; line-height: 27px; vertical-align: baseline;\">A6: Carton or wooden box advised for sample or wholesale goods to prodect solar systsem oridect in transportations.<\/span><span style=\"margin: 0px; padding: 0px; border: 0px; font-style: inherit; font-weight: inherit; font-size: 18px; line-height: 27px; vertical-align: baseline;\">Ensure that the product is not damaged during transportation.<\/span><\/p>\n<\/div>\n<p>&nbsp;<\/p>","protected":false},"excerpt":{"rendered":"<p>&nbsp; &nbsp; Packaging &amp; Shipping Shipping 1. Fedex\/ DHL\/ TNT\/ UPS for samples, door-to-door. 2. By air or by sea<\/p>","protected":false},"featured_media":2062,"comment_status":"open","ping_status":"closed","template":"","meta":[],"product_cat":[19],"product_tag":[60,59,43,58],"class_list":{"0":"post-2041","1":"product","2":"type-product","3":"status-publish","4":"has-post-thumbnail","6":"product_cat-off-grid-solar-system","7":"product_tag-off-grid-inverter","8":"product_tag-solar-controller","9":"product_tag-solar-system","10":"product_tag-ups","12":"first","13":"instock","14":"shipping-taxable","15":"product-type-simple"},"_links":{"self":[{"href":"https:\/\/www.xd-solar.com\/pt\/wp-json\/wp\/v2\/product\/2041","targetHints":{"allow":["GET"]}}],"collection":[{"href":"https:\/\/www.xd-solar.com\/pt\/wp-json\/wp\/v2\/product"}],"about":[{"href":"https:\/\/www.xd-solar.com\/pt\/wp-json\/wp\/v2\/types\/product"}],"replies":[{"embeddable":true,"href":"https:\/\/www.xd-solar.com\/pt\/wp-json\/wp\/v2\/comments?post=2041"}],"wp:featuredmedia":[{"embeddable":true,"href":"https:\/\/www.xd-solar.com\/pt\/wp-json\/wp\/v2\/media\/2062"}],"wp:attachment":[{"href":"https:\/\/www.xd-solar.com\/pt\/wp-json\/wp\/v2\/media?parent=2041"}],"wp:term":[{"taxonomy":"product_cat","embeddable":true,"href":"https:\/\/www.xd-solar.com\/pt\/wp-json\/wp\/v2\/product_cat?post=2041"},{"taxonomy":"product_tag","embeddable":true,"href":"https:\/\/www.xd-solar.com\/pt\/wp-json\/wp\/v2\/product_tag?post=2041"}],"curies":[{"name":"wp","href":"https:\/\/api.w.org\/{rel}","templated":true}]}}