{"id":2160,"date":"2024-05-13T19:36:56","date_gmt":"2024-05-13T11:36:56","guid":{"rendered":"https:\/\/www.xd-solar.com\/?post_type=product&#038;p=2160"},"modified":"2024-08-16T09:13:32","modified_gmt":"2024-08-16T01:13:32","slug":"3kva-5kw-5-5kw-3-5kw-1kw-1kva-2kw-3kw-4kw-pure-sine-wave-off-grid-mppt-low-frequency-hibrid-solar-hybrid-panel-inverter-12v-5-kw-2","status":"publish","type":"product","link":"https:\/\/www.xd-solar.com\/pt\/produto\/3kva-5kw-5-5kw-3-5kw-1kw-1kva-2kw-3kw-4kw-pure-sine-wave-off-grid-mppt-low-frequency-hibrid-solar-hybrid-panel-inverter-12v-5-kw-2\/","title":{"rendered":"Xindi solar XLF 1KW 1.5KW 2KW 3KW 4KW 5KW 6KW 7KW 8KW 10KW 12KW Inversor solar h\u00edbrido off-grid de baixa frequ\u00eancia com controlador solar MPPT, pode suportar sa\u00edda CA de 2 fases 110v\/220v, suporta sa\u00edda de 2 fases 110v\/120v e 220v\/230v Inversor UPS \/ sistema de energia UPS"},"content":{"rendered":"<div class=\"J_module\">\n<div id=\"ali-anchor-AliMagic-wjsnwb\" class=\"magic-0\" data-section=\"AliMagic-wjsnwb\" data-section-title=\"Product Description\"><img fetchpriority=\"high\" decoding=\"async\" class=\"alignnone wp-image-2243\" src=\"https:\/\/www.xd-solar.com\/wp-content\/uploads\/2024\/05\/XESS-Li-Solar-Inverter14.jpg\" alt=\"\" width=\"1268\" height=\"940\" srcset=\"https:\/\/www.xd-solar.com\/wp-content\/uploads\/2024\/05\/XESS-Li-Solar-Inverter14.jpg 750w, https:\/\/www.xd-solar.com\/wp-content\/uploads\/2024\/05\/XESS-Li-Solar-Inverter14-150x111.jpg 150w, https:\/\/www.xd-solar.com\/wp-content\/uploads\/2024\/05\/XESS-Li-Solar-Inverter14-600x445.jpg 600w, https:\/\/www.xd-solar.com\/wp-content\/uploads\/2024\/05\/XESS-Li-Solar-Inverter14-300x222.jpg 300w, https:\/\/www.xd-solar.com\/wp-content\/uploads\/2024\/05\/XESS-Li-Solar-Inverter14-16x12.jpg 16w\" sizes=\"(max-width: 1268px) 100vw, 1268px\" \/><\/div>\n<div class=\"magic-0\" data-section=\"AliMagic-wjsnwb\" data-section-title=\"Product Description\">Descri\u00e7\u00e3o do produto<\/div>\n<\/div>\n<div class=\"J_module\">\n<div class=\"detail-decorate-json-renderer-container\">\n<div class=\"magic-1\">\n<div class=\"magic-2\">\n<div class=\"magic-3\">\n<div class=\"magic-4\">\n<p><span class=\"magic-6\">1. Pure sine wave, toroidal low loss transformer, customizable mode dual output voltage.<\/span><\/p>\n<div>\n<p><span class=\"magic-6\">2.Smart LCD show equipment status and parameters.<\/span>3.The adjustable mains charging current range is 0~30A.<\/p>\n<p>4.Suffer 3 times peak power, ensure the safe and stable operation of the equipment.<\/p>\n<p>5.Support diesel and gasoline generators, suitable for various power grid.<\/p>\n<p>6.Suitable for industrial and residential used, wall-mounted desigm.<\/p>\n<p>&nbsp;<\/p>\n<p>Par\u00e2metros t\u00e9cnicos do inversor<\/p>\n<p><img decoding=\"async\" class=\"alignnone wp-image-2842\" src=\"https:\/\/www.xd-solar.com\/wp-content\/uploads\/2024\/05\/XLF-Low-frequency-solar-inverter--e1723543032837-231x300.png\" alt=\"\" width=\"1268\" height=\"1647\" \/><img decoding=\"async\" class=\"alignnone wp-image-2842\" src=\"https:\/\/www.xd-solar.com\/wp-content\/uploads\/2024\/05\/XLF-Low-frequency-solar-inverter--e1723543291925-202x300.png\" alt=\"\" width=\"1268\" height=\"1884\" srcset=\"https:\/\/www.xd-solar.com\/wp-content\/uploads\/2024\/05\/XLF-Low-frequency-solar-inverter--e1723543291925-202x300.png 202w, https:\/\/www.xd-solar.com\/wp-content\/uploads\/2024\/05\/XLF-Low-frequency-solar-inverter--e1723543291925-689x1024.png 689w, https:\/\/www.xd-solar.com\/wp-content\/uploads\/2024\/05\/XLF-Low-frequency-solar-inverter--e1723543291925-768x1141.png 768w, https:\/\/www.xd-solar.com\/wp-content\/uploads\/2024\/05\/XLF-Low-frequency-solar-inverter--e1723543291925-1034x1536.png 1034w, https:\/\/www.xd-solar.com\/wp-content\/uploads\/2024\/05\/XLF-Low-frequency-solar-inverter--e1723543291925-1379x2048.png 1379w, https:\/\/www.xd-solar.com\/wp-content\/uploads\/2024\/05\/XLF-Low-frequency-solar-inverter--e1723543291925-8x12.png 8w, https:\/\/www.xd-solar.com\/wp-content\/uploads\/2024\/05\/XLF-Low-frequency-solar-inverter--e1723543291925-600x891.png 600w, https:\/\/www.xd-solar.com\/wp-content\/uploads\/2024\/05\/XLF-Low-frequency-solar-inverter--e1723543291925-150x223.png 150w\" sizes=\"(max-width: 1268px) 100vw, 1268px\" \/><img loading=\"lazy\" decoding=\"async\" class=\"alignnone wp-image-2842\" src=\"https:\/\/www.xd-solar.com\/wp-content\/uploads\/2024\/05\/XLF-Low-frequency-solar-inverter--1024x690.png\" alt=\"\" width=\"1268\" height=\"854\" \/><img loading=\"lazy\" decoding=\"async\" class=\"alignnone wp-image-2168\" src=\"https:\/\/www.xd-solar.com\/wp-content\/uploads\/2024\/05\/solar-inverter7.jpg\" alt=\"\" width=\"1268\" height=\"1567\" srcset=\"https:\/\/www.xd-solar.com\/wp-content\/uploads\/2024\/05\/solar-inverter7.jpg 750w, https:\/\/www.xd-solar.com\/wp-content\/uploads\/2024\/05\/solar-inverter7-150x185.jpg 150w, https:\/\/www.xd-solar.com\/wp-content\/uploads\/2024\/05\/solar-inverter7-600x742.jpg 600w, https:\/\/www.xd-solar.com\/wp-content\/uploads\/2024\/05\/solar-inverter7-243x300.jpg 243w, https:\/\/www.xd-solar.com\/wp-content\/uploads\/2024\/05\/solar-inverter7-10x12.jpg 10w\" sizes=\"(max-width: 1268px) 100vw, 1268px\" \/> <img loading=\"lazy\" decoding=\"async\" class=\"alignnone wp-image-2167\" src=\"https:\/\/www.xd-solar.com\/wp-content\/uploads\/2024\/05\/solar-inverter6.jpg\" alt=\"\" width=\"1268\" height=\"1035\" srcset=\"https:\/\/www.xd-solar.com\/wp-content\/uploads\/2024\/05\/solar-inverter6.jpg 750w, https:\/\/www.xd-solar.com\/wp-content\/uploads\/2024\/05\/solar-inverter6-150x122.jpg 150w, https:\/\/www.xd-solar.com\/wp-content\/uploads\/2024\/05\/solar-inverter6-600x490.jpg 600w, https:\/\/www.xd-solar.com\/wp-content\/uploads\/2024\/05\/solar-inverter6-300x245.jpg 300w, https:\/\/www.xd-solar.com\/wp-content\/uploads\/2024\/05\/solar-inverter6-15x12.jpg 15w\" sizes=\"(max-width: 1268px) 100vw, 1268px\" \/> <img loading=\"lazy\" decoding=\"async\" class=\"alignnone wp-image-2166\" src=\"https:\/\/www.xd-solar.com\/wp-content\/uploads\/2024\/05\/solar-inverter5.jpg\" alt=\"\" width=\"1268\" height=\"911\" srcset=\"https:\/\/www.xd-solar.com\/wp-content\/uploads\/2024\/05\/solar-inverter5.jpg 750w, https:\/\/www.xd-solar.com\/wp-content\/uploads\/2024\/05\/solar-inverter5-150x108.jpg 150w, https:\/\/www.xd-solar.com\/wp-content\/uploads\/2024\/05\/solar-inverter5-600x431.jpg 600w, https:\/\/www.xd-solar.com\/wp-content\/uploads\/2024\/05\/solar-inverter5-300x216.jpg 300w, https:\/\/www.xd-solar.com\/wp-content\/uploads\/2024\/05\/solar-inverter5-18x12.jpg 18w\" sizes=\"(max-width: 1268px) 100vw, 1268px\" \/> <img loading=\"lazy\" decoding=\"async\" class=\"alignnone wp-image-2165\" src=\"https:\/\/www.xd-solar.com\/wp-content\/uploads\/2024\/05\/solar-inverter4.jpg\" alt=\"\" width=\"1268\" height=\"869\" srcset=\"https:\/\/www.xd-solar.com\/wp-content\/uploads\/2024\/05\/solar-inverter4.jpg 750w, https:\/\/www.xd-solar.com\/wp-content\/uploads\/2024\/05\/solar-inverter4-150x103.jpg 150w, https:\/\/www.xd-solar.com\/wp-content\/uploads\/2024\/05\/solar-inverter4-600x411.jpg 600w, https:\/\/www.xd-solar.com\/wp-content\/uploads\/2024\/05\/solar-inverter4-300x206.jpg 300w, https:\/\/www.xd-solar.com\/wp-content\/uploads\/2024\/05\/solar-inverter4-18x12.jpg 18w\" sizes=\"(max-width: 1268px) 100vw, 1268px\" \/> <img loading=\"lazy\" decoding=\"async\" class=\"alignnone wp-image-2164\" src=\"https:\/\/www.xd-solar.com\/wp-content\/uploads\/2024\/05\/solar-inverter3.jpg\" alt=\"\" width=\"1268\" height=\"1452\" srcset=\"https:\/\/www.xd-solar.com\/wp-content\/uploads\/2024\/05\/solar-inverter3.jpg 750w, https:\/\/www.xd-solar.com\/wp-content\/uploads\/2024\/05\/solar-inverter3-150x172.jpg 150w, https:\/\/www.xd-solar.com\/wp-content\/uploads\/2024\/05\/solar-inverter3-600x687.jpg 600w, https:\/\/www.xd-solar.com\/wp-content\/uploads\/2024\/05\/solar-inverter3-262x300.jpg 262w, https:\/\/www.xd-solar.com\/wp-content\/uploads\/2024\/05\/solar-inverter3-10x12.jpg 10w\" sizes=\"(max-width: 1268px) 100vw, 1268px\" \/> <img loading=\"lazy\" decoding=\"async\" class=\"alignnone wp-image-2163\" src=\"https:\/\/www.xd-solar.com\/wp-content\/uploads\/2024\/05\/solar-inverter2.jpg\" alt=\"\" width=\"1268\" height=\"1479\" srcset=\"https:\/\/www.xd-solar.com\/wp-content\/uploads\/2024\/05\/solar-inverter2.jpg 750w, https:\/\/www.xd-solar.com\/wp-content\/uploads\/2024\/05\/solar-inverter2-150x175.jpg 150w, https:\/\/www.xd-solar.com\/wp-content\/uploads\/2024\/05\/solar-inverter2-600x700.jpg 600w, https:\/\/www.xd-solar.com\/wp-content\/uploads\/2024\/05\/solar-inverter2-257x300.jpg 257w, https:\/\/www.xd-solar.com\/wp-content\/uploads\/2024\/05\/solar-inverter2-10x12.jpg 10w\" sizes=\"(max-width: 1268px) 100vw, 1268px\" \/> <img loading=\"lazy\" decoding=\"async\" class=\"alignnone wp-image-2162\" src=\"https:\/\/www.xd-solar.com\/wp-content\/uploads\/2024\/05\/solar-inverter1.jpg\" alt=\"\" width=\"1268\" height=\"1305\" srcset=\"https:\/\/www.xd-solar.com\/wp-content\/uploads\/2024\/05\/solar-inverter1.jpg 750w, https:\/\/www.xd-solar.com\/wp-content\/uploads\/2024\/05\/solar-inverter1-150x154.jpg 150w, https:\/\/www.xd-solar.com\/wp-content\/uploads\/2024\/05\/solar-inverter1-600x618.jpg 600w, https:\/\/www.xd-solar.com\/wp-content\/uploads\/2024\/05\/solar-inverter1-291x300.jpg 291w, https:\/\/www.xd-solar.com\/wp-content\/uploads\/2024\/05\/solar-inverter1-12x12.jpg 12w\" sizes=\"(max-width: 1268px) 100vw, 1268px\" \/> <img loading=\"lazy\" decoding=\"async\" class=\"alignnone wp-image-2161\" src=\"https:\/\/www.xd-solar.com\/wp-content\/uploads\/2024\/05\/solar-inverter.jpg\" alt=\"\" width=\"1268\" height=\"862\" srcset=\"https:\/\/www.xd-solar.com\/wp-content\/uploads\/2024\/05\/solar-inverter.jpg 750w, https:\/\/www.xd-solar.com\/wp-content\/uploads\/2024\/05\/solar-inverter-150x102.jpg 150w, https:\/\/www.xd-solar.com\/wp-content\/uploads\/2024\/05\/solar-inverter-600x408.jpg 600w, https:\/\/www.xd-solar.com\/wp-content\/uploads\/2024\/05\/solar-inverter-300x204.jpg 300w, https:\/\/www.xd-solar.com\/wp-content\/uploads\/2024\/05\/solar-inverter-18x12.jpg 18w\" sizes=\"(max-width: 1268px) 100vw, 1268px\" \/><\/p>\n<div class=\"J_module\">\n<div class=\"detail-decorate-json-renderer-container\">\n<div class=\"magic-1\">\n<div class=\"magic-2\">\n<div class=\"magic-3\">\n<div class=\"magic-4\">\n<div class=\"magic-37\"><span class=\"magic-6\"><b><span style=\"color: #eb1e14;\" data-spm-anchor-id=\"a2700.details.0.i69.400b3e415pjwQF\">*If you want to get other watts information, Please do not hesitate to contact us!<\/span><\/b><\/span><\/div>\n<\/div>\n<\/div>\n<\/div>\n<\/div>\n<\/div>\n<\/div>\n<\/div>\n<\/div>\n<\/div>\n<\/div>\n<\/div>\n<\/div>\n<\/div>","protected":false},"excerpt":{"rendered":"<p>Xindi Solar \u00e9 um fabricante e fornecedor chin\u00eas especializado em carregador inversor solar, carregador inversor h\u00edbrido, carregador inversor de energia, solar h\u00edbrido \u2026<\/p>","protected":false},"featured_media":2169,"comment_status":"open","ping_status":"closed","template":"","meta":[],"product_cat":[123],"product_tag":[105,93],"class_list":{"0":"post-2160","1":"product","2":"type-product","3":"status-publish","4":"has-post-thumbnail","6":"product_cat-low-frequehcy-inverter","7":"product_tag-1kw-low-frequency-hybrid-off-grid-solar-inverter","8":"product_tag-hybrid-inverter","10":"first","11":"instock","12":"shipping-taxable","13":"product-type-simple"},"_links":{"self":[{"href":"https:\/\/www.xd-solar.com\/pt\/wp-json\/wp\/v2\/product\/2160","targetHints":{"allow":["GET"]}}],"collection":[{"href":"https:\/\/www.xd-solar.com\/pt\/wp-json\/wp\/v2\/product"}],"about":[{"href":"https:\/\/www.xd-solar.com\/pt\/wp-json\/wp\/v2\/types\/product"}],"replies":[{"embeddable":true,"href":"https:\/\/www.xd-solar.com\/pt\/wp-json\/wp\/v2\/comments?post=2160"}],"wp:featuredmedia":[{"embeddable":true,"href":"https:\/\/www.xd-solar.com\/pt\/wp-json\/wp\/v2\/media\/2169"}],"wp:attachment":[{"href":"https:\/\/www.xd-solar.com\/pt\/wp-json\/wp\/v2\/media?parent=2160"}],"wp:term":[{"taxonomy":"product_cat","embeddable":true,"href":"https:\/\/www.xd-solar.com\/pt\/wp-json\/wp\/v2\/product_cat?post=2160"},{"taxonomy":"product_tag","embeddable":true,"href":"https:\/\/www.xd-solar.com\/pt\/wp-json\/wp\/v2\/product_tag?post=2160"}],"curies":[{"name":"wp","href":"https:\/\/api.w.org\/{rel}","templated":true}]}}