{"id":2813,"date":"2024-08-10T10:51:36","date_gmt":"2024-08-10T02:51:36","guid":{"rendered":"https:\/\/www.xd-solar.com\/?post_type=product&#038;p=2813"},"modified":"2024-08-10T11:10:57","modified_gmt":"2024-08-10T03:10:57","slug":"lithium-iron-lifepo4-battery-25-6v-100ah-150ah-200ah-long-cycle-life-with-5-years-guarantee-superior-safetycan-work-will-with-multiple-brand-of-inverter-apllication-i","status":"publish","type":"product","link":"https:\/\/www.xd-solar.com\/pt\/produto\/lithium-iron-lifepo4-battery-25-6v-100ah-150ah-200ah-long-cycle-life-with-5-years-guarantee-superior-safetycan-work-will-with-multiple-brand-of-inverter-apllication-i\/","title":{"rendered":"Bateria de l\u00edtio-ferro (LifePo4) 25,6v 100ah, 150ah, 200ah, ciclo de vida longo com 5 anos de garantia, seguran\u00e7a superior, pode funcionar com v\u00e1rias marcas de inversor. Aplica\u00e7\u00e3o: Esta\u00e7\u00f5es base de telecomunica\u00e7\u00f5es internas\/externas Sistema de armazenamento de energia dom\u00e9stica Fonte de alimenta\u00e7\u00e3o de backup de transporte inteligente"},"content":{"rendered":"<p><img fetchpriority=\"high\" decoding=\"async\" class=\"alignnone wp-image-2814 size-large\" src=\"https:\/\/www.xd-solar.com\/wp-content\/uploads\/2024\/08\/XD-24200-1-724x1024.png\" alt=\"\" width=\"724\" height=\"1024\" \/> <img decoding=\"async\" class=\"alignnone wp-image-2815 size-large\" src=\"https:\/\/www.xd-solar.com\/wp-content\/uploads\/2024\/08\/XD-24200-2-724x1024.png\" alt=\"\" width=\"724\" height=\"1024\" srcset=\"https:\/\/www.xd-solar.com\/wp-content\/uploads\/2024\/08\/XD-24200-2-724x1024.png 724w, https:\/\/www.xd-solar.com\/wp-content\/uploads\/2024\/08\/XD-24200-2-212x300.png 212w, https:\/\/www.xd-solar.com\/wp-content\/uploads\/2024\/08\/XD-24200-2-768x1086.png 768w, https:\/\/www.xd-solar.com\/wp-content\/uploads\/2024\/08\/XD-24200-2-1086x1536.png 1086w, https:\/\/www.xd-solar.com\/wp-content\/uploads\/2024\/08\/XD-24200-2-1448x2048.png 1448w, https:\/\/www.xd-solar.com\/wp-content\/uploads\/2024\/08\/XD-24200-2-8x12.png 8w, https:\/\/www.xd-solar.com\/wp-content\/uploads\/2024\/08\/XD-24200-2-600x848.png 600w, https:\/\/www.xd-solar.com\/wp-content\/uploads\/2024\/08\/XD-24200-2-150x212.png 150w\" sizes=\"(max-width: 724px) 100vw, 724px\" \/><\/p>","protected":false},"excerpt":{"rendered":"","protected":false},"featured_media":2814,"comment_status":"open","ping_status":"closed","template":"","meta":[],"product_cat":[31],"product_tag":[],"class_list":{"0":"post-2813","1":"product","2":"type-product","3":"status-publish","4":"has-post-thumbnail","6":"product_cat-lithium-battery","8":"first","9":"instock","10":"shipping-taxable","11":"product-type-simple"},"_links":{"self":[{"href":"https:\/\/www.xd-solar.com\/pt\/wp-json\/wp\/v2\/product\/2813","targetHints":{"allow":["GET"]}}],"collection":[{"href":"https:\/\/www.xd-solar.com\/pt\/wp-json\/wp\/v2\/product"}],"about":[{"href":"https:\/\/www.xd-solar.com\/pt\/wp-json\/wp\/v2\/types\/product"}],"replies":[{"embeddable":true,"href":"https:\/\/www.xd-solar.com\/pt\/wp-json\/wp\/v2\/comments?post=2813"}],"wp:featuredmedia":[{"embeddable":true,"href":"https:\/\/www.xd-solar.com\/pt\/wp-json\/wp\/v2\/media\/2814"}],"wp:attachment":[{"href":"https:\/\/www.xd-solar.com\/pt\/wp-json\/wp\/v2\/media?parent=2813"}],"wp:term":[{"taxonomy":"product_cat","embeddable":true,"href":"https:\/\/www.xd-solar.com\/pt\/wp-json\/wp\/v2\/product_cat?post=2813"},{"taxonomy":"product_tag","embeddable":true,"href":"https:\/\/www.xd-solar.com\/pt\/wp-json\/wp\/v2\/product_tag?post=2813"}],"curies":[{"name":"wp","href":"https:\/\/api.w.org\/{rel}","templated":true}]}}