{"id":2825,"date":"2024-08-13T11:31:04","date_gmt":"2024-08-13T03:31:04","guid":{"rendered":"https:\/\/www.xd-solar.com\/?post_type=product&#038;p=2825"},"modified":"2024-08-13T15:23:07","modified_gmt":"2024-08-13T07:23:07","slug":"xess-pro-all-in-one-solar-generation-solar-power-station-solar-storage-system-300w-500w-600w-1-2-kw-2-2kw-3kw-5kw-6kw-7kw-8kw-10kw-lithium-energy-storage-system-with-inverter-contr","status":"publish","type":"product","link":"https:\/\/www.xd-solar.com\/pt\/produto\/xess-pro-all-in-one-solar-generation-solar-power-station-solar-storage-system-300w-500w-600w-1-2-kw-2-2kw-3kw-5kw-6kw-7kw-8kw-10kw-lithium-energy-storage-system-with-inverter-contr\/","title":{"rendered":"XESS-PRO Tudo em um sistema de gera\u00e7\u00e3o solar\/esta\u00e7\u00e3o de energia solar\/armazenamento solar 300w, 500w, 600w, 1,2 KW, 2,2 KW, 3 KW, 5 KW, 6 KW 7 KW, 8 KW, 10 KW Sistema de armazenamento de energia de l\u00edtio. Com inversor, controlador, bateria de l\u00edtio dentro. Muito adequado para uso dom\u00e9stico\/uso externo\/acampamento\/eletricidade de carro etc."},"content":{"rendered":"<p><img fetchpriority=\"high\" decoding=\"async\" class=\"alignnone wp-image-2243\" src=\"https:\/\/www.xd-solar.com\/wp-content\/uploads\/2024\/05\/XESS-Li-Solar-Inverter14.jpg\" alt=\"\" width=\"1000\" height=\"741\" srcset=\"https:\/\/www.xd-solar.com\/wp-content\/uploads\/2024\/05\/XESS-Li-Solar-Inverter14.jpg 750w, https:\/\/www.xd-solar.com\/wp-content\/uploads\/2024\/05\/XESS-Li-Solar-Inverter14-150x111.jpg 150w, https:\/\/www.xd-solar.com\/wp-content\/uploads\/2024\/05\/XESS-Li-Solar-Inverter14-600x445.jpg 600w, https:\/\/www.xd-solar.com\/wp-content\/uploads\/2024\/05\/XESS-Li-Solar-Inverter14-300x222.jpg 300w, https:\/\/www.xd-solar.com\/wp-content\/uploads\/2024\/05\/XESS-Li-Solar-Inverter14-16x12.jpg 16w\" sizes=\"(max-width: 1000px) 100vw, 1000px\" \/><\/p>\n<div class=\"J_module\">\n<div class=\"detail-decorate-json-renderer-container\">\n<div class=\"magic-4\">\n<div class=\"magic-5\">\n<div class=\"magic-6\">\n<div class=\"magic-7\">\n<div class=\"J_module\">\n<div class=\"detail-decorate-json-renderer-container\">\n<div class=\"magic-4\">\n<div class=\"magic-5\">\n<div class=\"magic-6\"><\/div>\n<\/div>\n<\/div>\n<\/div>\n<\/div>\n<div class=\"J_module\">\n<div id=\"ali-anchor-AliMagic-oujj2c\" class=\"magic-0\" data-section=\"AliMagic-oujj2c\" data-section-title=\"Highlight\"><\/div>\n<\/div>\n<div class=\"J_module\">\n<div class=\"icbu-pc-detailManyImage magic-9\">\n<div class=\"magic-10\">1. Instala\u00e7\u00e3o conveniente, integrando controlador solar, inversor e bateria, tudo em uma m\u00e1quina.<\/div>\n<\/div>\n<\/div>\n<div><span class=\"magic-8\"><br \/>\n<\/span><span class=\"magic-8\">2. Design compacto e elegante, design art\u00edstico exclusivo e porta de conex\u00e3o de sa\u00edda conveniente.<\/span><\/p>\n<div><span class=\"magic-8\">\u00a0<\/span><\/div>\n<div><span class=\"magic-8\">3. Capacidade de armazenamento de energia flex\u00edvel, suportando tr\u00eas m\u00e9todos de carregamento: energia solar, gasolina e diesel\u00a0 <\/span><span class=\"magic-8\">gerador e rede el\u00e9trica.<\/span><\/div>\n<div><span class=\"magic-8\">\u00a0<\/span><\/div>\n<div><span class=\"magic-8\">4.Suporta monitoramento de wifi ou aplicativo,<\/span><\/div>\n<div><span class=\"magic-8\">\u00a0<\/span><\/div>\n<div><span class=\"magic-8\">5. Com sobretens\u00e3o, superaquecimento, sobrecarga, relat\u00f3rio BMS da bateria e prote\u00e7\u00e3o abrangente.<\/span><\/div>\n<div><\/div>\n<\/div>\n<\/div>\n<\/div>\n<\/div>\n<\/div>\n<\/div>\n<\/div>\n<div class=\"J_module\">\n<div id=\"ali-anchor-AliMagic-oujj2c\" class=\"magic-0\" data-section=\"AliMagic-oujj2c\" data-section-title=\"Highlight\">Destaque<\/div>\n<div data-section=\"AliMagic-oujj2c\" data-section-title=\"Highlight\"><img decoding=\"async\" class=\"alignnone wp-image-2833\" src=\"https:\/\/www.xd-solar.com\/wp-content\/uploads\/2024\/08\/ESS-PRO-Lithium-Battery-Storage-System-300x212.png\" alt=\"\" width=\"1000\" height=\"707\" srcset=\"https:\/\/www.xd-solar.com\/wp-content\/uploads\/2024\/08\/ESS-PRO-Lithium-Battery-Storage-System-300x212.png 300w, https:\/\/www.xd-solar.com\/wp-content\/uploads\/2024\/08\/ESS-PRO-Lithium-Battery-Storage-System-1024x724.png 1024w, https:\/\/www.xd-solar.com\/wp-content\/uploads\/2024\/08\/ESS-PRO-Lithium-Battery-Storage-System-768x543.png 768w, https:\/\/www.xd-solar.com\/wp-content\/uploads\/2024\/08\/ESS-PRO-Lithium-Battery-Storage-System-1536x1086.png 1536w, https:\/\/www.xd-solar.com\/wp-content\/uploads\/2024\/08\/ESS-PRO-Lithium-Battery-Storage-System-2048x1448.png 2048w, https:\/\/www.xd-solar.com\/wp-content\/uploads\/2024\/08\/ESS-PRO-Lithium-Battery-Storage-System-18x12.png 18w, https:\/\/www.xd-solar.com\/wp-content\/uploads\/2024\/08\/ESS-PRO-Lithium-Battery-Storage-System-600x424.png 600w, https:\/\/www.xd-solar.com\/wp-content\/uploads\/2024\/08\/ESS-PRO-Lithium-Battery-Storage-System-150x106.png 150w\" sizes=\"(max-width: 1000px) 100vw, 1000px\" \/><\/div>\n<div data-section=\"AliMagic-oujj2c\" data-section-title=\"Highlight\">\n<div class=\"J_module\"><\/div>\n<div class=\"J_module\">\n<div id=\"ali-anchor-AliMagic-yqllqw\" class=\"magic-0\" data-section=\"AliMagic-yqllqw\" data-section-title=\"ESS-Li Model\"><\/div>\n<\/div>\n<\/div>\n<div data-section=\"AliMagic-oujj2c\" data-section-title=\"Highlight\">\u00a0\u00a0 \u00a0 <img decoding=\"async\" class=\"alignnone wp-image-2255\" src=\"https:\/\/www.xd-solar.com\/wp-content\/uploads\/2024\/05\/XESS-Li-Solar-Inverter7-2-287x300.jpg\" alt=\"\" width=\"1000\" height=\"1047\" srcset=\"https:\/\/www.xd-solar.com\/wp-content\/uploads\/2024\/05\/XESS-Li-Solar-Inverter7-2-287x300.jpg 287w, https:\/\/www.xd-solar.com\/wp-content\/uploads\/2024\/05\/XESS-Li-Solar-Inverter7-2-150x157.jpg 150w, https:\/\/www.xd-solar.com\/wp-content\/uploads\/2024\/05\/XESS-Li-Solar-Inverter7-2-600x628.jpg 600w, https:\/\/www.xd-solar.com\/wp-content\/uploads\/2024\/05\/XESS-Li-Solar-Inverter7-2-11x12.jpg 11w, https:\/\/www.xd-solar.com\/wp-content\/uploads\/2024\/05\/XESS-Li-Solar-Inverter7-2.jpg 750w\" sizes=\"(max-width: 1000px) 100vw, 1000px\" \/><\/div>\n<div data-section=\"AliMagic-oujj2c\" data-section-title=\"Highlight\"><img loading=\"lazy\" decoding=\"async\" class=\"alignnone wp-image-2246\" src=\"https:\/\/www.xd-solar.com\/wp-content\/uploads\/2024\/05\/7b095c968032e19290c8781e04cf9e3.png\" alt=\"\" width=\"1000\" height=\"899\" srcset=\"https:\/\/www.xd-solar.com\/wp-content\/uploads\/2024\/05\/7b095c968032e19290c8781e04cf9e3.png 750w, https:\/\/www.xd-solar.com\/wp-content\/uploads\/2024\/05\/7b095c968032e19290c8781e04cf9e3-150x135.png 150w, https:\/\/www.xd-solar.com\/wp-content\/uploads\/2024\/05\/7b095c968032e19290c8781e04cf9e3-600x539.png 600w, https:\/\/www.xd-solar.com\/wp-content\/uploads\/2024\/05\/7b095c968032e19290c8781e04cf9e3-300x270.png 300w, https:\/\/www.xd-solar.com\/wp-content\/uploads\/2024\/05\/7b095c968032e19290c8781e04cf9e3-13x12.png 13w\" sizes=\"(max-width: 1000px) 100vw, 1000px\" \/><img loading=\"lazy\" decoding=\"async\" class=\"alignnone wp-image-2060\" src=\"https:\/\/www.xd-solar.com\/wp-content\/uploads\/2024\/04\/Low-frequency-hybrid-solar-system17-300x300.jpg\" alt=\"\" width=\"1000\" height=\"1000\" srcset=\"https:\/\/www.xd-solar.com\/wp-content\/uploads\/2024\/04\/Low-frequency-hybrid-solar-system17-300x300.jpg 300w, https:\/\/www.xd-solar.com\/wp-content\/uploads\/2024\/04\/Low-frequency-hybrid-solar-system17-150x150.jpg 150w, https:\/\/www.xd-solar.com\/wp-content\/uploads\/2024\/04\/Low-frequency-hybrid-solar-system17-600x600.jpg 600w, https:\/\/www.xd-solar.com\/wp-content\/uploads\/2024\/04\/Low-frequency-hybrid-solar-system17-768x768.jpg 768w, https:\/\/www.xd-solar.com\/wp-content\/uploads\/2024\/04\/Low-frequency-hybrid-solar-system17-12x12.jpg 12w, https:\/\/www.xd-solar.com\/wp-content\/uploads\/2024\/04\/Low-frequency-hybrid-solar-system17.jpg 850w\" sizes=\"(max-width: 1000px) 100vw, 1000px\" \/><\/div>\n<\/div>","protected":false},"excerpt":{"rendered":"<p>A XiDi Solar Co. \u00e9 uma das principais fabricantes especializadas em P&amp;D e vendas de inversores de onda senoidal pura CC para CA, inversores solares h\u00edbridos, trif\u00e1sicos...<\/p>","protected":false},"featured_media":2830,"comment_status":"open","ping_status":"closed","template":"","meta":[],"product_cat":[19],"product_tag":[100,101,102,89,47],"class_list":{"0":"post-2825","1":"product","2":"type-product","3":"status-publish","4":"has-post-thumbnail","6":"product_cat-off-grid-solar-system","7":"product_tag-1kw-off-grid-solar-inverter","8":"product_tag-2kw-off-grid-solar-inverter","9":"product_tag-3kw-off-grid-solar-inverter","10":"product_tag-off-grid-solar-inverter","11":"product_tag-solar-inverter","13":"first","14":"instock","15":"shipping-taxable","16":"product-type-simple"},"_links":{"self":[{"href":"https:\/\/www.xd-solar.com\/pt\/wp-json\/wp\/v2\/product\/2825","targetHints":{"allow":["GET"]}}],"collection":[{"href":"https:\/\/www.xd-solar.com\/pt\/wp-json\/wp\/v2\/product"}],"about":[{"href":"https:\/\/www.xd-solar.com\/pt\/wp-json\/wp\/v2\/types\/product"}],"replies":[{"embeddable":true,"href":"https:\/\/www.xd-solar.com\/pt\/wp-json\/wp\/v2\/comments?post=2825"}],"wp:featuredmedia":[{"embeddable":true,"href":"https:\/\/www.xd-solar.com\/pt\/wp-json\/wp\/v2\/media\/2830"}],"wp:attachment":[{"href":"https:\/\/www.xd-solar.com\/pt\/wp-json\/wp\/v2\/media?parent=2825"}],"wp:term":[{"taxonomy":"product_cat","embeddable":true,"href":"https:\/\/www.xd-solar.com\/pt\/wp-json\/wp\/v2\/product_cat?post=2825"},{"taxonomy":"product_tag","embeddable":true,"href":"https:\/\/www.xd-solar.com\/pt\/wp-json\/wp\/v2\/product_tag?post=2825"}],"curies":[{"name":"wp","href":"https:\/\/api.w.org\/{rel}","templated":true}]}}