{"id":612,"date":"2024-07-08T14:59:05","date_gmt":"2024-07-08T06:59:05","guid":{"rendered":"https:\/\/xd-solar.com\/?post_type=product&#038;p=612"},"modified":"2024-10-30T21:54:20","modified_gmt":"2024-10-30T13:54:20","slug":"xpot1-high-frequency-hybrid-solar-inverter","status":"publish","type":"product","link":"https:\/\/www.xd-solar.com\/pt\/produto\/xpot1-high-frequency-hybrid-solar-inverter\/","title":{"rendered":"Inversor solar h\u00edbrido de alta frequ\u00eancia XPOT 4000W-8000W"},"content":{"rendered":"<p><strong style=\"color: #80b645;\">Recurso:<\/strong><br \/>\n\u25c6 Adota design de alta frequ\u00eancia, alta densidade de pot\u00eancia, tamanho pequeno, alta efici\u00eancia e baixa perda sem carga;<br \/>\n\u25c7 Controlador MPPT integrado, carregamento solar integrado e design de complemento de rede;<br \/>\n\u25c6 Sa\u00edda sinusoidal pura, adapt\u00e1vel a qualquer tipo de carga;<br \/>\n\u25c7 Par\u00e2metros de tens\u00e3o de carga e descarga da bateria ajust\u00e1veis, adequados para diferentes tipos de baterias;<br \/>\n\u25c6 Corrente de carga AC ajust\u00e1vel, configura\u00e7\u00e3o de capacidade da bateria mais flex\u00edvel;<br \/>\n\u25c7 Tr\u00eas modos de trabalho ajust\u00e1veis: AC primeiro, bateria primeiro, PV primeiro;<br \/>\n\u25c6 Fun\u00e7\u00e3o ajust\u00e1vel de tens\u00e3o\/frequ\u00eancia de sa\u00edda, adapta-se a diferentes ambientes de rede;<br \/>\n\u25c7 Faixa de entrada de tens\u00e3o e frequ\u00eancia extra ampla, suporta rede ou gerador;<br \/>\n\u25c6 display LED+LCD, f\u00e1cil opera\u00e7\u00e3o e verifica\u00e7\u00e3o de dados, pode definir cada fun\u00e7\u00e3o e dados diretamente;<br \/>\n\u25c7 Fun\u00e7\u00e3o de prote\u00e7\u00e3o m\u00faltipla (sobrecarga, temperatura excessiva, prote\u00e7\u00e3o contra curto-circuito e assim por diante);<br \/>\n\u25c6Porta de comunica\u00e7\u00e3o RS485\/APP opcional.<\/p>\n<table width=\"1399\">\n<tbody>\n<tr>\n<td style=\"color: #fff; text-align: center;\" colspan=\"11\" width=\"1399\">Especifica\u00e7\u00e3o<\/td>\n<\/tr>\n<tr>\n<td colspan=\"3\">Modelo: XPOT<\/td>\n<td>10212<\/td>\n<td>15224<\/td>\n<td>20224<\/td>\n<td>32224L<\/td>\n<td>32224<\/td>\n<td>50248L<\/td>\n<td>50248<\/td>\n<td>72248<\/td>\n<\/tr>\n<tr>\n<td colspan=\"3\">Pot\u00eancia nominal<\/td>\n<td>1000W<\/td>\n<td>1500W<\/td>\n<td>2000W<\/td>\n<td>3200W<\/td>\n<td>3200W<\/td>\n<td>5000W<\/td>\n<td>5000W<\/td>\n<td>7200W<\/td>\n<\/tr>\n<tr>\n<td colspan=\"3\">Pot\u00eancia de pico (20ms)<\/td>\n<td>3000VA<\/td>\n<td>4,5KVA<\/td>\n<td>6KVA<\/td>\n<td>9,6KVA<\/td>\n<td>9,6KVA<\/td>\n<td>15KVA<\/td>\n<td>15KVA<\/td>\n<td>21,6KVA<\/td>\n<\/tr>\n<tr>\n<td colspan=\"3\">Voltagem da bateria<\/td>\n<td>12VCC<\/td>\n<td colspan=\"4\" width=\"532\">24VCC<\/td>\n<td colspan=\"3\">48VCC<\/td>\n<\/tr>\n<tr>\n<td colspan=\"3\">Tamanho do produto (L*W*Hmm)<\/td>\n<td colspan=\"3\">355 x 272 x 91,5<\/td>\n<td colspan=\"2\">400 x 315 x 101,5<\/td>\n<td colspan=\"2\">440x342x101,5<\/td>\n<td>525x355x115<\/td>\n<\/tr>\n<tr>\n<td colspan=\"3\">Tamanho do pacote (L*W*Hmm)<\/td>\n<td colspan=\"3\">443x350x187<\/td>\n<td colspan=\"2\">488x393x198<\/td>\n<td colspan=\"2\">528x420x198<\/td>\n<td>615x435x210<\/td>\n<\/tr>\n<tr>\n<td colspan=\"3\">NW\uff08Kg\uff09<\/td>\n<td colspan=\"3\">6.5<\/td>\n<td colspan=\"2\">8.5<\/td>\n<td colspan=\"2\">10<\/td>\n<td>14<\/td>\n<\/tr>\n<tr>\n<td colspan=\"3\">GW\uff08Kg\uff09<\/td>\n<td colspan=\"3\">7.5<\/td>\n<td colspan=\"2\">9.5<\/td>\n<td colspan=\"2\">11<\/td>\n<td>15.5<\/td>\n<\/tr>\n<tr>\n<td colspan=\"3\">M\u00e9todo de instala\u00e7\u00e3o<\/td>\n<td colspan=\"8\">Montado na parede<\/td>\n<\/tr>\n<tr>\n<td rowspan=\"6\" width=\"86\">\uff30\uff36<\/td>\n<td colspan=\"2\">Modo de carregamento<\/td>\n<td colspan=\"8\">MPPT<\/td>\n<\/tr>\n<tr>\n<td colspan=\"2\" width=\"249\">Faixa de tens\u00e3o de rastreamento MPPT<\/td>\n<td>15V-80VCC<\/td>\n<td colspan=\"3\">30V-100VCC<\/td>\n<td>120V-450VDC<\/td>\n<td>60V-140VDC<\/td>\n<td colspan=\"2\">120V-450VDC<\/td>\n<\/tr>\n<tr>\n<td colspan=\"2\" width=\"249\">Tens\u00e3o operacional nominal (recomendada) do painel fotovoltaico<\/td>\n<td>15V-30VDC<\/td>\n<td colspan=\"3\">30V-60VDC<\/td>\n<td>360VCC<\/td>\n<td>60V-90VDC<\/td>\n<td colspan=\"2\">360VCC<\/td>\n<\/tr>\n<tr>\n<td colspan=\"2\" width=\"249\">Tens\u00e3o m\u00e1xima de entrada PV Voc<br \/>\n(Na temperatura mais baixa)<\/td>\n<td colspan=\"4\" width=\"532\">120VCC<\/td>\n<td>500VCC<\/td>\n<td>180VCC<\/td>\n<td colspan=\"2\">500VCC<\/td>\n<\/tr>\n<tr>\n<td colspan=\"2\" width=\"249\">Pot\u00eancia m\u00e1xima do arranjo fotovoltaico<\/td>\n<td>840W<\/td>\n<td colspan=\"3\">1680W<\/td>\n<td>4000W<\/td>\n<td>3360 W<\/td>\n<td>6000W<\/td>\n<td>4000Lx2<\/td>\n<\/tr>\n<tr>\n<td colspan=\"2\" width=\"249\">Canais de rastreamento MPPT (canais de entrada)<\/td>\n<td colspan=\"7\">1<\/td>\n<td>2<\/td>\n<\/tr>\n<tr>\n<td rowspan=\"4\">Entrada<\/td>\n<td colspan=\"2\">Faixa de tens\u00e3o de entrada DC<\/td>\n<td>10,5-15VCC<\/td>\n<td colspan=\"4\">21VCC-30VCC<\/td>\n<td colspan=\"3\">42VCC-60VCC<\/td>\n<\/tr>\n<tr>\n<td colspan=\"2\">Tens\u00e3o nominal de entrada CA<\/td>\n<td colspan=\"8\">220VAC \/ 230VAC \/ 240VAC<\/td>\n<\/tr>\n<tr>\n<td colspan=\"2\">Faixa de Tens\u00e3o de Entrada CA<\/td>\n<td colspan=\"8\">170VAC~280VAC \uff08modo UPS\uff09\/ 120VAC~280VAC\uff08modo INV\uff09<\/td>\n<\/tr>\n<tr>\n<td colspan=\"2\">Faixa de Frequ\u00eancia de Entrada CA<\/td>\n<td colspan=\"8\">45Hz~55Hz\uff0850Hz), 55Hz~65Hz\uff0860Hz)<\/td>\n<\/tr>\n<tr>\n<td rowspan=\"10\">Sa\u00edda<\/td>\n<td colspan=\"2\" width=\"249\">Efici\u00eancia de sa\u00edda (modo bateria\/PV)<\/td>\n<td colspan=\"8\">94% (valor de pico)<\/td>\n<\/tr>\n<tr>\n<td colspan=\"2\">Tens\u00e3o de sa\u00edda (modo bateria\/PV)<\/td>\n<td colspan=\"8\">220VAC\u00b12% \/ 230VAC\u00b12% \/ 240VAC\u00b12%<\/td>\n<\/tr>\n<tr>\n<td colspan=\"2\">Frequ\u00eancia de Sa\u00edda (Modo Bateria\/PV)<\/td>\n<td colspan=\"8\">50Hz\u00b10,5 ou 60Hz\u00b10,5<\/td>\n<\/tr>\n<tr>\n<td colspan=\"2\">Onda de Sa\u00edda (Modo Bateria\/PV)<\/td>\n<td colspan=\"8\">Onda senoidal pura<\/td>\n<\/tr>\n<tr>\n<td colspan=\"2\">Efici\u00eancia (Modo CA)<\/td>\n<td colspan=\"8\">&gt;99%<\/td>\n<\/tr>\n<tr>\n<td colspan=\"2\">Tens\u00e3o de sa\u00edda (modo CA)<\/td>\n<td colspan=\"8\">Siga a entrada<\/td>\n<\/tr>\n<tr>\n<td colspan=\"2\">Frequ\u00eancia de Sa\u00edda (Modo CA)<\/td>\n<td colspan=\"8\">Siga a entrada<\/td>\n<\/tr>\n<tr>\n<td colspan=\"2\" width=\"249\">Distor\u00e7\u00e3o da forma de onda de sa\u00edda<br \/>\nBateria\/Modo PV)<\/td>\n<td colspan=\"8\">\u22643% (carga linear)<\/td>\n<\/tr>\n<tr>\n<td colspan=\"2\">Sem perda de carga (modo de bateria)<\/td>\n<td colspan=\"8\">\u22641% pot\u00eancia nominal<\/td>\n<\/tr>\n<tr>\n<td colspan=\"2\">Sem perda de carga (modo AC)<\/td>\n<td colspan=\"8\">\u22640,5% pot\u00eancia nominal (o carregador n\u00e3o funciona no modo AC)<\/td>\n<\/tr>\n<tr>\n<td rowspan=\"6\" width=\"86\">Bateria<\/td>\n<td rowspan=\"2\" width=\"60\">Bateria<br \/>\nTipo<\/td>\n<td>Bateria VRLA<\/td>\n<td colspan=\"8\">Tens\u00e3o de carga: 13,8 V; Tens\u00e3o de flutua\u00e7\u00e3o: 13,7 V (tens\u00e3o de bateria \u00fanica)<\/td>\n<\/tr>\n<tr>\n<td>Personalizar bateria<\/td>\n<td colspan=\"8\" width=\"1064\">Par\u00e2metros de carga e descarga de diferentes tipos de baterias podem ser personalizados de acordo com os requisitos do usu\u00e1rio<br \/>\n(os par\u00e2metros de carga e descarga de diferentes tipos de baterias podem ser configurados atrav\u00e9s do painel de opera\u00e7\u00e3o)<\/td>\n<\/tr>\n<tr>\n<td colspan=\"2\" width=\"249\">Corrente m\u00e1xima de carga (rede + PV)<\/td>\n<td width=\"133\">120A<\/td>\n<td width=\"133\">100A<\/td>\n<td width=\"133\">110A<\/td>\n<td width=\"133\">120A<\/td>\n<td>100A<\/td>\n<td>120A<\/td>\n<td>100A<\/td>\n<td>150A<\/td>\n<\/tr>\n<tr>\n<td colspan=\"2\" width=\"249\">Corrente m\u00e1xima de carga fotovoltaica<\/td>\n<td width=\"133\">60A<\/td>\n<td width=\"133\">60A<\/td>\n<td width=\"133\">60A<\/td>\n<td width=\"133\">60A<\/td>\n<td>100A<\/td>\n<td>60A<\/td>\n<td>100A<\/td>\n<td>150A<\/td>\n<\/tr>\n<tr>\n<td colspan=\"2\" width=\"249\">Corrente m\u00e1xima de carga CA<\/td>\n<td width=\"133\">60A<\/td>\n<td width=\"133\">40A<\/td>\n<td width=\"133\">50A<\/td>\n<td width=\"133\">60A<\/td>\n<td>60A<\/td>\n<td>60A<\/td>\n<td>60A<\/td>\n<td>80A<\/td>\n<\/tr>\n<tr>\n<td colspan=\"2\">M\u00e9todo de carregamento<\/td>\n<td colspan=\"8\">Tr\u00eas est\u00e1gios (corrente constante, tens\u00e3o constante, carga flutuante)<\/td>\n<\/tr>\n<tr>\n<td rowspan=\"8\">Prote\u00e7\u00e3o<\/td>\n<td colspan=\"2\">Alarme de baixa voltagem da bateria<\/td>\n<td colspan=\"8\">Valor de prote\u00e7\u00e3o contra subtens\u00e3o da bateria + 0,5 V (tens\u00e3o da bateria \u00fanica)<\/td>\n<\/tr>\n<tr>\n<td colspan=\"2\">Prote\u00e7\u00e3o contra baixa voltagem da bateria<\/td>\n<td colspan=\"8\">Padr\u00e3o de f\u00e1brica: 10,5 V (tens\u00e3o de bateria \u00fanica)<\/td>\n<\/tr>\n<tr>\n<td colspan=\"2\">Alarme de sobretens\u00e3o da bateria<\/td>\n<td colspan=\"8\">Tens\u00e3o de carga constante + 0,8 V (tens\u00e3o de bateria \u00fanica)<\/td>\n<\/tr>\n<tr>\n<td colspan=\"2\">Prote\u00e7\u00e3o contra sobretens\u00e3o da bateria<\/td>\n<td colspan=\"8\">Padr\u00e3o de f\u00e1brica: 17V (tens\u00e3o de bateria \u00fanica)<\/td>\n<\/tr>\n<tr>\n<td colspan=\"2\">Tens\u00e3o de recupera\u00e7\u00e3o de sobretens\u00e3o da bateria<\/td>\n<td colspan=\"8\">Valor de prote\u00e7\u00e3o contra sobretens\u00e3o da bateria - 1V (tens\u00e3o da bateria \u00fanica)<\/td>\n<\/tr>\n<tr>\n<td colspan=\"2\">Prote\u00e7\u00e3o contra sobrecarga<\/td>\n<td colspan=\"8\">Prote\u00e7\u00e3o autom\u00e1tica (modo bateria), disjuntor ou seguro (modo CA)<\/td>\n<\/tr>\n<tr>\n<td colspan=\"2\">Prote\u00e7\u00e3o contra curto-circuito na sa\u00edda do inversor<\/td>\n<td colspan=\"8\">Prote\u00e7\u00e3o autom\u00e1tica (modo bateria), disjuntor ou seguro (modo CA)<\/td>\n<\/tr>\n<tr>\n<td colspan=\"2\">Prote\u00e7\u00e3o de temperatura<\/td>\n<td colspan=\"8\">&gt;90\u00b0C (desligar a sa\u00edda)<\/td>\n<\/tr>\n<tr>\n<td colspan=\"3\">Modo de trabalho<\/td>\n<td colspan=\"8\">Prioridade da rede el\u00e9trica\/prioridade PV\/prioridade da bateria (pode ser definido)<\/td>\n<\/tr>\n<tr>\n<td colspan=\"3\">Tempo de transfer\u00eancia<\/td>\n<td colspan=\"8\">\u226410ms<\/td>\n<\/tr>\n<tr>\n<td colspan=\"3\">Mostrar<\/td>\n<td colspan=\"8\">LCD+LED<\/td>\n<\/tr>\n<tr>\n<td colspan=\"3\">M\u00e9todo t\u00e9rmico<\/td>\n<td colspan=\"8\">Ventilador de refrigera\u00e7\u00e3o em controle inteligente<\/td>\n<\/tr>\n<tr>\n<td colspan=\"3\">Comunica\u00e7\u00e3o (opcional)<\/td>\n<td colspan=\"8\">RS485\/APP (monitoramento WIFI ou monitoramento GPRS)<\/td>\n<\/tr>\n<tr>\n<td rowspan=\"5\">Ambiente<\/td>\n<td colspan=\"2\">Temperatura de opera\u00e7\u00e3o<\/td>\n<td colspan=\"8\">-10\u2103~40\u2103<\/td>\n<\/tr>\n<tr>\n<td colspan=\"2\">Temperatura de armazenamento<\/td>\n<td colspan=\"8\">-15\u2103~60\u2103<\/td>\n<\/tr>\n<tr>\n<td colspan=\"2\">Barulho<\/td>\n<td colspan=\"8\">\u226455dB<\/td>\n<\/tr>\n<tr>\n<td colspan=\"2\">Eleva\u00e7\u00e3o<\/td>\n<td colspan=\"8\">2000m (mais do que desclassifica\u00e7\u00e3o)<\/td>\n<\/tr>\n<tr>\n<td colspan=\"2\">Umidade<\/td>\n<td colspan=\"8\">0%~95% (sem condensa\u00e7\u00e3o)<\/td>\n<\/tr>\n<tr>\n<td style=\"color: #fff;\" colspan=\"11\" width=\"1399\">Nota: 1. O modelo de 10212\/15224\/20224\/32224L\/50248L suporta apenas modo de prioridade de rede e modo de prioridade de bateria, modo de trabalho de prioridade PV n\u00e3o \u00e9 suportado.<br \/>\n2. Todas as especifica\u00e7\u00f5es est\u00e3o sujeitas a cobran\u00e7a sem aviso pr\u00e9vio.<\/td>\n<\/tr>\n<\/tbody>\n<\/table>","protected":false},"excerpt":{"rendered":"<p><span>Xindi Solar, um fabricante e fornecedor chin\u00eas especializado em carregador inversor solar, inversor solar h\u00edbrido de alta frequ\u00eancia, carregador inversor de energia, solar h\u00edbrido \u2026<\/span><\/p>","protected":false},"featured_media":602,"comment_status":"open","ping_status":"closed","template":"","meta":[],"product_cat":[24],"product_tag":[93,61,89,47],"class_list":{"0":"post-612","1":"product","2":"type-product","3":"status-publish","4":"has-post-thumbnail","6":"product_cat-high-frequency-hybrid-inverter","7":"product_tag-hybrid-inverter","8":"product_tag-off-grid-inverte","9":"product_tag-off-grid-solar-inverter","10":"product_tag-solar-inverter","12":"first","13":"instock","14":"shipping-taxable","15":"product-type-simple"},"_links":{"self":[{"href":"https:\/\/www.xd-solar.com\/pt\/wp-json\/wp\/v2\/product\/612","targetHints":{"allow":["GET"]}}],"collection":[{"href":"https:\/\/www.xd-solar.com\/pt\/wp-json\/wp\/v2\/product"}],"about":[{"href":"https:\/\/www.xd-solar.com\/pt\/wp-json\/wp\/v2\/types\/product"}],"replies":[{"embeddable":true,"href":"https:\/\/www.xd-solar.com\/pt\/wp-json\/wp\/v2\/comments?post=612"}],"wp:featuredmedia":[{"embeddable":true,"href":"https:\/\/www.xd-solar.com\/pt\/wp-json\/wp\/v2\/media\/602"}],"wp:attachment":[{"href":"https:\/\/www.xd-solar.com\/pt\/wp-json\/wp\/v2\/media?parent=612"}],"wp:term":[{"taxonomy":"product_cat","embeddable":true,"href":"https:\/\/www.xd-solar.com\/pt\/wp-json\/wp\/v2\/product_cat?post=612"},{"taxonomy":"product_tag","embeddable":true,"href":"https:\/\/www.xd-solar.com\/pt\/wp-json\/wp\/v2\/product_tag?post=612"}],"curies":[{"name":"wp","href":"https:\/\/api.w.org\/{rel}","templated":true}]}}