{"id":613,"date":"2023-10-08T15:03:41","date_gmt":"2023-10-08T07:03:41","guid":{"rendered":"https:\/\/xd-solar.com\/?post_type=product&#038;p=613"},"modified":"2024-07-31T11:51:00","modified_gmt":"2024-07-31T03:51:00","slug":"xpo","status":"publish","type":"product","link":"https:\/\/www.xd-solar.com\/pt\/produto\/xpo\/","title":{"rendered":"Inversor solar h\u00edbrido de alta frequ\u00eancia XPO 1KW-8KW, 1KVA, 1,5KVA, 2KVA, 3,3KVA, 5KVA, 7,2KVA, 8KVA"},"content":{"rendered":"<table width=\"1222\">\n<tbody>\n<tr>\n<td style=\"color: #fff; text-align: center;\" colspan=\"5\" width=\"1222\">Especifica\u00e7\u00e3o<\/td>\n<\/tr>\n<tr>\n<td colspan=\"3\">Modelo: XPO<\/td>\n<td>32224<\/td>\n<td>50248<\/td>\n<\/tr>\n<tr>\n<td colspan=\"3\">Pot\u00eancia nominal<\/td>\n<td>3200W<\/td>\n<td>5000W<\/td>\n<\/tr>\n<tr>\n<td colspan=\"3\">Pot\u00eancia de pico (20ms)<\/td>\n<td>9600VA<\/td>\n<td>15KVA<\/td>\n<\/tr>\n<tr>\n<td colspan=\"3\">Voltagem da bateria<\/td>\n<td>24VCC<\/td>\n<td>48VCC<\/td>\n<\/tr>\n<tr>\n<td colspan=\"3\">Tamanho do produto (L*W*Hmm)<\/td>\n<td>420x290x110<\/td>\n<td>460x304x110<\/td>\n<\/tr>\n<tr>\n<td colspan=\"3\">Tamanho do pacote (L*W*Hmm)<\/td>\n<td>486x370x198<\/td>\n<td>526x384x198<\/td>\n<\/tr>\n<tr>\n<td colspan=\"3\">NW\uff08Kg\uff09<\/td>\n<td>8.5<\/td>\n<td>10<\/td>\n<\/tr>\n<tr>\n<td colspan=\"3\">GW\uff08Kg\uff09<\/td>\n<td>9.5<\/td>\n<td>11<\/td>\n<\/tr>\n<tr>\n<td colspan=\"3\">M\u00e9todo de instala\u00e7\u00e3o<\/td>\n<td colspan=\"2\">Montado na parede<\/td>\n<\/tr>\n<tr>\n<td rowspan=\"6\" width=\"72\">\uff30\uff36<\/td>\n<td colspan=\"2\">Modo de carregamento<\/td>\n<td colspan=\"2\">MPPT<\/td>\n<\/tr>\n<tr>\n<td colspan=\"2\">Tens\u00e3o nominal de entrada fotovoltaica<\/td>\n<td colspan=\"2\">360VCC<\/td>\n<\/tr>\n<tr>\n<td colspan=\"2\" width=\"260\">Faixa de tens\u00e3o de rastreamento MPPT<\/td>\n<td colspan=\"2\">120V-450V<\/td>\n<\/tr>\n<tr>\n<td colspan=\"2\" width=\"260\">Tens\u00e3o m\u00e1xima de entrada PV Voc<br \/>\n(Na temperatura mais baixa)<\/td>\n<td colspan=\"2\">500V<\/td>\n<\/tr>\n<tr>\n<td colspan=\"2\" width=\"260\">Pot\u00eancia m\u00e1xima do arranjo fotovoltaico<\/td>\n<td>4000W<\/td>\n<td>6000W<\/td>\n<\/tr>\n<tr>\n<td colspan=\"2\" width=\"260\">Canais de rastreamento MPPT (canais de entrada)<\/td>\n<td colspan=\"2\">1<\/td>\n<\/tr>\n<tr>\n<td rowspan=\"4\">Entrada<\/td>\n<td colspan=\"2\">Faixa de tens\u00e3o de entrada DC<\/td>\n<td>21VCC-30VCC<\/td>\n<td>42VCC-60VCC<\/td>\n<\/tr>\n<tr>\n<td colspan=\"2\">Tens\u00e3o nominal de entrada CA<\/td>\n<td colspan=\"2\">220VAC \/ 230VAC \/ 240VAC<\/td>\n<\/tr>\n<tr>\n<td colspan=\"2\">Faixa de Tens\u00e3o de Entrada CA<\/td>\n<td colspan=\"2\">170VAC~280VAC \uff08modo UPS\uff09\/ 120VAC~280VAC\uff08modo INV\uff09<\/td>\n<\/tr>\n<tr>\n<td colspan=\"2\">Faixa de Frequ\u00eancia de Entrada CA<\/td>\n<td colspan=\"2\">45Hz~55Hz\uff0850Hz), 55Hz~65Hz\uff0860Hz)<\/td>\n<\/tr>\n<tr>\n<td rowspan=\"10\">Sa\u00edda<\/td>\n<td colspan=\"2\" width=\"260\">Efici\u00eancia de sa\u00edda (modo bateria\/PV)<\/td>\n<td colspan=\"2\">94% (valor de pico)<\/td>\n<\/tr>\n<tr>\n<td colspan=\"2\">Tens\u00e3o de sa\u00edda (modo bateria\/PV)<\/td>\n<td colspan=\"2\">220VAC\u00b12% \/ 230VAC\u00b12% \/ 240VAC\u00b12%<\/td>\n<\/tr>\n<tr>\n<td colspan=\"2\">Frequ\u00eancia de Sa\u00edda (Modo Bateria\/PV)<\/td>\n<td colspan=\"2\">50Hz\u00b10,5 ou 60Hz\u00b10,5<\/td>\n<\/tr>\n<tr>\n<td colspan=\"2\">Onda de Sa\u00edda (Modo Bateria\/PV)<\/td>\n<td colspan=\"2\">Onda senoidal pura<\/td>\n<\/tr>\n<tr>\n<td colspan=\"2\">Efici\u00eancia (Modo CA)<\/td>\n<td colspan=\"2\">&gt;99%<\/td>\n<\/tr>\n<tr>\n<td colspan=\"2\">Tens\u00e3o de sa\u00edda (modo CA)<\/td>\n<td colspan=\"2\">Siga a entrada<\/td>\n<\/tr>\n<tr>\n<td colspan=\"2\">Frequ\u00eancia de Sa\u00edda (Modo CA)<\/td>\n<td colspan=\"2\">Siga a entrada<\/td>\n<\/tr>\n<tr>\n<td colspan=\"2\" width=\"260\">Distor\u00e7\u00e3o da forma de onda de sa\u00edda<br \/>\nBateria\/Modo PV)<\/td>\n<td colspan=\"2\">\u22643% (carga linear)<\/td>\n<\/tr>\n<tr>\n<td colspan=\"2\">Sem perda de carga (modo de bateria)<\/td>\n<td colspan=\"2\">\u22641% pot\u00eancia nominal<\/td>\n<\/tr>\n<tr>\n<td colspan=\"2\">Sem perda de carga (modo AC)<\/td>\n<td colspan=\"2\">\u22640,5% pot\u00eancia nominal (o carregador n\u00e3o funciona no modo AC)<\/td>\n<\/tr>\n<tr>\n<td rowspan=\"6\" width=\"72\">Bateria<\/td>\n<td rowspan=\"2\" width=\"60\">Bateria<br \/>\nTipo<\/td>\n<td>Bateria VRLA<\/td>\n<td colspan=\"2\">Tens\u00e3o de carga: 13,8 V; Tens\u00e3o de flutua\u00e7\u00e3o: 13,7 V (tens\u00e3o de bateria \u00fanica)<\/td>\n<\/tr>\n<tr>\n<td>Personalizar bateria<\/td>\n<td colspan=\"2\" width=\"890\">Par\u00e2metros de carga e descarga de diferentes tipos de baterias podem ser personalizados de acordo com os requisitos do usu\u00e1rio<br \/>\n(os par\u00e2metros de carga e descarga de diferentes tipos de baterias podem ser configurados atrav\u00e9s do painel de opera\u00e7\u00e3o)<\/td>\n<\/tr>\n<tr>\n<td colspan=\"2\" width=\"260\">Corrente m\u00e1xima de carga CA<\/td>\n<td>60A<\/td>\n<td>60A<\/td>\n<\/tr>\n<tr>\n<td colspan=\"2\" width=\"260\">Corrente m\u00e1xima de carga fotovoltaica<\/td>\n<td>100A<\/td>\n<td>100A<\/td>\n<\/tr>\n<tr>\n<td colspan=\"2\" width=\"260\">Corrente m\u00e1xima de carga (rede + PV)<\/td>\n<td>100A<\/td>\n<td>100A<\/td>\n<\/tr>\n<tr>\n<td colspan=\"2\">M\u00e9todo de carregamento<\/td>\n<td colspan=\"2\">Tr\u00eas est\u00e1gios (corrente constante, tens\u00e3o constante, carga flutuante)<\/td>\n<\/tr>\n<tr>\n<td rowspan=\"8\">Prote\u00e7\u00e3o<\/td>\n<td colspan=\"2\">Alarme de baixa voltagem da bateria<\/td>\n<td colspan=\"2\">Valor de prote\u00e7\u00e3o contra subtens\u00e3o da bateria + 0,5 V (tens\u00e3o da bateria \u00fanica)<\/td>\n<\/tr>\n<tr>\n<td colspan=\"2\">Prote\u00e7\u00e3o contra baixa voltagem da bateria<\/td>\n<td colspan=\"2\">Padr\u00e3o de f\u00e1brica: 10,5 V (tens\u00e3o de bateria \u00fanica)<\/td>\n<\/tr>\n<tr>\n<td colspan=\"2\">Alarme de sobretens\u00e3o da bateria<\/td>\n<td colspan=\"2\">Tens\u00e3o de carga constante + 0,8 V (tens\u00e3o de bateria \u00fanica)<\/td>\n<\/tr>\n<tr>\n<td colspan=\"2\">Prote\u00e7\u00e3o contra sobretens\u00e3o da bateria<\/td>\n<td colspan=\"2\">Padr\u00e3o de f\u00e1brica: 17V (tens\u00e3o de bateria \u00fanica)<\/td>\n<\/tr>\n<tr>\n<td colspan=\"2\">Tens\u00e3o de recupera\u00e7\u00e3o de sobretens\u00e3o da bateria<\/td>\n<td colspan=\"2\">Valor de prote\u00e7\u00e3o contra sobretens\u00e3o da bateria - 1V (tens\u00e3o da bateria \u00fanica)<\/td>\n<\/tr>\n<tr>\n<td colspan=\"2\">Prote\u00e7\u00e3o contra sobrecarga<\/td>\n<td colspan=\"2\">Prote\u00e7\u00e3o autom\u00e1tica (modo bateria), disjuntor ou seguro (modo CA)<\/td>\n<\/tr>\n<tr>\n<td colspan=\"2\">Prote\u00e7\u00e3o contra curto-circuito na sa\u00edda do inversor<\/td>\n<td colspan=\"2\">Prote\u00e7\u00e3o autom\u00e1tica (modo bateria), disjuntor ou seguro (modo CA)<\/td>\n<\/tr>\n<tr>\n<td colspan=\"2\">Prote\u00e7\u00e3o de temperatura<\/td>\n<td colspan=\"2\">&gt;90\u00b0C (desligar a sa\u00edda)<\/td>\n<\/tr>\n<tr>\n<td colspan=\"3\">Modo de trabalho<\/td>\n<td colspan=\"2\">Prioridade de rede\/prioridade solar\/prioridade de bateria (pode ser definido)<\/td>\n<\/tr>\n<tr>\n<td colspan=\"3\">Tempo de transfer\u00eancia<\/td>\n<td colspan=\"2\">\u226410ms<\/td>\n<\/tr>\n<tr>\n<td colspan=\"3\">Mostrar<\/td>\n<td colspan=\"2\">LCD+LED<\/td>\n<\/tr>\n<tr>\n<td colspan=\"3\">M\u00e9todo t\u00e9rmico<\/td>\n<td colspan=\"2\">Ventilador de refrigera\u00e7\u00e3o em controle inteligente<\/td>\n<\/tr>\n<tr>\n<td colspan=\"3\">Comunica\u00e7\u00e3o (opcional)<\/td>\n<td colspan=\"2\">RS485\/APP (monitoramento WIFI ou monitoramento GPRS)<\/td>\n<\/tr>\n<tr>\n<td rowspan=\"5\">Ambiente<\/td>\n<td colspan=\"2\">Temperatura de opera\u00e7\u00e3o<\/td>\n<td colspan=\"2\">-10\u2103~40\u2103<\/td>\n<\/tr>\n<tr>\n<td colspan=\"2\">Temperatura de armazenamento<\/td>\n<td colspan=\"2\">-15\u2103~60\u2103<\/td>\n<\/tr>\n<tr>\n<td colspan=\"2\">Barulho<\/td>\n<td colspan=\"2\">\u226455dB<\/td>\n<\/tr>\n<tr>\n<td colspan=\"2\">Eleva\u00e7\u00e3o<\/td>\n<td colspan=\"2\">2000m (mais do que desclassifica\u00e7\u00e3o)<\/td>\n<\/tr>\n<tr>\n<td colspan=\"2\">Umidade<\/td>\n<td colspan=\"2\">0%~95% (sem condensa\u00e7\u00e3o)<\/td>\n<\/tr>\n<tr>\n<td style=\"color: #fff;\" colspan=\"5\" width=\"1222\">Nota: Todas as especifica\u00e7\u00f5es est\u00e3o sujeitas a cobran\u00e7a sem aviso pr\u00e9vio.<\/td>\n<\/tr>\n<\/tbody>\n<\/table>","protected":false},"excerpt":{"rendered":"<p><strong style=\"color: #80b645;\">Recurso:<\/strong><br \/>\n\u25c6 Adota design de alta frequ\u00eancia, alta densidade de pot\u00eancia, tamanho pequeno, alta efici\u00eancia e baixa perda sem carga;<br \/>\n\u25c7 Controlador MPPT integrado, carregamento solar integrado e design de complemento de rede;<br \/>\n\u25c6 Sa\u00edda sinusoidal pura, adapt\u00e1vel a qualquer tipo de carga;<br \/>\n\u25c7 Par\u00e2metros de tens\u00e3o de carga e descarga da bateria ajust\u00e1veis, adequados para diferentes tipos de baterias;<br \/>\n\u25c6 Corrente de carga AC ajust\u00e1vel, configura\u00e7\u00e3o de capacidade da bateria mais flex\u00edvel;<br \/>\n\u25c7 Tr\u00eas modos de trabalho ajust\u00e1veis: AC primeiro, bateria primeiro, PV primeiro;<br \/>\n\u25c6 Fun\u00e7\u00e3o ajust\u00e1vel de tens\u00e3o\/frequ\u00eancia de sa\u00edda, adapta-se a diferentes ambientes de rede;<br \/>\n\u25c7 Faixa de entrada de tens\u00e3o e frequ\u00eancia extra ampla, suporta rede ou gerador;<br \/>\n\u25c6 display LED+LCD, f\u00e1cil opera\u00e7\u00e3o e verifica\u00e7\u00e3o de dados, pode definir cada fun\u00e7\u00e3o e dados diretamente;<br \/>\n\u25c7 Fun\u00e7\u00e3o de prote\u00e7\u00e3o m\u00faltipla (sobrecarga, temperatura excessiva, prote\u00e7\u00e3o contra curto-circuito e assim por diante);<br \/>\n\u25c6Porta de comunica\u00e7\u00e3o RS485\/APP opcional.<\/p>","protected":false},"featured_media":614,"comment_status":"open","ping_status":"closed","template":"","meta":[],"product_cat":[24],"product_tag":[],"class_list":{"0":"post-613","1":"product","2":"type-product","3":"status-publish","4":"has-post-thumbnail","6":"product_cat-high-frequency-hybrid-inverter","8":"first","9":"instock","10":"shipping-taxable","11":"product-type-simple"},"_links":{"self":[{"href":"https:\/\/www.xd-solar.com\/pt\/wp-json\/wp\/v2\/product\/613","targetHints":{"allow":["GET"]}}],"collection":[{"href":"https:\/\/www.xd-solar.com\/pt\/wp-json\/wp\/v2\/product"}],"about":[{"href":"https:\/\/www.xd-solar.com\/pt\/wp-json\/wp\/v2\/types\/product"}],"replies":[{"embeddable":true,"href":"https:\/\/www.xd-solar.com\/pt\/wp-json\/wp\/v2\/comments?post=613"}],"wp:featuredmedia":[{"embeddable":true,"href":"https:\/\/www.xd-solar.com\/pt\/wp-json\/wp\/v2\/media\/614"}],"wp:attachment":[{"href":"https:\/\/www.xd-solar.com\/pt\/wp-json\/wp\/v2\/media?parent=613"}],"wp:term":[{"taxonomy":"product_cat","embeddable":true,"href":"https:\/\/www.xd-solar.com\/pt\/wp-json\/wp\/v2\/product_cat?post=613"},{"taxonomy":"product_tag","embeddable":true,"href":"https:\/\/www.xd-solar.com\/pt\/wp-json\/wp\/v2\/product_tag?post=613"}],"curies":[{"name":"wp","href":"https:\/\/api.w.org\/{rel}","templated":true}]}}