{"id":628,"date":"2023-10-08T15:42:15","date_gmt":"2023-10-08T07:42:15","guid":{"rendered":"https:\/\/xd-solar.com\/?post_type=product&#038;p=628"},"modified":"2024-07-31T11:46:36","modified_gmt":"2024-07-31T03:46:36","slug":"xpls","status":"publish","type":"product","link":"https:\/\/www.xd-solar.com\/pt\/produto\/xpls\/","title":{"rendered":"Inversor solar h\u00edbrido de alta frequ\u00eancia XPLS Max 9 unidades em paralelo 5KW, 5KVA"},"content":{"rendered":"<table width=\"1149\">\n<tbody>\n<tr>\n<td style=\"color: #fff; text-align: center;\" colspan=\"4\" width=\"1149\">Especifica\u00e7\u00e3o<\/td>\n<\/tr>\n<tr>\n<td colspan=\"3\">Modelo:<\/td>\n<td>XPLS-502<\/td>\n<\/tr>\n<tr>\n<td colspan=\"3\">Pot\u00eancia nominal<\/td>\n<td>5000W<\/td>\n<\/tr>\n<tr>\n<td colspan=\"3\">Pot\u00eancia de pico (20ms)<\/td>\n<td>15KVA<\/td>\n<\/tr>\n<tr>\n<td colspan=\"3\">Voltagem da bateria<\/td>\n<td>48VCC<\/td>\n<\/tr>\n<tr>\n<td colspan=\"3\">Tamanho do produto (L*W*Hmm)<\/td>\n<td>440 x 300 x 110<\/td>\n<\/tr>\n<tr>\n<td colspan=\"3\">Tamanho do pacote (L*W*Hmm)<\/td>\n<td>515x375x205<\/td>\n<\/tr>\n<tr>\n<td colspan=\"3\">NW\uff08Kg\uff09<\/td>\n<td>9.5<\/td>\n<\/tr>\n<tr>\n<td colspan=\"3\">GW\uff08Kg\uff09<\/td>\n<td>10.5<\/td>\n<\/tr>\n<tr>\n<td colspan=\"3\">M\u00e9todo de instala\u00e7\u00e3o<\/td>\n<td>Montado na parede<\/td>\n<\/tr>\n<tr>\n<td rowspan=\"6\" width=\"72\">PV<\/td>\n<td colspan=\"2\">Modo de carregamento<\/td>\n<td>MPPT<\/td>\n<\/tr>\n<tr>\n<td colspan=\"2\">Tens\u00e3o nominal de entrada fotovoltaica<\/td>\n<td>360VCC<\/td>\n<\/tr>\n<tr>\n<td colspan=\"2\" width=\"260\">Faixa de tens\u00e3o de rastreamento MPPT<\/td>\n<td>120V-430V<\/td>\n<\/tr>\n<tr>\n<td colspan=\"2\" width=\"260\">Tens\u00e3o m\u00e1xima de entrada PV Voc<br \/>\n(Na temperatura mais baixa)<\/td>\n<td>450V<\/td>\n<\/tr>\n<tr>\n<td colspan=\"2\" width=\"260\">Pot\u00eancia m\u00e1xima do arranjo fotovoltaico<\/td>\n<td>5500W<\/td>\n<\/tr>\n<tr>\n<td colspan=\"2\" width=\"260\">Canais de rastreamento MPPT (canais de entrada)<\/td>\n<td>1<\/td>\n<\/tr>\n<tr>\n<td rowspan=\"4\">Entrada<\/td>\n<td colspan=\"2\">Faixa de tens\u00e3o de entrada DC<\/td>\n<td>42VCC-60VCC<\/td>\n<\/tr>\n<tr>\n<td colspan=\"2\">Tens\u00e3o nominal de entrada CA<\/td>\n<td>208VAC\/220VAC\/230VAC\/240VAC<\/td>\n<\/tr>\n<tr>\n<td colspan=\"2\">Faixa de Tens\u00e3o de Entrada CA<\/td>\n<td>90VAC~280VAC(modo Appliance)\/170VAC~280VAC(modo UPS)<\/td>\n<\/tr>\n<tr>\n<td colspan=\"2\">Faixa de Frequ\u00eancia de Entrada CA<\/td>\n<td>40Hz~70Hz (padr\u00e3o)<\/td>\n<\/tr>\n<tr>\n<td rowspan=\"10\">Sa\u00edda<\/td>\n<td colspan=\"2\" width=\"260\">Efici\u00eancia de sa\u00edda (modo bateria\/PV)<\/td>\n<td>94% (valor de pico)<\/td>\n<\/tr>\n<tr>\n<td colspan=\"2\">Tens\u00e3o de sa\u00edda (modo bateria\/PV)<\/td>\n<td>208VAC\u00b12%\/220VAC\u00b12%\/230VAC\u00b12%\/240VAC\u00b12% (modo INV)<\/td>\n<\/tr>\n<tr>\n<td colspan=\"2\">Frequ\u00eancia de Sa\u00edda (Modo Bateria\/PV)<\/td>\n<td>50Hz\/60Hz\u00b10,1%<\/td>\n<\/tr>\n<tr>\n<td colspan=\"2\">Onda de Sa\u00edda (Modo Bateria\/PV)<\/td>\n<td>Onda senoidal pura<\/td>\n<\/tr>\n<tr>\n<td colspan=\"2\">Efici\u00eancia (Modo CA)<\/td>\n<td>&gt;99%<\/td>\n<\/tr>\n<tr>\n<td colspan=\"2\">Tens\u00e3o de sa\u00edda (modo CA)<\/td>\n<td>Siga a entrada<\/td>\n<\/tr>\n<tr>\n<td colspan=\"2\">Frequ\u00eancia de Sa\u00edda (Modo CA)<\/td>\n<td>Siga a entrada<\/td>\n<\/tr>\n<tr>\n<td colspan=\"2\" width=\"260\">Distor\u00e7\u00e3o da forma de onda de sa\u00edda<br \/>\nBateria\/Modo PV)<\/td>\n<td>\u22643% (carga linear)<\/td>\n<\/tr>\n<tr>\n<td colspan=\"2\">Sem perda de carga (modo de bateria)<\/td>\n<td>\u22641% pot\u00eancia nominal<\/td>\n<\/tr>\n<tr>\n<td colspan=\"2\">Sem perda de carga (modo AC)<\/td>\n<td>\u22640,5% pot\u00eancia nominal (o carregador n\u00e3o funciona no modo AC)<\/td>\n<\/tr>\n<tr>\n<td rowspan=\"6\" width=\"72\">Bateria<\/td>\n<td rowspan=\"2\" width=\"60\">Bateria<br \/>\nTipo<\/td>\n<td>Bateria VRLA<\/td>\n<td>Tens\u00e3o de carga: 56,4 V; Tens\u00e3o de flutua\u00e7\u00e3o: 54V<\/td>\n<\/tr>\n<tr>\n<td>Personalizar bateria<\/td>\n<td width=\"817\">Par\u00e2metros de carga e descarga de diferentes tipos de baterias podem ser personalizados de acordo com os requisitos do usu\u00e1rio<br \/>\n(os par\u00e2metros de carga e descarga de diferentes tipos de baterias podem ser configurados atrav\u00e9s do painel de opera\u00e7\u00e3o)<\/td>\n<\/tr>\n<tr>\n<td colspan=\"2\" width=\"260\">Corrente m\u00e1xima de carga CA<\/td>\n<td>60A<\/td>\n<\/tr>\n<tr>\n<td colspan=\"2\" width=\"260\">Corrente m\u00e1xima de carga fotovoltaica<\/td>\n<td>80A<\/td>\n<\/tr>\n<tr>\n<td colspan=\"2\" width=\"260\">Corrente m\u00e1xima de carga (rede + PV)<\/td>\n<td>80A<\/td>\n<\/tr>\n<tr>\n<td colspan=\"2\">M\u00e9todo de carregamento<\/td>\n<td>Tr\u00eas est\u00e1gios (corrente constante, tens\u00e3o constante, carga flutuante)<\/td>\n<\/tr>\n<tr>\n<td rowspan=\"6\">Prote\u00e7\u00e3o<\/td>\n<td colspan=\"2\">Alarme de baixa voltagem da bateria<\/td>\n<td>Padr\u00e3o de f\u00e1brica: 44V<\/td>\n<\/tr>\n<tr>\n<td colspan=\"2\">Prote\u00e7\u00e3o contra baixa voltagem da bateria<\/td>\n<td>Padr\u00e3o de f\u00e1brica: 42V<\/td>\n<\/tr>\n<tr>\n<td colspan=\"2\">Prote\u00e7\u00e3o contra sobretens\u00e3o da bateria<\/td>\n<td>61VCC<\/td>\n<\/tr>\n<tr>\n<td colspan=\"2\">Prote\u00e7\u00e3o contra sobrecarga<\/td>\n<td>Prote\u00e7\u00e3o autom\u00e1tica (modo bateria), disjuntor ou seguro (modo CA)<\/td>\n<\/tr>\n<tr>\n<td colspan=\"2\">Prote\u00e7\u00e3o contra curto-circuito na sa\u00edda do inversor<\/td>\n<td>Prote\u00e7\u00e3o autom\u00e1tica (modo bateria), disjuntor ou seguro (modo CA)<\/td>\n<\/tr>\n<tr>\n<td colspan=\"2\">Prote\u00e7\u00e3o de temperatura<\/td>\n<td>&gt;90\u00b0C (desligar a sa\u00edda)<\/td>\n<\/tr>\n<tr>\n<td colspan=\"3\">Modo de trabalho<\/td>\n<td>Prioridade de rede\/prioridade solar\/prioridade de bateria (pode ser definido)<\/td>\n<\/tr>\n<tr>\n<td colspan=\"3\">Tempo de transfer\u00eancia<\/td>\n<td>\u226410ms<\/td>\n<\/tr>\n<tr>\n<td colspan=\"3\">Mostrar<\/td>\n<td>LCD+LED<\/td>\n<\/tr>\n<tr>\n<td colspan=\"3\">M\u00e9todo t\u00e9rmico<\/td>\n<td>Ventilador de refrigera\u00e7\u00e3o em controle inteligente<\/td>\n<\/tr>\n<tr>\n<td colspan=\"3\">Comunica\u00e7\u00e3o (opcional)<\/td>\n<td>RS232\/USB\/APP (monitoramento WIFI ou monitoramento GPRS)<\/td>\n<\/tr>\n<tr>\n<td rowspan=\"5\">Ambiente<\/td>\n<td colspan=\"2\">Temperatura de opera\u00e7\u00e3o<\/td>\n<td>-10\u2103~40\u2103<\/td>\n<\/tr>\n<tr>\n<td colspan=\"2\">Temperatura de armazenamento<\/td>\n<td>-15\u2103~60\u2103<\/td>\n<\/tr>\n<tr>\n<td colspan=\"2\">Barulho<\/td>\n<td>\u226455dB<\/td>\n<\/tr>\n<tr>\n<td colspan=\"2\">Eleva\u00e7\u00e3o<\/td>\n<td>2000m (mais do que desclassifica\u00e7\u00e3o)<\/td>\n<\/tr>\n<tr>\n<td colspan=\"2\">Umidade<\/td>\n<td>0%~95% (sem condensa\u00e7\u00e3o)<\/td>\n<\/tr>\n<tr>\n<td style=\"color: #fff; text-align: center;\" colspan=\"4\" width=\"1149\">Nota: Todas as especifica\u00e7\u00f5es est\u00e3o sujeitas a cobran\u00e7a sem aviso pr\u00e9vio.<\/td>\n<\/tr>\n<\/tbody>\n<\/table>","protected":false},"excerpt":{"rendered":"<p><strong style=\"color: #80b645;\">Recurso:<\/strong><br \/>\n\u25c6 Sa\u00edda de onda senoidal pura.<br \/>\n\u25c7 Projeto de alta frequ\u00eancia, alta efici\u00eancia com baixa perda sem carga.<br \/>\n\u25c6 Controlador solar MPPT integrado, tens\u00e3o de entrada solar de at\u00e9 450V no m\u00e1ximo.<br \/>\n\u25c7 Combinando sistema solar, utilit\u00e1rio CA e fonte de energia da bateria para fornecer energia cont\u00ednua.<br \/>\n\u25c6 Configura\u00e7\u00e3o Smart LCD (modos de trabalho, corrente de carga, tens\u00e3o de carga, sa\u00edda CA<br \/>\ntens\u00e3o\/frequ\u00eancia, etc).<br \/>\n\u25c7 O display LED+LCD \u00e9 f\u00e1cil de operar.<br \/>\n\u25c6 O suporte fornece energia para a carga sem bateria (sem opera\u00e7\u00e3o paralela).<br \/>\n\u25c7 Fun\u00e7\u00e3o de prote\u00e7\u00e3o m\u00faltipla (sobrecarga, temperatura excessiva, prote\u00e7\u00e3o contra curto-circuito, etc.).<br \/>\n\u25c6 Opera\u00e7\u00e3o paralela com at\u00e9 9 unidades.<br \/>\n\u25c7 Suporta comunica\u00e7\u00e3o USB, RS232, APP\uff08WIFI, etc opcional).<\/p>","protected":false},"featured_media":635,"comment_status":"open","ping_status":"closed","template":"","meta":[],"product_cat":[24],"product_tag":[],"class_list":{"0":"post-628","1":"product","2":"type-product","3":"status-publish","4":"has-post-thumbnail","6":"product_cat-high-frequency-hybrid-inverter","8":"first","9":"instock","10":"shipping-taxable","11":"product-type-simple"},"_links":{"self":[{"href":"https:\/\/www.xd-solar.com\/pt\/wp-json\/wp\/v2\/product\/628","targetHints":{"allow":["GET"]}}],"collection":[{"href":"https:\/\/www.xd-solar.com\/pt\/wp-json\/wp\/v2\/product"}],"about":[{"href":"https:\/\/www.xd-solar.com\/pt\/wp-json\/wp\/v2\/types\/product"}],"replies":[{"embeddable":true,"href":"https:\/\/www.xd-solar.com\/pt\/wp-json\/wp\/v2\/comments?post=628"}],"wp:featuredmedia":[{"embeddable":true,"href":"https:\/\/www.xd-solar.com\/pt\/wp-json\/wp\/v2\/media\/635"}],"wp:attachment":[{"href":"https:\/\/www.xd-solar.com\/pt\/wp-json\/wp\/v2\/media?parent=628"}],"wp:term":[{"taxonomy":"product_cat","embeddable":true,"href":"https:\/\/www.xd-solar.com\/pt\/wp-json\/wp\/v2\/product_cat?post=628"},{"taxonomy":"product_tag","embeddable":true,"href":"https:\/\/www.xd-solar.com\/pt\/wp-json\/wp\/v2\/product_tag?post=628"}],"curies":[{"name":"wp","href":"https:\/\/api.w.org\/{rel}","templated":true}]}}