{"id":650,"date":"2023-04-28T16:09:30","date_gmt":"2023-04-28T08:09:30","guid":{"rendered":"https:\/\/xd-solar.com\/?post_type=product&#038;p=650"},"modified":"2024-08-15T14:47:00","modified_gmt":"2024-08-15T06:47:00","slug":"xdn-12kw25kw","status":"publish","type":"product","link":"https:\/\/www.xd-solar.com\/pt\/produto\/xdn-12kw25kw\/","title":{"rendered":"Xindi solar XDN 12KW~25KW inversor de baixa frequ\u00eancia UPS fonte de alimenta\u00e7\u00e3o ininterrupta BAIXA FREQU\u00caNCIA"},"content":{"rendered":"<table width=\"1623\">\n<tbody>\n<tr>\n<td style=\"color: #fff; text-align: center;\" colspan=\"16\" width=\"1623\">Especifica\u00e7\u00e3o<\/td>\n<\/tr>\n<tr>\n<td colspan=\"2\">Modelo XDN<\/td>\n<td width=\"93\">35112\/24<\/td>\n<td width=\"93\">50112\/24\/48<\/td>\n<td width=\"93\">60112\/24\/48<\/td>\n<td width=\"93\">70124\/48<\/td>\n<td width=\"93\">70112<\/td>\n<td>10212\/24\/48<\/td>\n<td>12224<\/td>\n<td width=\"93\">15224\/48<\/td>\n<td>20248<\/td>\n<td>20224\/96<\/td>\n<td width=\"93\">25224\/48<\/td>\n<td width=\"93\">30224\/48\/96<\/td>\n<td width=\"93\">35248\/96<\/td>\n<td width=\"93\">40248\/96<\/td>\n<\/tr>\n<tr>\n<td colspan=\"2\">Pot\u00eancia nominal<\/td>\n<td>350W<\/td>\n<td>500W<\/td>\n<td>600W<\/td>\n<td>700W<\/td>\n<td>700W<\/td>\n<td>1000W<\/td>\n<td>1200W<\/td>\n<td>1500W<\/td>\n<td>2000W<\/td>\n<td>2000W<\/td>\n<td width=\"93\">2500W<\/td>\n<td width=\"93\">3000W<\/td>\n<td width=\"93\">3500W<\/td>\n<td width=\"93\">4000W<\/td>\n<\/tr>\n<tr>\n<td colspan=\"2\">Pot\u00eancia de pico (20ms)<\/td>\n<td>1050VA<\/td>\n<td>1500VA<\/td>\n<td>1800VA<\/td>\n<td>2100VA<\/td>\n<td>2100VA<\/td>\n<td>3000VA<\/td>\n<td>3600VA<\/td>\n<td>4500VA<\/td>\n<td>6000VA<\/td>\n<td>6000VA<\/td>\n<td width=\"93\">7500VA<\/td>\n<td width=\"93\">9000VA<\/td>\n<td width=\"93\">10500VA<\/td>\n<td width=\"93\">12000VA<\/td>\n<\/tr>\n<tr>\n<td colspan=\"2\">Motor de Partida<\/td>\n<td>0,3HP<\/td>\n<td>0,5HP<\/td>\n<td>0,5HP<\/td>\n<td>0,5HP<\/td>\n<td>0,5HP<\/td>\n<td>1HP<\/td>\n<td>1HP<\/td>\n<td>1,5 HP<\/td>\n<td>2HP<\/td>\n<td>2HP<\/td>\n<td width=\"93\">3HP<\/td>\n<td width=\"93\">3HP<\/td>\n<td width=\"93\">3HP<\/td>\n<td width=\"93\">3HP<\/td>\n<\/tr>\n<tr>\n<td colspan=\"2\">Voltagem da bateria<\/td>\n<td>12\/24VCC<\/td>\n<td colspan=\"2\">12\/24\/48VCC<\/td>\n<td>24\/48VCC<\/td>\n<td>12VCC<\/td>\n<td>12\/24\/48VCC<\/td>\n<td>24VCC<\/td>\n<td width=\"93\">24\/48VCC<\/td>\n<td width=\"93\">48VCC<\/td>\n<td width=\"93\">24\/96VCC<\/td>\n<td width=\"93\">24\/48VCC<\/td>\n<td width=\"93\">24\/48\/96VCC<\/td>\n<td width=\"93\">48\/96VCC<\/td>\n<td>48\/96VCC<\/td>\n<\/tr>\n<tr>\n<td colspan=\"2\">Dentro do controlador solar (opcional)<\/td>\n<td colspan=\"4\">10A~30A(PWM)<\/td>\n<td colspan=\"10\">10A~60A(PWM 12V\/24V\/48V)<\/td>\n<\/tr>\n<tr>\n<td colspan=\"2\">Tamanho (L*L*Hmm)<\/td>\n<td colspan=\"4\">335*210*122<\/td>\n<td colspan=\"3\">410*143*210<\/td>\n<td colspan=\"2\">400*180*320<\/td>\n<td colspan=\"4\">420*208*348<\/td>\n<td>460*245*445<\/td>\n<\/tr>\n<tr>\n<td colspan=\"2\">Tamanho da Embalagem (L*L*Hmm)<\/td>\n<td colspan=\"4\">385*270*185(1pc)\/400*280*400(2pcs)<\/td>\n<td colspan=\"3\">460*200*270(1pc) \/ 475*425*285(2pcs)<\/td>\n<td colspan=\"2\">460*240*380<\/td>\n<td colspan=\"4\">490*300*400<\/td>\n<td>530*310*550<\/td>\n<\/tr>\n<tr>\n<td colspan=\"2\">NW(kg)<\/td>\n<td>6.5<\/td>\n<td>8<\/td>\n<td>9<\/td>\n<td>10<\/td>\n<td>11<\/td>\n<td>13<\/td>\n<td>14<\/td>\n<td>18<\/td>\n<td>21<\/td>\n<td>23<\/td>\n<td>25<\/td>\n<td width=\"93\">29<\/td>\n<td width=\"93\">31<\/td>\n<td width=\"93\">46<\/td>\n<\/tr>\n<tr>\n<td colspan=\"2\">GW(kg)\uff08Embalagem Cartonada\uff09<\/td>\n<td>7.5<\/td>\n<td>9<\/td>\n<td>10<\/td>\n<td>11<\/td>\n<td>12<\/td>\n<td>14<\/td>\n<td>15<\/td>\n<td>19<\/td>\n<td>22<\/td>\n<td>24<\/td>\n<td>26<\/td>\n<td width=\"93\">30<\/td>\n<td width=\"93\">32<\/td>\n<td width=\"93\">48<\/td>\n<\/tr>\n<tr>\n<td colspan=\"2\">M\u00e9todo de instala\u00e7\u00e3o<\/td>\n<td colspan=\"4\">\u00c1rea de Trabalho<\/td>\n<td colspan=\"10\">Torre<\/td>\n<\/tr>\n<tr style=\"background: #80b645;\">\n<td style=\"color: #fff; text-align: center;\" colspan=\"16\">Especifica\u00e7\u00e3o<\/td>\n<\/tr>\n<tr>\n<td colspan=\"2\">Modelo XDN<\/td>\n<td width=\"93\">50248\/96\/192<\/td>\n<td width=\"93\">60248\/96\/192<\/td>\n<td width=\"93\">70296\/192<\/td>\n<td width=\"93\">80396\/192<\/td>\n<td width=\"93\">10396\/192<\/td>\n<td width=\"93\">12396\/192<\/td>\n<td width=\"93\">153192<\/td>\n<td width=\"93\">203220<\/td>\n<td width=\"93\">253220<\/td>\n<td colspan=\"3\" width=\"279\">303240<\/td>\n<td colspan=\"2\" width=\"186\">403384<\/td>\n<\/tr>\n<tr>\n<td colspan=\"2\">Pot\u00eancia nominal<\/td>\n<td width=\"93\">5000W<\/td>\n<td width=\"93\">6000W<\/td>\n<td width=\"93\">7000W<\/td>\n<td width=\"93\">8KW<\/td>\n<td width=\"93\">10KW<\/td>\n<td width=\"93\">12KW<\/td>\n<td width=\"93\">15KW<\/td>\n<td width=\"93\">20KW<\/td>\n<td width=\"93\">25KW<\/td>\n<td colspan=\"3\" width=\"279\">30KW<\/td>\n<td colspan=\"2\" width=\"186\">40KW<\/td>\n<\/tr>\n<tr>\n<td colspan=\"2\">Pot\u00eancia de pico (20ms)<\/td>\n<td>15000VA<\/td>\n<td>18000VA<\/td>\n<td width=\"93\">21000VA<\/td>\n<td width=\"93\">24KVA<\/td>\n<td width=\"93\">30KVA<\/td>\n<td width=\"93\">36KVA<\/td>\n<td width=\"93\">45KVA<\/td>\n<td width=\"93\">60KVA<\/td>\n<td width=\"93\">75KVA<\/td>\n<td colspan=\"3\" width=\"279\">90KVA<\/td>\n<td colspan=\"2\" width=\"186\">120KVA<\/td>\n<\/tr>\n<tr>\n<td colspan=\"2\">Motor de Partida<\/td>\n<td width=\"93\">4HP<\/td>\n<td width=\"93\">4HP<\/td>\n<td width=\"93\">5HP<\/td>\n<td width=\"93\">6HP<\/td>\n<td width=\"93\">7HP<\/td>\n<td width=\"93\">7HP<\/td>\n<td width=\"93\">10HP<\/td>\n<td width=\"93\">10HP<\/td>\n<td width=\"93\">15HP<\/td>\n<td colspan=\"3\" width=\"279\">15HP<\/td>\n<td colspan=\"2\" width=\"186\">20HP<\/td>\n<\/tr>\n<tr>\n<td colspan=\"2\">Voltagem da bateria<\/td>\n<td colspan=\"2\">48\/96\/192VCC<\/td>\n<td>96\/192VCC<\/td>\n<td>96\/192VCC<\/td>\n<td>96\/192VCC<\/td>\n<td>96\/192VCC<\/td>\n<td width=\"93\">192VCC<\/td>\n<td width=\"93\">220VCC<\/td>\n<td width=\"93\">220VCC<\/td>\n<td colspan=\"3\" width=\"279\">240VCC<\/td>\n<td colspan=\"2\" width=\"186\">384VCC<\/td>\n<\/tr>\n<tr>\n<td colspan=\"2\">Dentro do controlador solar (opcional)<\/td>\n<td colspan=\"2\">10A~60A(PWM 12V\/24V\/48V)<\/td>\n<td colspan=\"7\">50A\/100A(PWM)<\/td>\n<td colspan=\"5\" width=\"465\">50A\/100A\/150A\/200A(PWM)<\/td>\n<\/tr>\n<tr>\n<td colspan=\"2\">Tamanho (L*L*Hmm)<\/td>\n<td colspan=\"2\">460*245*445<\/td>\n<td colspan=\"4\">485*300*646<\/td>\n<td colspan=\"3\">600*300*800<\/td>\n<td colspan=\"5\">720*435*1120<\/td>\n<\/tr>\n<tr>\n<td colspan=\"2\">Tamanho da Embalagem (L*L*Hmm)<\/td>\n<td colspan=\"2\">530*310*550<\/td>\n<td colspan=\"4\">550*365*785<\/td>\n<td colspan=\"3\">665*365*830<\/td>\n<td colspan=\"5\">790*505*1260<\/td>\n<\/tr>\n<tr>\n<td colspan=\"2\">NW(kg)<\/td>\n<td>52<\/td>\n<td>53<\/td>\n<td>62<\/td>\n<td>64<\/td>\n<td>66<\/td>\n<td>70<\/td>\n<td>108<\/td>\n<td>113<\/td>\n<td>119<\/td>\n<td colspan=\"3\" width=\"279\">135<\/td>\n<td colspan=\"2\" width=\"186\">160<\/td>\n<\/tr>\n<tr>\n<td colspan=\"2\">GW(kg)\uff08Embalagem de Madeira\uff09<\/td>\n<td>58<\/td>\n<td>59<\/td>\n<td>72<\/td>\n<td>74<\/td>\n<td>77<\/td>\n<td>80<\/td>\n<td>121<\/td>\n<td>130<\/td>\n<td>136<\/td>\n<td colspan=\"3\" width=\"279\">150<\/td>\n<td colspan=\"2\" width=\"186\">180<\/td>\n<\/tr>\n<tr>\n<td colspan=\"2\">M\u00e9todo de instala\u00e7\u00e3o<\/td>\n<td colspan=\"14\">Torre<\/td>\n<\/tr>\n<tr style=\"background: #80b645;\">\n<td style=\"color: #fff; text-align: center;\" colspan=\"16\">Especifica\u00e7\u00e3o<\/td>\n<\/tr>\n<tr>\n<td rowspan=\"6\">Entrada<\/td>\n<td width=\"237\">Faixa de tens\u00e3o de entrada DC<\/td>\n<td colspan=\"14\" width=\"1302\">10,5-15VDC\uff08Tens\u00e3o de bateria \u00fanica\uff09<\/td>\n<\/tr>\n<tr>\n<td width=\"237\">Faixa de Tens\u00e3o de Entrada CA<\/td>\n<td colspan=\"14\" width=\"1302\">73VAC~138VAC(110VAC\uff09 \/ 83VAC~148VAC\uff08120VAC\uff09 \/ 145VAC~275VAC\uff08220VAC\uff09 \/ 155VAC~285VAC\uff08230VAC\uff09 \/ 165VAC~295VAC\uff08240VAC\uff09 \uff0835 0W~7000W\uff09<br \/>\n92VAC~128VAC(110VAC\uff09 \/ 102VAC~138VAC\uff08120VAC\uff09 \/ 185VAC~255VAC\uff08220VAC\uff09 \/ 195VAC~265VAC\uff08230VAC\uff09 \/ 205VAC~275VAC\uff08240VAC\uff09 (8KW~ 40KW)<\/td>\n<\/tr>\n<tr>\n<td width=\"237\">Faixa de Frequ\u00eancia de Entrada CA<\/td>\n<td colspan=\"14\" width=\"1302\">45Hz~55Hz(50Hz) \/ 55Hz~65Hz(60Hz)<\/td>\n<\/tr>\n<tr>\n<td width=\"237\">Corrente m\u00e1xima de carga CA<\/td>\n<td colspan=\"14\" width=\"1302\">6A~15A(Dependendo do modelo)<\/td>\n<\/tr>\n<tr>\n<td width=\"237\">Tens\u00e3o de carregamento CA<\/td>\n<td colspan=\"14\" width=\"1302\">Bateria de LEAD: Tens\u00e3o de Carga: 14,2 V; Tens\u00e3o de flutua\u00e7\u00e3o: 13,8 V (tens\u00e3o de bateria \u00fanica)<\/td>\n<\/tr>\n<tr>\n<td width=\"237\">M\u00e9todo de carregamento CA<\/td>\n<td colspan=\"14\" width=\"1302\">Tr\u00eas est\u00e1gios (corrente constante, tens\u00e3o constante, carga flutuante)<\/td>\n<\/tr>\n<tr>\n<td rowspan=\"11\">Sa\u00edda<\/td>\n<td width=\"237\">Efici\u00eancia (modo de bateria)<\/td>\n<td colspan=\"14\" width=\"1302\">\u226585%<\/td>\n<\/tr>\n<tr>\n<td width=\"237\">Tens\u00e3o de sa\u00edda (modo de bateria)<\/td>\n<td colspan=\"14\" width=\"1302\">110VAC\u00b12% \/ 120VAC\u00b12% \/ 220VAC\u00b12% \/ 230VAC\u00b12% \/ 240VAC\u00b12%<\/td>\n<\/tr>\n<tr>\n<td width=\"237\">Frequ\u00eancia de sa\u00edda (modo de bateria)<\/td>\n<td colspan=\"14\" width=\"1302\">50Hz\u00b10,5 ou 60Hz\u00b10,5<\/td>\n<\/tr>\n<tr>\n<td width=\"237\">Onda de sa\u00edda (modo de bateria)<\/td>\n<td colspan=\"14\" width=\"1302\">Onda senoidal pura<\/td>\n<\/tr>\n<tr>\n<td width=\"237\">Efici\u00eancia (Modo CA)<\/td>\n<td colspan=\"14\" width=\"1302\">&gt;99%<\/td>\n<\/tr>\n<tr>\n<td width=\"237\">Tens\u00e3o de sa\u00edda (modo CA)<\/td>\n<td colspan=\"14\" width=\"1302\">110VAC\u00b110% \/ 120VAC\u00b110% \/ 220VAC\u00b110% \/ 230VAC\u00b110% \/ 240VAC\u00b110%\uff08350W~7000W\uff09\uff1b Siga a entrada (8KW~40KW)<\/td>\n<\/tr>\n<tr>\n<td width=\"237\">Frequ\u00eancia de Sa\u00edda (Modo CA)<\/td>\n<td colspan=\"14\" width=\"1302\">Siga a entrada<\/td>\n<\/tr>\n<tr>\n<td width=\"237\">Distor\u00e7\u00e3o da forma de onda de sa\u00edda<br \/>\n(Modo de bateria)<\/td>\n<td colspan=\"14\" width=\"1302\">\u22643%\uff08Carga linear\uff09<\/td>\n<\/tr>\n<tr>\n<td width=\"237\">Sem perda de carga (modo de bateria)<\/td>\n<td colspan=\"14\" width=\"1302\">\u22642.5% pot\u00eancia nominal(Modelos abaixo de 7KW)\uff1b\u22641% pot\u00eancia nominal(modelos acima de 7KW)<\/td>\n<\/tr>\n<tr>\n<td width=\"237\">Sem perda de carga (modo AC)<\/td>\n<td colspan=\"14\" width=\"1302\">\u00a0\u22642% pot\u00eancia nominal (o carregador n\u00e3o funciona no modo AC)<\/td>\n<\/tr>\n<tr>\n<td width=\"237\">Sem perda de carga (modo de economia de energia)<\/td>\n<td colspan=\"14\" width=\"1302\">\u226410W<\/td>\n<\/tr>\n<tr>\n<td rowspan=\"2\" width=\"84\">Tipo de Bateria<\/td>\n<td>Bateria VRLA<\/td>\n<td colspan=\"14\" width=\"1302\">Tens\u00e3o de carga: 14,2 V; Tens\u00e3o de flutua\u00e7\u00e3o: 13,8 V (tens\u00e3o de bateria \u00fanica)<\/td>\n<\/tr>\n<tr>\n<td>Personalizar bateria<\/td>\n<td colspan=\"14\" width=\"1302\">Os par\u00e2metros de carga e descarga de diferentes tipos de baterias (como baterias de l\u00edtio, etc.) podem ser personalizados de acordo com os requisitos do usu\u00e1rio<\/td>\n<\/tr>\n<tr>\n<td rowspan=\"8\">Prote\u00e7\u00e3o<\/td>\n<td>Alarme de subtens\u00e3o da bateria<\/td>\n<td colspan=\"14\" width=\"1302\">Padr\u00e3o de f\u00e1brica: 11V (tens\u00e3o de bateria \u00fanica)<\/td>\n<\/tr>\n<tr>\n<td>Prote\u00e7\u00e3o contra subtens\u00e3o da bateria<\/td>\n<td colspan=\"14\" width=\"1302\">Padr\u00e3o de f\u00e1brica: 10,5 V (tens\u00e3o de bateria \u00fanica)<\/td>\n<\/tr>\n<tr>\n<td>Alarme de sobretens\u00e3o da bateria<\/td>\n<td colspan=\"14\" width=\"1302\">Padr\u00e3o de f\u00e1brica: 15V (tens\u00e3o de bateria \u00fanica)<\/td>\n<\/tr>\n<tr>\n<td>Prote\u00e7\u00e3o contra sobretens\u00e3o da bateria<\/td>\n<td colspan=\"14\" width=\"1302\">Padr\u00e3o de f\u00e1brica: \uff1a17V\uff08Tens\u00e3o de bateria \u00fanica\uff09<\/td>\n<\/tr>\n<tr>\n<td>Tens\u00e3o de recupera\u00e7\u00e3o de sobretens\u00e3o da bateria<\/td>\n<td colspan=\"14\" width=\"1302\">Padr\u00e3o de f\u00e1brica: 14,5V (tens\u00e3o de bateria \u00fanica)<\/td>\n<\/tr>\n<tr>\n<td>Prote\u00e7\u00e3o contra sobrecarga<\/td>\n<td colspan=\"14\" width=\"1302\">Prote\u00e7\u00e3o autom\u00e1tica (modo bateria), disjuntor ou seguro (modo CA)<\/td>\n<\/tr>\n<tr>\n<td>Prote\u00e7\u00e3o contra curto-circuito na sa\u00edda do inversor<\/td>\n<td colspan=\"14\" width=\"1302\">Prote\u00e7\u00e3o autom\u00e1tica (modo bateria), disjuntor ou seguro (modo CA)<\/td>\n<\/tr>\n<tr>\n<td>Prote\u00e7\u00e3o de temperatura<\/td>\n<td colspan=\"14\" width=\"1302\">&gt;90\u00b0C\uff08Desligar a sa\u00edda\uff09<\/td>\n<\/tr>\n<tr>\n<td rowspan=\"3\" width=\"84\">Alarme<\/td>\n<td width=\"237\">A<\/td>\n<td colspan=\"14\" width=\"1302\">Condi\u00e7\u00e3o normal de trabalho, a campainha n\u00e3o tem som de alarme<\/td>\n<\/tr>\n<tr>\n<td width=\"237\">B<\/td>\n<td colspan=\"14\" width=\"1302\">Buzzer soa 4 vezes por segundo quando falha da bateria, anormalidade de tens\u00e3o, prote\u00e7\u00e3o contra sobrecarga<\/td>\n<\/tr>\n<tr>\n<td width=\"237\">C<\/td>\n<td colspan=\"14\" width=\"1302\">Quando a m\u00e1quina \u00e9 ligada pela primeira vez, a campainha ir\u00e1 solicitar 5 quando a m\u00e1quina estiver normal<\/td>\n<\/tr>\n<tr>\n<td rowspan=\"7\" width=\"84\">Dentro do controlador solar<br \/>\n(Opcional)<\/td>\n<td width=\"237\">Modo de carregamento<\/td>\n<td colspan=\"14\" width=\"1302\">PWM<\/td>\n<\/tr>\n<tr>\n<td width=\"237\">Corrente de carga<\/td>\n<td colspan=\"14\" width=\"1302\">12V\/24V\/48V Sistema: 10A\/20A\/30A\/40A\/50A\/60A; 96V\/192V\/240V\/384 Sistema: 50A\/100A\/150A\/200A<\/td>\n<\/tr>\n<tr>\n<td width=\"237\">Faixa de tens\u00e3o de entrada fotovoltaica<\/td>\n<td colspan=\"14\" width=\"1302\">15V-44V (sistema 12V); 30V-44V (Sistema 24V); 60V-88V (sistema 48V); 120V-176V (sistema 96V); 240V-352V (sistema 192V); 300V-440V (Sistema 240V); 480V-704V (Sistema 384V)<\/td>\n<\/tr>\n<tr>\n<td width=\"237\">Tens\u00e3o m\u00e1xima de entrada PV (Voc)<br \/>\n(Na temperatura mais baixa)<\/td>\n<td colspan=\"14\" width=\"1302\">50V (Sistema 12V\/24V); 100 V (Sistema 48 V); 200V (sistema 96V); 400 V (Sistema 192 V); 500V (Sistema 240V); 750 V (Sistema 384 V)<\/td>\n<\/tr>\n<tr>\n<td width=\"237\">Pot\u00eancia m\u00e1xima do arranjo fotovoltaico<\/td>\n<td colspan=\"14\" width=\"1302\">Sistema 12V: 140W(10A)\/280W(20A)\/420W(30A)\/560W(40A)\/700W(50A)\/840W(60A); Sistema 24V: 280W(10A)\/560W(20A)\/840W(30A)\/1120W(40A)\/1400W(50A)\/1680W(60A);<br \/>\nSistema 48V: 560W(10A)\/1120W(20A)\/1680W(30A)\/2240W(40A)\/2800W(50A)\/3360W(60A); 96V Sistema: 5,6KW(50A)\/11,2KW(100A); Sistema 192V: 11,2KW(50A)\/22,4KW(100A);<br \/>\nSistema 220V: 12,8KW(50A)\/25,6KW(100A); Sistema 240V: 14KW(50A)\/28KW(100A)\/21KW*2(150A)\/28KW*2(200A); Sistema 384V: 22,4KW(50A)\/44,8KW(100A)\/33,6KW*2(150A)\/44,8KW*2(200A)<\/td>\n<\/tr>\n<tr>\n<td>Perda de espera<\/td>\n<td colspan=\"14\" width=\"1302\">\u22643W<\/td>\n<\/tr>\n<tr>\n<td>M\u00e1xima efici\u00eancia de convers\u00e3o<\/td>\n<td colspan=\"14\" width=\"1302\">&gt;95%<\/td>\n<\/tr>\n<tr>\n<td colspan=\"2\">Modo de trabalho<\/td>\n<td colspan=\"14\" width=\"1302\">Bateria primeiro\/CA primeiro\/Modo de economia de energia<\/td>\n<\/tr>\n<tr>\n<td colspan=\"2\">Tempo de transfer\u00eancia<\/td>\n<td colspan=\"14\" width=\"1302\">\u22644ms<\/td>\n<\/tr>\n<tr>\n<td colspan=\"2\">Mostrar<\/td>\n<td colspan=\"14\" width=\"1302\">LCD<\/td>\n<\/tr>\n<tr>\n<td colspan=\"2\" width=\"321\">M\u00e9todo t\u00e9rmico<\/td>\n<td colspan=\"14\" width=\"1302\">Ventilador de refrigera\u00e7\u00e3o em controle inteligente<\/td>\n<\/tr>\n<tr>\n<td colspan=\"2\">Comunica\u00e7\u00e3o<\/td>\n<td colspan=\"14\" width=\"1302\">RS232 (opcional)<\/td>\n<\/tr>\n<tr>\n<td rowspan=\"5\">Ambiente<\/td>\n<td width=\"237\">Temperatura de opera\u00e7\u00e3o<\/td>\n<td colspan=\"14\" width=\"1302\">-10\u2103~40\u2103<\/td>\n<\/tr>\n<tr>\n<td width=\"237\">Temperatura de armazenamento<\/td>\n<td colspan=\"14\" width=\"1302\">-15\u2103~60\u2103<\/td>\n<\/tr>\n<tr>\n<td width=\"237\">Barulho<\/td>\n<td colspan=\"14\" width=\"1302\">\u226455dB<\/td>\n<\/tr>\n<tr>\n<td width=\"237\">Eleva\u00e7\u00e3o<\/td>\n<td colspan=\"14\" width=\"1302\">2000m (mais do que desclassifica\u00e7\u00e3o)<\/td>\n<\/tr>\n<tr>\n<td width=\"237\">Umidade<\/td>\n<td colspan=\"14\" width=\"1302\">0%~95% ,Sem condensa\u00e7\u00e3o<\/td>\n<\/tr>\n<tr>\n<td style=\"color: #fff; text-align: center;\" colspan=\"16\">Nota: Todas as especifica\u00e7\u00f5es est\u00e3o sujeitas a cobran\u00e7a sem aviso pr\u00e9vio<\/td>\n<\/tr>\n<\/tbody>\n<\/table>","protected":false},"excerpt":{"rendered":"<p><strong style=\"color: #80b645;\">Recurso:<\/strong><br \/>\n\u25c6 Sa\u00edda de onda senoidal pura.<br \/>\n\u25c7 Ampla faixa de entrada de tens\u00e3o AC, sa\u00edda AVR.<br \/>\n\u25c6 Adote transformador EI tradicional, desempenho est\u00e1vel.<br \/>\n\u25c7 Visor LCD\/LED&amp;LCD em tempo real, conciso e direto.<br \/>\n\u25c6 Modos de trabalho: AC primeiro ou bateria primeiro opcional, carregamento inteligente.<br \/>\n\u25c7 Controlador de carga PWM integrado opcional.<br \/>\n\u25c6 Porta de comunica\u00e7\u00e3o RS232 opcional.<\/p>","protected":false},"featured_media":721,"comment_status":"open","ping_status":"closed","template":"","meta":[],"product_cat":[123],"product_tag":[],"class_list":{"0":"post-650","1":"product","2":"type-product","3":"status-publish","4":"has-post-thumbnail","6":"product_cat-low-frequehcy-inverter","8":"first","9":"instock","10":"shipping-taxable","11":"product-type-simple"},"_links":{"self":[{"href":"https:\/\/www.xd-solar.com\/pt\/wp-json\/wp\/v2\/product\/650","targetHints":{"allow":["GET"]}}],"collection":[{"href":"https:\/\/www.xd-solar.com\/pt\/wp-json\/wp\/v2\/product"}],"about":[{"href":"https:\/\/www.xd-solar.com\/pt\/wp-json\/wp\/v2\/types\/product"}],"replies":[{"embeddable":true,"href":"https:\/\/www.xd-solar.com\/pt\/wp-json\/wp\/v2\/comments?post=650"}],"wp:featuredmedia":[{"embeddable":true,"href":"https:\/\/www.xd-solar.com\/pt\/wp-json\/wp\/v2\/media\/721"}],"wp:attachment":[{"href":"https:\/\/www.xd-solar.com\/pt\/wp-json\/wp\/v2\/media?parent=650"}],"wp:term":[{"taxonomy":"product_cat","embeddable":true,"href":"https:\/\/www.xd-solar.com\/pt\/wp-json\/wp\/v2\/product_cat?post=650"},{"taxonomy":"product_tag","embeddable":true,"href":"https:\/\/www.xd-solar.com\/pt\/wp-json\/wp\/v2\/product_tag?post=650"}],"curies":[{"name":"wp","href":"https:\/\/api.w.org\/{rel}","templated":true}]}}