{"id":853,"date":"2023-05-05T17:55:10","date_gmt":"2023-05-05T09:55:10","guid":{"rendered":"https:\/\/xd-solar.com\/?post_type=product&#038;p=853"},"modified":"2024-11-05T10:36:36","modified_gmt":"2024-11-05T02:36:36","slug":"xdsx-three-phase-inverterthree-phase-solar-inverter","status":"publish","type":"product","link":"https:\/\/www.xd-solar.com\/pt\/produto\/xdsx-three-phase-inverterthree-phase-solar-inverter\/","title":{"rendered":"Xindi solar XDSX inversor trif\u00e1sico e inversor solar trif\u00e1sico UPS fonte de alimenta\u00e7\u00e3o ininterrupta BAIXA FREQU\u00caNCIA"},"content":{"rendered":"<table width=\"1653\">\n<tbody>\n<tr>\n<td style=\"color: #fff; text-align: center;\" colspan=\"13\" width=\"1653\">Especifica\u00e7\u00e3o<\/td>\n<\/tr>\n<tr>\n<td colspan=\"2\">Modelo: XDSX\/XDSX-T<\/td>\n<td>32248\/96\/192<\/td>\n<td>48248\/96\/192<\/td>\n<td>56248\/96\/192<\/td>\n<td>64248\/96\/192<\/td>\n<td>80248\/96\/192<\/td>\n<td>10348\/96\/192<\/td>\n<td>12348\/96\/192<\/td>\n<td>16396\/192<\/td>\n<td>20396\/192<\/td>\n<td colspan=\"2\">24396\/192<\/td>\n<\/tr>\n<tr>\n<td colspan=\"2\">Pot\u00eancia nominal<\/td>\n<td>4KVA\/3,2KW<\/td>\n<td>6KVA\/4,8KW<\/td>\n<td>7KVA\/5,6KW<\/td>\n<td>8KVA\/6,4KW<\/td>\n<td>10KVA\/8KW<\/td>\n<td>12,5KVA\/10KW<\/td>\n<td>15KVA\/12KW<\/td>\n<td>20KVA\/16KW<\/td>\n<td>25KVA\/20KW<\/td>\n<td colspan=\"2\">30KVA\/24KW<\/td>\n<\/tr>\n<tr>\n<td colspan=\"2\">Pot\u00eancia de pico (20ms)<\/td>\n<td>9,6KVA<\/td>\n<td>14,4KVA<\/td>\n<td>16,8KVA<\/td>\n<td>19,2KVA<\/td>\n<td>24KVA<\/td>\n<td>30KVA<\/td>\n<td>36KVA<\/td>\n<td>48KVA<\/td>\n<td>60KVA<\/td>\n<td colspan=\"2\">72KVA<\/td>\n<\/tr>\n<tr>\n<td colspan=\"2\">Motor de Partida<\/td>\n<td width=\"121\">3HP<\/td>\n<td>4HP<\/td>\n<td>4HP<\/td>\n<td>4HP<\/td>\n<td>5HP<\/td>\n<td>6HP<\/td>\n<td>7HP<\/td>\n<td>10HP<\/td>\n<td>10HP<\/td>\n<td colspan=\"2\">15HP<\/td>\n<\/tr>\n<tr>\n<td colspan=\"2\">Voltagem da bateria<\/td>\n<td colspan=\"7\">48\/96\/192VCC<\/td>\n<td colspan=\"4\">96\/192VCC<\/td>\n<\/tr>\n<tr>\n<td colspan=\"2\" width=\"322\">Corrente de carregamento do controlador solar embutido (opcional)<\/td>\n<td colspan=\"4\" width=\"484\">PWM: 10A-60A (sistema 48V); 50A\/100A\uff08sistema 96V); 50A (Sistema 192V)<br \/>\nMPPT: 10A-100A\uff08Sistema 48V); 50A\/100A (sistema 96V)<\/td>\n<td colspan=\"7\" width=\"847\">PWM: 50A\/100A\uff08sistema 96V); 50A\/100A (Sistema 192V)<br \/>\nMPPT: 50A\/100A (sistema 96V)<\/td>\n<\/tr>\n<tr>\n<td colspan=\"2\">Tamanho (L*L*Hmm)<\/td>\n<td colspan=\"4\">565*300*775<\/td>\n<td colspan=\"7\">725*365*1010<\/td>\n<\/tr>\n<tr>\n<td colspan=\"2\">Tamanho da Embalagem (L*L*Hmm)<\/td>\n<td colspan=\"4\">625*360*895<\/td>\n<td colspan=\"7\">785*425*1135<\/td>\n<\/tr>\n<tr>\n<td colspan=\"2\">NW(kg)<\/td>\n<td>65<\/td>\n<td>73<\/td>\n<td>75<\/td>\n<td>80<\/td>\n<td>112<\/td>\n<td>122<\/td>\n<td>134<\/td>\n<td>160<\/td>\n<td>176<\/td>\n<td colspan=\"2\">189<\/td>\n<\/tr>\n<tr>\n<td colspan=\"2\">GW(kg)\uff08Embalagem de Madeira\uff09<\/td>\n<td>78<\/td>\n<td>86<\/td>\n<td>88<\/td>\n<td>93<\/td>\n<td>136<\/td>\n<td>146<\/td>\n<td>158<\/td>\n<td>184<\/td>\n<td>200<\/td>\n<td colspan=\"2\">213<\/td>\n<\/tr>\n<tr>\n<td colspan=\"2\">M\u00e9todo de instala\u00e7\u00e3o<\/td>\n<td colspan=\"11\">Torre<\/td>\n<\/tr>\n<tr style=\"background: #80b645;\">\n<td style=\"color: #fff; text-align: center;\" colspan=\"13\">Especifica\u00e7\u00e3o<\/td>\n<\/tr>\n<tr>\n<td colspan=\"2\">Modelo: XDSX<\/td>\n<td>323192<\/td>\n<td>403192<\/td>\n<td>483384<\/td>\n<td>643384<\/td>\n<td>803384<\/td>\n<td>963384<\/td>\n<td>1003384<\/td>\n<td>1203384<\/td>\n<td>1283384<\/td>\n<td>1503384<\/td>\n<td>1603384<\/td>\n<\/tr>\n<tr>\n<td colspan=\"2\">Pot\u00eancia nominal<\/td>\n<td>40KVA\/32KW<\/td>\n<td>50KVA\/40KW<\/td>\n<td>60KVA\/48KW<\/td>\n<td>80KVA\/64KW<\/td>\n<td>100KVA\/80KW<\/td>\n<td>120KVA\/96KW<\/td>\n<td>125KVA\/100KW<\/td>\n<td>150KVA\/120KW<\/td>\n<td>160KVA\/128KW<\/td>\n<td>190KVA\/150KW<\/td>\n<td>200KVA\/160KW<\/td>\n<\/tr>\n<tr>\n<td colspan=\"2\">Pot\u00eancia de pico (20ms)<\/td>\n<td>96KVA<\/td>\n<td>120KVA<\/td>\n<td>144KVA<\/td>\n<td>192KVA<\/td>\n<td>240KVA<\/td>\n<td>288KVA<\/td>\n<td>300KVA<\/td>\n<td>360KVA<\/td>\n<td>384KVA<\/td>\n<td>450KVA<\/td>\n<td>480KVA<\/td>\n<\/tr>\n<tr>\n<td colspan=\"2\">Motor de Partida<\/td>\n<td>15HP<\/td>\n<td>20HP<\/td>\n<td>25HP<\/td>\n<td>30HP<\/td>\n<td>40HP<\/td>\n<td>50HP<\/td>\n<td>50HP<\/td>\n<td>60HP<\/td>\n<td>60HP<\/td>\n<td>80HP<\/td>\n<td>80HP<\/td>\n<\/tr>\n<tr>\n<td colspan=\"2\">Voltagem da bateria<\/td>\n<td colspan=\"2\">192VCC<\/td>\n<td colspan=\"9\">384VCC<\/td>\n<\/tr>\n<tr>\n<td colspan=\"2\" width=\"322\">Corrente de carregamento do controlador solar embutido (opcional)<\/td>\n<td colspan=\"4\" width=\"484\">PWM: 100A-200A (sistema 192V e 384V)<br \/>\nMPPT: 50A\/100A (Sistema 192V&amp;384V)<\/td>\n<td colspan=\"7\" width=\"847\">PWM: 100A-200A \/ MPPT: 50A\/100A<\/td>\n<\/tr>\n<tr>\n<td colspan=\"2\">Tamanho (L*L*Hmm)<\/td>\n<td colspan=\"4\">720*575*1275<\/td>\n<td colspan=\"5\">875*720*1380<\/td>\n<td colspan=\"2\">1123*900*1605<\/td>\n<\/tr>\n<tr>\n<td colspan=\"2\">Tamanho da Embalagem (L*L*Hmm)<\/td>\n<td colspan=\"4\">785*640*1400<\/td>\n<td colspan=\"5\">980*825*1560<\/td>\n<td colspan=\"2\">1185*960*1750<\/td>\n<\/tr>\n<tr>\n<td colspan=\"2\">NW(kg)<\/td>\n<td>240<\/td>\n<td>260<\/td>\n<td>290<\/td>\n<td>308<\/td>\n<td>512<\/td>\n<td>542<\/td>\n<td>552<\/td>\n<td>612<\/td>\n<td>642<\/td>\n<td>705<\/td>\n<td>755<\/td>\n<\/tr>\n<tr>\n<td colspan=\"2\">GW(kg)\uff08Embalagem de Madeira\uff09<\/td>\n<td>273<\/td>\n<td>293<\/td>\n<td>323<\/td>\n<td>341<\/td>\n<td>552<\/td>\n<td>582<\/td>\n<td>592<\/td>\n<td>652<\/td>\n<td>692<\/td>\n<td>755<\/td>\n<td>805<\/td>\n<\/tr>\n<tr>\n<td colspan=\"2\">M\u00e9todo de instala\u00e7\u00e3o<\/td>\n<td colspan=\"11\">Torre<\/td>\n<\/tr>\n<tr style=\"background: #80b645;\">\n<td style=\"color: #fff; text-align: center;\" colspan=\"13\">Par\u00e2metro<\/td>\n<\/tr>\n<tr>\n<td rowspan=\"6\">Entrada<\/td>\n<td width=\"234\">Faixa de tens\u00e3o de entrada DC<\/td>\n<td colspan=\"11\">10,5VDC-15VDC\uff08Tens\u00e3o de bateria \u00fanica\uff09<\/td>\n<\/tr>\n<tr>\n<td width=\"234\">Faixa de Tens\u00e3o de Entrada CA<\/td>\n<td colspan=\"11\">380Vac\/400Vac\u00b110% (personalizado 190Vac\/200Vac)<\/td>\n<\/tr>\n<tr>\n<td width=\"234\">Faixa de Frequ\u00eancia de Entrada CA<\/td>\n<td colspan=\"11\">45Hz-55Hz\uff0850Hz\uff09\/ 55Hz-65Hz\uff0860Hz\uff09<\/td>\n<\/tr>\n<tr>\n<td width=\"234\">Corrente m\u00e1xima de carga CA<\/td>\n<td colspan=\"11\">0-45A (dependendo do modelo)<\/td>\n<\/tr>\n<tr>\n<td width=\"234\">M\u00e9todo de carregamento CA<\/td>\n<td colspan=\"11\">Tr\u00eas est\u00e1gios (corrente constante, tens\u00e3o constante, carga flutuante)<\/td>\n<\/tr>\n<tr>\n<td>Est\u00e1gio<\/td>\n<td colspan=\"11\">3\/N\/PE<\/td>\n<\/tr>\n<tr>\n<td rowspan=\"12\">Sa\u00edda<\/td>\n<td width=\"234\">Efici\u00eancia (modo de bateria)<\/td>\n<td colspan=\"11\">\u226585%<\/td>\n<\/tr>\n<tr>\n<td width=\"234\">Tens\u00e3o de sa\u00edda (modo de bateria)<\/td>\n<td colspan=\"11\">380Vac\/400Vac\u00b12% (personalizado 190Vac\/200Vac)<\/td>\n<\/tr>\n<tr>\n<td width=\"234\">Frequ\u00eancia de sa\u00edda (modo de bateria)<\/td>\n<td colspan=\"11\">50\/60Hz \u00b11%<\/td>\n<\/tr>\n<tr>\n<td width=\"234\">Onda de sa\u00edda (modo de bateria)<\/td>\n<td colspan=\"11\">Onda senoidal pura<\/td>\n<\/tr>\n<tr>\n<td>Distor\u00e7\u00e3o da forma de onda de sa\u00edda<\/td>\n<td colspan=\"11\">Carga linear\u22643%<\/td>\n<\/tr>\n<tr>\n<td width=\"234\">Efici\u00eancia (Modo CA)<\/td>\n<td colspan=\"11\">&gt;99%<\/td>\n<\/tr>\n<tr>\n<td width=\"234\">Tens\u00e3o de sa\u00edda (modo CA)<\/td>\n<td colspan=\"11\">Em conformidade com a entrada AC<\/td>\n<\/tr>\n<tr>\n<td width=\"234\">Frequ\u00eancia de Sa\u00edda (Modo CA)<\/td>\n<td colspan=\"11\">Em conformidade com a entrada AC<\/td>\n<\/tr>\n<tr>\n<td width=\"234\">Sem perda de carga (modo de bateria)<\/td>\n<td colspan=\"11\">\u22642.5% pot\u00eancia nominal (modelos 4KVA-30KVA)\uff1b\u22641% pot\u00eancia nominal\uff0840KVA-200KVA modelos\uff09<\/td>\n<\/tr>\n<tr>\n<td width=\"234\">Sem perda de carga (modo AC)<\/td>\n<td colspan=\"11\">\u22642%rated power\uff08carregador n\u00e3o funciona no modo AC\uff09<\/td>\n<\/tr>\n<tr>\n<td width=\"234\">Sem perda de carga (modo de economia de energia)<\/td>\n<td colspan=\"11\" width=\"1331\">\u226410W<\/td>\n<\/tr>\n<tr>\n<td>Est\u00e1gio<\/td>\n<td colspan=\"11\">3\/N\/PE<\/td>\n<\/tr>\n<tr>\n<td rowspan=\"2\" width=\"88\">Tipo de Bateria<\/td>\n<td width=\"234\">Bateria VRLA<\/td>\n<td colspan=\"11\">Tens\u00e3o de carga: 13,8 V; Tens\u00e3o de flutua\u00e7\u00e3o: 13,7V (tens\u00e3o de bateria \u00fanica)<\/td>\n<\/tr>\n<tr>\n<td>Personalizar bateria<\/td>\n<td colspan=\"11\" width=\"1331\">Par\u00e2metros de carga e descarga de diferentes tipos de baterias podem ser personalizados de acordo com os requisitos do usu\u00e1rio<br \/>\n(os par\u00e2metros de carga e descarga de diferentes tipos de baterias podem ser configurados atrav\u00e9s do painel de opera\u00e7\u00e3o)<\/td>\n<\/tr>\n<tr>\n<td rowspan=\"8\">Prote\u00e7\u00e3o<\/td>\n<td>Alarme de subtens\u00e3o da bateria<\/td>\n<td colspan=\"11\">11V (Tens\u00e3o de bateria \u00fanica)<\/td>\n<\/tr>\n<tr>\n<td>Prote\u00e7\u00e3o contra subtens\u00e3o da bateria<\/td>\n<td colspan=\"11\">10,5 V (voltagem de bateria \u00fanica)<\/td>\n<\/tr>\n<tr>\n<td>Alarme de sobretens\u00e3o da bateria<\/td>\n<td colspan=\"11\">15V (tens\u00e3o de bateria \u00fanica)<\/td>\n<\/tr>\n<tr>\n<td>Prote\u00e7\u00e3o contra sobretens\u00e3o da bateria<\/td>\n<td colspan=\"11\">17V (Tens\u00e3o de bateria \u00fanica)<\/td>\n<\/tr>\n<tr>\n<td>Tens\u00e3o de recupera\u00e7\u00e3o de sobretens\u00e3o da bateria<\/td>\n<td colspan=\"11\">14,5 V (voltagem de bateria \u00fanica)<\/td>\n<\/tr>\n<tr>\n<td>Prote\u00e7\u00e3o contra sobrecarga<\/td>\n<td colspan=\"11\">Prote\u00e7\u00e3o autom\u00e1tica (modo bateria), disjuntor ou seguro (modo CA)<\/td>\n<\/tr>\n<tr>\n<td>Prote\u00e7\u00e3o contra curto-circuito na sa\u00edda do inversor<\/td>\n<td colspan=\"11\">Prote\u00e7\u00e3o autom\u00e1tica (modo bateria), disjuntor ou seguro (modo CA)<\/td>\n<\/tr>\n<tr>\n<td>Prote\u00e7\u00e3o de temperatura<\/td>\n<td colspan=\"11\">&gt;90\u00b0C\uff08Desligar a sa\u00edda\uff09<\/td>\n<\/tr>\n<tr>\n<td rowspan=\"3\" width=\"88\">Alarme<\/td>\n<td width=\"234\">A<\/td>\n<td colspan=\"11\" width=\"1331\">Condi\u00e7\u00e3o normal de trabalho, a campainha n\u00e3o tem som de alarme<\/td>\n<\/tr>\n<tr>\n<td width=\"234\">B<\/td>\n<td colspan=\"11\" width=\"1331\">Buzzer soa 4 vezes por segundo quando falha da bateria, anormalidade de tens\u00e3o, prote\u00e7\u00e3o contra sobrecarga<\/td>\n<\/tr>\n<tr>\n<td width=\"234\">C<\/td>\n<td colspan=\"11\" width=\"1331\">Quando a m\u00e1quina \u00e9 ligada pela primeira vez, a campainha ir\u00e1 solicitar 5 quando a m\u00e1quina estiver normal<\/td>\n<\/tr>\n<tr>\n<td rowspan=\"7\" width=\"88\">Dentro do controlador solar<br \/>\n(Opcional)<\/td>\n<td width=\"234\">Modo de carregamento<\/td>\n<td colspan=\"11\">MPPT ou PWM<\/td>\n<\/tr>\n<tr>\n<td width=\"234\">Corrente de carga<\/td>\n<td colspan=\"11\" width=\"1331\">PWM: 10A\/20A\/30A\/40A\/50A\/60A (Sistema 48V); 50A\/100A\/150A\/200A (sistema 96V\/192V\/384V)<br \/>\nMPPT: 10A\/20A\/30A\/40A\/50A\/60A\/80A\/100A(Sistema 48V); 50A\/100A (sistema 96V\/192V\/384V)<\/td>\n<\/tr>\n<tr>\n<td width=\"234\">Faixa de tens\u00e3o de entrada fotovoltaica<\/td>\n<td colspan=\"11\" width=\"1331\">PWM: 60V-88V (sistema 48V); 120V-176V (sistema 96V); 240V-352V (sistema 192V); 480V-704V (Sistema 384V)<br \/>\nMPPT: 60V-120V (sistema 48V); 120V-240V (sistema 96V); 240V-360V (sistema de 192V); 480V-640V (Sistema 384V)<\/td>\n<\/tr>\n<tr>\n<td width=\"234\">Tens\u00e3o m\u00e1xima de entrada PV (Voc)<br \/>\n(Na temperatura mais baixa)<\/td>\n<td colspan=\"11\" width=\"1331\">PWM: 100V (sistema 48V); 200V (sistema 96V); 400 V (Sistema 192 V); 750 V (Sistema 384 V)<br \/>\nMPPT: 150 V (sistema 48 V); 300V (sistema 96V); 450 V (sistema 192 V); 800 V (Sistema 384 V)<\/td>\n<\/tr>\n<tr>\n<td width=\"234\">Pot\u00eancia m\u00e1xima do arranjo fotovoltaico<\/td>\n<td colspan=\"11\" width=\"1331\">Sistema 48V: 560W(10A)\/1120W(20A)\/1680W(30A)\/2240W(40A)\/2800W(50A)\/3360W(60A)<br \/>\nSistema 96V: (PWM: 5,6KW(50A)\/11,2KW(100A)) \/ (MPPT: 5,6KW(50A)\/5,6KW*2(100A));<br \/>\nSistema 192V: (PWM: 11,2KW(50A)\/22,4KW(100A)\/16,8KW*2(150A)\/22,4KW*2(200A)) \/ (MPPT: 11,2KW(50A)\/11,2KW*2(100A) ));<br \/>\nSistema 384V: (PWM: 22,4KW(50A)\/44,8KW(100A)\/33,6KW*2(150A)\/44,8KW*2(200A)) \/ (MPPT: 22,4KW(50A)\/22,4KW*2(100A) ))<\/td>\n<\/tr>\n<tr>\n<td>Perda de espera<\/td>\n<td colspan=\"11\" width=\"1331\">\u22643W<\/td>\n<\/tr>\n<tr>\n<td>M\u00e1xima efici\u00eancia de convers\u00e3o<\/td>\n<td colspan=\"11\" width=\"1331\">&gt;95%<\/td>\n<\/tr>\n<tr>\n<td colspan=\"2\">Modo de trabalho<\/td>\n<td colspan=\"11\">Bateria primeiro\/CA primeiro\/Modo de economia de energia<\/td>\n<\/tr>\n<tr>\n<td colspan=\"2\">Tempo de transfer\u00eancia<\/td>\n<td colspan=\"11\">\u22644ms<\/td>\n<\/tr>\n<tr>\n<td colspan=\"2\">Mostrar<\/td>\n<td colspan=\"11\">LCD<\/td>\n<\/tr>\n<tr>\n<td colspan=\"2\" width=\"322\">M\u00e9todo t\u00e9rmico<\/td>\n<td colspan=\"11\">Resfriamento por ar for\u00e7ado<\/td>\n<\/tr>\n<tr>\n<td colspan=\"2\">Comunica\u00e7\u00e3o (opcional)<\/td>\n<td colspan=\"11\">RS485\/APP (monitoramento WIFI ou monitoramento GPRS)<\/td>\n<\/tr>\n<tr>\n<td rowspan=\"5\">Ambiente<\/td>\n<td width=\"234\">Temperatura de opera\u00e7\u00e3o<\/td>\n<td colspan=\"11\">\u00a0-10\u2103~40\u2103<\/td>\n<\/tr>\n<tr>\n<td width=\"234\">Temperatura de armazenamento<\/td>\n<td colspan=\"11\">-15\u2103~60\u2103<\/td>\n<\/tr>\n<tr>\n<td width=\"234\">Barulho<\/td>\n<td colspan=\"11\">2000m (mais do que desclassifica\u00e7\u00e3o)<\/td>\n<\/tr>\n<tr>\n<td width=\"234\">Eleva\u00e7\u00e3o<\/td>\n<td colspan=\"11\">\u226465dB<\/td>\n<\/tr>\n<tr>\n<td width=\"234\">Umidade<\/td>\n<td colspan=\"11\">0%~95% ,Sem condensa\u00e7\u00e3o<\/td>\n<\/tr>\n<tr>\n<td style=\"color: #fff; text-align: center;\" colspan=\"13\">Nota: Todas as especifica\u00e7\u00f5es est\u00e3o sujeitas a cobran\u00e7a sem aviso pr\u00e9vio<\/td>\n<\/tr>\n<\/tbody>\n<\/table>","protected":false},"excerpt":{"rendered":"<p><strong style=\"color: #80b645;\">Recurso:<\/strong><br \/>\n\u25c6 Sa\u00edda de onda senoidal pura.<br \/>\n\u25c7 Baixa tens\u00e3o DC, economizando custos do sistema.<br \/>\n\u25c6 Controlador de carga PWM ou MPPT integrado.<br \/>\n\u25c7 Corrente de carga AC 0-45A ajust\u00e1vel.<br \/>\n\u25c6 A tela LCD ampla mostra os dados dos \u00edcones com clareza e precis\u00e3o.<br \/>\n\u25c7 Projeto de carregamento de desequil\u00edbrio 100%, 3 vezes a pot\u00eancia de pico.<br \/>\n\u25c6 Defini\u00e7\u00e3o de diferentes modos de trabalho com base em requisitos de uso vari\u00e1veis.<br \/>\n\u25c6 V\u00e1rias portas de comunica\u00e7\u00e3o e monitoramento remoto RS485\/APP(WIFI\/GPRS) (Opcional)<\/p>","protected":false},"featured_media":846,"comment_status":"open","ping_status":"closed","template":"","meta":[],"product_cat":[123],"product_tag":[],"class_list":{"0":"post-853","1":"product","2":"type-product","3":"status-publish","4":"has-post-thumbnail","6":"product_cat-low-frequehcy-inverter","8":"first","9":"instock","10":"shipping-taxable","11":"product-type-simple"},"_links":{"self":[{"href":"https:\/\/www.xd-solar.com\/pt\/wp-json\/wp\/v2\/product\/853","targetHints":{"allow":["GET"]}}],"collection":[{"href":"https:\/\/www.xd-solar.com\/pt\/wp-json\/wp\/v2\/product"}],"about":[{"href":"https:\/\/www.xd-solar.com\/pt\/wp-json\/wp\/v2\/types\/product"}],"replies":[{"embeddable":true,"href":"https:\/\/www.xd-solar.com\/pt\/wp-json\/wp\/v2\/comments?post=853"}],"wp:featuredmedia":[{"embeddable":true,"href":"https:\/\/www.xd-solar.com\/pt\/wp-json\/wp\/v2\/media\/846"}],"wp:attachment":[{"href":"https:\/\/www.xd-solar.com\/pt\/wp-json\/wp\/v2\/media?parent=853"}],"wp:term":[{"taxonomy":"product_cat","embeddable":true,"href":"https:\/\/www.xd-solar.com\/pt\/wp-json\/wp\/v2\/product_cat?post=853"},{"taxonomy":"product_tag","embeddable":true,"href":"https:\/\/www.xd-solar.com\/pt\/wp-json\/wp\/v2\/product_tag?post=853"}],"curies":[{"name":"wp","href":"https:\/\/api.w.org\/{rel}","templated":true}]}}