{"id":855,"date":"2023-05-05T18:04:32","date_gmt":"2023-05-05T10:04:32","guid":{"rendered":"https:\/\/xd-solar.com\/?post_type=product&#038;p=855"},"modified":"2023-05-06T11:00:57","modified_gmt":"2023-05-06T03:00:57","slug":"xes-onoff-grid-hybrid-solar-inverter","status":"publish","type":"product","link":"https:\/\/www.xd-solar.com\/pt\/produto\/xes-onoff-grid-hybrid-solar-inverter\/","title":{"rendered":"Inversor Solar H\u00edbrido On&amp;Off Grid XES"},"content":{"rendered":"<table width=\"1250\">\n<tbody>\n<tr>\n<td style=\"color: #fff; text-align: center;\" colspan=\"9\" width=\"1250\">Par\u00e2metros<\/td>\n<\/tr>\n<tr>\n<td colspan=\"2\">Modelo: ES<\/td>\n<td>30248<\/td>\n<td>50248<\/td>\n<td>80296<\/td>\n<td>10396<\/td>\n<td>153192<\/td>\n<td>203192<\/td>\n<td>253240<\/td>\n<\/tr>\n<tr>\n<td rowspan=\"5\">Entrada fotovoltaica<\/td>\n<td width=\"250\">Tens\u00e3o m\u00e1xima de entrada (Voc)<br \/>\n(Na temperatura mais baixa)<\/td>\n<td colspan=\"2\">150V<\/td>\n<td colspan=\"2\">300V<\/td>\n<td colspan=\"2\">450V<\/td>\n<td>500V<\/td>\n<\/tr>\n<tr>\n<td>Faixa de rastreamento MPPT<\/td>\n<td colspan=\"2\">60V~120V<\/td>\n<td colspan=\"2\">120V-240V<\/td>\n<td colspan=\"2\">240V-360V<\/td>\n<td>300V-400V<\/td>\n<\/tr>\n<tr>\n<td>Faixa de tens\u00e3o operacional recomendada<\/td>\n<td colspan=\"2\">60V~80V<\/td>\n<td colspan=\"2\">120V-160V<\/td>\n<td colspan=\"2\">240V-320V<\/td>\n<td>300V-380V<\/td>\n<\/tr>\n<tr>\n<td>N\u00famero da rota MPPT<\/td>\n<td colspan=\"7\">2<\/td>\n<\/tr>\n<tr>\n<td>Pot\u00eancia m\u00e1xima de entrada<\/td>\n<td>1960W\/1960W<\/td>\n<td>3360W\/3360W<\/td>\n<td>5000W\/5000W<\/td>\n<td>6150W\/6150W<\/td>\n<td>8,8KW\/8,8KW<\/td>\n<td>11,2KW\/11,2KW<\/td>\n<td>14KW\/14KW<\/td>\n<\/tr>\n<tr>\n<td rowspan=\"6\">Bateria<\/td>\n<td>Tipo de bateria<\/td>\n<td colspan=\"7\">Bateria de chumbo-\u00e1cido \/ bateria de \u00edons de l\u00edtio<\/td>\n<\/tr>\n<tr>\n<td>Tens\u00e3o nominal<\/td>\n<td colspan=\"2\">48V<\/td>\n<td colspan=\"2\">96V<\/td>\n<td>192V<\/td>\n<td>192V<\/td>\n<td>240V<\/td>\n<\/tr>\n<tr>\n<td width=\"250\">Corrente m\u00e1xima de carga<br \/>\n(Pode ser definido, recomendado 0,1C)<\/td>\n<td width=\"125\">70A(PV)\/<br \/>\n35A (rede el\u00e9trica)<\/td>\n<td width=\"125\">120A(PV)\/<br \/>\n60A (rede)<\/td>\n<td width=\"125\">100A\uff08PV\uff09\/<br \/>\n40A (rede el\u00e9trica)<\/td>\n<td width=\"125\">110A\uff08PV\uff09\/<br \/>\n60A (rede)<\/td>\n<td width=\"125\">80A\uff08PV\uff09\/<br \/>\n40A (rede el\u00e9trica)<\/td>\n<td width=\"125\">110A\uff08PV\uff09\/<br \/>\n60A (rede)<\/td>\n<td width=\"125\">110A\uff08PV\uff09\/<br \/>\n60A (rede)<\/td>\n<\/tr>\n<tr>\n<td>Tens\u00e3o de flutua\u00e7\u00e3o (pode ser definido)<\/td>\n<td colspan=\"2\">55,2V<\/td>\n<td colspan=\"2\">110,4 V<\/td>\n<td colspan=\"2\">220,8 V<\/td>\n<td>276V<\/td>\n<\/tr>\n<tr>\n<td>Tens\u00e3o de carga (pode ser definido)<\/td>\n<td colspan=\"2\">56,8V<\/td>\n<td colspan=\"2\">113,6V<\/td>\n<td colspan=\"2\">227,2 V<\/td>\n<td>284V<\/td>\n<\/tr>\n<tr>\n<td>M\u00e9todo de carregamento<\/td>\n<td colspan=\"7\">3 est\u00e1gios\/2 est\u00e1gios<\/td>\n<\/tr>\n<tr>\n<td rowspan=\"5\">Entrada CA<\/td>\n<td width=\"250\">Tens\u00e3o nominal<\/td>\n<td colspan=\"7\" width=\"875\">220V\/230V<\/td>\n<\/tr>\n<tr>\n<td width=\"250\">Faixa de tens\u00e3o de entrada<\/td>\n<td colspan=\"7\" width=\"875\">187V~264V<\/td>\n<\/tr>\n<tr>\n<td width=\"250\">Frequ\u00eancia nominal de entrada<\/td>\n<td colspan=\"7\" width=\"875\">45Hz~55Hz(50Hz) \/ 55Hz~65Hz(60Hz)<\/td>\n<\/tr>\n<tr>\n<td width=\"250\">Prote\u00e7\u00e3o contra ilhamento<\/td>\n<td colspan=\"7\" width=\"875\">\u22642S<\/td>\n<\/tr>\n<tr>\n<td width=\"250\">tempo de reconex\u00e3o<\/td>\n<td colspan=\"7\" width=\"875\">30S<\/td>\n<\/tr>\n<tr>\n<td rowspan=\"5\" width=\"125\">Sa\u00edda CA<br \/>\n(modo fora da grade)<\/td>\n<td width=\"250\">Pot\u00eancia nominal de sa\u00edda<\/td>\n<td width=\"125\">3KW<\/td>\n<td width=\"125\">5KW<\/td>\n<td width=\"125\">8KW<\/td>\n<td width=\"125\">10KW<\/td>\n<td>15KW<\/td>\n<td>20KW<\/td>\n<td>25KW<\/td>\n<\/tr>\n<tr>\n<td width=\"250\">Tens\u00e3o nominal de sa\u00edda<\/td>\n<td colspan=\"7\" width=\"875\">220V\/230V<\/td>\n<\/tr>\n<tr>\n<td width=\"250\">Precis\u00e3o da tens\u00e3o de sa\u00edda<\/td>\n<td colspan=\"7\" width=\"875\">\u00b12%<\/td>\n<\/tr>\n<tr>\n<td width=\"250\">Frequ\u00eancia de sa\u00edda nominal<\/td>\n<td colspan=\"7\" width=\"875\">50Hz\/60Hz<\/td>\n<\/tr>\n<tr>\n<td width=\"250\">Precis\u00e3o da frequ\u00eancia de sa\u00edda<\/td>\n<td colspan=\"7\" width=\"875\">\u00b11%<\/td>\n<\/tr>\n<tr>\n<td rowspan=\"5\" width=\"125\">Sa\u00edda CA<br \/>\n(no modo de grade)<\/td>\n<td width=\"250\">Pot\u00eancia nominal de sa\u00edda<\/td>\n<td width=\"125\">3KW<\/td>\n<td width=\"125\">5KW<\/td>\n<td width=\"125\">8KW<\/td>\n<td width=\"125\">10KW<\/td>\n<td>15KW<\/td>\n<td>20KW<\/td>\n<td>25KW<\/td>\n<\/tr>\n<tr>\n<td width=\"250\">Corrente nominal de sa\u00edda<\/td>\n<td width=\"125\">13.6A<\/td>\n<td width=\"125\">22.7A<\/td>\n<td width=\"125\">36.4A<\/td>\n<td width=\"125\">45,5A<\/td>\n<td width=\"125\">68.2A<\/td>\n<td width=\"125\">90.1A<\/td>\n<td width=\"125\">113.6A<\/td>\n<\/tr>\n<tr>\n<td width=\"250\">Voltagem de sa\u00edda<\/td>\n<td colspan=\"7\" width=\"875\">187V~264V<\/td>\n<\/tr>\n<tr>\n<td width=\"250\">Frequ\u00eancia de sa\u00edda<\/td>\n<td colspan=\"7\" width=\"875\">47~52Hz\/57~62Hz<\/td>\n<\/tr>\n<tr>\n<td width=\"250\">Fator de pot\u00eancia<\/td>\n<td colspan=\"7\" width=\"875\">&gt;0,99 (pot\u00eancia nominal)<\/td>\n<\/tr>\n<tr>\n<td rowspan=\"6\">Prote\u00e7\u00e3o<\/td>\n<td width=\"250\">Curto circuito de sa\u00edda<\/td>\n<td colspan=\"7\" width=\"875\">Sim<\/td>\n<\/tr>\n<tr>\n<td width=\"250\">Sobrecarga<\/td>\n<td colspan=\"7\" width=\"875\">Sim<\/td>\n<\/tr>\n<tr>\n<td width=\"250\">Sobretens\u00e3o\/subtens\u00e3o<\/td>\n<td colspan=\"7\" width=\"875\">Sim<\/td>\n<\/tr>\n<tr>\n<td width=\"250\">Sobrefrequ\u00eancia\/subfrequ\u00eancia<\/td>\n<td colspan=\"7\" width=\"875\">Sim<\/td>\n<\/tr>\n<tr>\n<td width=\"250\">Acima da temperatura<\/td>\n<td colspan=\"7\" width=\"875\">Sim<\/td>\n<\/tr>\n<tr>\n<td width=\"250\">prote\u00e7\u00e3o da ilha<\/td>\n<td colspan=\"7\" width=\"875\">Sim<\/td>\n<\/tr>\n<tr>\n<td rowspan=\"13\">Par\u00e2metro regular<\/td>\n<td width=\"250\">Topologia<\/td>\n<td colspan=\"7\" width=\"875\">Isolamento do transformador<\/td>\n<\/tr>\n<tr>\n<td width=\"250\">Mostrar<\/td>\n<td colspan=\"7\" width=\"875\">LCD+LED<\/td>\n<\/tr>\n<tr>\n<td width=\"250\">Comunica\u00e7\u00e3o (opcional)<\/td>\n<td colspan=\"7\" width=\"875\">RS485\/APP (monitoramento WIFI ou monitoramento GPRS)<\/td>\n<\/tr>\n<tr>\n<td width=\"250\">Temperatura de opera\u00e7\u00e3o<\/td>\n<td colspan=\"7\" width=\"875\">-10\u2103~60\u2103\uff08Redu\u00e7\u00e3o acima de 45\u00b0C\uff09<\/td>\n<\/tr>\n<tr>\n<td width=\"250\">Temperatura de armazenamento<\/td>\n<td colspan=\"7\" width=\"875\">-20\u2103~60\u2103<\/td>\n<\/tr>\n<tr>\n<td width=\"250\">Barulho<\/td>\n<td colspan=\"7\" width=\"875\">\u226460dB<\/td>\n<\/tr>\n<tr>\n<td width=\"250\">Humidade relativa<\/td>\n<td colspan=\"7\">0%~95%(Sem condensa\u00e7\u00e3o)<\/td>\n<\/tr>\n<tr>\n<td width=\"250\">Maior altitude<\/td>\n<td colspan=\"7\" width=\"875\">2000m (mais do que desclassifica\u00e7\u00e3o)<\/td>\n<\/tr>\n<tr>\n<td width=\"250\">Dimens\u00e3o da m\u00e1quina (C*L*Hmm)<\/td>\n<td colspan=\"2\" width=\"250\">592*380*265<\/td>\n<td colspan=\"2\" width=\"250\">550*380*675<\/td>\n<td colspan=\"3\" width=\"375\">620*380*825<\/td>\n<\/tr>\n<tr>\n<td width=\"250\">Dimens\u00e3o da embalagem (C*L*Hmm)<\/td>\n<td colspan=\"2\" width=\"250\">650*435*290<\/td>\n<td colspan=\"2\" width=\"250\">610*440*800<\/td>\n<td colspan=\"3\" width=\"375\">680*440*950<\/td>\n<\/tr>\n<tr>\n<td width=\"250\">NW(kg)<\/td>\n<td width=\"125\">36<\/td>\n<td width=\"125\">45<\/td>\n<td width=\"125\">70<\/td>\n<td width=\"125\">75<\/td>\n<td width=\"125\">128<\/td>\n<td width=\"125\">134<\/td>\n<td width=\"125\">140<\/td>\n<\/tr>\n<tr>\n<td width=\"250\">GW (kg)<\/td>\n<td width=\"125\">40<\/td>\n<td width=\"125\">49<\/td>\n<td width=\"125\">80<\/td>\n<td width=\"125\">85<\/td>\n<td width=\"125\">140<\/td>\n<td width=\"125\">146<\/td>\n<td width=\"125\">152<\/td>\n<\/tr>\n<tr>\n<td width=\"250\">M\u00e9todo de instala\u00e7\u00e3o<\/td>\n<td colspan=\"2\" width=\"250\">Montado na parede<\/td>\n<td colspan=\"5\">Torre<\/td>\n<\/tr>\n<tr>\n<td style=\"color: #fff; text-align: center;\" colspan=\"9\">Nota: Todas as especifica\u00e7\u00f5es est\u00e3o sujeitas a cobran\u00e7a sem aviso pr\u00e9vio<\/td>\n<\/tr>\n<\/tbody>\n<\/table>","protected":false},"excerpt":{"rendered":"<p><strong style=\"color: #80b645;\">Recurso:<\/strong><br \/>\n\u25c6 Sistema de gerenciamento de energia inteligente integrado, uma variedade de modos pode ser definido;<br \/>\n\u25c7 Corte picos e preencha vales para reduzir a press\u00e3o da rede e maximizar os lucros;<br \/>\n\u25c6 Entrada MPPT dupla, algoritmo preciso, uso eficiente de energia fotovoltaica;<br \/>\n\u25c7 Suporta v\u00e1rias opera\u00e7\u00f5es paralelas para expans\u00e3o do usu\u00e1rio;<br \/>\n\u25c6 Tecnologia de carregamento de 3 est\u00e1gios\/2 est\u00e1gios para proteger a vida \u00fatil da bateria;<br \/>\n\u25c7 Projeto de armazenamento de energia bidirecional, PV, rede el\u00e9trica pode carregar a bateria;<br \/>\n\u25c6 Suporta monitoramento remoto m\u00faltiplo de software de comunica\u00e7\u00e3o (RS485\/APP (monitoramento WIFI ou monitoramento GPRS)<\/p>","protected":false},"featured_media":856,"comment_status":"open","ping_status":"closed","template":"","meta":[],"product_cat":[23],"product_tag":[],"class_list":{"0":"post-855","1":"product","2":"type-product","3":"status-publish","4":"has-post-thumbnail","6":"product_cat-on-off-grid-inverter","8":"first","9":"instock","10":"shipping-taxable","11":"product-type-simple"},"_links":{"self":[{"href":"https:\/\/www.xd-solar.com\/pt\/wp-json\/wp\/v2\/product\/855","targetHints":{"allow":["GET"]}}],"collection":[{"href":"https:\/\/www.xd-solar.com\/pt\/wp-json\/wp\/v2\/product"}],"about":[{"href":"https:\/\/www.xd-solar.com\/pt\/wp-json\/wp\/v2\/types\/product"}],"replies":[{"embeddable":true,"href":"https:\/\/www.xd-solar.com\/pt\/wp-json\/wp\/v2\/comments?post=855"}],"wp:featuredmedia":[{"embeddable":true,"href":"https:\/\/www.xd-solar.com\/pt\/wp-json\/wp\/v2\/media\/856"}],"wp:attachment":[{"href":"https:\/\/www.xd-solar.com\/pt\/wp-json\/wp\/v2\/media?parent=855"}],"wp:term":[{"taxonomy":"product_cat","embeddable":true,"href":"https:\/\/www.xd-solar.com\/pt\/wp-json\/wp\/v2\/product_cat?post=855"},{"taxonomy":"product_tag","embeddable":true,"href":"https:\/\/www.xd-solar.com\/pt\/wp-json\/wp\/v2\/product_tag?post=855"}],"curies":[{"name":"wp","href":"https:\/\/api.w.org\/{rel}","templated":true}]}}