{"id":874,"date":"2023-05-06T10:46:24","date_gmt":"2023-05-06T02:46:24","guid":{"rendered":"https:\/\/xd-solar.com\/?post_type=product&#038;p=874"},"modified":"2023-05-25T11:36:39","modified_gmt":"2023-05-25T03:36:39","slug":"xd2-mppt-solar-charge-controller-80a-100a","status":"publish","type":"product","link":"https:\/\/www.xd-solar.com\/pt\/produto\/xd2-mppt-solar-charge-controller-80a-100a\/","title":{"rendered":"Controlador de carga solar XD2 MPPT 80A-100A"},"content":{"rendered":"<table width=\"1234\">\n<tbody>\n<tr>\n<td style=\"color: #fff; text-align: center;\" width=\"244\">Modelo: XD2<\/td>\n<td style=\"color: #fff; text-align: center;\" width=\"165\">10124, 20124, 30124<\/td>\n<td style=\"color: #fff; text-align: center;\" width=\"165\">1048\uff0c 2048\uff0c 3048<\/td>\n<td style=\"color: #fff; text-align: center;\" width=\"165\">40124\uff0c 50124\uff0c 60124<\/td>\n<td style=\"color: #fff; text-align: center;\" width=\"165\">4048\uff0c 5048\uff0c 6048<\/td>\n<td style=\"color: #fff; text-align: center;\" width=\"165\">80124, 100124<\/td>\n<td style=\"color: #fff; text-align: center;\" width=\"165\">8048\uff0c 10048<\/td>\n<\/tr>\n<tr>\n<td>Corrente Nominal<\/td>\n<td colspan=\"2\">10A\/20A\/30A<\/td>\n<td colspan=\"2\">40A\/50A\/60A<\/td>\n<td colspan=\"2\">80A\/100A<\/td>\n<\/tr>\n<tr>\n<td>Tens\u00e3o nominal do sistema<\/td>\n<td>12V\/24V<\/td>\n<td>48V<\/td>\n<td>12V\/24V<\/td>\n<td>48V<\/td>\n<td>12V\/24V<\/td>\n<td>48V<\/td>\n<\/tr>\n<tr>\n<td width=\"244\">Tens\u00e3o m\u00e1xima de entrada PV (Voc)<br \/>\n(Na temperatura ambiente mais baixa)<\/td>\n<td>120V<\/td>\n<td>180V<\/td>\n<td>120V<\/td>\n<td>180V<\/td>\n<td>120V<\/td>\n<td>180V<\/td>\n<\/tr>\n<tr>\n<td>Faixa de Tens\u00e3o de Rastreamento MPPT<\/td>\n<td colspan=\"6\">Sistema 12V: 15V-80V; Sistema 24V: 30V-100V; Sistema de 48V: 60V-140V<\/td>\n<\/tr>\n<tr>\n<td>Faixa de tens\u00e3o operacional recomendada<\/td>\n<td colspan=\"6\">Sistema 12V: 15V-30V; Sistema 24V: 30V-60V; Sistema de 48V: 60V-90V<\/td>\n<\/tr>\n<tr>\n<td>Pot\u00eancia m\u00e1xima do painel fotovoltaico<\/td>\n<td colspan=\"6\" width=\"990\">Sistema 12V: 140W(10A)\/280W(20A)\/420W(30A)\/560W(40A)\/700W(50A)\/840W(60A)\/1120W(80A)\/1400W(100A);<br \/>\nSistema 24V: 280W(10A)\/560W(20A)\/840W(30A)\/1120W(40A)\/1400W(50A)\/1680W(60A)\/2240W(80A)\/2800W(100A);<br \/>\nSistema de 48V: 560W(10A)\/1120W(20A)\/1680W(30A)\/2240W(40A)\/2800W(50A)\/3360W(60A)\/4480W(80A)\/5600W(100A)<\/td>\n<\/tr>\n<tr>\n<td>Tipo de Bateria<\/td>\n<td colspan=\"6\">Bateria de chumbo-\u00e1cido\/bateria de l\u00edtio (os usu\u00e1rios podem personalizar os par\u00e2metros de carregamento para outros tipos de baterias)<\/td>\n<\/tr>\n<tr>\n<td>Tens\u00e3o flutuante<\/td>\n<td colspan=\"6\">13,8 V\/Bateria \u00fanica<\/td>\n<\/tr>\n<tr>\n<td>Tens\u00e3o de Carga<\/td>\n<td colspan=\"6\" width=\"990\">14,2 V\/Bateria \u00fanica<\/td>\n<\/tr>\n<tr>\n<td>Tens\u00e3o de prote\u00e7\u00e3o de carregamento<\/td>\n<td colspan=\"6\">15V\/Bateria \u00fanica<\/td>\n<\/tr>\n<tr>\n<td>Promova a tens\u00e3o de recupera\u00e7\u00e3o<\/td>\n<td colspan=\"6\">13,8 V\/Bateria \u00fanica<\/td>\n<\/tr>\n<tr>\n<td>Tens\u00e3o de recupera\u00e7\u00e3o ap\u00f3s desconex\u00e3o de baixa tens\u00e3o<\/td>\n<td colspan=\"6\">12,5 V\/Bateria \u00fanica<\/td>\n<\/tr>\n<tr>\n<td width=\"244\">Descarga de tens\u00e3o limitada<\/td>\n<td colspan=\"6\">10,5 V\/Bateria \u00fanica<\/td>\n<\/tr>\n<tr>\n<td>Coeficiente de Compensa\u00e7\u00e3o de Temperatura<\/td>\n<td colspan=\"6\">-3mV \/ \u2103 \/ 2V (25 \u2103 \u00e9 a linha de base) (Opcional)<\/td>\n<\/tr>\n<tr>\n<td>Modo de carregamento<\/td>\n<td colspan=\"6\">Rastreamento de ponto de pot\u00eancia m\u00e1xima MPPT<\/td>\n<\/tr>\n<tr>\n<td>M\u00e9todo de carregamento<\/td>\n<td colspan=\"6\">Tr\u00eas est\u00e1gios: corrente constante (MPPT); Voltagem constante; carga flutuante<\/td>\n<\/tr>\n<tr>\n<td>Prote\u00e7\u00e3o<\/td>\n<td colspan=\"6\">Sobretens\u00e3o\/subtens\u00e3o\/sobretemperatura\/prote\u00e7\u00e3o de conex\u00e3o anti-reversa<\/td>\n<\/tr>\n<tr>\n<td>Efici\u00eancia de convers\u00e3o<\/td>\n<td colspan=\"6\">&gt;98%<\/td>\n<\/tr>\n<tr>\n<td>Efici\u00eancia de Rastreamento MPPT<\/td>\n<td colspan=\"6\">&gt;99%<\/td>\n<\/tr>\n<tr>\n<td>Tamanho da m\u00e1quina (C*L*Hmm)<\/td>\n<td colspan=\"2\">214*155*72.8<\/td>\n<td colspan=\"2\">238*180*82<\/td>\n<td colspan=\"2\">315*210*106.5<\/td>\n<\/tr>\n<tr>\n<td>Tamanho da embalagem (C*L*Hmm)<\/td>\n<td colspan=\"2\" width=\"330\">243*184*115 (1 pc)<br \/>\n497*379*247 (8 unidades)<\/td>\n<td colspan=\"2\" width=\"330\">267*209*124 (1 pc)<br \/>\n639*278*265 (6pcs)<\/td>\n<td colspan=\"2\" width=\"330\">344*239*149 (1 pc)<br \/>\n489*355*315 (4 unidades)<\/td>\n<\/tr>\n<tr>\n<td>NW(kg)<\/td>\n<td colspan=\"2\">1,6 (1 pe\u00e7a)<\/td>\n<td colspan=\"2\">2.4 (1 pc)<\/td>\n<td colspan=\"2\">4.2 (1 pc)<\/td>\n<\/tr>\n<tr>\n<td>GW(kg)<\/td>\n<td colspan=\"2\">1,8 (1 pe\u00e7a)<\/td>\n<td colspan=\"2\">2,7 (1 pc)<\/td>\n<td colspan=\"2\">4.6 (1 pc)<\/td>\n<\/tr>\n<tr style=\"background: #80b645;\">\n<td style=\"color: #fff; text-align: center;\" colspan=\"7\">Par\u00e2metros<\/td>\n<\/tr>\n<tr>\n<td>Mostrar<\/td>\n<td colspan=\"6\">LCD<\/td>\n<\/tr>\n<tr>\n<td>M\u00e9todo T\u00e9rmico<\/td>\n<td colspan=\"6\">Ventilador de refrigera\u00e7\u00e3o em controle inteligente<\/td>\n<\/tr>\n<tr>\n<td>Tipo de prote\u00e7\u00e3o mec\u00e2nica<\/td>\n<td colspan=\"6\">IP20<\/td>\n<\/tr>\n<tr>\n<td>Temperatura de opera\u00e7\u00e3o<\/td>\n<td colspan=\"6\">-15\u2103~+50\u2103<\/td>\n<\/tr>\n<tr>\n<td>Temperatura de armazenamento<\/td>\n<td colspan=\"6\">-20\u2103~+60\u2103<\/td>\n<\/tr>\n<tr>\n<td>Eleva\u00e7\u00e3o<\/td>\n<td colspan=\"6\">5000m (Dreating acima de 2000m)<\/td>\n<\/tr>\n<tr>\n<td>Umidade<\/td>\n<td colspan=\"6\">5%~95%(Sem condensa\u00e7\u00e3o)<\/td>\n<\/tr>\n<tr>\n<td>Comunica\u00e7\u00e3o<\/td>\n<td colspan=\"6\">RS485\/APP (monitoramento WIFI ou monitoramento GPRS)<\/td>\n<\/tr>\n<tr>\n<td style=\"color: #fff; text-align: center;\" colspan=\"7\">Nota: Todas as especifica\u00e7\u00f5es est\u00e3o sujeitas a altera\u00e7\u00f5es sem aviso pr\u00e9vio<\/td>\n<\/tr>\n<\/tbody>\n<\/table>","protected":false},"excerpt":{"rendered":"<p><strong style=\"color: #80b645;\">Recurso:<\/strong><br \/>\n\u25c6Algoritmo de rastreamento MPPT avan\u00e7ado, com efici\u00eancia de rastreamento de at\u00e9 99%. Comparado com o comum<br \/>\nAlgoritmo PWM, a efici\u00eancia de gera\u00e7\u00e3o de energia pode ser melhorada em cerca de 20%\uff1b<br \/>\n\u25c7 Visor gr\u00e1fico LCD de dados de gera\u00e7\u00e3o de energia fotovoltaica e simula\u00e7\u00e3o do processo de gera\u00e7\u00e3o de energia;<br \/>\n\u25c6 M\u00faltiplos modos de trabalho de carga podem ser configurados para se adaptar a diferentes ocasi\u00f5es de trabalho;<br \/>\n\u25c7 Faixa de tens\u00e3o de entrada fotovoltaica ultra ampla, configura\u00e7\u00e3o de sistema mais conveniente;<br \/>\n\u25c6 Suporta uma variedade de baterias de chumbo-\u00e1cido e baterias de l\u00edtio, e os usu\u00e1rios podem personalizar o<br \/>\npar\u00e2metros de carga e descarga; Os usu\u00e1rios s\u00e3o mais flex\u00edveis e convenientes de usar;<br \/>\n\u25c7 Fun\u00e7\u00e3o de ativa\u00e7\u00e3o da bateria de l\u00edtio;<br \/>\n\u25c6 Gama completa de fun\u00e7\u00f5es de prote\u00e7\u00e3o eletr\u00f4nica: conex\u00e3o anti-reversa da bateria, conex\u00e3o anti-reversa PV,<br \/>\nsobrecorrente de carregamento, sobrecorrente de sa\u00edda DC, sobretemperatura, prote\u00e7\u00e3o contra sobretens\u00e3o e subtens\u00e3o;<br \/>\n\u25c7 Fun\u00e7\u00e3o de gerenciamento de bateria inteligente, prolongando a vida \u00fatil da bateria;<br \/>\n\u25c6 A interface de comunica\u00e7\u00e3o RS485 (protocolo Mod Bus) e o aplicativo para celular s\u00e3o convenientes para os usu\u00e1rios integrarem e gerenciarem.<\/p>","protected":false},"featured_media":1135,"comment_status":"open","ping_status":"closed","template":"","meta":[],"product_cat":[17],"product_tag":[],"class_list":{"0":"post-874","1":"product","2":"type-product","3":"status-publish","4":"has-post-thumbnail","6":"product_cat-solar-controller","8":"first","9":"instock","10":"shipping-taxable","11":"product-type-simple"},"_links":{"self":[{"href":"https:\/\/www.xd-solar.com\/pt\/wp-json\/wp\/v2\/product\/874","targetHints":{"allow":["GET"]}}],"collection":[{"href":"https:\/\/www.xd-solar.com\/pt\/wp-json\/wp\/v2\/product"}],"about":[{"href":"https:\/\/www.xd-solar.com\/pt\/wp-json\/wp\/v2\/types\/product"}],"replies":[{"embeddable":true,"href":"https:\/\/www.xd-solar.com\/pt\/wp-json\/wp\/v2\/comments?post=874"}],"wp:featuredmedia":[{"embeddable":true,"href":"https:\/\/www.xd-solar.com\/pt\/wp-json\/wp\/v2\/media\/1135"}],"wp:attachment":[{"href":"https:\/\/www.xd-solar.com\/pt\/wp-json\/wp\/v2\/media?parent=874"}],"wp:term":[{"taxonomy":"product_cat","embeddable":true,"href":"https:\/\/www.xd-solar.com\/pt\/wp-json\/wp\/v2\/product_cat?post=874"},{"taxonomy":"product_tag","embeddable":true,"href":"https:\/\/www.xd-solar.com\/pt\/wp-json\/wp\/v2\/product_tag?post=874"}],"curies":[{"name":"wp","href":"https:\/\/api.w.org\/{rel}","templated":true}]}}