{"id":888,"date":"2023-05-06T10:57:10","date_gmt":"2023-05-06T02:57:10","guid":{"rendered":"https:\/\/xd-solar.com\/?post_type=product&#038;p=888"},"modified":"2024-08-01T13:58:25","modified_gmt":"2024-08-01T05:58:25","slug":"solar-pump-inverter-solar-water-pump","status":"publish","type":"product","link":"https:\/\/www.xd-solar.com\/pt\/produto\/solar-pump-inverter-solar-water-pump\/","title":{"rendered":"Inversor de bomba solar (bomba de \u00e1gua solar)"},"content":{"rendered":"<table width=\"1732\">\n<tbody>\n<tr>\n<td style=\"color: #fff; text-align: center;\" colspan=\"5\" width=\"1732\">Especifica\u00e7\u00f5es t\u00e9cnicas<\/td>\n<\/tr>\n<tr>\n<td colspan=\"2\" width=\"634\">Modelo<\/td>\n<td>XD750LB<\/td>\n<td>XD1500L<\/td>\n<td>XD2200L<\/td>\n<\/tr>\n<tr style=\"background: #80b645;\">\n<td style=\"color: #fff; text-align: center;\" colspan=\"5\" width=\"1732\">Entrada Solar<\/td>\n<\/tr>\n<tr>\n<td colspan=\"2\" width=\"634\">Tens\u00e3o Vocal M\u00e1xima<\/td>\n<td colspan=\"3\" width=\"1098\">450V<\/td>\n<\/tr>\n<tr>\n<td colspan=\"2\" width=\"634\">Tens\u00e3o M\u00edn Vmp<\/td>\n<td width=\"366\">80V<\/td>\n<td colspan=\"2\" width=\"732\">200V<\/td>\n<\/tr>\n<tr>\n<td colspan=\"2\" width=\"634\">Recomendar Tens\u00e3o Vmp<\/td>\n<td width=\"366\">100Vmp &lt;DC Input&lt;430Voc<br \/>\n(Refor\u00e7o integrado)<\/td>\n<td colspan=\"2\" width=\"732\">300Vmp &lt;DC Input&lt;430Voc\u00a0 (Only Solar Input)<br \/>\n340Vmp &lt;DC Input&lt;400Voc\u00a0 (Hybrid Power Input)<\/td>\n<\/tr>\n<tr>\n<td colspan=\"2\" width=\"634\">Efici\u00eancia m\u00e1xima de MPPT<\/td>\n<td colspan=\"3\" width=\"1098\">99%<\/td>\n<\/tr>\n<tr>\n<td colspan=\"2\" width=\"634\">Corrente m\u00e1xima de entrada<\/td>\n<td width=\"366\">15A<\/td>\n<td width=\"366\">7A<\/td>\n<td width=\"366\">10A<\/td>\n<\/tr>\n<tr>\n<td colspan=\"2\" width=\"634\">N\u00famero de cordas<\/td>\n<td colspan=\"3\" width=\"1098\">1<\/td>\n<\/tr>\n<tr>\n<td colspan=\"2\" width=\"634\">Refor\u00e7o interno<\/td>\n<td>SIM<\/td>\n<td>N<\/td>\n<td>N<\/td>\n<\/tr>\n<tr style=\"background: #80b645;\">\n<td style=\"color: #fff; text-align: center;\" colspan=\"5\" width=\"1732\">Entrada CA H\u00edbrida<\/td>\n<\/tr>\n<tr>\n<td colspan=\"2\" width=\"634\">Tens\u00e3o<\/td>\n<td colspan=\"3\" width=\"1098\">220\/240 V 1 fase<\/td>\n<\/tr>\n<tr>\n<td colspan=\"2\" width=\"634\">Corrente nominal de entrada<\/td>\n<td width=\"366\">7A<\/td>\n<td width=\"366\">10A<\/td>\n<td width=\"366\">14A<\/td>\n<\/tr>\n<tr>\n<td colspan=\"2\" width=\"634\">Modo h\u00edbrido<\/td>\n<td width=\"366\">N<\/td>\n<td colspan=\"2\" width=\"732\">Suplemento autom\u00e1tico de .AC autom\u00e1tico enquanto a energia solar est\u00e1 em modo de baixa energia e desconex\u00e3o autom\u00e1tica de CA durante a recupera\u00e7\u00e3o de energia solar<\/td>\n<\/tr>\n<tr style=\"background: #80b645;\" >\n<td style=\"color: #fff; text-align: center;\" colspan=\"5\" width=\"1732\">Sa\u00edda CA para Bomba (Motor de Indu\u00e7\u00e3o CA)<\/td>\n<\/tr>\n<tr>\n<td colspan=\"2\" width=\"634\">Pot\u00eancia m\u00e1xima adaptada da bomba CA<\/td>\n<td width=\"366\">1 CV<\/td>\n<td width=\"366\">2HP<\/td>\n<td width=\"366\">3HP<\/td>\n<\/tr>\n<tr>\n<td colspan=\"2\" width=\"634\">Pot\u00eancia m\u00e1xima da bomba CA adaptada<\/td>\n<td width=\"366\">750 W<\/td>\n<td width=\"366\">1500 W<\/td>\n<td width=\"366\">2200 W<\/td>\n<\/tr>\n<tr>\n<td colspan=\"2\" width=\"634\">Est\u00e1gio<\/td>\n<td colspan=\"3\" width=\"1098\">\u00a0Fase \u00fanica (1 fase) \/ 3 fases (compatibilidade)<\/td>\n<\/tr>\n<tr>\n<td colspan=\"2\" width=\"634\">Tens\u00e3o m\u00e1xima de sa\u00edda<\/td>\n<td colspan=\"3\" width=\"1098\">220\/240 V<\/td>\n<\/tr>\n<tr>\n<td colspan=\"2\" width=\"634\">Frequ\u00eancia m\u00e1xima de sa\u00edda<\/td>\n<td colspan=\"3\" width=\"1098\">50 ~ 60 Hz<\/td>\n<\/tr>\n<tr>\n<td colspan=\"2\" width=\"634\">Corrente nominal de sa\u00edda<\/td>\n<td width=\"366\">7A<\/td>\n<td>10A<\/td>\n<td>14A<\/td>\n<\/tr>\n<tr style=\"background: #80b645;\">\n<td style=\"color: #fff; text-align: center;\" colspan=\"5\" width=\"1732\">Outros personagens<\/td>\n<\/tr>\n<tr>\n<td colspan=\"2\" width=\"634\">Efici\u00eancia m\u00e1xima<\/td>\n<td colspan=\"3\">97%<\/td>\n<\/tr>\n<tr>\n<td colspan=\"2\" width=\"634\">Sensor de n\u00edvel de \u00e1gua (po\u00e7o\/tanque)<\/td>\n<td colspan=\"3\" width=\"1098\">Sim<\/td>\n<\/tr>\n<tr>\n<td colspan=\"2\" width=\"634\">Monitor e controlador 4G\/Wifi<\/td>\n<td colspan=\"3\" width=\"1098\">Suporte (opcional)<\/td>\n<\/tr>\n<tr>\n<td colspan=\"2\" width=\"634\">Mostrar<\/td>\n<td colspan=\"3\" width=\"1098\">Visor LCD (128*64)<\/td>\n<\/tr>\n<tr>\n<td colspan=\"2\" width=\"634\">\u00c0 prova d&#039;\u00e1gua<\/td>\n<td colspan=\"3\" width=\"1098\">IP65<\/td>\n<\/tr>\n<tr>\n<td colspan=\"2\" width=\"634\">Barulho<\/td>\n<td colspan=\"3\" width=\"1098\">&lt; 50dB<\/td>\n<\/tr>\n<tr>\n<td colspan=\"2\" width=\"634\">M\u00e9todo de resfriamento<\/td>\n<td>Resfriamento Natural<\/td>\n<td colspan=\"2\" width=\"732\">Resfriamento for\u00e7ado por ventilador (IP68)<\/td>\n<\/tr>\n<tr>\n<td colspan=\"2\" width=\"634\">Prote\u00e7\u00e3o<\/td>\n<td colspan=\"3\" width=\"1098\">Baixa\/sobretens\u00e3o de entrada CC solar<br \/>\nPolaridade reversa da entrada DC solar<br \/>\nCurto-circuito na sa\u00edda CA<br \/>\nSobrecorrente de sa\u00edda AC<br \/>\nAcima da temperatura<br \/>\nSobrecarga<br \/>\nExcesso de Fluxo do Tanque<br \/>\nContra Raios<br \/>\nPerda de Fase de Sa\u00edda CA (3 Fases)<br \/>\nDesbalan\u00e7o de sa\u00edda CA (3 fases) Dry-Run (detec\u00e7\u00e3o por sensor ou software)<\/td>\n<\/tr>\n<tr style=\"background: #80b645;\">\n<td style=\"color: #fff; text-align: center;\" colspan=\"5\" width=\"1732\">Ambiente Operacional<\/td>\n<\/tr>\n<tr>\n<td colspan=\"2\" width=\"634\">Temperatura do ambiente operacional<\/td>\n<td colspan=\"3\" width=\"1098\">-10 a 60 \u2103, acima de 60 \u2103 precisa reduzir a carga<\/td>\n<\/tr>\n<tr>\n<td colspan=\"2\" width=\"634\">Umidade m\u00e1xima<\/td>\n<td colspan=\"3\" width=\"1098\">95%RH<\/td>\n<\/tr>\n<tr>\n<td colspan=\"2\" width=\"634\">Usando a altitude<\/td>\n<td colspan=\"3\" width=\"1098\">&lt; 3.000m, Acima de 3.000m \u00e9 necess\u00e1rio reduzir a carga<\/td>\n<\/tr>\n<tr>\n<td colspan=\"5\" width=\"1732\">Proibindo o local de instala\u00e7\u00e3o: luz solar direta, poeira espessa, g\u00e1s corrosivo ou n\u00e9voa de \u00f3leo, g\u00e1s inflam\u00e1vel, l\u00edquido, etc.<\/td>\n<\/tr>\n<tr style=\"background: #80b645;\">\n<td style=\"color: #fff; text-align: center;\" colspan=\"5\" width=\"1732\">Pacote<\/td>\n<\/tr>\n<tr>\n<td colspan=\"2\">Tamanho (C*L*A)<\/td>\n<td colspan=\"3\">400*310*200mm<\/td>\n<\/tr>\n<tr>\n<td colspan=\"2\">Peso<\/td>\n<td>6KG<\/td>\n<td>6KG<\/td>\n<td>6KG<\/td>\n<\/tr>\n<\/tbody>\n<\/table>","protected":false},"excerpt":{"rendered":"<p>Technical Specifications Model XD750LB XD1500L XD2200L Solar\u00a0 Input Max Voc Voltage 450V Min Vmp Voltage 80V 200V Recommend Vmp Voltage<\/p>","protected":false},"featured_media":892,"comment_status":"open","ping_status":"closed","template":"","meta":[],"product_cat":[18],"product_tag":[],"class_list":{"0":"post-888","1":"product","2":"type-product","3":"status-publish","4":"has-post-thumbnail","6":"product_cat-solar-pump-inverter-solar-water-pump","8":"first","9":"instock","10":"shipping-taxable","11":"product-type-simple"},"_links":{"self":[{"href":"https:\/\/www.xd-solar.com\/pt\/wp-json\/wp\/v2\/product\/888","targetHints":{"allow":["GET"]}}],"collection":[{"href":"https:\/\/www.xd-solar.com\/pt\/wp-json\/wp\/v2\/product"}],"about":[{"href":"https:\/\/www.xd-solar.com\/pt\/wp-json\/wp\/v2\/types\/product"}],"replies":[{"embeddable":true,"href":"https:\/\/www.xd-solar.com\/pt\/wp-json\/wp\/v2\/comments?post=888"}],"wp:featuredmedia":[{"embeddable":true,"href":"https:\/\/www.xd-solar.com\/pt\/wp-json\/wp\/v2\/media\/892"}],"wp:attachment":[{"href":"https:\/\/www.xd-solar.com\/pt\/wp-json\/wp\/v2\/media?parent=888"}],"wp:term":[{"taxonomy":"product_cat","embeddable":true,"href":"https:\/\/www.xd-solar.com\/pt\/wp-json\/wp\/v2\/product_cat?post=888"},{"taxonomy":"product_tag","embeddable":true,"href":"https:\/\/www.xd-solar.com\/pt\/wp-json\/wp\/v2\/product_tag?post=888"}],"curies":[{"name":"wp","href":"https:\/\/api.w.org\/{rel}","templated":true}]}}