{"id":893,"date":"2023-05-06T11:03:28","date_gmt":"2023-05-06T03:03:28","guid":{"rendered":"https:\/\/xd-solar.com\/?post_type=product&#038;p=893"},"modified":"2024-08-03T09:42:26","modified_gmt":"2024-08-03T01:42:26","slug":"off-grid-solar-system","status":"publish","type":"product","link":"https:\/\/www.xd-solar.com\/pt\/produto\/off-grid-solar-system\/","title":{"rendered":"Sistema solar fora da rede ESS Inversor solar com bateria 300va 500va 1Kva 2Kva 3Kva 4Kva 5Kva 6Kva 7Kva"},"content":{"rendered":"<h2><strong>Inversor solar s\u00e9rie ESS com bateria<\/strong><\/h2>\n<p>&nbsp;<\/p>\n<p>Muitos clientes nos deixaram lan\u00e7ar o inversor solar com bateria e agora finalmente saiu!! A faixa de pot\u00eancia deste inversor solar ESS \u00e9 de 300VA a 7KVA. Observe que o fator de pot\u00eancia aqui \u00e9 100%, ou seja, 1KVA \u00e9 igual a 1KW. Inversor solar com baterias de 50A, 100A ou 200A integradas. O tipo de bateria pode ser bateria de l\u00edtio ou bateria de chumbo-\u00e1cido. Nosso inversor solar tamb\u00e9m tem um controlador de carga integrado. Os usu\u00e1rios s\u00f3 precisam configurar mais alguns pain\u00e9is solares para usar a gera\u00e7\u00e3o de energia solar port\u00e1til de forma simples. Este inversor solar \u00e9 adequado para casa, winnebago, caminh\u00e3o, escrit\u00f3rio e at\u00e9 mesmo acampamento. O pre\u00e7o do inversor solar Xindun com bateria \u00e9 lindo, bem-vindo para perguntar.<\/p>\n<p><img fetchpriority=\"high\" decoding=\"async\" class=\"alignnone wp-image-1589\" src=\"https:\/\/www.xd-solar.com\/wp-content\/uploads\/2023\/05\/20230126232612q8NY5V-300x229.jpg\" alt=\"\" width=\"870\" height=\"664\" srcset=\"https:\/\/www.xd-solar.com\/wp-content\/uploads\/2023\/05\/20230126232612q8NY5V-300x229.jpg 300w, https:\/\/www.xd-solar.com\/wp-content\/uploads\/2023\/05\/20230126232612q8NY5V-150x114.jpg 150w, https:\/\/www.xd-solar.com\/wp-content\/uploads\/2023\/05\/20230126232612q8NY5V-600x458.jpg 600w, https:\/\/www.xd-solar.com\/wp-content\/uploads\/2023\/05\/20230126232612q8NY5V-16x12.jpg 16w, https:\/\/www.xd-solar.com\/wp-content\/uploads\/2023\/05\/20230126232612q8NY5V.jpg 750w\" sizes=\"(max-width: 870px) 100vw, 870px\" \/> <img decoding=\"async\" class=\"alignnone wp-image-1590\" src=\"https:\/\/www.xd-solar.com\/wp-content\/uploads\/2023\/05\/20230126232612YosuFU-300x281.jpg\" alt=\"\" width=\"870\" height=\"815\" srcset=\"https:\/\/www.xd-solar.com\/wp-content\/uploads\/2023\/05\/20230126232612YosuFU-300x281.jpg 300w, https:\/\/www.xd-solar.com\/wp-content\/uploads\/2023\/05\/20230126232612YosuFU-150x140.jpg 150w, https:\/\/www.xd-solar.com\/wp-content\/uploads\/2023\/05\/20230126232612YosuFU-600x562.jpg 600w, https:\/\/www.xd-solar.com\/wp-content\/uploads\/2023\/05\/20230126232612YosuFU-13x12.jpg 13w, https:\/\/www.xd-solar.com\/wp-content\/uploads\/2023\/05\/20230126232612YosuFU.jpg 750w\" sizes=\"(max-width: 870px) 100vw, 870px\" \/> <img decoding=\"async\" class=\"alignnone wp-image-1591\" src=\"https:\/\/www.xd-solar.com\/wp-content\/uploads\/2023\/05\/20230126232613eICuNb-300x255.jpg\" alt=\"\" width=\"870\" height=\"740\" srcset=\"https:\/\/www.xd-solar.com\/wp-content\/uploads\/2023\/05\/20230126232613eICuNb-300x255.jpg 300w, https:\/\/www.xd-solar.com\/wp-content\/uploads\/2023\/05\/20230126232613eICuNb-150x128.jpg 150w, https:\/\/www.xd-solar.com\/wp-content\/uploads\/2023\/05\/20230126232613eICuNb-600x510.jpg 600w, https:\/\/www.xd-solar.com\/wp-content\/uploads\/2023\/05\/20230126232613eICuNb-14x12.jpg 14w, https:\/\/www.xd-solar.com\/wp-content\/uploads\/2023\/05\/20230126232613eICuNb.jpg 750w\" sizes=\"(max-width: 870px) 100vw, 870px\" \/> <img loading=\"lazy\" decoding=\"async\" class=\"alignnone wp-image-1592\" src=\"https:\/\/www.xd-solar.com\/wp-content\/uploads\/2023\/05\/202301262326126b0EaU-203x300.jpg\" alt=\"\" width=\"871\" height=\"1287\" srcset=\"https:\/\/www.xd-solar.com\/wp-content\/uploads\/2023\/05\/202301262326126b0EaU-203x300.jpg 203w, https:\/\/www.xd-solar.com\/wp-content\/uploads\/2023\/05\/202301262326126b0EaU-150x222.jpg 150w, https:\/\/www.xd-solar.com\/wp-content\/uploads\/2023\/05\/202301262326126b0EaU-600x888.jpg 600w, https:\/\/www.xd-solar.com\/wp-content\/uploads\/2023\/05\/202301262326126b0EaU-692x1024.jpg 692w, https:\/\/www.xd-solar.com\/wp-content\/uploads\/2023\/05\/202301262326126b0EaU-8x12.jpg 8w\" sizes=\"(max-width: 871px) 100vw, 871px\" \/><\/p>\n<p class=\"wz-images-list\"><img loading=\"lazy\" decoding=\"async\" id=\"1kva 2kva 5kva solar inverter with battery price\" class=\"\" title=\"Inversor solar 1kva 2kva 5kva com pre\u00e7o de bateria\" src=\"https:\/\/www.xinduninverter.com\/uploadfile\/2023\/01\/26\/20230126232613SG71mE.jpg\" alt=\"1kva 2kva 5kva solar inverter with battery price\" width=\"870\" height=\"718\" longdesc=\"https:\/\/www.xinduninverter.com\/1kva%202kva%205kva%20solar%20inverter%20with%20battery%20price\" \/><\/p>\n<p>&nbsp;<\/p>","protected":false},"excerpt":{"rendered":"<p>1: Inversor solar off grid de onda senoidal pura com bateria e controlador de carga<\/p>\n<p>2: V\u00e1rias interfaces de sa\u00edda incluem USB, DC 12V, soquete CA universal e bloco de fia\u00e7\u00e3o CA<\/p>\n<p>3: Inversor solar compat\u00edvel com bateria de l\u00edtio<\/p>\n<p>4: Modos de trabalho solar e CA comuta\u00e7\u00e3o autom\u00e1tica, tempo de transfer\u00eancia \u2264 4 ms<\/p>\n<p>5: Fator de pot\u00eancia de sa\u00edda 100%<\/p>","protected":false},"featured_media":1158,"comment_status":"open","ping_status":"closed","template":"","meta":[],"product_cat":[19],"product_tag":[47],"class_list":{"0":"post-893","1":"product","2":"type-product","3":"status-publish","4":"has-post-thumbnail","6":"product_cat-off-grid-solar-system","7":"product_tag-solar-inverter","9":"first","10":"instock","11":"shipping-taxable","12":"product-type-simple"},"_links":{"self":[{"href":"https:\/\/www.xd-solar.com\/pt\/wp-json\/wp\/v2\/product\/893","targetHints":{"allow":["GET"]}}],"collection":[{"href":"https:\/\/www.xd-solar.com\/pt\/wp-json\/wp\/v2\/product"}],"about":[{"href":"https:\/\/www.xd-solar.com\/pt\/wp-json\/wp\/v2\/types\/product"}],"replies":[{"embeddable":true,"href":"https:\/\/www.xd-solar.com\/pt\/wp-json\/wp\/v2\/comments?post=893"}],"wp:featuredmedia":[{"embeddable":true,"href":"https:\/\/www.xd-solar.com\/pt\/wp-json\/wp\/v2\/media\/1158"}],"wp:attachment":[{"href":"https:\/\/www.xd-solar.com\/pt\/wp-json\/wp\/v2\/media?parent=893"}],"wp:term":[{"taxonomy":"product_cat","embeddable":true,"href":"https:\/\/www.xd-solar.com\/pt\/wp-json\/wp\/v2\/product_cat?post=893"},{"taxonomy":"product_tag","embeddable":true,"href":"https:\/\/www.xd-solar.com\/pt\/wp-json\/wp\/v2\/product_tag?post=893"}],"curies":[{"name":"wp","href":"https:\/\/api.w.org\/{rel}","templated":true}]}}