{"id":894,"date":"2023-05-06T11:09:33","date_gmt":"2023-05-06T03:09:33","guid":{"rendered":"https:\/\/xd-solar.com\/?post_type=product&#038;p=894"},"modified":"2024-04-01T20:23:32","modified_gmt":"2024-04-01T12:23:32","slug":"solar-panelsolar-modules","status":"publish","type":"product","link":"https:\/\/www.xd-solar.com\/pt\/produto\/solar-panelsolar-modules\/","title":{"rendered":"China Pain\u00e9is solares monocristalinos 400w 350 400 Watt 330w Mono Uso dom\u00e9stico 550w 450w 500 Watt 500w Painel solar 600w 540w 700w Pre\u00e7o"},"content":{"rendered":"<div class=\"pagePublicTile\" title=\"Painel solar\">A Xindi vende no atacado pain\u00e9is solares monocristalinos e policristalinos a pre\u00e7os baixos. Monocristalino VS Policristalino, qual \u00e9 o melhor para sistema de energia solar? O painel solar monocristalino tem uma efici\u00eancia de convers\u00e3o maior do que o painel solar policristalino, o que significa que eles produzem mais quilowatts-hora de eletricidade. O painel solar policristalino tem um pre\u00e7o menor, j\u00e1 que seu processo de fabrica\u00e7\u00e3o \u00e9 mais simples e o painel solar policristalino \u00e9 muito dur\u00e1vel.<\/div>","protected":false},"excerpt":{"rendered":"<p>Monocristalino e policristalino, qual \u00e9 melhor?<\/p>\n<p>&nbsp;<\/p>\n<p>Caracter\u00edsticas do painel solar monocristalino:<br \/>\n1. Alta efici\u00eancia de convers\u00e3o: os pain\u00e9is solares monocristalinos geralmente t\u00eam alta efici\u00eancia de convers\u00e3o e podem fornecer relativamente mais energia el\u00e9trica.<br \/>\n2. Tamanho pequeno: Comparados com outros tipos, os pain\u00e9is solares monocristalinos podem ser menores em tamanho com a mesma pot\u00eancia, tornando-os adequados para cen\u00e1rios de instala\u00e7\u00e3o com espa\u00e7o limitado.<br \/>\n3. Adequado para as necessidades de coleta eficiente de energia.<\/p>\n<p>&nbsp;<\/p>\n<p>Caracter\u00edsticas do painel solar policristalino:<br \/>\n1. Menor custo: os pain\u00e9is solares policristalinos s\u00e3o geralmente relativamente baratos e econ\u00f4micos.<br \/>\n2. Equil\u00edbrio de desempenho: fornece um equil\u00edbrio entre custo e desempenho, adequado para v\u00e1rios cen\u00e1rios de aplica\u00e7\u00e3o.<\/p>\n<p>&nbsp;<\/p>\n<p>A Xindi Solar \u00e9 uma fabricante profissional de pain\u00e9is solares e baterias com 20 anos de experi\u00eancia. O pre\u00e7o dos pain\u00e9is solares que fornecemos corresponde \u00e0 qualidade. Bem-vindo para personalizar um conjunto adequado de sistema solar off grid para seu projeto.<\/p>","protected":false},"featured_media":899,"comment_status":"open","ping_status":"closed","template":"","meta":[],"product_cat":[20],"product_tag":[46,45,44],"class_list":{"0":"post-894","1":"product","2":"type-product","3":"status-publish","4":"has-post-thumbnail","6":"product_cat-solar-panelsolar-modules","7":"product_tag-modules","8":"product_tag-solar","9":"product_tag-solar-modules","11":"first","12":"instock","13":"shipping-taxable","14":"product-type-simple"},"_links":{"self":[{"href":"https:\/\/www.xd-solar.com\/pt\/wp-json\/wp\/v2\/product\/894","targetHints":{"allow":["GET"]}}],"collection":[{"href":"https:\/\/www.xd-solar.com\/pt\/wp-json\/wp\/v2\/product"}],"about":[{"href":"https:\/\/www.xd-solar.com\/pt\/wp-json\/wp\/v2\/types\/product"}],"replies":[{"embeddable":true,"href":"https:\/\/www.xd-solar.com\/pt\/wp-json\/wp\/v2\/comments?post=894"}],"wp:featuredmedia":[{"embeddable":true,"href":"https:\/\/www.xd-solar.com\/pt\/wp-json\/wp\/v2\/media\/899"}],"wp:attachment":[{"href":"https:\/\/www.xd-solar.com\/pt\/wp-json\/wp\/v2\/media?parent=894"}],"wp:term":[{"taxonomy":"product_cat","embeddable":true,"href":"https:\/\/www.xd-solar.com\/pt\/wp-json\/wp\/v2\/product_cat?post=894"},{"taxonomy":"product_tag","embeddable":true,"href":"https:\/\/www.xd-solar.com\/pt\/wp-json\/wp\/v2\/product_tag?post=894"}],"curies":[{"name":"wp","href":"https:\/\/api.w.org\/{rel}","templated":true}]}}