{"id":895,"date":"2023-05-06T11:11:54","date_gmt":"2023-05-06T03:11:54","guid":{"rendered":"https:\/\/xd-solar.com\/?post_type=product&#038;p=895"},"modified":"2024-03-06T18:58:41","modified_gmt":"2024-03-06T10:58:41","slug":"gel-battery","status":"publish","type":"product","link":"https:\/\/www.xd-solar.com\/pt\/produto\/gel-battery\/","title":{"rendered":"A melhor bateria de gel de ciclo profundo para inversor, converte a CC da bateria em CA. O pre\u00e7o da bateria de gel 50Ah 100Ah 150Ah 200Ah 250Ah 12v \u00e9 acess\u00edvel. A bateria de gel AGM \u00e9 personaliz\u00e1vel. Bateria de gel"},"content":{"rendered":"<div class=\"pp-info-box-title-wrap\">\n<div class=\"pp-info-box-title-container\">\n<p><strong>Durabilidade e confiabilidade da bateria de gel solar SOLAR<\/strong><\/p>\n<p>Nossa equipe de design e produ\u00e7\u00e3o garante a durabilidade e a qualidade de todas as baterias de gel solar. Nova placa grande de 17A de alta qualidade, descarga de grande corrente, faz com que sua vida \u00fatil seja de mais de 5 anos. Por um novo inv\u00f3lucro de ABS de alta qualidade, fa\u00e7a a bateria com alta resist\u00eancia, boa tenacidade e alta resist\u00eancia \u00e0 temperatura. E tem uma capacidade perfeita de recupera\u00e7\u00e3o de descarga profunda.<\/p>\n<p><strong>V\u00e1rios tipos de bateria solar que oferecemos suporte<\/strong><\/p>\n<p>Existem v\u00e1rios tipos de bateria de gel no mercado, como \u00e1cido inundado, \u00e1cido gelificado e AGM (Absorbed Glass Mat) avan\u00e7ado. Cada bateria de gel solar tem um desempenho e ciclo de vida distintos em rela\u00e7\u00e3o \u00e0 quantidade de chumbo, pureza do chumbo e m\u00e9todos de colagem. Com a variedade de baterias dispon\u00edveis, voc\u00ea pode encontrar uma que se encaixe no seu ponto de pre\u00e7o e aplica\u00e7\u00e3o.<\/p>\n<p><strong>Trazemos a voc\u00ea a melhor solu\u00e7\u00e3o de bateria de gel solar<\/strong><\/p>\n<p>Podemos oferecer bateria de gel solar regulada por v\u00e1lvula que pode suportar ambientes exigentes e atingir desempenho otimizado. Al\u00e9m disso, a XD Solar tem uma equipe de funcion\u00e1rios experientes que podem fornecer consultoria profissional sobre baterias espec\u00edficas que se adaptam ao seu<\/p>\n<\/div>\n<\/div>","protected":false},"excerpt":{"rendered":"<p>As baterias de gel solar pertencem a uma categoria de desenvolvimento de baterias de chumbo-\u00e1cido. A bateria de gel de chumbo-\u00e1cido regulada por v\u00e1lvula e a bateria de gel vrla s\u00e3o todas do mesmo tipo. A caracter\u00edstica mais importante da bateria de gel \u00e9 que ela pode produzir uma bateria de melhor qualidade a um custo menor. A energia e a pot\u00eancia s\u00e3o mais de 20% maiores do que as da bateria de chumbo-\u00e1cido convencional. A vida \u00fatil \u00e9 cerca de duas vezes maior que a da bateria de chumbo-\u00e1cido convencional. E as caracter\u00edsticas de alta e baixa temperatura s\u00e3o boas. A Xindi Power vende no atacado uma variedade de modelos de baterias de gel solar, incluindo 12v20ah, 12v35ah, 12v50ah, 12v100ah, 12v120ah, 12v150ah, 12v200ah, 12v250ah. Para obter detalhes sobre a compra da bateria de chumbo-\u00e1cido vrla, consulte o link a seguir.<\/p>","protected":false},"featured_media":1134,"comment_status":"open","ping_status":"closed","template":"","meta":[],"product_cat":[21,35],"product_tag":[],"class_list":{"0":"post-895","1":"product","2":"type-product","3":"status-publish","4":"has-post-thumbnail","6":"product_cat-battery","7":"product_cat-gel-battery","9":"first","10":"instock","11":"shipping-taxable","12":"product-type-simple"},"_links":{"self":[{"href":"https:\/\/www.xd-solar.com\/pt\/wp-json\/wp\/v2\/product\/895","targetHints":{"allow":["GET"]}}],"collection":[{"href":"https:\/\/www.xd-solar.com\/pt\/wp-json\/wp\/v2\/product"}],"about":[{"href":"https:\/\/www.xd-solar.com\/pt\/wp-json\/wp\/v2\/types\/product"}],"replies":[{"embeddable":true,"href":"https:\/\/www.xd-solar.com\/pt\/wp-json\/wp\/v2\/comments?post=895"}],"wp:featuredmedia":[{"embeddable":true,"href":"https:\/\/www.xd-solar.com\/pt\/wp-json\/wp\/v2\/media\/1134"}],"wp:attachment":[{"href":"https:\/\/www.xd-solar.com\/pt\/wp-json\/wp\/v2\/media?parent=895"}],"wp:term":[{"taxonomy":"product_cat","embeddable":true,"href":"https:\/\/www.xd-solar.com\/pt\/wp-json\/wp\/v2\/product_cat?post=895"},{"taxonomy":"product_tag","embeddable":true,"href":"https:\/\/www.xd-solar.com\/pt\/wp-json\/wp\/v2\/product_tag?post=895"}],"curies":[{"name":"wp","href":"https:\/\/api.w.org\/{rel}","templated":true}]}}